{"id":47,"date":"2021-09-15T17:38:27","date_gmt":"2021-09-15T09:38:27","guid":{"rendered":"https:\/\/www.ketegroup.com\/?page_id=47"},"modified":"2025-01-15T14:46:02","modified_gmt":"2025-01-15T06:46:02","slug":"blogs","status":"publish","type":"page","link":"https:\/\/www.ketegroup.com\/vn\/blog\/","title":{"rendered":"Blog"},"content":{"rendered":"<div data-elementor-type=\"wp-page\" data-elementor-id=\"47\" class=\"elementor elementor-47\">\n\t\t\t\t\t\t<section class=\"elementor-section elementor-top-section elementor-element elementor-element-707491ff elementor-section-boxed elementor-section-height-default elementor-section-height-default\" data-id=\"707491ff\" data-element_type=\"section\" data-settings=\"{&quot;background_background&quot;:&quot;classic&quot;}\">\n\t\t\t\t\t\t<div class=\"elementor-container elementor-column-gap-default\">\n\t\t\t\t\t<div class=\"elementor-column elementor-col-100 elementor-top-column elementor-element elementor-element-1d278091\" data-id=\"1d278091\" data-element_type=\"column\">\n\t\t\t<div class=\"elementor-widget-wrap elementor-element-populated\">\n\t\t\t\t\t\t<div class=\"elementor-element elementor-element-2de1ac71 elementor-widget elementor-widget-menu-anchor\" data-id=\"2de1ac71\" data-element_type=\"widget\" data-widget_type=\"menu-anchor.default\">\n\t\t\t\t<div class=\"elementor-widget-container\">\n\t\t\t\t\t<div class=\"elementor-menu-anchor\" id=\"01\"><\/div>\n\t\t\t\t<\/div>\n\t\t\t\t<\/div>\n\t\t\t\t<div class=\"elementor-element elementor-element-e97a5d elementor-widget elementor-widget-heading\" data-id=\"e97a5d\" data-element_type=\"widget\" data-widget_type=\"heading.default\">\n\t\t\t\t<div class=\"elementor-widget-container\">\n\t\t\t<h1 class=\"elementor-heading-title elementor-size-default\">Blog<\/h1>\t\t<\/div>\n\t\t\t\t<\/div>\n\t\t\t\t<div class=\"elementor-element elementor-element-4a6bdf0 elementor-widget elementor-widget-text-editor\" data-id=\"4a6bdf0\" data-element_type=\"widget\" data-widget_type=\"text-editor.default\">\n\t\t\t\t<div class=\"elementor-widget-container\">\n\t\t\t\t\t\t\t<p>Ch\u00fang t\u00f4i chia s\u1ebb v\u1edbi b\u1ea1n nh\u1eefng xu h\u01b0\u1edbng m\u1edbi nh\u1ea5t c\u1ee7a ng\u00e0nh, c\u1ed1 g\u1eafng gi\u1ea3i \u0111\u00e1p m\u1ecdi th\u1eafc m\u1eafc c\u1ee7a b\u1ea1n v\u1ec1 m\u00e1y \u0111\u00f3ng g\u00f3i m\u1ec1m v\u00e0 m\u00e1y in.<\/p><p>\u0110\u1ecdc blog c\u1ee7a ch\u00fang t\u00f4i \u0111\u1ec3 c\u1eadp nh\u1eadt nh\u1eefng th\u00f4ng tin m\u1edbi nh\u1ea5t trong ng\u00e0nh v\u00e0 KETE.<\/p>\t\t\t\t\t\t<\/div>\n\t\t\t\t<\/div>\n\t\t\t\t\t<\/div>\n\t\t<\/div>\n\t\t\t\t\t<\/div>\n\t\t<\/section>\n\t\t\t\t<section class=\"elementor-section elementor-top-section elementor-element elementor-element-6c371417 elementor-section-boxed elementor-section-height-default elementor-section-height-default\" data-id=\"6c371417\" data-element_type=\"section\">\n\t\t\t\t\t\t<div class=\"elementor-container elementor-column-gap-default\">\n\t\t\t\t\t<div class=\"elementor-column elementor-col-100 elementor-top-column elementor-element elementor-element-5c479753\" data-id=\"5c479753\" data-element_type=\"column\">\n\t\t\t<div class=\"elementor-widget-wrap elementor-element-populated\">\n\t\t\t\t\t\t<div class=\"elementor-element elementor-element-4b9351d4 elementor-widget elementor-widget-MML Breadcrumbs\" data-id=\"4b9351d4\" data-element_type=\"widget\" data-settings=\"{&quot;breadcrumbs_type&quot;:&quot;post_type&quot;}\" data-widget_type=\"MML Breadcrumbs.default\">\n\t\t\t\t<div class=\"elementor-widget-container\">\n\t\t\t<ul class=\"pp-breadcrumbs pp-breadcrumbs-powerpack\">        <li class=\"pp-breadcrumbs-item pp-breadcrumbs-item-home\">\n            <a class=\"pp-breadcrumbs-crumb pp-breadcrumbs-crumb-link pp-breadcrumbs-crumb-home\" href=\"https:\/\/www.ketegroup.com\/vn\" title=\"Trang ch\u1ee7\">\n\t\t\t\t<span class=\"pp-breadcrumbs-text\">\n\t\t\t\t\t                    Trang ch\u1ee7\t\t\t\t<\/span>\n            <\/a>\n        <\/li>\n        <li class=\"pp-breadcrumbs-separator\">                <span class='pp-separator-icon pp-icon'>\n\t\t\t\t\t<i aria-hidden=\"true\" class=\"fas fa-angle-right\"><\/i>\t\t\t\t<\/span>\n                <\/li><\/ul>\t\t<\/div>\n\t\t\t\t<\/div>\n\t\t\t\t\t<\/div>\n\t\t<\/div>\n\t\t\t\t\t<\/div>\n\t\t<\/section>\n\t\t\t\t<section class=\"elementor-section elementor-top-section elementor-element elementor-element-72af6c3 elementor-section-boxed elementor-section-height-default elementor-section-height-default\" data-id=\"72af6c3\" data-element_type=\"section\">\n\t\t\t\t\t\t<div class=\"elementor-container elementor-column-gap-default\">\n\t\t\t\t\t<div class=\"elementor-column elementor-col-100 elementor-top-column elementor-element elementor-element-7e21a32\" data-id=\"7e21a32\" data-element_type=\"column\">\n\t\t\t<div class=\"elementor-widget-wrap elementor-element-populated\">\n\t\t\t\t\t\t<div class=\"elementor-element elementor-element-d97d390 pp-equal-height-yes elementor-grid-3 elementor-grid-tablet-2 elementor-grid-mobile-1 pp-post-filters-align-left pp-search-form-icon elementor-widget elementor-widget-pp-posts\" data-id=\"d97d390\" data-element_type=\"widget\" data-settings=\"{&quot;card_show_ajax_search_form&quot;:&quot;yes&quot;}\" data-widget_type=\"pp-posts.card\">\n\t\t\t\t<div class=\"elementor-widget-container\">\n\t\t\t\t\t<div class=\"pp-post-filters-container\" data-search-form=\"show\" data-search-action=\"button-click\">\n\t\t\t\t\t\t<div class=\"pp-post-filters-wrap pp-post-filters-dropdown-no\">\n\t\t\t\t<ul class=\"pp-post-filters\">\n\t\t\t\t\t<li class=\"pp-post-filter pp-filter-current\" data-filter=\"*\" data-taxonomy=\"\">T\u1ea5t c\u1ea3<\/li>\n\t\t\t\t\t\t\t\t\t\t\t\t\t\t\t\t\t\t\t\t\t\t\t\t<li class=\"pp-post-filter\" data-filter=\".flexo-printing-machines\" data-taxonomy=\".category\">M\u00e1y in Flexo<\/li>\n\t\t\t\t\t\t\t\t\t\t\t\t\t\t\t\t\t\t\t\t\t\t\t\t\t\t<li class=\"pp-post-filter\" data-filter=\".heat-shrink-packaging-machines\" data-taxonomy=\".category\">M\u00e1y \u0111\u00f3ng g\u00f3i co nhi\u1ec7t<\/li>\n\t\t\t\t\t\t\t\t\t\t\t\t\t\t\t\t\t\t\t\t\t\t\t\t\t\t<li class=\"pp-post-filter\" data-filter=\".industry-insight\" data-taxonomy=\".category\">Th\u00f4ng tin chuy\u00ean s\u00e2u v\u1ec1 ng\u00e0nh<\/li>\n\t\t\t\t\t\t\t\t\t\t\t\t\t\t\t\t\t\t\t\t\t\t\t\t\t\t<li class=\"pp-post-filter\" data-filter=\".label-printing-machines\" data-taxonomy=\".category\">M\u00e1y in nh\u00e3n<\/li>\n\t\t\t\t\t\t\t\t\t\t\t\t\t\t\t\t\t\t\t\t\t\t\t\t\t\t<li class=\"pp-post-filter\" data-filter=\".packaging-machines\" data-taxonomy=\".category\">M\u00e1y \u0111\u00f3ng g\u00f3i<\/li>\n\t\t\t\t\t\t\t\t\t\t\t\t\t\t\t\t\t\t\t\t\t\t\t\t\t\t<li class=\"pp-post-filter\" data-filter=\".paper-bag-making-machines\" data-taxonomy=\".category\">M\u00e1y l\u00e0m t\u00fai gi\u1ea5y<\/li>\n\t\t\t\t\t\t\t\t\t\t\t\t\t\t\t\t\t\t\t\t\t\t\t\t\t\t<li class=\"pp-post-filter\" data-filter=\".paper-product-machines\" data-taxonomy=\".category\">M\u00e1y s\u1ea3n xu\u1ea5t s\u1ea3n ph\u1ea9m gi\u1ea5y<\/li>\n\t\t\t\t\t\t\t\t\t\t\t\t\t\t\t\t\t\t\t\t\t\t\t\t\t\t<li class=\"pp-post-filter\" data-filter=\".plastic-bag-making-machines\" data-taxonomy=\".category\">M\u00e1y l\u00e0m t\u00fai nh\u1ef1a<\/li>\n\t\t\t\t\t\t\t\t\t\t\t\t\t\t\t\t\t\t\t\t\t\t\t\t\t\t<li class=\"pp-post-filter\" data-filter=\".pouch-making-machines\" data-taxonomy=\".category\">M\u00e1y l\u00e0m t\u00fai<\/li>\n\t\t\t\t\t\t\t\t\t\t\t\t\t\t\t\t\t\t\t\t\t\t\t\t\t\t<li class=\"pp-post-filter\" data-filter=\".recent-blogs\" data-taxonomy=\".category\">C\u00e1c b\u00e0i vi\u1ebft g\u1ea7n \u0111\u00e2y<\/li>\n\t\t\t\t\t\t\t\t\t\t\t\t\t\t\t\t\t\t\t\t\t\t\t\t\t\t<li class=\"pp-post-filter\" data-filter=\".rotogravure-printing-machines\" data-taxonomy=\".category\">M\u00e1y in Rotogravure<\/li>\n\t\t\t\t\t\t\t\t\t\t\t\t\t\t\t\t\t\t\t\t\t\t\t\t\t\t<li class=\"pp-post-filter\" data-filter=\".slitting-machines\" data-taxonomy=\".category\">M\u00e1y c\u1eaft<\/li>\n\t\t\t\t\t\t\t\t\t\t\t\t\t\t\t\t\t\t\t\t\t\t\t\t\t\t<li class=\"pp-post-filter\" data-filter=\".uncategorized\" data-taxonomy=\".category\">Ch\u01b0a ph\u00e2n lo\u1ea1i<\/li>\n\t\t\t\t\t\t\t\t\t\t\t<\/ul>\n\n\t\t\t\t\t\t\t<\/div>\n\t\t\t\t\t\t\t\t<div class=\"pp-search-form-container\">\n\t\t\t<div class=\"pp-search-form\">\n\t\t\t\t<input placeholder=\"T\u00ecm ki\u1ebfm...\" class=\"pp-search-form-input\" type=\"search\" name=\"s\" title=\"T\u00ecm ki\u1ebfm\">\n\t\t\t\t<button class=\"pp-search-form-submit\" type=\"submit\" title=\"T\u00ecm ki\u1ebfm\" aria-label=\"T\u00ecm ki\u1ebfm\">\n\t\t\t\t\t\t\t\t\t\t\t<i class=\"fa fa-search\" aria-hidden=\"true\"><\/i>\n\t\t\t\t\t\t<span class=\"elementor-screen-only\">T\u00ecm ki\u1ebfm<\/span>\n\t\t\t\t\t\t\t\t\t<\/button>\n\t\t\t<\/div>\n\t\t<\/div>\n\t\t\t\t<\/div>\n\t\t\t\t<div class=\"pp-posts-container\">\n\t\t\t\n\t\t\t\t\t\t\t\t\t\t\n\t\t\t<div class=\"pp-posts pp-posts-skin-card elementor-grid pp-posts-grid\" data-query-type=\"custom\" data-layout=\"grid\" data-page=\"47\" data-skin=\"card\">\n\t\t\t\t\t\t\t\t\t\t\t<div class=\"pp-post-wrap pp-grid-item-wrap elementor-grid-item post-29163 post type-post status-publish format-standard has-post-thumbnail hentry category-recent-blogs category-uncategorized\">\n\t\t\t\t\t\t<div class=\"pp-post pp-grid-item\">\n\t\t\t\t\t\t<div class=\"pp-post-thumbnail\">\n\t\t\t<a class=\"pp-post-thumbnail-wrap\" href=\"https:\/\/www.ketegroup.com\/vn\/dinh-vi-in\/\" title=\"Gi\u1ea3i th\u00edch v\u1ec1 vi\u1ec7c c\u0103n ch\u1ec9nh khi in: C\u00e1ch \u0111\u1ea1t \u0111\u01b0\u1ee3c s\u1ef1 c\u0103n ch\u1ec9nh ho\u00e0n h\u1ea3o\">\n\t\t\t\t<img fetchpriority=\"high\" decoding=\"async\" width=\"1024\" height=\"768\" src=\"https:\/\/www.ketegroup.com\/wp-content\/uploads\/2026\/04\/printing-registration-222.webp\" class=\"attachment-large size-large wp-image-29168\" alt=\"\u0110\u0103ng k\u00fd in \u1ea5n 222\" srcset=\"https:\/\/www.ketegroup.com\/wp-content\/uploads\/2026\/04\/printing-registration-222.webp 1024w, https:\/\/www.ketegroup.com\/wp-content\/uploads\/2026\/04\/printing-registration-222-16x12.webp 16w\" sizes=\"(max-width: 1024px) 100vw, 1024px\" \/>\t\t\t<\/a>\n\t\t<\/div>\n\t\t\n\t\t\t\t<div class=\"pp-post-content-wrap\">\n\t\t\t\t\t<div class=\"pp-post-content\">\n\t\t\t\t\t\t\t\t\t\t\t\t<h4 class=\"pp-post-title\">\n\t\t\t\t<a href=\"https:\/\/www.ketegroup.com\/vn\/dinh-vi-in\/\">Gi\u1ea3i th\u00edch v\u1ec1 vi\u1ec7c c\u0103n ch\u1ec9nh khi in: C\u00e1ch \u0111\u1ea1t \u0111\u01b0\u1ee3c s\u1ef1 c\u0103n ch\u1ec9nh ho\u00e0n h\u1ea3o<\/a>\t\t\t<\/h4>\n\t\t\t\t\t\t\t<div class=\"pp-post-excerpt\">\n\t\t\t<p>\u0110\u1ecbnh ngh\u0129a v\u00e0 nguy\u00ean l\u00fd v\u1eadt l\u00fd c\u1ee7a vi\u1ec7c c\u0103n ch\u1ec9nh b\u1ea3n in Trong s\u1ea3n xu\u1ea5t c\u00f4ng nghi\u1ec7p, quy tr\u00ecnh ho\u1ea1t \u0111\u1ed9ng kh\u00f4ng gi\u1ed1ng nh\u01b0 m\u00e1y in \u0111\u1ec3 b\u00e0n trong v\u0103n ph\u00f2ng. In \u1ea5n th\u01b0\u01a1ng m\u1ea1i v\u1edbi s\u1ed1 l\u01b0\u1ee3ng l\u1edbn \u2014 ch\u1eb3ng h\u1ea1n nh\u01b0 \u2026<\/p>\n\t\t<\/div>\n\t\t\t\t\t\t\t\t\t<\/div>\n\t\t\t\t\t\t\t\t\t<\/div>\n\n\t\t\t\t\t\t\t<\/div>\n\t\t\t\t\t<\/div>\n\t\t\t\t<div class=\"pp-post-wrap pp-grid-item-wrap elementor-grid-item post-29148 post type-post status-publish format-standard has-post-thumbnail hentry category-recent-blogs category-uncategorized\">\n\t\t\t\t\t\t<div class=\"pp-post pp-grid-item\">\n\t\t\t\t\t\t<div class=\"pp-post-thumbnail\">\n\t\t\t<a class=\"pp-post-thumbnail-wrap\" href=\"https:\/\/www.ketegroup.com\/vn\/kich-thuoc-tui-nhua\/\" title=\"H\u01b0\u1edbng d\u1eabn c\u01a1 b\u1ea3n v\u1ec1 k\u00edch th\u01b0\u1edbc t\u00fai nh\u1ef1a: C\u00e1c quy t\u1eafc v\u00e0 c\u00f4ng th\u1ee9c t\u00ednh k\u00edch th\u01b0\u1edbc \u0111\u1ec3 c\u00f3 \u0111\u01b0\u1ee3c k\u00edch th\u01b0\u1edbc ho\u00e0n h\u1ea3o\">\n\t\t\t\t<img decoding=\"async\" width=\"1024\" height=\"768\" src=\"https:\/\/www.ketegroup.com\/wp-content\/uploads\/2026\/04\/plastic-bag-sizes-222.webp\" class=\"attachment-large size-large wp-image-29159\" alt=\"K\u00edch th\u01b0\u1edbc t\u00fai nh\u1ef1a 222\" srcset=\"https:\/\/www.ketegroup.com\/wp-content\/uploads\/2026\/04\/plastic-bag-sizes-222.webp 1024w, https:\/\/www.ketegroup.com\/wp-content\/uploads\/2026\/04\/plastic-bag-sizes-222-16x12.webp 16w\" sizes=\"(max-width: 1024px) 100vw, 1024px\" \/>\t\t\t<\/a>\n\t\t<\/div>\n\t\t\n\t\t\t\t<div class=\"pp-post-content-wrap\">\n\t\t\t\t\t<div class=\"pp-post-content\">\n\t\t\t\t\t\t\t\t\t\t\t\t<h4 class=\"pp-post-title\">\n\t\t\t\t<a href=\"https:\/\/www.ketegroup.com\/vn\/kich-thuoc-tui-nhua\/\">H\u01b0\u1edbng d\u1eabn c\u01a1 b\u1ea3n v\u1ec1 k\u00edch th\u01b0\u1edbc t\u00fai nh\u1ef1a: C\u00e1c quy t\u1eafc v\u00e0 c\u00f4ng th\u1ee9c t\u00ednh k\u00edch th\u01b0\u1edbc \u0111\u1ec3 c\u00f3 \u0111\u01b0\u1ee3c k\u00edch th\u01b0\u1edbc ho\u00e0n h\u1ea3o<\/a>\t\t\t<\/h4>\n\t\t\t\t\t\t\t<div class=\"pp-post-excerpt\">\n\t\t\t<p>Trong l\u0129nh v\u1ef1c \u0111\u00f3ng g\u00f3i c\u00f4ng nghi\u1ec7p, sai s\u1ed1 v\u1ec1 k\u00edch th\u01b0\u1edbc \u0111\u1ed3ng ngh\u0129a v\u1edbi hai \u0111i\u1ec1u: ng\u1eebng s\u1ea3n xu\u1ea5t ngay l\u1eadp t\u1ee9c v\u00e0 l\u00e3ng ph\u00ed nguy\u00ean v\u1eadt li\u1ec7u nghi\u00eam tr\u1ecdng. \u0110\u1ed1i v\u1edbi c\u00e1c gi\u00e1m \u0111\u1ed1c mua h\u00e0ng, gi\u00e1m \u0111\u1ed1c nh\u00e0 m\u00e1y, \u2026<\/p>\n\t\t<\/div>\n\t\t\t\t\t\t\t\t\t<\/div>\n\t\t\t\t\t\t\t\t\t<\/div>\n\n\t\t\t\t\t\t\t<\/div>\n\t\t\t\t\t<\/div>\n\t\t\t\t<div class=\"pp-post-wrap pp-grid-item-wrap elementor-grid-item post-29087 post type-post status-publish format-standard has-post-thumbnail hentry category-flexo-printing-machines category-recent-blogs\">\n\t\t\t\t\t\t<div class=\"pp-post pp-grid-item\">\n\t\t\t\t\t\t<div class=\"pp-post-thumbnail\">\n\t\t\t<a class=\"pp-post-thumbnail-wrap\" href=\"https:\/\/www.ketegroup.com\/vn\/in-flexo-la-gi\/\" title=\"In flexo l\u00e0 g\u00ec? \u01afu \u0111i\u1ec3m, nh\u01b0\u1ee3c \u0111i\u1ec3m v\u00e0 quy tr\u00ecnh in \u0111\u1ea7y \u0111\u1ee7\">\n\t\t\t\t<img decoding=\"async\" width=\"1024\" height=\"768\" src=\"https:\/\/www.ketegroup.com\/wp-content\/uploads\/2026\/04\/What-is-Flexographic-Printing-11.webp\" class=\"attachment-large size-large wp-image-29102\" alt=\"In flexo l\u00e0 g\u00ec 11\" srcset=\"https:\/\/www.ketegroup.com\/wp-content\/uploads\/2026\/04\/What-is-Flexographic-Printing-11.webp 1024w, https:\/\/www.ketegroup.com\/wp-content\/uploads\/2026\/04\/What-is-Flexographic-Printing-11-16x12.webp 16w\" sizes=\"(max-width: 1024px) 100vw, 1024px\" \/>\t\t\t<\/a>\n\t\t<\/div>\n\t\t\n\t\t\t\t<div class=\"pp-post-content-wrap\">\n\t\t\t\t\t<div class=\"pp-post-content\">\n\t\t\t\t\t\t\t\t\t\t\t\t<h4 class=\"pp-post-title\">\n\t\t\t\t<a href=\"https:\/\/www.ketegroup.com\/vn\/in-flexo-la-gi\/\">In flexo l\u00e0 g\u00ec? \u01afu \u0111i\u1ec3m, nh\u01b0\u1ee3c \u0111i\u1ec3m v\u00e0 quy tr\u00ecnh in \u0111\u1ea7y \u0111\u1ee7<\/a>\t\t\t<\/h4>\n\t\t\t\t\t\t\t<div class=\"pp-post-excerpt\">\n\t\t\t<p>Gi\u1ea3i m\u00e3 c\u00f4ng ngh\u1ec7 in flexo trong ng\u00e0nh bao b\u00ec hi\u1ec7n \u0111\u1ea1i In flexo l\u00e0 c\u00f4ng ngh\u1ec7 ch\u1ee7 l\u1ef1c kh\u00f4ng th\u1ec3 ph\u1ee7 nh\u1eadn c\u1ee7a ng\u00e0nh bao b\u00ec hi\u1ec7n \u0111\u1ea1i, \u0111\u00f3ng vai tr\u00f2 quan tr\u1ecdng trong vi\u1ec7c s\u1ea3n xu\u1ea5t g\u1ea7n nh\u01b0 \u2026<\/p>\n\t\t<\/div>\n\t\t\t\t\t\t\t\t\t<\/div>\n\t\t\t\t\t\t\t\t\t<\/div>\n\n\t\t\t\t\t\t\t<\/div>\n\t\t\t\t\t<\/div>\n\t\t\t\t<div class=\"pp-post-wrap pp-grid-item-wrap elementor-grid-item post-29053 post type-post status-publish format-standard has-post-thumbnail hentry category-recent-blogs\">\n\t\t\t\t\t\t<div class=\"pp-post pp-grid-item\">\n\t\t\t\t\t\t<div class=\"pp-post-thumbnail\">\n\t\t\t<a class=\"pp-post-thumbnail-wrap\" href=\"https:\/\/www.ketegroup.com\/vn\/cat-la-gi\/\" title=\"C\u1eaft d\u1ecdc trong s\u1ea3n xu\u1ea5t l\u00e0 g\u00ec? C\u00e1c ph\u01b0\u01a1ng ph\u00e1p, c\u01a1 ch\u1ebf v\u00e0 c\u00e1ch kh\u1eafc ph\u1ee5c s\u1ef1 c\u1ed1\">\n\t\t\t\t<img loading=\"lazy\" decoding=\"async\" width=\"1024\" height=\"768\" src=\"https:\/\/www.ketegroup.com\/wp-content\/uploads\/2025\/02\/What-Is-Slitting-2.webp\" class=\"attachment-large size-large wp-image-17760\" alt=\"C\u1eaft x\u1ebb 2 l\u00e0 g\u00ec\" srcset=\"https:\/\/www.ketegroup.com\/wp-content\/uploads\/2025\/02\/What-Is-Slitting-2.webp 1024w, https:\/\/www.ketegroup.com\/wp-content\/uploads\/2025\/02\/What-Is-Slitting-2-16x12.webp 16w\" sizes=\"(max-width: 1024px) 100vw, 1024px\" \/>\t\t\t<\/a>\n\t\t<\/div>\n\t\t\n\t\t\t\t<div class=\"pp-post-content-wrap\">\n\t\t\t\t\t<div class=\"pp-post-content\">\n\t\t\t\t\t\t\t\t\t\t\t\t<h4 class=\"pp-post-title\">\n\t\t\t\t<a href=\"https:\/\/www.ketegroup.com\/vn\/cat-la-gi\/\">C\u1eaft d\u1ecdc trong s\u1ea3n xu\u1ea5t l\u00e0 g\u00ec? C\u00e1c ph\u01b0\u01a1ng ph\u00e1p, c\u01a1 ch\u1ebf v\u00e0 c\u00e1ch kh\u1eafc ph\u1ee5c s\u1ef1 c\u1ed1<\/a>\t\t\t<\/h4>\n\t\t\t\t\t\t\t<div class=\"pp-post-excerpt\">\n\t\t\t<p>\u0110\u1ecbnh ngh\u0129a c\u01a1 b\u1ea3n v\u00e0 c\u01a1 ch\u1ebf c\u1ee7a qu\u00e1 tr\u00ecnh c\u1eaft d\u1ecdc Khi c\u00e1c \u0111\u1ed9i ng\u0169 k\u1ef9 thu\u1eadt v\u00e0 c\u00e1c nh\u00e0 qu\u1ea3n l\u00fd mua h\u00e0ng \u0111\u1eb7t c\u00e2u h\u1ecfi: \u201cCh\u00ednh x\u00e1c th\u00ec c\u1eaft d\u1ecdc trong s\u1ea3n xu\u1ea5t l\u00e0 g\u00ec\u2026\u201d<\/p>\n\t\t<\/div>\n\t\t\t\t\t\t\t\t\t<\/div>\n\t\t\t\t\t\t\t\t\t<\/div>\n\n\t\t\t\t\t\t\t<\/div>\n\t\t\t\t\t<\/div>\n\t\t\t\t<div class=\"pp-post-wrap pp-grid-item-wrap elementor-grid-item post-29039 post type-post status-publish format-standard has-post-thumbnail hentry category-recent-blogs\">\n\t\t\t\t\t\t<div class=\"pp-post pp-grid-item\">\n\t\t\t\t\t\t<div class=\"pp-post-thumbnail\">\n\t\t\t<a class=\"pp-post-thumbnail-wrap\" href=\"https:\/\/www.ketegroup.com\/vn\/in-flexo-so-voi-in-offset\/\" title=\"In flexo so v\u1edbi in offset: Ph\u01b0\u01a1ng ph\u00e1p n\u00e0o mang l\u1ea1i hi\u1ec7u qu\u1ea3 \u0111\u1ea7u t\u01b0 (ROI) cao nh\u1ea5t cho doanh nghi\u1ec7p bao b\u00ec c\u1ee7a b\u1ea1n?\">\n\t\t\t\t<img loading=\"lazy\" decoding=\"async\" width=\"1024\" height=\"768\" src=\"https:\/\/www.ketegroup.com\/wp-content\/uploads\/2023\/07\/flexo-printing-vs-offset-printing-webp.webp\" class=\"attachment-large size-large wp-image-29037\" alt=\"In flexo so v\u1edbi in offset (h\u00ecnh \u1ea3nh \u0111\u1ecbnh d\u1ea1ng webp)\" srcset=\"https:\/\/www.ketegroup.com\/wp-content\/uploads\/2023\/07\/flexo-printing-vs-offset-printing-webp.webp 1024w, https:\/\/www.ketegroup.com\/wp-content\/uploads\/2023\/07\/flexo-printing-vs-offset-printing-webp-16x12.webp 16w\" sizes=\"(max-width: 1024px) 100vw, 1024px\" \/>\t\t\t<\/a>\n\t\t<\/div>\n\t\t\n\t\t\t\t<div class=\"pp-post-content-wrap\">\n\t\t\t\t\t<div class=\"pp-post-content\">\n\t\t\t\t\t\t\t\t\t\t\t\t<h4 class=\"pp-post-title\">\n\t\t\t\t<a href=\"https:\/\/www.ketegroup.com\/vn\/in-flexo-so-voi-in-offset\/\">In flexo so v\u1edbi in offset: Ph\u01b0\u01a1ng ph\u00e1p n\u00e0o mang l\u1ea1i hi\u1ec7u qu\u1ea3 \u0111\u1ea7u t\u01b0 (ROI) cao nh\u1ea5t cho doanh nghi\u1ec7p bao b\u00ec c\u1ee7a b\u1ea1n?<\/a>\t\t\t<\/h4>\n\t\t\t\t\t\t\t<div class=\"pp-post-excerpt\">\n\t\t\t<p>Trong l\u0129nh v\u1ef1c \u0111\u00f3ng g\u00f3i th\u01b0\u01a1ng m\u1ea1i \u0111\u1ea7y r\u1ee7i ro, vi\u1ec7c l\u1ef1a ch\u1ecdn m\u00e1y in kh\u00f4ng ph\u00f9 h\u1ee3p s\u1ebd d\u1eabn \u0111\u1ebfn nh\u1eefng t\u1ed5n th\u1ea5t t\u00e0i ch\u00ednh nghi\u00eam tr\u1ecdng v\u00e0 vi\u1ec7c kh\u00f4ng th\u1ec3 \u0111\u00e1p \u1ee9ng ti\u1ebfn \u0111\u1ed9. Khi \u2026<\/p>\n\t\t<\/div>\n\t\t\t\t\t\t\t\t\t<\/div>\n\t\t\t\t\t\t\t\t\t<\/div>\n\n\t\t\t\t\t\t\t<\/div>\n\t\t\t\t\t<\/div>\n\t\t\t\t<div class=\"pp-post-wrap pp-grid-item-wrap elementor-grid-item post-28989 post type-post status-publish format-standard has-post-thumbnail hentry category-uncategorized\">\n\t\t\t\t\t\t<div class=\"pp-post pp-grid-item\">\n\t\t\t\t\t\t<div class=\"pp-post-thumbnail\">\n\t\t\t<a class=\"pp-post-thumbnail-wrap\" href=\"https:\/\/www.ketegroup.com\/vn\/huong-dan-ve-truc-cuon-nguoc-vi-sai\/\" title=\"Tr\u1ee5c cu\u1ed9n ng\u01b0\u1ee3c vi sai l\u00e0 g\u00ec? H\u01b0\u1edbng d\u1eabn to\u00e0n di\u1ec7n v\u1ec1 c\u00e1c \u1ee9ng d\u1ee5ng chuy\u1ec3n \u0111\u1ed5i v\u00e0 c\u1eaft cu\u1ed9n\">\n\t\t\t\t<img loading=\"lazy\" decoding=\"async\" width=\"1024\" height=\"768\" src=\"https:\/\/www.ketegroup.com\/wp-content\/uploads\/2026\/03\/Differential-Rewind-Shafts-222-1.webp\" class=\"attachment-large size-large wp-image-28999\" alt=\"Tr\u1ee5c cu\u1ed9n ng\u01b0\u1ee3c vi sai 222 1\" srcset=\"https:\/\/www.ketegroup.com\/wp-content\/uploads\/2026\/03\/Differential-Rewind-Shafts-222-1.webp 1024w, https:\/\/www.ketegroup.com\/wp-content\/uploads\/2026\/03\/Differential-Rewind-Shafts-222-1-16x12.webp 16w\" sizes=\"(max-width: 1024px) 100vw, 1024px\" \/>\t\t\t<\/a>\n\t\t<\/div>\n\t\t\n\t\t\t\t<div class=\"pp-post-content-wrap\">\n\t\t\t\t\t<div class=\"pp-post-content\">\n\t\t\t\t\t\t\t\t\t\t\t\t<h4 class=\"pp-post-title\">\n\t\t\t\t<a href=\"https:\/\/www.ketegroup.com\/vn\/huong-dan-ve-truc-cuon-nguoc-vi-sai\/\">Tr\u1ee5c cu\u1ed9n ng\u01b0\u1ee3c vi sai l\u00e0 g\u00ec? H\u01b0\u1edbng d\u1eabn to\u00e0n di\u1ec7n v\u1ec1 c\u00e1c \u1ee9ng d\u1ee5ng chuy\u1ec3n \u0111\u1ed5i v\u00e0 c\u1eaft cu\u1ed9n<\/a>\t\t\t<\/h4>\n\t\t\t\t\t\t\t<div class=\"pp-post-excerpt\">\n\t\t\t<p>S\u1ef1 c\u00e2n b\u1eb1ng l\u00e0 m\u1ed9t th\u00e1ch th\u1ee9c k\u1ef9 thu\u1eadt th\u01b0\u1eddng g\u1eb7p trong l\u0129nh v\u1ef1c x\u1eed l\u00fd v\u1eadt li\u1ec7u v\u00e0 gia c\u00f4ng v\u1eadt li\u1ec7u. Qu\u00e1 tr\u00ecnh c\u1eaft \u2026<\/p>\n\t\t<\/div>\n\t\t\t\t\t\t\t\t\t<\/div>\n\t\t\t\t\t\t\t\t\t<\/div>\n\n\t\t\t\t\t\t\t<\/div>\n\t\t\t\t\t<\/div>\n\t\t\t\t\t\t\t\t\t<\/div>\n\t\t\t\n\t\t\t\n\t\t\t\n\t\t\t\n\t\t\t\t\t\t\t\t\t\t\t<div class=\"pp-posts-pagination-wrap pp-posts-pagination-bottom\">\n\t\t\t\t\t\t\t\t<nav class=\"pp-posts-pagination pp-posts-pagination-ajax elementor-pagination\" role=\"navigation\" aria-label=\"Ph\u00e2n trang\" data-total=\"22\">\n\t\t\t\t<span aria-current=\"page\" class=\"page-numbers current\">1<\/span>\n<a class=\"page-numbers\" href=\"https:\/\/www.ketegroup.com\/vn\/wp-json\/wp\/v2\/pages\/47\/page\/2\/\">2<\/a>\n<a class=\"page-numbers\" href=\"https:\/\/www.ketegroup.com\/vn\/wp-json\/wp\/v2\/pages\/47\/page\/3\/\">3<\/a>\n<a class=\"page-numbers\" href=\"https:\/\/www.ketegroup.com\/vn\/wp-json\/wp\/v2\/pages\/47\/page\/4\/\">4<\/a>\n<a class=\"page-numbers\" href=\"https:\/\/www.ketegroup.com\/vn\/wp-json\/wp\/v2\/pages\/47\/page\/5\/\">5<\/a>\n<a class=\"page-numbers\" href=\"https:\/\/www.ketegroup.com\/vn\/wp-json\/wp\/v2\/pages\/47\/page\/6\/\">6<\/a>\n<a class=\"page-numbers\" href=\"https:\/\/www.ketegroup.com\/vn\/wp-json\/wp\/v2\/pages\/47\/page\/7\/\">7<\/a>\n<a class=\"page-numbers\" href=\"https:\/\/www.ketegroup.com\/vn\/wp-json\/wp\/v2\/pages\/47\/page\/8\/\">8<\/a>\n<a class=\"page-numbers\" href=\"https:\/\/www.ketegroup.com\/vn\/wp-json\/wp\/v2\/pages\/47\/page\/9\/\">9<\/a>\n<a class=\"page-numbers\" href=\"https:\/\/www.ketegroup.com\/vn\/wp-json\/wp\/v2\/pages\/47\/page\/10\/\">10<\/a>\n<a class=\"page-numbers\" href=\"https:\/\/www.ketegroup.com\/vn\/wp-json\/wp\/v2\/pages\/47\/page\/11\/\">11<\/a>\n<a class=\"page-numbers\" href=\"https:\/\/www.ketegroup.com\/vn\/wp-json\/wp\/v2\/pages\/47\/page\/12\/\">12<\/a>\n<a class=\"page-numbers\" href=\"https:\/\/www.ketegroup.com\/vn\/wp-json\/wp\/v2\/pages\/47\/page\/13\/\">13<\/a>\n<a class=\"page-numbers\" href=\"https:\/\/www.ketegroup.com\/vn\/wp-json\/wp\/v2\/pages\/47\/page\/14\/\">14<\/a>\n<a class=\"page-numbers\" href=\"https:\/\/www.ketegroup.com\/vn\/wp-json\/wp\/v2\/pages\/47\/page\/15\/\">15<\/a>\n<a class=\"page-numbers\" href=\"https:\/\/www.ketegroup.com\/vn\/wp-json\/wp\/v2\/pages\/47\/page\/16\/\">16<\/a>\n<a class=\"page-numbers\" href=\"https:\/\/www.ketegroup.com\/vn\/wp-json\/wp\/v2\/pages\/47\/page\/17\/\">17<\/a>\n<a class=\"page-numbers\" href=\"https:\/\/www.ketegroup.com\/vn\/wp-json\/wp\/v2\/pages\/47\/page\/18\/\">18<\/a>\n<a class=\"page-numbers\" href=\"https:\/\/www.ketegroup.com\/vn\/wp-json\/wp\/v2\/pages\/47\/page\/19\/\">19<\/a>\n<a class=\"page-numbers\" href=\"https:\/\/www.ketegroup.com\/vn\/wp-json\/wp\/v2\/pages\/47\/page\/20\/\">20<\/a>\n<a class=\"page-numbers\" href=\"https:\/\/www.ketegroup.com\/vn\/wp-json\/wp\/v2\/pages\/47\/page\/21\/\">21<\/a>\n<a class=\"page-numbers\" href=\"https:\/\/www.ketegroup.com\/vn\/wp-json\/wp\/v2\/pages\/47\/page\/22\/\">22<\/a>\n<a class=\"next page-numbers\" href=\"https:\/\/www.ketegroup.com\/vn\/wp-json\/wp\/v2\/pages\/47\/page\/2\/\">K\u1ebf ti\u1ebfp &quot;<\/a>\t\t\t<\/nav>\n\t\t\t\t\t\t\t<\/div>\n\t\t\t\t\t\t\t\t\t<\/div>\n\n\t\t\n\t\t\t\t<\/div>\n\t\t\t\t<\/div>\n\t\t\t\t\t<\/div>\n\t\t<\/div>\n\t\t\t\t\t<\/div>\n\t\t<\/section>\n\t\t\t\t<\/div>","protected":false},"excerpt":{"rendered":"<p>Blog Ch\u00fang t\u00f4i chia s\u1ebb v\u1edbi b\u1ea1n nh\u1eefng xu h\u01b0\u1edbng m\u1edbi nh\u1ea5t trong ng\u00e0nh, \u0111\u1ed3ng th\u1eddi c\u1ed1 g\u1eafng gi\u1ea3i \u0111\u00e1p m\u1ecdi th\u1eafc m\u1eafc c\u1ee7a b\u1ea1n v\u1ec1 m\u00e1y \u0111\u00f3ng g\u00f3i linh ho\u1ea1t v\u00e0 m\u00e1y in. H\u00e3y theo d\u00f5i c\u00e1c b\u00e0i vi\u1ebft tr\u00ean blog c\u1ee7a ch\u00fang t\u00f4i \u0111\u1ec3 c\u1eadp nh\u1eadt nh\u1eefng th\u00f4ng tin m\u1edbi nh\u1ea5t v\u1ec1 ng\u00e0nh v\u00e0 t\u1ea1i KETE. Trang ch\u1ee7 T\u1ea5t c\u1ea3 M\u00e1y in Flexo M\u00e1y \u0111\u00f3ng g\u00f3i co nhi\u1ec7t Th\u00f4ng tin ng\u00e0nh M\u00e1y in nh\u00e3n M\u00e1y \u0111\u00f3ng g\u00f3i [\u2026]<\/p>","protected":false},"author":2,"featured_media":0,"parent":0,"menu_order":0,"comment_status":"closed","ping_status":"closed","template":"","meta":{"_seopress_robots_primary_cat":"0","_seopress_titles_title":"Blogs - KETE GROUP LIMITED","_seopress_titles_desc":"KETE shares with you all the information about our machines and profound industry insights. Click here to learn more.","_seopress_robots_index":"","footnotes":""},"class_list":["post-47","page","type-page","status-publish","hentry"],"_links":{"self":[{"href":"https:\/\/www.ketegroup.com\/vn\/wp-json\/wp\/v2\/pages\/47","targetHints":{"allow":["GET"]}}],"collection":[{"href":"https:\/\/www.ketegroup.com\/vn\/wp-json\/wp\/v2\/pages"}],"about":[{"href":"https:\/\/www.ketegroup.com\/vn\/wp-json\/wp\/v2\/types\/page"}],"author":[{"embeddable":true,"href":"https:\/\/www.ketegroup.com\/vn\/wp-json\/wp\/v2\/users\/2"}],"replies":[{"embeddable":true,"href":"https:\/\/www.ketegroup.com\/vn\/wp-json\/wp\/v2\/comments?post=47"}],"version-history":[{"count":9,"href":"https:\/\/www.ketegroup.com\/vn\/wp-json\/wp\/v2\/pages\/47\/revisions"}],"predecessor-version":[{"id":17331,"href":"https:\/\/www.ketegroup.com\/vn\/wp-json\/wp\/v2\/pages\/47\/revisions\/17331"}],"wp:attachment":[{"href":"https:\/\/www.ketegroup.com\/vn\/wp-json\/wp\/v2\/media?parent=47"}],"curies":[{"name":"wp","href":"https:\/\/api.w.org\/{rel}","templated":true}]}}