{"id":46,"date":"2021-09-15T17:38:27","date_gmt":"2021-09-15T09:38:27","guid":{"rendered":"https:\/\/www.ketegroup.com\/?page_id=46"},"modified":"2022-08-05T11:41:32","modified_gmt":"2022-08-05T03:41:32","slug":"case-study","status":"publish","type":"page","link":"https:\/\/www.ketegroup.com\/vn\/nghien-cuu-truong-hop\/","title":{"rendered":"Nghi\u00ean c\u1ee9u t\u00ecnh hu\u1ed1ng"},"content":{"rendered":"<div data-elementor-type=\"wp-page\" data-elementor-id=\"46\" class=\"elementor elementor-46\">\n\t\t\t\t\t\t<section class=\"elementor-section elementor-top-section elementor-element elementor-element-0569843 elementor-section-boxed elementor-section-height-default elementor-section-height-default\" data-id=\"0569843\" data-element_type=\"section\" data-settings=\"{&quot;background_background&quot;:&quot;classic&quot;}\">\n\t\t\t\t\t\t<div class=\"elementor-container elementor-column-gap-default\">\n\t\t\t\t\t<div class=\"elementor-column elementor-col-100 elementor-top-column elementor-element elementor-element-56b4b63\" data-id=\"56b4b63\" data-element_type=\"column\">\n\t\t\t<div class=\"elementor-widget-wrap elementor-element-populated\">\n\t\t\t\t\t\t<div class=\"elementor-element elementor-element-1a78ce9 elementor-widget elementor-widget-menu-anchor\" data-id=\"1a78ce9\" data-element_type=\"widget\" data-widget_type=\"menu-anchor.default\">\n\t\t\t\t<div class=\"elementor-widget-container\">\n\t\t\t\t\t<div class=\"elementor-menu-anchor\" id=\"01\"><\/div>\n\t\t\t\t<\/div>\n\t\t\t\t<\/div>\n\t\t\t\t<div class=\"elementor-element elementor-element-259668d elementor-widget elementor-widget-heading\" data-id=\"259668d\" data-element_type=\"widget\" data-widget_type=\"heading.default\">\n\t\t\t\t<div class=\"elementor-widget-container\">\n\t\t\t<h1 class=\"elementor-heading-title elementor-size-default\">Nghi\u00ean c\u1ee9u t\u00ecnh hu\u1ed1ng<\/h1>\t\t<\/div>\n\t\t\t\t<\/div>\n\t\t\t\t<div class=\"elementor-element elementor-element-2fb9782 elementor-widget elementor-widget-text-editor\" data-id=\"2fb9782\" data-element_type=\"widget\" data-widget_type=\"text-editor.default\">\n\t\t\t\t<div class=\"elementor-widget-container\">\n\t\t\t\t\t\t\tKETE \u0111\u00e3 cung c\u1ea5p m\u1ed9t s\u1ed1 gi\u1ea3i ph\u00e1p th\u1ecfa \u0111\u00e1ng cho c\u00e1c \u0111\u1ed1i t\u00e1c c\u1ee7a ch\u00fang t\u00f4i.\n<br>\nHi\u1ec3u s\u00e2u h\u01a1n v\u1ec1 nh\u1eefng g\u00ec m\u00e1y m\u00f3c c\u1ee7a KETE c\u00f3 th\u1ec3 l\u00e0m.\t\t\t\t\t\t<\/div>\n\t\t\t\t<\/div>\n\t\t\t\t\t<\/div>\n\t\t<\/div>\n\t\t\t\t\t<\/div>\n\t\t<\/section>\n\t\t\t\t<section class=\"elementor-section elementor-top-section elementor-element elementor-element-29300ee elementor-section-boxed elementor-section-height-default elementor-section-height-default\" data-id=\"29300ee\" data-element_type=\"section\">\n\t\t\t\t\t\t<div class=\"elementor-container elementor-column-gap-default\">\n\t\t\t\t\t<div class=\"elementor-column elementor-col-100 elementor-top-column elementor-element elementor-element-d2638f0\" data-id=\"d2638f0\" data-element_type=\"column\">\n\t\t\t<div class=\"elementor-widget-wrap elementor-element-populated\">\n\t\t\t\t\t\t<div class=\"elementor-element elementor-element-007a5bf elementor-widget elementor-widget-MML Breadcrumbs\" data-id=\"007a5bf\" data-element_type=\"widget\" data-settings=\"{&quot;breadcrumbs_type&quot;:&quot;post_type&quot;}\" data-widget_type=\"MML Breadcrumbs.default\">\n\t\t\t\t<div class=\"elementor-widget-container\">\n\t\t\t<ul class=\"pp-breadcrumbs pp-breadcrumbs-powerpack\">        <li class=\"pp-breadcrumbs-item pp-breadcrumbs-item-home\">\n            <a class=\"pp-breadcrumbs-crumb pp-breadcrumbs-crumb-link pp-breadcrumbs-crumb-home\" href=\"https:\/\/www.ketegroup.com\/vn\" title=\"Trang ch\u1ee7\">\n\t\t\t\t<span class=\"pp-breadcrumbs-text\">\n\t\t\t\t\t                    Trang ch\u1ee7\t\t\t\t<\/span>\n            <\/a>\n        <\/li>\n        <li class=\"pp-breadcrumbs-separator\">                <span class='pp-separator-icon pp-icon'>\n\t\t\t\t\t<i aria-hidden=\"true\" class=\"fas fa-angle-right\"><\/i>\t\t\t\t<\/span>\n                <\/li><\/ul>\t\t<\/div>\n\t\t\t\t<\/div>\n\t\t\t\t\t<\/div>\n\t\t<\/div>\n\t\t\t\t\t<\/div>\n\t\t<\/section>\n\t\t\t\t<section class=\"elementor-section elementor-top-section elementor-element elementor-element-7bef632 elementor-section-boxed elementor-section-height-default elementor-section-height-default\" data-id=\"7bef632\" data-element_type=\"section\">\n\t\t\t\t\t\t<div class=\"elementor-container elementor-column-gap-default\">\n\t\t\t\t\t<div class=\"elementor-column elementor-col-100 elementor-top-column elementor-element elementor-element-10672e1\" data-id=\"10672e1\" data-element_type=\"column\">\n\t\t\t<div class=\"elementor-widget-wrap elementor-element-populated\">\n\t\t\t\t\t\t<div class=\"elementor-element elementor-element-fb85691 elementor-grid-3 elementor-grid-tablet-2 elementor-grid-mobile-1 elementor-widget elementor-widget-pp-posts\" data-id=\"fb85691\" data-element_type=\"widget\" data-widget_type=\"pp-posts.event\">\n\t\t\t\t<div class=\"elementor-widget-container\">\n\t\t\t\t\t<div class=\"pp-posts-container\">\n\t\t\t\n\t\t\t\t\t\t\t\t\t\t\n\t\t\t<div class=\"pp-posts pp-posts-skin-event elementor-grid pp-posts-grid\" data-query-type=\"custom\" data-layout=\"grid\" data-page=\"46\" data-skin=\"event\">\n\t\t\t\t\t\t\t\t\t\t\t<div class=\"pp-post-wrap pp-grid-item-wrap elementor-grid-item post-9434 case type-case status-publish has-post-thumbnail hentry\">\n\t\t\t\t\t\t<div class=\"pp-post pp-grid-item\">\n\t\t\t\t\t\t<div class=\"pp-post-thumbnail\">\n\t\t\t<a class=\"pp-post-thumbnail-wrap\" href=\"https:\/\/www.ketegroup.com\/vn\/truong-hop\/hop-lam-vien-nang-polylaminate\/\" title=\"V\u1ecf l\u00e0m vi\u00ean nang Polylaminate\">\n\t\t\t\t<img fetchpriority=\"high\" decoding=\"async\" width=\"550\" height=\"309\" src=\"https:\/\/www.ketegroup.com\/wp-content\/uploads\/2022\/09\/Polylam-Capsules-Making-Case.jpg\" class=\"attachment-large size-large wp-image-9339\" alt=\"V\u1ecf l\u00e0m vi\u00ean nang Polylam\" \/>\t\t\t<\/a>\n\n\t\t\t<div class=\"pp-post-event-date\">\n\t\t\t\t\t\t\t\t<span class=\"pp-post-month\">\n\t\t\t\t\tTh9\t\t\t\t<\/span>\n\t\t\t\t<span class=\"pp-post-day\">\n\t\t\t\t\t14\t\t\t\t<\/span>\n\t\t\t<\/div>\n\t\t<\/div>\n\t\t\n\t\t\t\t\n\t\t\t\t<div class=\"pp-post-content-wrap\">\n\t\t\t\t\t<div class=\"pp-post-content\">\n\t\t\t\t\t\t\t\t\t\t\t\t<h3 class=\"pp-post-title\">\n\t\t\t\t<a href=\"https:\/\/www.ketegroup.com\/vn\/truong-hop\/hop-lam-vien-nang-polylaminate\/\">V\u1ecf l\u00e0m vi\u00ean nang Polylaminate<\/a>\t\t\t<\/h3>\n\t\t\t\t\t\t\t\t\t<div class=\"pp-post-meta\">\n\t\t\t\t\t\t\t<\/div>\n\t\t\t\t\t\t\t<div class=\"pp-post-excerpt\">\n\t\t\t<p>m\u00f4 t\u1ea3<\/p>\n\t\t<\/div>\n\t\t\t\t\t\t\t\t\t<\/div>\n\t\t\t\t\t\t\t\t\t<\/div>\n\n\t\t\t\t\t\t\t<\/div>\n\t\t\t\t\t<\/div>\n\t\t\t\t<div class=\"pp-post-wrap pp-grid-item-wrap elementor-grid-item post-9405 case type-case status-publish has-post-thumbnail hentry\">\n\t\t\t\t\t\t<div class=\"pp-post pp-grid-item\">\n\t\t\t\t\t\t<div class=\"pp-post-thumbnail\">\n\t\t\t<a class=\"pp-post-thumbnail-wrap\" href=\"https:\/\/www.ketegroup.com\/vn\/truong-hop\/vo-lam-vien-nang-pvc\/\" title=\"V\u1ecf l\u00e0m vi\u00ean nang PVC\">\n\t\t\t\t<img decoding=\"async\" width=\"550\" height=\"309\" src=\"https:\/\/www.ketegroup.com\/wp-content\/uploads\/2022\/09\/PVC-Wine-Capsule-Case.jpg\" class=\"attachment-large size-large wp-image-9340\" alt=\"V\u1ecf h\u1ed9p \u0111\u1ef1ng r\u01b0\u1ee3u vang PVC\" \/>\t\t\t<\/a>\n\n\t\t\t<div class=\"pp-post-event-date\">\n\t\t\t\t\t\t\t\t<span class=\"pp-post-month\">\n\t\t\t\t\tTh9\t\t\t\t<\/span>\n\t\t\t\t<span class=\"pp-post-day\">\n\t\t\t\t\t14\t\t\t\t<\/span>\n\t\t\t<\/div>\n\t\t<\/div>\n\t\t\n\t\t\t\t\n\t\t\t\t<div class=\"pp-post-content-wrap\">\n\t\t\t\t\t<div class=\"pp-post-content\">\n\t\t\t\t\t\t\t\t\t\t\t\t<h3 class=\"pp-post-title\">\n\t\t\t\t<a href=\"https:\/\/www.ketegroup.com\/vn\/truong-hop\/vo-lam-vien-nang-pvc\/\">V\u1ecf l\u00e0m vi\u00ean nang PVC<\/a>\t\t\t<\/h3>\n\t\t\t\t\t\t\t\t\t<div class=\"pp-post-meta\">\n\t\t\t\t\t\t\t<\/div>\n\t\t\t\t\t\t\t<div class=\"pp-post-excerpt\">\n\t\t\t<p>ki\u1ec3m tra abx <\/p>\n\t\t<\/div>\n\t\t\t\t\t\t\t\t\t<\/div>\n\t\t\t\t\t\t\t\t\t<\/div>\n\n\t\t\t\t\t\t\t<\/div>\n\t\t\t\t\t<\/div>\n\t\t\t\t<div class=\"pp-post-wrap pp-grid-item-wrap elementor-grid-item post-9349 case type-case status-publish has-post-thumbnail hentry\">\n\t\t\t\t\t\t<div class=\"pp-post pp-grid-item\">\n\t\t\t\t\t\t<div class=\"pp-post-thumbnail\">\n\t\t\t<a class=\"pp-post-thumbnail-wrap\" href=\"https:\/\/www.ketegroup.com\/vn\/truong-hop\/hop-lam-vien-nang-polylam\/\" title=\"V\u1ecf l\u00e0m vi\u00ean nang Polylam\">\n\t\t\t\t<img fetchpriority=\"high\" decoding=\"async\" width=\"550\" height=\"309\" src=\"https:\/\/www.ketegroup.com\/wp-content\/uploads\/2022\/09\/Polylam-Capsules-Making-Case.jpg\" class=\"attachment-large size-large wp-image-9339\" alt=\"V\u1ecf l\u00e0m vi\u00ean nang Polylam\" \/>\t\t\t<\/a>\n\n\t\t\t<div class=\"pp-post-event-date\">\n\t\t\t\t\t\t\t\t<span class=\"pp-post-month\">\n\t\t\t\t\tTh9\t\t\t\t<\/span>\n\t\t\t\t<span class=\"pp-post-day\">\n\t\t\t\t\t11\t\t\t\t<\/span>\n\t\t\t<\/div>\n\t\t<\/div>\n\t\t\n\t\t\t\t\n\t\t\t\t<div class=\"pp-post-content-wrap\">\n\t\t\t\t\t<div class=\"pp-post-content\">\n\t\t\t\t\t\t\t\t\t\t\t\t<h3 class=\"pp-post-title\">\n\t\t\t\t<a href=\"https:\/\/www.ketegroup.com\/vn\/truong-hop\/hop-lam-vien-nang-polylam\/\">V\u1ecf l\u00e0m vi\u00ean nang Polylam<\/a>\t\t\t<\/h3>\n\t\t\t\t\t\t\t\t\t<div class=\"pp-post-meta\">\n\t\t\t\t\t\t\t<\/div>\n\t\t\t\t\t\t\t<div class=\"pp-post-excerpt\">\n\t\t\t<p>m\u00f4 t\u1ea3 m\u00f4 t\u1ea3 m\u00f4 t\u1ea3 m\u00f4 t\u1ea3 <\/p>\n\t\t<\/div>\n\t\t\t\t\t\t\t\t\t<\/div>\n\t\t\t\t\t\t\t\t\t<\/div>\n\n\t\t\t\t\t\t\t<\/div>\n\t\t\t\t\t<\/div>\n\t\t\t\t<div class=\"pp-post-wrap pp-grid-item-wrap elementor-grid-item post-9341 case type-case status-publish has-post-thumbnail hentry\">\n\t\t\t\t\t\t<div class=\"pp-post pp-grid-item\">\n\t\t\t\t\t\t<div class=\"pp-post-thumbnail\">\n\t\t\t<a class=\"pp-post-thumbnail-wrap\" href=\"https:\/\/www.ketegroup.com\/vn\/truong-hop\/hop-dung-vien-nang-ruou\/\" title=\"V\u1ecf l\u00e0m vi\u00ean nang r\u01b0\u1ee3u\">\n\t\t\t\t<img decoding=\"async\" width=\"550\" height=\"309\" src=\"https:\/\/www.ketegroup.com\/wp-content\/uploads\/2022\/09\/PVC-Wine-Capsule-Case.jpg\" class=\"attachment-large size-large wp-image-9340\" alt=\"V\u1ecf h\u1ed9p \u0111\u1ef1ng r\u01b0\u1ee3u vang PVC\" \/>\t\t\t<\/a>\n\n\t\t\t<div class=\"pp-post-event-date\">\n\t\t\t\t\t\t\t\t<span class=\"pp-post-month\">\n\t\t\t\t\tTh9\t\t\t\t<\/span>\n\t\t\t\t<span class=\"pp-post-day\">\n\t\t\t\t\t11\t\t\t\t<\/span>\n\t\t\t<\/div>\n\t\t<\/div>\n\t\t\n\t\t\t\t\n\t\t\t\t<div class=\"pp-post-content-wrap\">\n\t\t\t\t\t<div class=\"pp-post-content\">\n\t\t\t\t\t\t\t\t\t\t\t\t<h3 class=\"pp-post-title\">\n\t\t\t\t<a href=\"https:\/\/www.ketegroup.com\/vn\/truong-hop\/hop-dung-vien-nang-ruou\/\">V\u1ecf l\u00e0m vi\u00ean nang r\u01b0\u1ee3u<\/a>\t\t\t<\/h3>\n\t\t\t\t\t\t\t\t\t<div class=\"pp-post-meta\">\n\t\t\t\t\t\t\t<\/div>\n\t\t\t\t\t\t\t<div class=\"pp-post-excerpt\">\n\t\t\t<p>ki\u1ec3m tra abc<\/p>\n\t\t<\/div>\n\t\t\t\t\t\t\t\t\t<\/div>\n\t\t\t\t\t\t\t\t\t<\/div>\n\n\t\t\t\t\t\t\t<\/div>\n\t\t\t\t\t<\/div>\n\t\t\t\t\t\t\t\t\t<\/div>\n\t\t\t\n\t\t\t\n\t\t\t\n\t\t\t\n\t\t\t\t\t\t\t\t\t\t\t<div class=\"pp-posts-pagination-wrap pp-posts-pagination-bottom\">\n\t\t\t\t\t\t\t\t\t<\/div>\n\t\t\t\t\t\t\t\t\t<\/div>\n\n\t\t\n\t\t\t\t<\/div>\n\t\t\t\t<\/div>\n\t\t\t\t\t<\/div>\n\t\t<\/div>\n\t\t\t\t\t<\/div>\n\t\t<\/section>\n\t\t\t\t<\/div>","protected":false},"excerpt":{"rendered":"<p>Case Study KETE has provided a number of satisfactory solutions for our partners. Get a deep understanding of what KETE&#8217;s machines can do. Home Jan 20 case_test desc desc desc desc aaa Oct 25 Non Woven W Cut Bag Solutions Case Title: how to help our customers make customized non woven w cut bags background [&hellip;]<\/p>","protected":false},"author":2,"featured_media":0,"parent":0,"menu_order":0,"comment_status":"closed","ping_status":"closed","template":"","meta":{"_seopress_robots_primary_cat":"0","_seopress_titles_title":"Case Studies - KETE","_seopress_titles_desc":"KETE has made affordable and innovative flexible packaging and printing machines for 10 years. See how our reliable automated packaging solutions helped our clients.","_seopress_robots_index":"","footnotes":""},"class_list":["post-46","page","type-page","status-publish","hentry"],"_links":{"self":[{"href":"https:\/\/www.ketegroup.com\/vn\/wp-json\/wp\/v2\/pages\/46","targetHints":{"allow":["GET"]}}],"collection":[{"href":"https:\/\/www.ketegroup.com\/vn\/wp-json\/wp\/v2\/pages"}],"about":[{"href":"https:\/\/www.ketegroup.com\/vn\/wp-json\/wp\/v2\/types\/page"}],"author":[{"embeddable":true,"href":"https:\/\/www.ketegroup.com\/vn\/wp-json\/wp\/v2\/users\/2"}],"replies":[{"embeddable":true,"href":"https:\/\/www.ketegroup.com\/vn\/wp-json\/wp\/v2\/comments?post=46"}],"version-history":[{"count":0,"href":"https:\/\/www.ketegroup.com\/vn\/wp-json\/wp\/v2\/pages\/46\/revisions"}],"wp:attachment":[{"href":"https:\/\/www.ketegroup.com\/vn\/wp-json\/wp\/v2\/media?parent=46"}],"curies":[{"name":"wp","href":"https:\/\/api.w.org\/{rel}","templated":true}]}}