{"id":44,"date":"2021-09-15T17:38:27","date_gmt":"2021-09-15T09:38:27","guid":{"rendered":"https:\/\/www.ketegroup.com\/?page_id=44"},"modified":"2024-10-15T15:30:18","modified_gmt":"2024-10-15T07:30:18","slug":"video","status":"publish","type":"page","link":"https:\/\/www.ketegroup.com\/vn\/bang-hinh\/","title":{"rendered":"Video"},"content":{"rendered":"<div data-elementor-type=\"wp-page\" data-elementor-id=\"44\" class=\"elementor elementor-44\">\n\t\t\t\t\t\t<section class=\"elementor-section elementor-top-section elementor-element elementor-element-517f0b52 elementor-section-boxed elementor-section-height-default elementor-section-height-default\" data-id=\"517f0b52\" data-element_type=\"section\" data-settings=\"{&quot;background_background&quot;:&quot;classic&quot;}\">\n\t\t\t\t\t\t<div class=\"elementor-container elementor-column-gap-default\">\n\t\t\t\t\t<div class=\"elementor-column elementor-col-100 elementor-top-column elementor-element elementor-element-6e07eaba\" data-id=\"6e07eaba\" data-element_type=\"column\">\n\t\t\t<div class=\"elementor-widget-wrap elementor-element-populated\">\n\t\t\t\t\t\t<div class=\"elementor-element elementor-element-6691352a elementor-widget elementor-widget-menu-anchor\" data-id=\"6691352a\" data-element_type=\"widget\" data-widget_type=\"menu-anchor.default\">\n\t\t\t\t<div class=\"elementor-widget-container\">\n\t\t\t\t\t<div class=\"elementor-menu-anchor\" id=\"01\"><\/div>\n\t\t\t\t<\/div>\n\t\t\t\t<\/div>\n\t\t\t\t<div class=\"elementor-element elementor-element-67e4ff92 elementor-widget elementor-widget-heading\" data-id=\"67e4ff92\" data-element_type=\"widget\" data-widget_type=\"heading.default\">\n\t\t\t\t<div class=\"elementor-widget-container\">\n\t\t\t<h1 class=\"elementor-heading-title elementor-size-default\">Khu v\u1ef1c Video<\/h1>\t\t<\/div>\n\t\t\t\t<\/div>\n\t\t\t\t<div class=\"elementor-element elementor-element-eeec83e elementor-widget elementor-widget-text-editor\" data-id=\"eeec83e\" data-element_type=\"widget\" data-widget_type=\"text-editor.default\">\n\t\t\t\t<div class=\"elementor-widget-container\">\n\t\t\t\t\t\t\t<p>Hy v\u1ecdng nh\u1eefng video n\u00e0y c\u00f3 th\u1ec3 gi\u00fap b\u1ea1n hi\u1ec3u r\u00f5 v\u00e0 nhanh ch\u00f3ng v\u1ec1 nh\u1eefng ch\u1ee9c n\u0103ng v\u00e0 c\u00e1ch th\u1ee9c ho\u1ea1t \u0111\u1ed9ng c\u1ee7a m\u00e1y m\u00f3c.<\/p><p>\u0110\u1ec3 bi\u1ebft th\u00eam th\u00f4ng tin s\u1ea3n ph\u1ea9m v\u00e0 h\u1ed7 tr\u1ee3 k\u1ef9 thu\u1eadt, vui l\u00f2ng <span style=\"text-decoration: underline;\"><strong><a href=\"\/vn\/lien-he\/\">li\u00ean h\u1ec7 v\u1edbi ch\u00fang t\u00f4i<\/a><\/strong><\/span>.<\/p>\t\t\t\t\t\t<\/div>\n\t\t\t\t<\/div>\n\t\t\t\t\t<\/div>\n\t\t<\/div>\n\t\t\t\t\t<\/div>\n\t\t<\/section>\n\t\t\t\t<section class=\"elementor-section elementor-top-section elementor-element elementor-element-5d7794f1 elementor-section-boxed elementor-section-height-default elementor-section-height-default\" data-id=\"5d7794f1\" data-element_type=\"section\">\n\t\t\t\t\t\t<div class=\"elementor-container elementor-column-gap-default\">\n\t\t\t\t\t<div class=\"elementor-column elementor-col-100 elementor-top-column elementor-element elementor-element-7d2cb4e3\" data-id=\"7d2cb4e3\" data-element_type=\"column\">\n\t\t\t<div class=\"elementor-widget-wrap elementor-element-populated\">\n\t\t\t\t\t\t<div class=\"elementor-element elementor-element-2d34e6b3 elementor-widget elementor-widget-MML Breadcrumbs\" data-id=\"2d34e6b3\" data-element_type=\"widget\" data-settings=\"{&quot;breadcrumbs_type&quot;:&quot;post_type&quot;}\" data-widget_type=\"MML Breadcrumbs.default\">\n\t\t\t\t<div class=\"elementor-widget-container\">\n\t\t\t<ul class=\"pp-breadcrumbs pp-breadcrumbs-powerpack\">        <li class=\"pp-breadcrumbs-item pp-breadcrumbs-item-home\">\n            <a class=\"pp-breadcrumbs-crumb pp-breadcrumbs-crumb-link pp-breadcrumbs-crumb-home\" href=\"https:\/\/www.ketegroup.com\/vn\" title=\"Trang ch\u1ee7\">\n\t\t\t\t<span class=\"pp-breadcrumbs-text\">\n\t\t\t\t\t                    Trang ch\u1ee7\t\t\t\t<\/span>\n            <\/a>\n        <\/li>\n        <li class=\"pp-breadcrumbs-separator\">                <span class='pp-separator-icon pp-icon'>\n\t\t\t\t\t<i aria-hidden=\"true\" class=\"fas fa-angle-right\"><\/i>\t\t\t\t<\/span>\n                <\/li><\/ul>\t\t<\/div>\n\t\t\t\t<\/div>\n\t\t\t\t\t<\/div>\n\t\t<\/div>\n\t\t\t\t\t<\/div>\n\t\t<\/section>\n\t\t\t\t<section class=\"elementor-section elementor-top-section elementor-element elementor-element-74e72e2 elementor-section-boxed elementor-section-height-default elementor-section-height-default\" data-id=\"74e72e2\" data-element_type=\"section\" data-settings=\"{&quot;background_background&quot;:&quot;classic&quot;}\">\n\t\t\t\t\t\t<div class=\"elementor-container elementor-column-gap-default\">\n\t\t\t\t\t<div class=\"elementor-column elementor-col-100 elementor-top-column elementor-element elementor-element-a661b2d\" data-id=\"a661b2d\" data-element_type=\"column\">\n\t\t\t<div class=\"elementor-widget-wrap elementor-element-populated\">\n\t\t\t\t\t\t<div class=\"elementor-element elementor-element-78e2757 elementor-widget elementor-widget-shortcode\" data-id=\"78e2757\" data-element_type=\"widget\" data-widget_type=\"shortcode.default\">\n\t\t\t\t<div class=\"elementor-widget-container\">\n\t\t\t\t\t<div class=\"elementor-shortcode\">\n<div class=\"videos-categories\">\n    <div class=\"left\">\n        <div class=\"categories-wrap\">\n            <ul>\n                <li term=\"\" class=\"active\">\n                    <a href=\"javascript:;\">\n                        <span>T\u1ea5t c\u1ea3<\/span>\n                    <\/a>\n                <\/li>\n                                <li term=\"flexo-printing-machines\">\n                    <a href=\"javascript:;\">\n                        <span>M\u00e1y in Flexo<\/span>\n                    <\/a>\n                <\/li>\n                                <li term=\"heat-shrink-packaging-machines\">\n                    <a href=\"javascript:;\">\n                        <span>M\u00e1y \u0111\u00f3ng g\u00f3i co nhi\u1ec7t<\/span>\n                    <\/a>\n                <\/li>\n                                <li term=\"label-printing-machines\">\n                    <a href=\"javascript:;\">\n                        <span>M\u00e1y in nh\u00e3n<\/span>\n                    <\/a>\n                <\/li>\n                                <li term=\"non-woven-bag-making-machines\">\n                    <a href=\"javascript:;\">\n                        <span>M\u00e1y l\u00e0m t\u00fai kh\u00f4ng d\u1ec7t<\/span>\n                    <\/a>\n                <\/li>\n                                <li term=\"paper-bag-making-machines\">\n                    <a href=\"javascript:;\">\n                        <span>M\u00e1y l\u00e0m t\u00fai gi\u1ea5y<\/span>\n                    <\/a>\n                <\/li>\n                                <li term=\"paper-product-machines\">\n                    <a href=\"javascript:;\">\n                        <span>M\u00e1y s\u1ea3n xu\u1ea5t s\u1ea3n ph\u1ea9m gi\u1ea5y<\/span>\n                    <\/a>\n                <\/li>\n                                <li term=\"plastic-bag-making-machines\">\n                    <a href=\"javascript:;\">\n                        <span>M\u00e1y l\u00e0m t\u00fai nh\u1ef1a<\/span>\n                    <\/a>\n                <\/li>\n                                <li term=\"pouch-bag-making-machines\">\n                    <a href=\"javascript:;\">\n                        <span>M\u00e1y l\u00e0m t\u00fai<\/span>\n                    <\/a>\n                <\/li>\n                                <li term=\"rotogravure-printing-machines\">\n                    <a href=\"javascript:;\">\n                        <span>M\u00e1y in Rotogravure<\/span>\n                    <\/a>\n                <\/li>\n                                <li term=\"wine-capsule-making-machines\">\n                    <a href=\"javascript:;\">\n                        <span>M\u00e1y l\u00e0m vi\u00ean nang r\u01b0\u1ee3u<\/span>\n                    <\/a>\n                <\/li>\n                            <\/ul>\n        <\/div>\n        <div class=\"search-form-wrap\">\n            <form action=\"\" data-trp-original-action=\"\">\n                <input type=\"text\" placeholder=\"T\u00ecm ki\u1ebfm...\">\n                <button><i class=\"fas fa-search\"><\/i><\/button>\n            <input type=\"hidden\" name=\"trp-form-language\" value=\"vn\"\/><\/form>\n        <\/div>\n    <\/div>\n    <div class=\"right\">\n        <div class=\"grid-container\">\n            <div style=\"display: none\" class=\"item\">\n                    <div class=\"img-wrap\">\n                        <img decoding=\"async\" src=\"\/wp-content\/uploads\/2021\/09\/KTPM-B330.jpg\" alt=\"\">\n                        <a href=\"javascript:;\" class=\"vp-a\">\n                            <i class=\"fas fa-play-circle\"><\/i>\n                        <\/a>\n                    <\/div>\n                    <h3>T\u00ean s\u1ea3n ph\u1ea9m 11<\/h3>\n                    <p>Lorem ipsum dolor sit amet, consectetur adipiscing elit. Ut elit Tellus, luctus nec ullamcorper mattis, pulvinar dapibus leo.<\/p>\n            <\/div>\n        <\/div>\n        <div class=\"pagination\">\n        <\/div>\n    <\/div>\n<\/div>\n\n<script>\n    var $ = jQuery;\n    var term_id = '';\n    function get_videos(term_id,page=1) {\n        var kw = $('.search-form-wrap form input').val();\n\t\t\tterm_id = $('li.active').eq(0).attr('term');\n        $.ajax({\n            url : \"\/wp-content\/themes\/mml-theme\/rejson_videos.php\",\n            dataType : 'json',\n            type:'get',\n            data:{\n                'term_id':term_id,\n                'page':page,\n                'kw':kw\n\n                \/\/ 'per_page':per_page\n            },\n            success:function (data) {\n                var html = '';\n                if (data.data.length >0){\n                    var arr = data.data;\n                    for (var i=0;i<data.data.length;i++){\n\n                        html+='<div  class=\"item\"><div class=\"img-wrap\"><img decoding=\"async\" src=\"'+arr[i].img+'\" alt=\"'+arr[i].alt+'\">'+arr[i].video+'<\/div><h3>'+arr[i].name+'<\/h3><p>'+arr[i].desc+'<\/p><\/div>'\n                    }\n                }\n                $('.grid-container').html(html)\n                \/\/ $('.content mml-shopcart-items').html(html)\n\n                if (data.page_num ==1 || data.page_num == 0){\n                    $('.pagination').html('');\n                }else{\n                    $('.pagination').mmlpage(data.page, data.page_num, {\n                        prev: '<',\n                        next: '>',\n                        pageClass:'page',\n                        activeClass:'active',\n                        \/\/ href: '?page='\n                        click:function (page) {\n                            get_videos(term_id,page);\n                        }\n                    });\n                }\n                jQuery(\"a.vp-a\").YouTubePopUp();\n                $('.loading').hide();\n            },\n        });\n\n    }\n    $(document).ready(function() {\n\n        $('.search-form-wrap form').submit( function(e){ e.preventDefault();\n            get_videos(term_id)\n        });\n        \n        $('.categories-wrap li').click(function (){\n\n            $(this).addClass('active').siblings().removeClass('active')\n            term_id = $(this).attr('term');\n            get_videos(term_id)\n        })\n        get_videos(term_id)\n    })\n<\/script><\/div>\n\t\t\t\t<\/div>\n\t\t\t\t<\/div>\n\t\t\t\t\t<\/div>\n\t\t<\/div>\n\t\t\t\t\t<\/div>\n\t\t<\/section>\n\t\t\t\t<\/div>","protected":false},"excerpt":{"rendered":"<p>Khu v\u1ef1c video Hy v\u1ecdng nh\u1eefng video n\u00e0y s\u1ebd gi\u00fap b\u1ea1n nhanh ch\u00f3ng n\u1eafm r\u00f5 nh\u1eefng t\u00ednh n\u0103ng v\u00e0 c\u00e1ch th\u1ee9c ho\u1ea1t \u0111\u1ed9ng c\u1ee7a c\u00e1c m\u00e1y m\u00f3c c\u1ee7a ch\u00fang t\u00f4i. \u0110\u1ec3 bi\u1ebft th\u00eam th\u00f4ng tin v\u1ec1 s\u1ea3n ph\u1ea9m v\u00e0 nh\u1eadn h\u1ed7 tr\u1ee3 k\u1ef9 thu\u1eadt, vui l\u00f2ng li\u00ean h\u1ec7 v\u1edbi ch\u00fang t\u00f4i. Trang ch\u1ee7<\/p>","protected":false},"author":2,"featured_media":0,"parent":0,"menu_order":0,"comment_status":"closed","ping_status":"closed","template":"","meta":{"_seopress_robots_primary_cat":"0","_seopress_titles_title":"Videos - KETE","_seopress_titles_desc":"Watch introduction and instruction videos to learn more about our machines. Contact us to get further info.","_seopress_robots_index":"","footnotes":""},"class_list":["post-44","page","type-page","status-publish","hentry"],"_links":{"self":[{"href":"https:\/\/www.ketegroup.com\/vn\/wp-json\/wp\/v2\/pages\/44","targetHints":{"allow":["GET"]}}],"collection":[{"href":"https:\/\/www.ketegroup.com\/vn\/wp-json\/wp\/v2\/pages"}],"about":[{"href":"https:\/\/www.ketegroup.com\/vn\/wp-json\/wp\/v2\/types\/page"}],"author":[{"embeddable":true,"href":"https:\/\/www.ketegroup.com\/vn\/wp-json\/wp\/v2\/users\/2"}],"replies":[{"embeddable":true,"href":"https:\/\/www.ketegroup.com\/vn\/wp-json\/wp\/v2\/comments?post=44"}],"version-history":[{"count":3,"href":"https:\/\/www.ketegroup.com\/vn\/wp-json\/wp\/v2\/pages\/44\/revisions"}],"predecessor-version":[{"id":15763,"href":"https:\/\/www.ketegroup.com\/vn\/wp-json\/wp\/v2\/pages\/44\/revisions\/15763"}],"wp:attachment":[{"href":"https:\/\/www.ketegroup.com\/vn\/wp-json\/wp\/v2\/media?parent=44"}],"curies":[{"name":"wp","href":"https:\/\/api.w.org\/{rel}","templated":true}]}}