{"id":41,"date":"2021-09-15T17:38:21","date_gmt":"2021-09-15T09:38:21","guid":{"rendered":"https:\/\/www.ketegroup.com\/?page_id=41"},"modified":"2022-08-05T11:27:50","modified_gmt":"2022-08-05T03:27:50","slug":"company-news","status":"publish","type":"page","link":"https:\/\/www.ketegroup.com\/vn\/tin-tuc-cong-ty\/","title":{"rendered":"Tin t\u1ee9c c\u00f4ng ty"},"content":{"rendered":"<div data-elementor-type=\"wp-page\" data-elementor-id=\"41\" class=\"elementor elementor-41\">\n\t\t\t\t\t\t<section class=\"elementor-section elementor-top-section elementor-element elementor-element-6ab825e6 elementor-section-boxed elementor-section-height-default elementor-section-height-default\" data-id=\"6ab825e6\" data-element_type=\"section\" data-settings=\"{&quot;background_background&quot;:&quot;classic&quot;}\">\n\t\t\t\t\t\t<div class=\"elementor-container elementor-column-gap-default\">\n\t\t\t\t\t<div class=\"elementor-column elementor-col-100 elementor-top-column elementor-element elementor-element-60203c9a\" data-id=\"60203c9a\" data-element_type=\"column\">\n\t\t\t<div class=\"elementor-widget-wrap elementor-element-populated\">\n\t\t\t\t\t\t<div class=\"elementor-element elementor-element-7712f304 elementor-widget elementor-widget-menu-anchor\" data-id=\"7712f304\" data-element_type=\"widget\" data-widget_type=\"menu-anchor.default\">\n\t\t\t\t<div class=\"elementor-widget-container\">\n\t\t\t\t\t<div class=\"elementor-menu-anchor\" id=\"01\"><\/div>\n\t\t\t\t<\/div>\n\t\t\t\t<\/div>\n\t\t\t\t<div class=\"elementor-element elementor-element-2640fb16 elementor-widget elementor-widget-heading\" data-id=\"2640fb16\" data-element_type=\"widget\" data-widget_type=\"heading.default\">\n\t\t\t\t<div class=\"elementor-widget-container\">\n\t\t\t<h1 class=\"elementor-heading-title elementor-size-default\">Tin t\u1ee9c c\u00f4ng ty<\/h1>\t\t<\/div>\n\t\t\t\t<\/div>\n\t\t\t\t<div class=\"elementor-element elementor-element-c4a85b8 elementor-widget elementor-widget-text-editor\" data-id=\"c4a85b8\" data-element_type=\"widget\" data-widget_type=\"text-editor.default\">\n\t\t\t\t<div class=\"elementor-widget-container\">\n\t\t\t\t\t\t\t<p>\u0110\u1ecdc tin t\u1ee9c c\u00f4ng ty c\u1ee7a ch\u00fang t\u00f4i v\u00e0 xem nh\u1eefng g\u00ec \u0111ang di\u1ec5n ra t\u1ea1i KETE.<\/p>\t\t\t\t\t\t<\/div>\n\t\t\t\t<\/div>\n\t\t\t\t\t<\/div>\n\t\t<\/div>\n\t\t\t\t\t<\/div>\n\t\t<\/section>\n\t\t\t\t<section class=\"elementor-section elementor-top-section elementor-element elementor-element-c62a1f4 elementor-section-boxed elementor-section-height-default elementor-section-height-default\" data-id=\"c62a1f4\" data-element_type=\"section\">\n\t\t\t\t\t\t<div class=\"elementor-container elementor-column-gap-default\">\n\t\t\t\t\t<div class=\"elementor-column elementor-col-100 elementor-top-column elementor-element elementor-element-629ad1e\" data-id=\"629ad1e\" data-element_type=\"column\">\n\t\t\t<div class=\"elementor-widget-wrap elementor-element-populated\">\n\t\t\t\t\t\t<div class=\"elementor-element elementor-element-2311250 elementor-widget elementor-widget-MML Breadcrumbs\" data-id=\"2311250\" data-element_type=\"widget\" data-settings=\"{&quot;breadcrumbs_type&quot;:&quot;post_type&quot;}\" data-widget_type=\"MML Breadcrumbs.default\">\n\t\t\t\t<div class=\"elementor-widget-container\">\n\t\t\t<ul class=\"pp-breadcrumbs pp-breadcrumbs-powerpack\">        <li class=\"pp-breadcrumbs-item pp-breadcrumbs-item-home\">\n            <a class=\"pp-breadcrumbs-crumb pp-breadcrumbs-crumb-link pp-breadcrumbs-crumb-home\" href=\"https:\/\/www.ketegroup.com\/vn\" title=\"Trang ch\u1ee7\">\n\t\t\t\t<span class=\"pp-breadcrumbs-text\">\n\t\t\t\t\t                    Trang ch\u1ee7\t\t\t\t<\/span>\n            <\/a>\n        <\/li>\n        <li class=\"pp-breadcrumbs-separator\">                <span class='pp-separator-icon pp-icon'>\n\t\t\t\t\t<i aria-hidden=\"true\" class=\"fas fa-angle-right\"><\/i>\t\t\t\t<\/span>\n                <\/li><\/ul>\t\t<\/div>\n\t\t\t\t<\/div>\n\t\t\t\t\t<\/div>\n\t\t<\/div>\n\t\t\t\t\t<\/div>\n\t\t<\/section>\n\t\t\t\t<section class=\"elementor-section elementor-top-section elementor-element elementor-element-fa16679 elementor-section-boxed elementor-section-height-default elementor-section-height-default\" data-id=\"fa16679\" data-element_type=\"section\">\n\t\t\t\t\t\t<div class=\"elementor-container elementor-column-gap-default\">\n\t\t\t\t\t<div class=\"elementor-column elementor-col-100 elementor-top-column elementor-element elementor-element-cffc03a\" data-id=\"cffc03a\" data-element_type=\"column\">\n\t\t\t<div class=\"elementor-widget-wrap elementor-element-populated\">\n\t\t\t\t\t\t<div class=\"elementor-element elementor-element-a7e97d1 pp-equal-height-yes elementor-grid-3 elementor-grid-tablet-2 elementor-grid-mobile-1 pp-search-form-icon elementor-widget elementor-widget-pp-posts\" data-id=\"a7e97d1\" data-element_type=\"widget\" data-settings=\"{&quot;classic_show_ajax_search_form&quot;:&quot;yes&quot;}\" data-widget_type=\"pp-posts.classic\">\n\t\t\t\t<div class=\"elementor-widget-container\">\n\t\t\t\t\t<div class=\"pp-post-filters-container\" data-search-form=\"show\" data-search-action=\"button-click\">\n\t\t\t\t\t\t\t\t<div class=\"pp-search-form-container\">\n\t\t\t<div class=\"pp-search-form\">\n\t\t\t\t<input placeholder=\"T\u00ecm ki\u1ebfm...\" class=\"pp-search-form-input\" type=\"search\" name=\"s\" title=\"T\u00ecm ki\u1ebfm\">\n\t\t\t\t<button class=\"pp-search-form-submit\" type=\"submit\" title=\"T\u00ecm ki\u1ebfm\" aria-label=\"T\u00ecm ki\u1ebfm\">\n\t\t\t\t\t\t\t\t\t\t\t<i class=\"fa fa-search\" aria-hidden=\"true\"><\/i>\n\t\t\t\t\t\t<span class=\"elementor-screen-only\">T\u00ecm ki\u1ebfm<\/span>\n\t\t\t\t\t\t\t\t\t<\/button>\n\t\t\t<\/div>\n\t\t<\/div>\n\t\t\t\t<\/div>\n\t\t\t\t<div class=\"pp-posts-container\">\n\t\t\t\n\t\t\t\t\t\t\t\t\t\t\n\t\t\t<div class=\"pp-posts pp-posts-skin-classic elementor-grid pp-posts-grid\" data-query-type=\"custom\" data-layout=\"grid\" data-page=\"41\" data-skin=\"classic\">\n\t\t\t\t\t\t\t\t\t\t\t<div class=\"pp-post-wrap pp-grid-item-wrap elementor-grid-item post-9483 news type-news status-publish has-post-thumbnail hentry\">\n\t\t\t\t\t\t<div class=\"pp-post pp-grid-item\">\n\t\t\t\t\t\t<div class=\"pp-post-thumbnail\">\n\t\t\t<a class=\"pp-post-thumbnail-wrap\" href=\"https:\/\/www.ketegroup.com\/vn\/tin-tuc\/van-phong-ban-hang-thi-truong-nuoc-ngoai-moi-cua-kete-bat-dau-su-dung\/\" title=\"V\u0103n ph\u00f2ng b\u00e1n h\u00e0ng th\u1ecb tr\u01b0\u1eddng n\u01b0\u1edbc ngo\u00e0i m\u1edbi c\u1ee7a KETE b\u1eaft \u0111\u1ea7u s\u1eed d\u1ee5ng! Ch\u00e0o m\u1eebng b\u1ea1n \u0111\u1ebfn th\u0103m ch\u00fang t\u00f4i\">\n\t\t\t\t<img fetchpriority=\"high\" decoding=\"async\" width=\"1500\" height=\"844\" src=\"https:\/\/www.ketegroup.com\/wp-content\/uploads\/2022\/09\/welocme-to-kete.jpg\" class=\"attachment-large size-large wp-image-9491\" alt=\"ch\u00e0o m\u1eebng \u0111\u1ebfn v\u1edbi kete\" srcset=\"https:\/\/www.ketegroup.com\/wp-content\/uploads\/2022\/09\/welocme-to-kete.jpg 1500w, https:\/\/www.ketegroup.com\/wp-content\/uploads\/2022\/09\/welocme-to-kete-600x338.jpg 600w, https:\/\/www.ketegroup.com\/wp-content\/uploads\/2022\/09\/welocme-to-kete-768x432.jpg 768w\" sizes=\"(max-width: 1500px) 100vw, 1500px\" \/>\t\t\t<\/a>\n\t\t<\/div>\n\t\t\n\t\t\t\t\n\t\t\t\t<div class=\"pp-post-content-wrap\">\n\t\t\t\t\t<div class=\"pp-post-content\">\n\t\t\t\t\t\t\t\t\t\t\t\t<h4 class=\"pp-post-title\">\n\t\t\t\t<a href=\"https:\/\/www.ketegroup.com\/vn\/tin-tuc\/van-phong-ban-hang-thi-truong-nuoc-ngoai-moi-cua-kete-bat-dau-su-dung\/\">V\u0103n ph\u00f2ng b\u00e1n h\u00e0ng th\u1ecb tr\u01b0\u1eddng n\u01b0\u1edbc ngo\u00e0i m\u1edbi c\u1ee7a KETE b\u1eaft \u0111\u1ea7u s\u1eed d\u1ee5ng! Ch\u00e0o m\u1eebng b\u1ea1n \u0111\u1ebfn th\u0103m ch\u00fang t\u00f4i<\/a>\t\t\t<\/h4>\n\t\t\t\t\t\t\t\t\t<div class=\"pp-post-meta\">\n\t\t\t\t\t\t\t\t<span class=\"pp-post-date\">\n\t\t\t\t\t\t<span class=\"pp-meta-text\">\n\t\t\t\tTh\u00e1ng 9 19, 2022\t\t\t<\/span>\n\t\t<\/span>\n\t\t<span class=\"pp-meta-separator\"><\/span>\n\t\t\t\t\t\t\t<\/div>\n\t\t\t\t\t\t\t<div class=\"pp-post-excerpt\">\n\t\t\t\t\t<\/div>\n\t\t\t\t\t\t\t\t\t<\/div>\n\t\t\t\t\t\t\t\t\t<\/div>\n\n\t\t\t\t\t\t\t<\/div>\n\t\t\t\t\t<\/div>\n\t\t\t\t<div class=\"pp-post-wrap pp-grid-item-wrap elementor-grid-item post-1241 news type-news status-publish has-post-thumbnail hentry\">\n\t\t\t\t\t\t<div class=\"pp-post pp-grid-item\">\n\t\t\t\t\t\t<div class=\"pp-post-thumbnail\">\n\t\t\t<a class=\"pp-post-thumbnail-wrap\" href=\"https:\/\/www.ketegroup.com\/vn\/tin-tuc\/may-lam-tui-cach-nhiet-khong-det-thu-nghiem-thanh-cong\/\" title=\"M\u00e1y l\u00e0m t\u00fai c\u00e1ch nhi\u1ec7t kh\u00f4ng d\u1ec7t th\u1eed nghi\u1ec7m th\u00e0nh c\u00f4ng\">\n\t\t\t\t<img decoding=\"async\" width=\"500\" height=\"347\" src=\"https:\/\/www.ketegroup.com\/wp-content\/uploads\/2022\/08\/Success-Test-Non-Woven-Insulated-Bag-Making-Machine.jpg\" class=\"attachment-large size-large wp-image-8896\" alt=\"M\u00e1y l\u00e0m t\u00fai c\u00e1ch nhi\u1ec7t kh\u00f4ng d\u1ec7t th\u1eed nghi\u1ec7m th\u00e0nh c\u00f4ng\" \/>\t\t\t<\/a>\n\t\t<\/div>\n\t\t\n\t\t\t\t\n\t\t\t\t<div class=\"pp-post-content-wrap\">\n\t\t\t\t\t<div class=\"pp-post-content\">\n\t\t\t\t\t\t\t\t\t\t\t\t<h4 class=\"pp-post-title\">\n\t\t\t\t<a href=\"https:\/\/www.ketegroup.com\/vn\/tin-tuc\/may-lam-tui-cach-nhiet-khong-det-thu-nghiem-thanh-cong\/\">M\u00e1y l\u00e0m t\u00fai c\u00e1ch nhi\u1ec7t kh\u00f4ng d\u1ec7t th\u1eed nghi\u1ec7m th\u00e0nh c\u00f4ng<\/a>\t\t\t<\/h4>\n\t\t\t\t\t\t\t\t\t<div class=\"pp-post-meta\">\n\t\t\t\t\t\t\t\t<span class=\"pp-post-date\">\n\t\t\t\t\t\t<span class=\"pp-meta-text\">\n\t\t\t\tTh\u00e1ng 10 25, 2021\t\t\t<\/span>\n\t\t<\/span>\n\t\t<span class=\"pp-meta-separator\"><\/span>\n\t\t\t\t\t\t\t<\/div>\n\t\t\t\t\t\t\t<div class=\"pp-post-excerpt\">\n\t\t\t<p>H\u00f4m nay ch\u00fang t\u00f4i \u0111\u00e3 th\u00e0nh c\u00f4ng trong vi\u1ec7c ch\u1ea1y th\u1eed nghi\u1ec7m m\u00e1y l\u00e0m t\u00fai c\u00e1ch nhi\u1ec7t kh\u00f4ng d\u1ec7t KTNW-GI Series c\u1ee7a ch\u00fang t\u00f4i<\/p>\n\t\t<\/div>\n\t\t\t\t\t\t\t\t\t<\/div>\n\t\t\t\t\t\t\t\t\t<\/div>\n\n\t\t\t\t\t\t\t<\/div>\n\t\t\t\t\t<\/div>\n\t\t\t\t<div class=\"pp-post-wrap pp-grid-item-wrap elementor-grid-item post-1240 news type-news status-publish has-post-thumbnail hentry\">\n\t\t\t\t\t\t<div class=\"pp-post pp-grid-item\">\n\t\t\t\t\t\t<div class=\"pp-post-thumbnail\">\n\t\t\t<a class=\"pp-post-thumbnail-wrap\" href=\"https:\/\/www.ketegroup.com\/vn\/tin-tuc\/may-lam-tui-treo-khong-det-thu-nghiem-thanh-cong\/\" title=\"M\u00e1y l\u00e0m t\u00fai treo kh\u00f4ng d\u1ec7t th\u1eed nghi\u1ec7m th\u00e0nh c\u00f4ng\">\n\t\t\t\t<img decoding=\"async\" width=\"500\" height=\"347\" src=\"https:\/\/www.ketegroup.com\/wp-content\/uploads\/2022\/08\/Success-Test-Non-Woven-Hanger-Bag-Making-Machine.jpg\" class=\"attachment-large size-large wp-image-8895\" alt=\"M\u00e1y l\u00e0m t\u00fai treo kh\u00f4ng d\u1ec7t th\u1eed nghi\u1ec7m th\u00e0nh c\u00f4ng\" \/>\t\t\t<\/a>\n\t\t<\/div>\n\t\t\n\t\t\t\t\n\t\t\t\t<div class=\"pp-post-content-wrap\">\n\t\t\t\t\t<div class=\"pp-post-content\">\n\t\t\t\t\t\t\t\t\t\t\t\t<h4 class=\"pp-post-title\">\n\t\t\t\t<a href=\"https:\/\/www.ketegroup.com\/vn\/tin-tuc\/may-lam-tui-treo-khong-det-thu-nghiem-thanh-cong\/\">M\u00e1y l\u00e0m t\u00fai treo kh\u00f4ng d\u1ec7t th\u1eed nghi\u1ec7m th\u00e0nh c\u00f4ng<\/a>\t\t\t<\/h4>\n\t\t\t\t\t\t\t\t\t<div class=\"pp-post-meta\">\n\t\t\t\t\t\t\t\t<span class=\"pp-post-date\">\n\t\t\t\t\t\t<span class=\"pp-meta-text\">\n\t\t\t\tTh\u00e1ng 10 25, 2021\t\t\t<\/span>\n\t\t<\/span>\n\t\t<span class=\"pp-meta-separator\"><\/span>\n\t\t\t\t\t\t\t<\/div>\n\t\t\t\t\t\t\t<div class=\"pp-post-excerpt\">\n\t\t\t<p>H\u00f4m nay ch\u00fang t\u00f4i \u0111\u00e3 th\u00e0nh c\u00f4ng trong vi\u1ec7c th\u1eed nghi\u1ec7m t\u00fai treo b\u1eb1ng v\u1ea3i kh\u00f4ng d\u1ec7t tr\u00ean m\u1eabu h\u1ed9p v\u1ea3i kh\u00f4ng d\u1ec7t KTNW-G c\u1ee7a ch\u00fang t\u00f4i\u2026<\/p>\n\t\t<\/div>\n\t\t\t\t\t\t\t\t\t<\/div>\n\t\t\t\t\t\t\t\t\t<\/div>\n\n\t\t\t\t\t\t\t<\/div>\n\t\t\t\t\t<\/div>\n\t\t\t\t<div class=\"pp-post-wrap pp-grid-item-wrap elementor-grid-item post-1239 news type-news status-publish has-post-thumbnail hentry\">\n\t\t\t\t\t\t<div class=\"pp-post pp-grid-item\">\n\t\t\t\t\t\t<div class=\"pp-post-thumbnail\">\n\t\t\t<a class=\"pp-post-thumbnail-wrap\" href=\"https:\/\/www.ketegroup.com\/vn\/tin-tuc\/may-lam-tui-treo-3-moc-khong-det-thu-nghiem-thanh-cong\/\" title=\"M\u00e1y l\u00e0m t\u00fai treo 3 m\u00f3c kh\u00f4ng d\u1ec7t th\u1eed nghi\u1ec7m th\u00e0nh c\u00f4ng\">\n\t\t\t\t<img loading=\"lazy\" decoding=\"async\" width=\"500\" height=\"347\" src=\"https:\/\/www.ketegroup.com\/wp-content\/uploads\/2022\/08\/Success-Test-Non-Woven-3-Hanger-Bag-Making-Machine.jpg\" class=\"attachment-large size-large wp-image-8893\" alt=\"M\u00e1y l\u00e0m t\u00fai treo 3 m\u00f3c kh\u00f4ng d\u1ec7t th\u1eed nghi\u1ec7m th\u00e0nh c\u00f4ng\" \/>\t\t\t<\/a>\n\t\t<\/div>\n\t\t\n\t\t\t\t\n\t\t\t\t<div class=\"pp-post-content-wrap\">\n\t\t\t\t\t<div class=\"pp-post-content\">\n\t\t\t\t\t\t\t\t\t\t\t\t<h4 class=\"pp-post-title\">\n\t\t\t\t<a href=\"https:\/\/www.ketegroup.com\/vn\/tin-tuc\/may-lam-tui-treo-3-moc-khong-det-thu-nghiem-thanh-cong\/\">M\u00e1y l\u00e0m t\u00fai treo 3 m\u00f3c kh\u00f4ng d\u1ec7t th\u1eed nghi\u1ec7m th\u00e0nh c\u00f4ng<\/a>\t\t\t<\/h4>\n\t\t\t\t\t\t\t\t\t<div class=\"pp-post-meta\">\n\t\t\t\t\t\t\t\t<span class=\"pp-post-date\">\n\t\t\t\t\t\t<span class=\"pp-meta-text\">\n\t\t\t\tTh\u00e1ng 10 25, 2021\t\t\t<\/span>\n\t\t<\/span>\n\t\t<span class=\"pp-meta-separator\"><\/span>\n\t\t\t\t\t\t\t<\/div>\n\t\t\t\t\t\t\t<div class=\"pp-post-excerpt\">\n\t\t\t<p>H\u00f4m nay ch\u00fang t\u00f4i \u0111\u00e3 th\u00e0nh c\u00f4ng trong vi\u1ec7c th\u1eed nghi\u1ec7m t\u00fai v\u1ea3i kh\u00f4ng d\u1ec7t 3 m\u00f3c treo tr\u00ean m\u1eabu v\u1ea3i kh\u00f4ng d\u1ec7t KTNW-G c\u1ee7a ch\u00fang t\u00f4i\u2026<\/p>\n\t\t<\/div>\n\t\t\t\t\t\t\t\t\t<\/div>\n\t\t\t\t\t\t\t\t\t<\/div>\n\n\t\t\t\t\t\t\t<\/div>\n\t\t\t\t\t<\/div>\n\t\t\t\t<div class=\"pp-post-wrap pp-grid-item-wrap elementor-grid-item post-1238 news type-news status-publish has-post-thumbnail hentry\">\n\t\t\t\t\t\t<div class=\"pp-post pp-grid-item\">\n\t\t\t\t\t\t<div class=\"pp-post-thumbnail\">\n\t\t\t<a class=\"pp-post-thumbnail-wrap\" href=\"https:\/\/www.ketegroup.com\/vn\/tin-tuc\/may-kiem-tra-thanh-cong-tui-vai-khong-det-hai-tay-cam\/\" title=\"M\u00e1y may t\u00fai v\u1ea3i kh\u00f4ng d\u1ec7t hai tay c\u1ea7m th\u00e0nh c\u00f4ng\">\n\t\t\t\t<img loading=\"lazy\" decoding=\"async\" width=\"500\" height=\"347\" src=\"https:\/\/www.ketegroup.com\/wp-content\/uploads\/2022\/08\/Success-Test-Double-Handle-Non-Woven-Bag-Machine.jpg\" class=\"attachment-large size-large wp-image-8892\" alt=\"M\u00e1y may t\u00fai v\u1ea3i kh\u00f4ng d\u1ec7t hai tay c\u1ea7m th\u00e0nh c\u00f4ng\" \/>\t\t\t<\/a>\n\t\t<\/div>\n\t\t\n\t\t\t\t\n\t\t\t\t<div class=\"pp-post-content-wrap\">\n\t\t\t\t\t<div class=\"pp-post-content\">\n\t\t\t\t\t\t\t\t\t\t\t\t<h4 class=\"pp-post-title\">\n\t\t\t\t<a href=\"https:\/\/www.ketegroup.com\/vn\/tin-tuc\/may-kiem-tra-thanh-cong-tui-vai-khong-det-hai-tay-cam\/\">M\u00e1y may t\u00fai v\u1ea3i kh\u00f4ng d\u1ec7t hai tay c\u1ea7m th\u00e0nh c\u00f4ng<\/a>\t\t\t<\/h4>\n\t\t\t\t\t\t\t\t\t<div class=\"pp-post-meta\">\n\t\t\t\t\t\t\t\t<span class=\"pp-post-date\">\n\t\t\t\t\t\t<span class=\"pp-meta-text\">\n\t\t\t\tTh\u00e1ng 10 25, 2021\t\t\t<\/span>\n\t\t<\/span>\n\t\t<span class=\"pp-meta-separator\"><\/span>\n\t\t\t\t\t\t\t<\/div>\n\t\t\t\t\t\t\t<div class=\"pp-post-excerpt\">\n\t\t\t<p>H\u00f4m nay ch\u00fang t\u00f4i \u0111\u00e3 th\u00e0nh c\u00f4ng trong vi\u1ec7c th\u1eed nghi\u1ec7m t\u00fai v\u1ea3i kh\u00f4ng d\u1ec7t quai \u0111\u00f4i tr\u00ean m\u1eabu v\u1ea3i kh\u00f4ng d\u1ec7t KTNW-G c\u1ee7a m\u00ecnh\u2026<\/p>\n\t\t<\/div>\n\t\t\t\t\t\t\t\t\t<\/div>\n\t\t\t\t\t\t\t\t\t<\/div>\n\n\t\t\t\t\t\t\t<\/div>\n\t\t\t\t\t<\/div>\n\t\t\t\t<div class=\"pp-post-wrap pp-grid-item-wrap elementor-grid-item post-1237 news type-news status-publish has-post-thumbnail hentry\">\n\t\t\t\t\t\t<div class=\"pp-post pp-grid-item\">\n\t\t\t\t\t\t<div class=\"pp-post-thumbnail\">\n\t\t\t<a class=\"pp-post-thumbnail-wrap\" href=\"https:\/\/www.ketegroup.com\/vn\/tin-tuc\/may-lam-tui-hop-det-pp-thu-nghiem-thanh-cong\/\" title=\"M\u00e1y l\u00e0m t\u00fai h\u1ed9p d\u1ec7t PP th\u1eed nghi\u1ec7m th\u00e0nh c\u00f4ng\">\n\t\t\t\t<img loading=\"lazy\" decoding=\"async\" width=\"500\" height=\"347\" src=\"https:\/\/www.ketegroup.com\/wp-content\/uploads\/2022\/08\/Success-Test-PP-Non-Woven-Box-Bag-Making-Machine.jpg\" class=\"attachment-large size-large wp-image-8898\" alt=\"M\u00e1y l\u00e0m t\u00fai h\u1ed9p d\u1ec7t PP th\u1eed nghi\u1ec7m th\u00e0nh c\u00f4ng\" \/>\t\t\t<\/a>\n\t\t<\/div>\n\t\t\n\t\t\t\t\n\t\t\t\t<div class=\"pp-post-content-wrap\">\n\t\t\t\t\t<div class=\"pp-post-content\">\n\t\t\t\t\t\t\t\t\t\t\t\t<h4 class=\"pp-post-title\">\n\t\t\t\t<a href=\"https:\/\/www.ketegroup.com\/vn\/tin-tuc\/may-lam-tui-hop-det-pp-thu-nghiem-thanh-cong\/\">M\u00e1y l\u00e0m t\u00fai h\u1ed9p d\u1ec7t PP th\u1eed nghi\u1ec7m th\u00e0nh c\u00f4ng<\/a>\t\t\t<\/h4>\n\t\t\t\t\t\t\t\t\t<div class=\"pp-post-meta\">\n\t\t\t\t\t\t\t\t<span class=\"pp-post-date\">\n\t\t\t\t\t\t<span class=\"pp-meta-text\">\n\t\t\t\tTh\u00e1ng 10 25, 2021\t\t\t<\/span>\n\t\t<\/span>\n\t\t<span class=\"pp-meta-separator\"><\/span>\n\t\t\t\t\t\t\t<\/div>\n\t\t\t\t\t\t\t<div class=\"pp-post-excerpt\">\n\t\t\t<p>H\u00f4m nay ch\u00fang t\u00f4i \u0111\u00e3 th\u00e0nh c\u00f4ng trong vi\u1ec7c th\u1eed nghi\u1ec7m m\u00e1y l\u00e0m t\u00fai d\u1ec7t PP tr\u00ean m\u1eabu t\u00fai kh\u00f4ng d\u1ec7t KTNW-G\u2026<\/p>\n\t\t<\/div>\n\t\t\t\t\t\t\t\t\t<\/div>\n\t\t\t\t\t\t\t\t\t<\/div>\n\n\t\t\t\t\t\t\t<\/div>\n\t\t\t\t\t<\/div>\n\t\t\t\t<div class=\"pp-post-wrap pp-grid-item-wrap elementor-grid-item post-1236 news type-news status-publish has-post-thumbnail hentry\">\n\t\t\t\t\t\t<div class=\"pp-post pp-grid-item\">\n\t\t\t\t\t\t<div class=\"pp-post-thumbnail\">\n\t\t\t<a class=\"pp-post-thumbnail-wrap\" href=\"https:\/\/www.ketegroup.com\/vn\/tin-tuc\/may-lam-tui-coc-khong-det-thu-nghiem-thanh-cong\/\" title=\"M\u00e1y l\u00e0m t\u00fai c\u1ed1c kh\u00f4ng d\u1ec7t th\u1eed nghi\u1ec7m th\u00e0nh c\u00f4ng\">\n\t\t\t\t<img loading=\"lazy\" decoding=\"async\" width=\"500\" height=\"347\" src=\"https:\/\/www.ketegroup.com\/wp-content\/uploads\/2022\/08\/Success-Test-Non-Woven-Cup-Bag-Making-Machine.jpg\" class=\"attachment-large size-large wp-image-8894\" alt=\"M\u00e1y l\u00e0m t\u00fai c\u1ed1c kh\u00f4ng d\u1ec7t th\u1eed nghi\u1ec7m th\u00e0nh c\u00f4ng\" \/>\t\t\t<\/a>\n\t\t<\/div>\n\t\t\n\t\t\t\t\n\t\t\t\t<div class=\"pp-post-content-wrap\">\n\t\t\t\t\t<div class=\"pp-post-content\">\n\t\t\t\t\t\t\t\t\t\t\t\t<h4 class=\"pp-post-title\">\n\t\t\t\t<a href=\"https:\/\/www.ketegroup.com\/vn\/tin-tuc\/may-lam-tui-coc-khong-det-thu-nghiem-thanh-cong\/\">M\u00e1y l\u00e0m t\u00fai c\u1ed1c kh\u00f4ng d\u1ec7t th\u1eed nghi\u1ec7m th\u00e0nh c\u00f4ng<\/a>\t\t\t<\/h4>\n\t\t\t\t\t\t\t\t\t<div class=\"pp-post-meta\">\n\t\t\t\t\t\t\t\t<span class=\"pp-post-date\">\n\t\t\t\t\t\t<span class=\"pp-meta-text\">\n\t\t\t\tTh\u00e1ng 10 25, 2021\t\t\t<\/span>\n\t\t<\/span>\n\t\t<span class=\"pp-meta-separator\"><\/span>\n\t\t\t\t\t\t\t<\/div>\n\t\t\t\t\t\t\t<div class=\"pp-post-excerpt\">\n\t\t\t<p>H\u00f4m nay ch\u00fang t\u00f4i \u0111\u00e3 th\u00e0nh c\u00f4ng trong vi\u1ec7c th\u1eed nghi\u1ec7m m\u00e1y l\u00e0m t\u00fai kh\u00f4ng d\u1ec7t c\u00f3 t\u1ea5m c\u1ed1c tr\u00ean m\u00e1y KTNW-G \u2026<\/p>\n\t\t<\/div>\n\t\t\t\t\t\t\t\t\t<\/div>\n\t\t\t\t\t\t\t\t\t<\/div>\n\n\t\t\t\t\t\t\t<\/div>\n\t\t\t\t\t<\/div>\n\t\t\t\t<div class=\"pp-post-wrap pp-grid-item-wrap elementor-grid-item post-1235 news type-news status-publish has-post-thumbnail hentry\">\n\t\t\t\t\t\t<div class=\"pp-post pp-grid-item\">\n\t\t\t\t\t\t<div class=\"pp-post-thumbnail\">\n\t\t\t<a class=\"pp-post-thumbnail-wrap\" href=\"https:\/\/www.ketegroup.com\/vn\/tin-tuc\/may-lam-tui-giay-cat-thu-nghiem-thanh-cong\/\" title=\"M\u00e1y l\u00e0m t\u00fai gi\u1ea5y D Cut Test th\u00e0nh c\u00f4ng\">\n\t\t\t\t<img loading=\"lazy\" decoding=\"async\" width=\"500\" height=\"347\" src=\"https:\/\/www.ketegroup.com\/wp-content\/uploads\/2022\/08\/Success-Test-D-Cut-Paper-Bag-Making-Machine.jpg\" class=\"attachment-large size-large wp-image-8891\" alt=\"M\u00e1y l\u00e0m t\u00fai gi\u1ea5y D Cut Test th\u00e0nh c\u00f4ng\" \/>\t\t\t<\/a>\n\t\t<\/div>\n\t\t\n\t\t\t\t\n\t\t\t\t<div class=\"pp-post-content-wrap\">\n\t\t\t\t\t<div class=\"pp-post-content\">\n\t\t\t\t\t\t\t\t\t\t\t\t<h4 class=\"pp-post-title\">\n\t\t\t\t<a href=\"https:\/\/www.ketegroup.com\/vn\/tin-tuc\/may-lam-tui-giay-cat-thu-nghiem-thanh-cong\/\">M\u00e1y l\u00e0m t\u00fai gi\u1ea5y D Cut Test th\u00e0nh c\u00f4ng<\/a>\t\t\t<\/h4>\n\t\t\t\t\t\t\t\t\t<div class=\"pp-post-meta\">\n\t\t\t\t\t\t\t\t<span class=\"pp-post-date\">\n\t\t\t\t\t\t<span class=\"pp-meta-text\">\n\t\t\t\tTh\u00e1ng 10 25, 2021\t\t\t<\/span>\n\t\t<\/span>\n\t\t<span class=\"pp-meta-separator\"><\/span>\n\t\t\t\t\t\t\t<\/div>\n\t\t\t\t\t\t\t<div class=\"pp-post-excerpt\">\n\t\t\t<p>H\u00f4m nay ch\u00fang t\u00f4i \u0111\u00e3 th\u1eed nghi\u1ec7m th\u00e0nh c\u00f4ng m\u00e1y l\u00e0m t\u00fai gi\u1ea5y c\u00f3 quai c\u1eaft ch\u1eef D.<\/p>\n\t\t<\/div>\n\t\t\t\t\t\t\t\t\t<\/div>\n\t\t\t\t\t\t\t\t\t<\/div>\n\n\t\t\t\t\t\t\t<\/div>\n\t\t\t\t\t<\/div>\n\t\t\t\t<div class=\"pp-post-wrap pp-grid-item-wrap elementor-grid-item post-1042 news type-news status-publish has-post-thumbnail hentry\">\n\t\t\t\t\t\t<div class=\"pp-post pp-grid-item\">\n\t\t\t\t\t\t<div class=\"pp-post-thumbnail\">\n\t\t\t<a class=\"pp-post-thumbnail-wrap\" href=\"https:\/\/www.ketegroup.com\/vn\/tin-tuc\/may-lam-tui-giay-cua-so-nhua-thu-nghiem-thanh-cong\/\" title=\"M\u00e1y l\u00e0m t\u00fai gi\u1ea5y c\u1eeda s\u1ed5 nh\u1ef1a th\u1eed nghi\u1ec7m th\u00e0nh c\u00f4ng\">\n\t\t\t\t<img loading=\"lazy\" decoding=\"async\" width=\"500\" height=\"347\" src=\"https:\/\/www.ketegroup.com\/wp-content\/uploads\/2022\/08\/Success-Test-Plastic-Window-Paper-Bag-Making-Machine.jpg\" class=\"attachment-large size-large wp-image-8897\" alt=\"M\u00e1y l\u00e0m t\u00fai gi\u1ea5y c\u1eeda s\u1ed5 nh\u1ef1a th\u1eed nghi\u1ec7m th\u00e0nh c\u00f4ng\" \/>\t\t\t<\/a>\n\t\t<\/div>\n\t\t\n\t\t\t\t\n\t\t\t\t<div class=\"pp-post-content-wrap\">\n\t\t\t\t\t<div class=\"pp-post-content\">\n\t\t\t\t\t\t\t\t\t\t\t\t<h4 class=\"pp-post-title\">\n\t\t\t\t<a href=\"https:\/\/www.ketegroup.com\/vn\/tin-tuc\/may-lam-tui-giay-cua-so-nhua-thu-nghiem-thanh-cong\/\">M\u00e1y l\u00e0m t\u00fai gi\u1ea5y c\u1eeda s\u1ed5 nh\u1ef1a th\u1eed nghi\u1ec7m th\u00e0nh c\u00f4ng<\/a>\t\t\t<\/h4>\n\t\t\t\t\t\t\t\t\t<div class=\"pp-post-meta\">\n\t\t\t\t\t\t\t\t<span class=\"pp-post-date\">\n\t\t\t\t\t\t<span class=\"pp-meta-text\">\n\t\t\t\tTh\u00e1ng 10 21, 2021\t\t\t<\/span>\n\t\t<\/span>\n\t\t<span class=\"pp-meta-separator\"><\/span>\n\t\t\t\t\t\t\t<\/div>\n\t\t\t\t\t\t\t<div class=\"pp-post-excerpt\">\n\t\t\t<p>H\u00f4m nay ch\u00fang t\u00f4i \u0111\u00e3 th\u1eed nghi\u1ec7m th\u00e0nh c\u00f4ng m\u00e1y l\u00e0m t\u00fai gi\u1ea5y c\u00f3 c\u1eeda s\u1ed5 b\u1eb1ng nh\u1ef1a.<\/p>\n\t\t<\/div>\n\t\t\t\t\t\t\t\t\t<\/div>\n\t\t\t\t\t\t\t\t\t<\/div>\n\n\t\t\t\t\t\t\t<\/div>\n\t\t\t\t\t<\/div>\n\t\t\t\t\t\t\t\t\t<\/div>\n\t\t\t\n\t\t\t\n\t\t\t\n\t\t\t\n\t\t\t\t\t\t\t\t\t\t\t<div class=\"pp-posts-pagination-wrap pp-posts-pagination-bottom\">\n\t\t\t\t\t\t\t\t\t<\/div>\n\t\t\t\t\t\t\t\t\t<\/div>\n\n\t\t\n\t\t\t\t<\/div>\n\t\t\t\t<\/div>\n\t\t\t\t\t<\/div>\n\t\t<\/div>\n\t\t\t\t\t<\/div>\n\t\t<\/section>\n\t\t\t\t<\/div>","protected":false},"excerpt":{"rendered":"<p>Company News Read our company news and see what&#8217;s going on in KETE. Home Search new_test January 20, 2022 Lorem ipsum Hashtag fam knausgaard dreamcatcher banjo. Mustache retro semiotics palo Actually shoreditch lyft selvage mlkshk. Street art bushwick Lorem &#8230; New name 09 October 25, 2021 Lorem ipsum Lorem ipsum dolor amet locavore prism mumblecore [&hellip;]<\/p>","protected":false},"author":2,"featured_media":0,"parent":0,"menu_order":0,"comment_status":"closed","ping_status":"closed","template":"","meta":{"_seopress_robots_primary_cat":"0","_seopress_titles_title":"Company News - KETE","_seopress_titles_desc":"Update with upcoming events, new machine release in our news center, where you get the facts straight from us. Chat with us for inquiries.","_seopress_robots_index":"","footnotes":""},"class_list":["post-41","page","type-page","status-publish","hentry"],"_links":{"self":[{"href":"https:\/\/www.ketegroup.com\/vn\/wp-json\/wp\/v2\/pages\/41","targetHints":{"allow":["GET"]}}],"collection":[{"href":"https:\/\/www.ketegroup.com\/vn\/wp-json\/wp\/v2\/pages"}],"about":[{"href":"https:\/\/www.ketegroup.com\/vn\/wp-json\/wp\/v2\/types\/page"}],"author":[{"embeddable":true,"href":"https:\/\/www.ketegroup.com\/vn\/wp-json\/wp\/v2\/users\/2"}],"replies":[{"embeddable":true,"href":"https:\/\/www.ketegroup.com\/vn\/wp-json\/wp\/v2\/comments?post=41"}],"version-history":[{"count":0,"href":"https:\/\/www.ketegroup.com\/vn\/wp-json\/wp\/v2\/pages\/41\/revisions"}],"wp:attachment":[{"href":"https:\/\/www.ketegroup.com\/vn\/wp-json\/wp\/v2\/media?parent=41"}],"curies":[{"name":"wp","href":"https:\/\/api.w.org\/{rel}","templated":true}]}}