{"id":34,"date":"2021-09-15T17:38:06","date_gmt":"2021-09-15T09:38:06","guid":{"rendered":"https:\/\/www.ketegroup.com\/?page_id=34"},"modified":"2025-03-17T16:33:57","modified_gmt":"2025-03-17T08:33:57","slug":"industry-solutions","status":"publish","type":"page","link":"https:\/\/www.ketegroup.com\/vn\/giai-phap-cong-nghiep\/","title":{"rendered":"Gi\u1ea3i ph\u00e1p c\u00f4ng nghi\u1ec7p"},"content":{"rendered":"<div data-elementor-type=\"wp-page\" data-elementor-id=\"34\" class=\"elementor elementor-34\">\n\t\t\t\t\t\t<section class=\"elementor-section elementor-top-section elementor-element elementor-element-1ebe2f30 elementor-section-boxed elementor-section-height-default elementor-section-height-default\" data-id=\"1ebe2f30\" data-element_type=\"section\" data-settings=\"{&quot;background_background&quot;:&quot;classic&quot;}\">\n\t\t\t\t\t\t<div class=\"elementor-container elementor-column-gap-default\">\n\t\t\t\t\t<div class=\"elementor-column elementor-col-100 elementor-top-column elementor-element elementor-element-4cfe3828\" data-id=\"4cfe3828\" data-element_type=\"column\">\n\t\t\t<div class=\"elementor-widget-wrap elementor-element-populated\">\n\t\t\t\t\t\t<div class=\"elementor-element elementor-element-7a8c0ae4 elementor-widget elementor-widget-menu-anchor\" data-id=\"7a8c0ae4\" data-element_type=\"widget\" data-widget_type=\"menu-anchor.default\">\n\t\t\t\t<div class=\"elementor-widget-container\">\n\t\t\t\t\t<div class=\"elementor-menu-anchor\" id=\"01\"><\/div>\n\t\t\t\t<\/div>\n\t\t\t\t<\/div>\n\t\t\t\t<div class=\"elementor-element elementor-element-28ddc467 elementor-widget elementor-widget-heading\" data-id=\"28ddc467\" data-element_type=\"widget\" data-widget_type=\"heading.default\">\n\t\t\t\t<div class=\"elementor-widget-container\">\n\t\t\t<h1 class=\"elementor-heading-title elementor-size-default\">Ch\u00fang t\u00f4i mang \u0111\u1ebfn gi\u1ea3i ph\u00e1p tr\u1ecdn g\u00f3i v\u1ec1 m\u00e1y in v\u00e0 \u0111\u00f3ng g\u00f3i<\/h1>\t\t<\/div>\n\t\t\t\t<\/div>\n\t\t\t\t<div class=\"elementor-element elementor-element-42ccfd2 elementor-widget elementor-widget-text-editor\" data-id=\"42ccfd2\" data-element_type=\"widget\" data-widget_type=\"text-editor.default\">\n\t\t\t\t<div class=\"elementor-widget-container\">\n\t\t\t\t\t\t\t<p>M\u00e1y in v\u00e0 m\u00e1y \u0111\u00f3ng g\u00f3i linh ho\u1ea1t c\u1ee7a KETE cho ph\u00e9p b\u1ea1n b\u1ea3o v\u1ec7 v\u00e0 duy tr\u00ec ch\u1ea5t l\u01b0\u1ee3ng c\u1ee7a m\u1ecdi lo\u1ea1i s\u1ea3n ph\u1ea9m.<\/p>\t\t\t\t\t\t<\/div>\n\t\t\t\t<\/div>\n\t\t\t\t\t<\/div>\n\t\t<\/div>\n\t\t\t\t\t<\/div>\n\t\t<\/section>\n\t\t\t\t<section class=\"elementor-section elementor-top-section elementor-element elementor-element-a4344aa elementor-section-boxed elementor-section-height-default elementor-section-height-default\" data-id=\"a4344aa\" data-element_type=\"section\">\n\t\t\t\t\t\t<div class=\"elementor-container elementor-column-gap-default\">\n\t\t\t\t\t<div class=\"elementor-column elementor-col-100 elementor-top-column elementor-element elementor-element-6bedd86b\" data-id=\"6bedd86b\" data-element_type=\"column\">\n\t\t\t<div class=\"elementor-widget-wrap elementor-element-populated\">\n\t\t\t\t\t\t<div class=\"elementor-element elementor-element-4845d34d elementor-widget elementor-widget-MML Breadcrumbs\" data-id=\"4845d34d\" data-element_type=\"widget\" data-settings=\"{&quot;breadcrumbs_type&quot;:&quot;post_type&quot;}\" data-widget_type=\"MML Breadcrumbs.default\">\n\t\t\t\t<div class=\"elementor-widget-container\">\n\t\t\t<ul class=\"pp-breadcrumbs pp-breadcrumbs-powerpack\">        <li class=\"pp-breadcrumbs-item pp-breadcrumbs-item-home\">\n            <a class=\"pp-breadcrumbs-crumb pp-breadcrumbs-crumb-link pp-breadcrumbs-crumb-home\" href=\"https:\/\/www.ketegroup.com\/vn\" title=\"Trang ch\u1ee7\">\n\t\t\t\t<span class=\"pp-breadcrumbs-text\">\n\t\t\t\t\t                    Trang ch\u1ee7\t\t\t\t<\/span>\n            <\/a>\n        <\/li>\n        <li class=\"pp-breadcrumbs-separator\">                <span class='pp-separator-icon pp-icon'>\n\t\t\t\t\t<i aria-hidden=\"true\" class=\"fas fa-angle-right\"><\/i>\t\t\t\t<\/span>\n                <\/li><\/ul>\t\t<\/div>\n\t\t\t\t<\/div>\n\t\t\t\t\t<\/div>\n\t\t<\/div>\n\t\t\t\t\t<\/div>\n\t\t<\/section>\n\t\t\t\t<section class=\"elementor-section elementor-top-section elementor-element elementor-element-f61e747 elementor-section-boxed elementor-section-height-default elementor-section-height-default\" data-id=\"f61e747\" data-element_type=\"section\" data-settings=\"{&quot;background_background&quot;:&quot;classic&quot;}\">\n\t\t\t\t\t\t<div class=\"elementor-container elementor-column-gap-default\">\n\t\t\t\t\t<div class=\"elementor-column elementor-col-50 elementor-top-column elementor-element elementor-element-1220f22\" data-id=\"1220f22\" data-element_type=\"column\" data-settings=\"{&quot;background_background&quot;:&quot;classic&quot;}\">\n\t\t\t<div class=\"elementor-widget-wrap elementor-element-populated\">\n\t\t\t\t\t\t<div class=\"elementor-element elementor-element-73d0092 elementor-widget elementor-widget-heading\" data-id=\"73d0092\" data-element_type=\"widget\" data-widget_type=\"heading.default\">\n\t\t\t\t<div class=\"elementor-widget-container\">\n\t\t\t<h2 class=\"elementor-heading-title elementor-size-default\">Ch\u00fang t\u00f4i cung c\u1ea5p c\u00e1c gi\u1ea3i ph\u00e1p m\u00e1y \u0111\u00f3ng g\u00f3i ti\u1ebft ki\u1ec7m chi ph\u00ed nh\u1ea5t<\/h2>\t\t<\/div>\n\t\t\t\t<\/div>\n\t\t\t\t<div class=\"elementor-element elementor-element-1dff598 elementor-widget elementor-widget-text-editor\" data-id=\"1dff598\" data-element_type=\"widget\" data-widget_type=\"text-editor.default\">\n\t\t\t\t<div class=\"elementor-widget-container\">\n\t\t\t\t\t\t\t<p>V\u1edbi s\u1ef1 h\u1ed7 tr\u1ee3 c\u1ee7a \u0111\u1ea7y \u0111\u1ee7 c\u00e1c lo\u1ea1i m\u00e1y in v\u00e0 m\u00e1y \u0111\u00f3ng g\u00f3i linh ho\u1ea1t, KETE c\u00f3 kh\u1ea3 n\u0103ng cung c\u1ea5p gi\u1ea3i ph\u00e1p m\u00e1y m\u00f3c t\u00edch h\u1ee3p cho doanh nghi\u1ec7p \u0111\u00f3ng g\u00f3i c\u1ee7a b\u1ea1n v\u1edbi m\u1ee9c gi\u00e1 c\u1ea1nh tranh.<\/p><p>\u00a0<\/p><p>\u0110\u1ed9i ng\u0169 chuy\u00ean gia m\u00e1y m\u00f3c gi\u00e0u kinh nghi\u1ec7m v\u00e0 chuy\u00ean nghi\u1ec7p c\u1ee7a ch\u00fang t\u00f4i s\u1ebd t\u1ed1i \u01b0u h\u00f3a t\u1eebng m\u00e1y \u0111\u1ec3 gi\u1ea3i ph\u00e1p \u0111\u00f3ng g\u00f3i cu\u1ed1i c\u00f9ng ph\u00f9 h\u1ee3p ho\u00e0n h\u1ea3o v\u1edbi nhu c\u1ea7u c\u1ee5 th\u1ec3 c\u1ee7a b\u1ea1n.<\/p>\t\t\t\t\t\t<\/div>\n\t\t\t\t<\/div>\n\t\t\t\t\t<\/div>\n\t\t<\/div>\n\t\t\t\t<div class=\"elementor-column elementor-col-50 elementor-top-column elementor-element elementor-element-7011cc1\" data-id=\"7011cc1\" data-element_type=\"column\">\n\t\t\t<div class=\"elementor-widget-wrap elementor-element-populated\">\n\t\t\t\t\t\t<div class=\"elementor-element elementor-element-3e7370f elementor-widget elementor-widget-image\" data-id=\"3e7370f\" data-element_type=\"widget\" data-widget_type=\"image.default\">\n\t\t\t\t<div class=\"elementor-widget-container\">\n\t\t\t\t\t\t\t\t\t\t\t\t\t<img fetchpriority=\"high\" decoding=\"async\" width=\"720\" height=\"500\" src=\"https:\/\/www.ketegroup.com\/wp-content\/uploads\/2025\/03\/Food-and-Beverage-Packaging.jpg\" class=\"attachment-large size-large wp-image-18204\" alt=\"Bao b\u00ec th\u1ef1c ph\u1ea9m v\u00e0 \u0111\u1ed3 u\u1ed1ng 2025\" srcset=\"https:\/\/www.ketegroup.com\/wp-content\/uploads\/2025\/03\/Food-and-Beverage-Packaging.jpg 720w, https:\/\/www.ketegroup.com\/wp-content\/uploads\/2025\/03\/Food-and-Beverage-Packaging-18x12.jpg 18w\" sizes=\"(max-width: 720px) 100vw, 720px\" \/>\t\t\t\t\t\t\t\t\t\t\t\t\t<\/div>\n\t\t\t\t<\/div>\n\t\t\t\t\t<\/div>\n\t\t<\/div>\n\t\t\t\t\t<\/div>\n\t\t<\/section>\n\t\t\t\t<section class=\"elementor-section elementor-top-section elementor-element elementor-element-9cc2642 elementor-section-boxed elementor-section-height-default elementor-section-height-default\" data-id=\"9cc2642\" data-element_type=\"section\" data-settings=\"{&quot;background_background&quot;:&quot;classic&quot;}\">\n\t\t\t\t\t\t<div class=\"elementor-container elementor-column-gap-default\">\n\t\t\t\t\t<div class=\"elementor-column elementor-col-100 elementor-top-column elementor-element elementor-element-b856040\" data-id=\"b856040\" data-element_type=\"column\">\n\t\t\t<div class=\"elementor-widget-wrap elementor-element-populated\">\n\t\t\t\t\t\t<div class=\"elementor-element elementor-element-3a23263 elementor-widget elementor-widget-heading\" data-id=\"3a23263\" data-element_type=\"widget\" data-widget_type=\"heading.default\">\n\t\t\t\t<div class=\"elementor-widget-container\">\n\t\t\t<h2 class=\"elementor-heading-title elementor-size-default\">KETE quan t\u00e2m \u0111\u1ebfn doanh nghi\u1ec7p \u0111\u00f3ng g\u00f3i c\u1ee7a b\u1ea1n<\/h2>\t\t<\/div>\n\t\t\t\t<\/div>\n\t\t\t\t<div class=\"elementor-element elementor-element-3f8eb7b elementor-widget elementor-widget-text-editor\" data-id=\"3f8eb7b\" data-element_type=\"widget\" data-widget_type=\"text-editor.default\">\n\t\t\t\t<div class=\"elementor-widget-container\">\n\t\t\t\t\t\t\t<p>T\u00ecm ng\u00e0nh c\u1ee7a b\u1ea1n v\u00e0 ki\u1ec3m tra c\u00e1c gi\u1ea3i ph\u00e1p<\/p>\t\t\t\t\t\t<\/div>\n\t\t\t\t<\/div>\n\t\t\t\t<section class=\"elementor-section elementor-inner-section elementor-element elementor-element-2ce36c0 elementor-section-full_width elementor-section-height-default elementor-section-height-default\" data-id=\"2ce36c0\" data-element_type=\"section\">\n\t\t\t\t\t\t<div class=\"elementor-container elementor-column-gap-default\">\n\t\t\t\t\t<div class=\"elementor-column elementor-col-50 elementor-inner-column elementor-element elementor-element-b961738\" data-id=\"b961738\" data-element_type=\"column\">\n\t\t\t<div class=\"elementor-widget-wrap elementor-element-populated\">\n\t\t\t\t\t\t<div class=\"elementor-element elementor-element-88abd43 elementor-widget elementor-widget-pp-flipbox\" data-id=\"88abd43\" data-element_type=\"widget\" data-widget_type=\"pp-flipbox.default\">\n\t\t\t\t<div class=\"elementor-widget-container\">\n\t\t\t\t\t<div class=\"pp-flipbox-container pp-animate-fade pp-direction-\">\n\t\t\t<div class=\"pp-flipbox-flip-card\">\n\t\t\t\t\t\t<div class=\"pp-flipbox-front\">\n\t\t\t<div class=\"pp-flipbox-overlay\">\n\t\t\t\t<div class=\"pp-flipbox-inner\">\n\t\t\t\t\t<div class=\"pp-flipbox-icon-image\">\n\t\t\t\t\t\t\t\t\t\t\t<\/div>\n\n\t\t\t\t\t<h4 class=\"pp-flipbox-heading\">\n\t\t\t\t\t\tTh\u1ef1c ph\u1ea9m &amp; \u0110\u1ed3 u\u1ed1ng\t\t\t\t\t<\/h4>\n\n\t\t\t\t\t<div class=\"pp-flipbox-content\">\n\t\t\t\t\t\t\t\t\t\t\t<\/div>\n\t\t\t\t<\/div>\n\t\t\t<\/div>\n\t\t<\/div>\n\t\t\t\t<div class=\"pp-flipbox-back\">\n\t\t\t\t\t\t<div class=\"pp-flipbox-overlay\">\n\t\t\t\t<div class=\"pp-flipbox-inner\">\n\t\t\t\t\t\t\t\t\t\t\t<div class=\"pp-flipbox-icon-image-back pp-icon\">\n\t\t\t\t\t\t\t\t\t\t\t\t\t<\/div>\n\t\t\t\t\t\n\t\t\t\t\t\t\t\t\t\t\t<h3 class=\"pp-flipbox-heading\">\n\t\t\t\t\t\t\tTh\u1ef1c ph\u1ea9m &amp; \u0110\u1ed3 u\u1ed1ng\t\t\t\t\t\t<\/h3>\n\t\t\t\t\t\n\t\t\t\t\t<div class=\"pp-flipbox-content\">\n\t\t\t\t\t\tC\u00e1c gi\u1ea3i ph\u00e1p \u0111\u00f3ng g\u00f3i \u0111a d\u1ea1ng gi\u00fap th\u1ef1c ph\u1ea9m v\u00e0 \u0111\u1ed3 u\u1ed1ng c\u1ee7a b\u1ea1n an to\u00e0n v\u00e0 t\u01b0\u01a1i ngon\t\t\t\t\t<\/div>\n\n\t\t\t\t\t\t\t\t\t\t\t<a class=\"elementor-button pp-flipbox-button elementor-size-md\" href=\"https:\/\/www.ketegroup.com\/vn\/giai-phap-cong-nghiep\/bao-bi-thuc-pham-va-do-uong\/\">\n\t\t\t\t\t\t\tChi ti\u1ebft th\u00eam\t\t\t\t\t\t<\/a>\n\t\t\t\t\t\t\t\t\t<\/div>\n\t\t\t<\/div>\n\t\t<\/div>\n\t\t\t\t\t<\/div>\n\t\t<\/div>\n\t\t\t\t<\/div>\n\t\t\t\t<\/div>\n\t\t\t\t\t<\/div>\n\t\t<\/div>\n\t\t\t\t<div class=\"elementor-column elementor-col-50 elementor-inner-column elementor-element elementor-element-943c794\" data-id=\"943c794\" data-element_type=\"column\">\n\t\t\t<div class=\"elementor-widget-wrap elementor-element-populated\">\n\t\t\t\t\t\t<div class=\"elementor-element elementor-element-5b586c8 elementor-widget elementor-widget-pp-flipbox\" data-id=\"5b586c8\" data-element_type=\"widget\" data-widget_type=\"pp-flipbox.default\">\n\t\t\t\t<div class=\"elementor-widget-container\">\n\t\t\t\t\t<div class=\"pp-flipbox-container pp-animate-fade pp-direction-\">\n\t\t\t<div class=\"pp-flipbox-flip-card\">\n\t\t\t\t\t\t<div class=\"pp-flipbox-front\">\n\t\t\t<div class=\"pp-flipbox-overlay\">\n\t\t\t\t<div class=\"pp-flipbox-inner\">\n\t\t\t\t\t<div class=\"pp-flipbox-icon-image pp-icon\">\n\t\t\t\t\t\t\t\t\t\t\t<\/div>\n\n\t\t\t\t\t<h4 class=\"pp-flipbox-heading\">\n\t\t\t\t\t\tL\u00e0m \u0111\u1eb9p &amp; Ch\u0103m s\u00f3c c\u00e1 nh\u00e2n\t\t\t\t\t<\/h4>\n\n\t\t\t\t\t<div class=\"pp-flipbox-content\">\n\t\t\t\t\t\t\t\t\t\t\t<\/div>\n\t\t\t\t<\/div>\n\t\t\t<\/div>\n\t\t<\/div>\n\t\t\t\t<div class=\"pp-flipbox-back\">\n\t\t\t\t\t\t<div class=\"pp-flipbox-overlay\">\n\t\t\t\t<div class=\"pp-flipbox-inner\">\n\t\t\t\t\t\t\t\t\t\t\t<div class=\"pp-flipbox-icon-image-back pp-icon\">\n\t\t\t\t\t\t\t\t\t\t\t\t\t<\/div>\n\t\t\t\t\t\n\t\t\t\t\t\t\t\t\t\t\t<h3 class=\"pp-flipbox-heading\">\n\t\t\t\t\t\t\tL\u00e0m \u0111\u1eb9p &amp; Ch\u0103m s\u00f3c c\u00e1 nh\u00e2n\t\t\t\t\t\t<\/h3>\n\t\t\t\t\t\n\t\t\t\t\t<div class=\"pp-flipbox-content\">\n\t\t\t\t\t\tC\u00e1c gi\u1ea3i ph\u00e1p t\u00edch h\u1ee3p l\u00e0m cho c\u00e1c g\u00f3i c\u1ee7a b\u1ea1n h\u1ea5p d\u1eabn h\u01a1n\t\t\t\t\t<\/div>\n\n\t\t\t\t\t\t\t\t\t\t\t<a class=\"elementor-button pp-flipbox-button elementor-size-md\" href=\"\/vn\/giai-phap-cong-nghiep\/beauty-and-personal-care\/\">\n\t\t\t\t\t\t\tChi ti\u1ebft th\u00eam\t\t\t\t\t\t<\/a>\n\t\t\t\t\t\t\t\t\t<\/div>\n\t\t\t<\/div>\n\t\t<\/div>\n\t\t\t\t\t<\/div>\n\t\t<\/div>\n\t\t\t\t<\/div>\n\t\t\t\t<\/div>\n\t\t\t\t\t<\/div>\n\t\t<\/div>\n\t\t\t\t\t<\/div>\n\t\t<\/section>\n\t\t\t\t<section class=\"elementor-section elementor-inner-section elementor-element elementor-element-d67fbb3 elementor-section-full_width elementor-section-height-default elementor-section-height-default\" data-id=\"d67fbb3\" data-element_type=\"section\">\n\t\t\t\t\t\t<div class=\"elementor-container elementor-column-gap-default\">\n\t\t\t\t\t<div class=\"elementor-column elementor-col-50 elementor-inner-column elementor-element elementor-element-af9e074\" data-id=\"af9e074\" data-element_type=\"column\">\n\t\t\t<div class=\"elementor-widget-wrap elementor-element-populated\">\n\t\t\t\t\t\t<div class=\"elementor-element elementor-element-86b7956 elementor-widget elementor-widget-pp-flipbox\" data-id=\"86b7956\" data-element_type=\"widget\" data-widget_type=\"pp-flipbox.default\">\n\t\t\t\t<div class=\"elementor-widget-container\">\n\t\t\t\t\t<div class=\"pp-flipbox-container pp-animate-fade pp-direction-\">\n\t\t\t<div class=\"pp-flipbox-flip-card\">\n\t\t\t\t\t\t<div class=\"pp-flipbox-front\">\n\t\t\t<div class=\"pp-flipbox-overlay\">\n\t\t\t\t<div class=\"pp-flipbox-inner\">\n\t\t\t\t\t<div class=\"pp-flipbox-icon-image pp-icon\">\n\t\t\t\t\t\t\t\t\t\t\t<\/div>\n\n\t\t\t\t\t<h4 class=\"pp-flipbox-heading\">\n\t\t\t\t\t\tPh\u1ee5 ki\u1ec7n gia \u0111\u00ecnh &amp; v\u0103n ph\u00f2ng\t\t\t\t\t<\/h4>\n\n\t\t\t\t\t<div class=\"pp-flipbox-content\">\n\t\t\t\t\t\t\t\t\t\t\t<\/div>\n\t\t\t\t<\/div>\n\t\t\t<\/div>\n\t\t<\/div>\n\t\t\t\t<div class=\"pp-flipbox-back\">\n\t\t\t\t\t\t<div class=\"pp-flipbox-overlay\">\n\t\t\t\t<div class=\"pp-flipbox-inner\">\n\t\t\t\t\t\t\t\t\t\t\t<div class=\"pp-flipbox-icon-image-back pp-icon\">\n\t\t\t\t\t\t\t\t\t\t\t\t\t<\/div>\n\t\t\t\t\t\n\t\t\t\t\t\t\t\t\t\t\t<h3 class=\"pp-flipbox-heading\">\n\t\t\t\t\t\t\tPh\u1ee5 ki\u1ec7n gia \u0111\u00ecnh &amp; v\u0103n ph\u00f2ng\t\t\t\t\t\t<\/h3>\n\t\t\t\t\t\n\t\t\t\t\t<div class=\"pp-flipbox-content\">\n\t\t\t\t\t\tC\u00e1c gi\u1ea3i ph\u00e1p \u0111\u00f3ng g\u00f3i th\u00f4ng minh \u0111\u00e1p \u1ee9ng xu h\u01b0\u1edbng th\u1ecb tr\u01b0\u1eddng m\u1edbi nh\u1ea5t\t\t\t\t\t<\/div>\n\n\t\t\t\t\t\t\t\t\t\t\t<a class=\"elementor-button pp-flipbox-button elementor-size-md\" href=\"\/vn\/giai-phap-cong-nghiep\/home-and-office-accessories\/\">\n\t\t\t\t\t\t\tChi ti\u1ebft th\u00eam\t\t\t\t\t\t<\/a>\n\t\t\t\t\t\t\t\t\t<\/div>\n\t\t\t<\/div>\n\t\t<\/div>\n\t\t\t\t\t<\/div>\n\t\t<\/div>\n\t\t\t\t<\/div>\n\t\t\t\t<\/div>\n\t\t\t\t\t<\/div>\n\t\t<\/div>\n\t\t\t\t<div class=\"elementor-column elementor-col-50 elementor-inner-column elementor-element elementor-element-98c4f11\" data-id=\"98c4f11\" data-element_type=\"column\">\n\t\t\t<div class=\"elementor-widget-wrap elementor-element-populated\">\n\t\t\t\t\t\t<div class=\"elementor-element elementor-element-138e423 elementor-widget elementor-widget-pp-flipbox\" data-id=\"138e423\" data-element_type=\"widget\" data-widget_type=\"pp-flipbox.default\">\n\t\t\t\t<div class=\"elementor-widget-container\">\n\t\t\t\t\t<div class=\"pp-flipbox-container pp-animate-fade pp-direction-\">\n\t\t\t<div class=\"pp-flipbox-flip-card\">\n\t\t\t\t\t\t<div class=\"pp-flipbox-front\">\n\t\t\t<div class=\"pp-flipbox-overlay\">\n\t\t\t\t<div class=\"pp-flipbox-inner\">\n\t\t\t\t\t<div class=\"pp-flipbox-icon-image pp-icon\">\n\t\t\t\t\t\t\t\t\t\t\t<\/div>\n\n\t\t\t\t\t<h4 class=\"pp-flipbox-heading\">\n\t\t\t\t\t\tGiao h\u00e0ng c\u00f4ng nghi\u1ec7p &amp; nhanh ch\u00f3ng\t\t\t\t\t<\/h4>\n\n\t\t\t\t\t<div class=\"pp-flipbox-content\">\n\t\t\t\t\t\t\t\t\t\t\t<\/div>\n\t\t\t\t<\/div>\n\t\t\t<\/div>\n\t\t<\/div>\n\t\t\t\t<div class=\"pp-flipbox-back\">\n\t\t\t\t\t\t<div class=\"pp-flipbox-overlay\">\n\t\t\t\t<div class=\"pp-flipbox-inner\">\n\t\t\t\t\t\t\t\t\t\t\t<div class=\"pp-flipbox-icon-image-back pp-icon\">\n\t\t\t\t\t\t\t\t\t\t\t\t\t<\/div>\n\t\t\t\t\t\n\t\t\t\t\t\t\t\t\t\t\t<h3 class=\"pp-flipbox-heading\">\n\t\t\t\t\t\t\tGiao h\u00e0ng c\u00f4ng nghi\u1ec7p &amp; nhanh ch\u00f3ng\t\t\t\t\t\t<\/h3>\n\t\t\t\t\t\n\t\t\t\t\t<div class=\"pp-flipbox-content\">\n\t\t\t\t\t\tC\u00e1c gi\u1ea3i ph\u00e1p ti\u1ebft ki\u1ec7m chi ph\u00ed v\u00e0 hi\u1ec7u qu\u1ea3 s\u1ea3n xu\u1ea5t th\u00fac \u0111\u1ea9y doanh nghi\u1ec7p c\u1ee7a b\u1ea1n\t\t\t\t\t<\/div>\n\n\t\t\t\t\t\t\t\t\t\t\t<a class=\"elementor-button pp-flipbox-button elementor-size-md\" href=\"\/vn\/giai-phap-cong-nghiep\/industrial-express-delivery\/\">\n\t\t\t\t\t\t\tChi ti\u1ebft th\u00eam\t\t\t\t\t\t<\/a>\n\t\t\t\t\t\t\t\t\t<\/div>\n\t\t\t<\/div>\n\t\t<\/div>\n\t\t\t\t\t<\/div>\n\t\t<\/div>\n\t\t\t\t<\/div>\n\t\t\t\t<\/div>\n\t\t\t\t\t<\/div>\n\t\t<\/div>\n\t\t\t\t\t<\/div>\n\t\t<\/section>\n\t\t\t\t\t<\/div>\n\t\t<\/div>\n\t\t\t\t\t<\/div>\n\t\t<\/section>\n\t\t\t\t<\/div>","protected":false},"excerpt":{"rendered":"<p>Ch\u00fang t\u00f4i cung c\u1ea5p gi\u1ea3i ph\u00e1p m\u00e1y in v\u00e0 m\u00e1y \u0111\u00f3ng g\u00f3i tr\u1ecdn g\u00f3i. C\u00e1c d\u00f2ng m\u00e1y in linh ho\u1ea1t v\u00e0 m\u00e1y \u0111\u00f3ng g\u00f3i c\u1ee7a KETE gi\u00fap b\u1ea1n b\u1ea3o v\u1ec7 v\u00e0 duy tr\u00ec ch\u1ea5t l\u01b0\u1ee3ng c\u1ee7a m\u1ecdi lo\u1ea1i s\u1ea3n ph\u1ea9m. Trang ch\u1ee7 Ch\u00fang t\u00f4i cung c\u1ea5p c\u00e1c gi\u1ea3i ph\u00e1p m\u00e1y \u0111\u00f3ng g\u00f3i hi\u1ec7u qu\u1ea3 v\u1ec1 chi ph\u00ed nh\u1ea5t. V\u1edbi s\u1ef1 h\u1ed7 tr\u1ee3 t\u1eeb d\u00f2ng s\u1ea3n ph\u1ea9m m\u00e1y in linh ho\u1ea1t v\u00e0 m\u00e1y \u0111\u00f3ng g\u00f3i \u0111a d\u1ea1ng, KETE c\u00f3 kh\u1ea3 n\u0103ng cung c\u1ea5p [\u2026]<\/p>","protected":false},"author":2,"featured_media":18204,"parent":0,"menu_order":0,"comment_status":"closed","ping_status":"closed","template":"","meta":{"_seopress_robots_primary_cat":"0","_seopress_titles_title":"Industry Solutions - ketegroup","_seopress_titles_desc":"KETE produced high-quality flexible printing and packaging and machines for various industries. Ask our experts for professional solutions.","_seopress_robots_index":"","footnotes":""},"class_list":["post-34","page","type-page","status-publish","has-post-thumbnail","hentry"],"_links":{"self":[{"href":"https:\/\/www.ketegroup.com\/vn\/wp-json\/wp\/v2\/pages\/34","targetHints":{"allow":["GET"]}}],"collection":[{"href":"https:\/\/www.ketegroup.com\/vn\/wp-json\/wp\/v2\/pages"}],"about":[{"href":"https:\/\/www.ketegroup.com\/vn\/wp-json\/wp\/v2\/types\/page"}],"author":[{"embeddable":true,"href":"https:\/\/www.ketegroup.com\/vn\/wp-json\/wp\/v2\/users\/2"}],"replies":[{"embeddable":true,"href":"https:\/\/www.ketegroup.com\/vn\/wp-json\/wp\/v2\/comments?post=34"}],"version-history":[{"count":3,"href":"https:\/\/www.ketegroup.com\/vn\/wp-json\/wp\/v2\/pages\/34\/revisions"}],"predecessor-version":[{"id":18210,"href":"https:\/\/www.ketegroup.com\/vn\/wp-json\/wp\/v2\/pages\/34\/revisions\/18210"}],"wp:featuredmedia":[{"embeddable":true,"href":"https:\/\/www.ketegroup.com\/vn\/wp-json\/wp\/v2\/media\/18204"}],"wp:attachment":[{"href":"https:\/\/www.ketegroup.com\/vn\/wp-json\/wp\/v2\/media?parent=34"}],"curies":[{"name":"wp","href":"https:\/\/api.w.org\/{rel}","templated":true}]}}