{"id":47,"date":"2021-09-15T17:38:27","date_gmt":"2021-09-15T09:38:27","guid":{"rendered":"https:\/\/www.ketegroup.com\/?page_id=47"},"modified":"2025-01-15T14:46:02","modified_gmt":"2025-01-15T06:46:02","slug":"blogs","status":"publish","type":"page","link":"https:\/\/www.ketegroup.com\/tr\/bloglar\/","title":{"rendered":"Bloglar"},"content":{"rendered":"<div data-elementor-type=\"wp-page\" data-elementor-id=\"47\" class=\"elementor elementor-47\">\n\t\t\t\t\t\t<section class=\"elementor-section elementor-top-section elementor-element elementor-element-707491ff elementor-section-boxed elementor-section-height-default elementor-section-height-default\" data-id=\"707491ff\" data-element_type=\"section\" data-settings=\"{&quot;background_background&quot;:&quot;classic&quot;}\">\n\t\t\t\t\t\t<div class=\"elementor-container elementor-column-gap-default\">\n\t\t\t\t\t<div class=\"elementor-column elementor-col-100 elementor-top-column elementor-element elementor-element-1d278091\" data-id=\"1d278091\" data-element_type=\"column\">\n\t\t\t<div class=\"elementor-widget-wrap elementor-element-populated\">\n\t\t\t\t\t\t<div class=\"elementor-element elementor-element-2de1ac71 elementor-widget elementor-widget-menu-anchor\" data-id=\"2de1ac71\" data-element_type=\"widget\" data-widget_type=\"menu-anchor.default\">\n\t\t\t\t<div class=\"elementor-widget-container\">\n\t\t\t\t\t<div class=\"elementor-menu-anchor\" id=\"01\"><\/div>\n\t\t\t\t<\/div>\n\t\t\t\t<\/div>\n\t\t\t\t<div class=\"elementor-element elementor-element-e97a5d elementor-widget elementor-widget-heading\" data-id=\"e97a5d\" data-element_type=\"widget\" data-widget_type=\"heading.default\">\n\t\t\t\t<div class=\"elementor-widget-container\">\n\t\t\t<h1 class=\"elementor-heading-title elementor-size-default\">Bloglar<\/h1>\t\t<\/div>\n\t\t\t\t<\/div>\n\t\t\t\t<div class=\"elementor-element elementor-element-4a6bdf0 elementor-widget elementor-widget-text-editor\" data-id=\"4a6bdf0\" data-element_type=\"widget\" data-widget_type=\"text-editor.default\">\n\t\t\t\t<div class=\"elementor-widget-container\">\n\t\t\t\t\t\t\t<p>Sizlerle en son sekt\u00f6r trendlerini payla\u015f\u0131yor, esnek ambalaj makineleri ve bask\u0131 makineleri ile ilgili t\u00fcm sorular\u0131n\u0131z\u0131 \u00e7\u00f6zmeye \u00e7al\u0131\u015f\u0131yoruz.<\/p><p>Sekt\u00f6rdeki ve KETE'deki yeniliklerden haberdar olmak i\u00e7in bloglar\u0131m\u0131z\u0131 okuyun.<\/p>\t\t\t\t\t\t<\/div>\n\t\t\t\t<\/div>\n\t\t\t\t\t<\/div>\n\t\t<\/div>\n\t\t\t\t\t<\/div>\n\t\t<\/section>\n\t\t\t\t<section class=\"elementor-section elementor-top-section elementor-element elementor-element-6c371417 elementor-section-boxed elementor-section-height-default elementor-section-height-default\" data-id=\"6c371417\" data-element_type=\"section\">\n\t\t\t\t\t\t<div class=\"elementor-container elementor-column-gap-default\">\n\t\t\t\t\t<div class=\"elementor-column elementor-col-100 elementor-top-column elementor-element elementor-element-5c479753\" data-id=\"5c479753\" data-element_type=\"column\">\n\t\t\t<div class=\"elementor-widget-wrap elementor-element-populated\">\n\t\t\t\t\t\t<div class=\"elementor-element elementor-element-4b9351d4 elementor-widget elementor-widget-MML Breadcrumbs\" data-id=\"4b9351d4\" data-element_type=\"widget\" data-settings=\"{&quot;breadcrumbs_type&quot;:&quot;post_type&quot;}\" data-widget_type=\"MML Breadcrumbs.default\">\n\t\t\t\t<div class=\"elementor-widget-container\">\n\t\t\t<ul class=\"pp-breadcrumbs pp-breadcrumbs-powerpack\">        <li class=\"pp-breadcrumbs-item pp-breadcrumbs-item-home\">\n            <a class=\"pp-breadcrumbs-crumb pp-breadcrumbs-crumb-link pp-breadcrumbs-crumb-home\" href=\"https:\/\/www.ketegroup.com\/tr\" title=\"Ev\">\n\t\t\t\t<span class=\"pp-breadcrumbs-text\">\n\t\t\t\t\t                    Ev\t\t\t\t<\/span>\n            <\/a>\n        <\/li>\n        <li class=\"pp-breadcrumbs-separator\">                <span class='pp-separator-icon pp-icon'>\n\t\t\t\t\t<i aria-hidden=\"true\" class=\"fas fa-angle-right\"><\/i>\t\t\t\t<\/span>\n                <\/li><\/ul>\t\t<\/div>\n\t\t\t\t<\/div>\n\t\t\t\t\t<\/div>\n\t\t<\/div>\n\t\t\t\t\t<\/div>\n\t\t<\/section>\n\t\t\t\t<section class=\"elementor-section elementor-top-section elementor-element elementor-element-72af6c3 elementor-section-boxed elementor-section-height-default elementor-section-height-default\" data-id=\"72af6c3\" data-element_type=\"section\">\n\t\t\t\t\t\t<div class=\"elementor-container elementor-column-gap-default\">\n\t\t\t\t\t<div class=\"elementor-column elementor-col-100 elementor-top-column elementor-element elementor-element-7e21a32\" data-id=\"7e21a32\" data-element_type=\"column\">\n\t\t\t<div class=\"elementor-widget-wrap elementor-element-populated\">\n\t\t\t\t\t\t<div class=\"elementor-element elementor-element-d97d390 pp-equal-height-yes elementor-grid-3 elementor-grid-tablet-2 elementor-grid-mobile-1 pp-post-filters-align-left pp-search-form-icon elementor-widget elementor-widget-pp-posts\" data-id=\"d97d390\" data-element_type=\"widget\" data-settings=\"{&quot;card_show_ajax_search_form&quot;:&quot;yes&quot;}\" data-widget_type=\"pp-posts.card\">\n\t\t\t\t<div class=\"elementor-widget-container\">\n\t\t\t\t\t<div class=\"pp-post-filters-container\" data-search-form=\"show\" data-search-action=\"button-click\">\n\t\t\t\t\t\t<div class=\"pp-post-filters-wrap pp-post-filters-dropdown-no\">\n\t\t\t\t<ul class=\"pp-post-filters\">\n\t\t\t\t\t<li class=\"pp-post-filter pp-filter-current\" data-filter=\"*\" data-taxonomy=\"\">T\u00fcm\u00fc<\/li>\n\t\t\t\t\t\t\t\t\t\t\t\t\t\t\t\t\t\t\t\t\t\t\t\t<li class=\"pp-post-filter\" data-filter=\".flexo-printing-machines\" data-taxonomy=\".category\">Flekso Bask\u0131 Makineleri<\/li>\n\t\t\t\t\t\t\t\t\t\t\t\t\t\t\t\t\t\t\t\t\t\t\t\t\t\t<li class=\"pp-post-filter\" data-filter=\".heat-shrink-packaging-machines\" data-taxonomy=\".category\">Is\u0131yla Daralan Paketleme Makineleri<\/li>\n\t\t\t\t\t\t\t\t\t\t\t\t\t\t\t\t\t\t\t\t\t\t\t\t\t\t<li class=\"pp-post-filter\" data-filter=\".industry-insight\" data-taxonomy=\".category\">Sekt\u00f6r \u0130\u00e7g\u00f6r\u00fcs\u00fc<\/li>\n\t\t\t\t\t\t\t\t\t\t\t\t\t\t\t\t\t\t\t\t\t\t\t\t\t\t<li class=\"pp-post-filter\" data-filter=\".label-printing-machines\" data-taxonomy=\".category\">Etiket Bask\u0131 Makineleri<\/li>\n\t\t\t\t\t\t\t\t\t\t\t\t\t\t\t\t\t\t\t\t\t\t\t\t\t\t<li class=\"pp-post-filter\" data-filter=\".packaging-machines\" data-taxonomy=\".category\">Paketleme Makineleri<\/li>\n\t\t\t\t\t\t\t\t\t\t\t\t\t\t\t\t\t\t\t\t\t\t\t\t\t\t<li class=\"pp-post-filter\" data-filter=\".paper-bag-making-machines\" data-taxonomy=\".category\">Ka\u011f\u0131t Torba Yapma Makineleri<\/li>\n\t\t\t\t\t\t\t\t\t\t\t\t\t\t\t\t\t\t\t\t\t\t\t\t\t\t<li class=\"pp-post-filter\" data-filter=\".paper-product-machines\" data-taxonomy=\".category\">Ka\u011f\u0131t \u00dcr\u00fcn Makineleri<\/li>\n\t\t\t\t\t\t\t\t\t\t\t\t\t\t\t\t\t\t\t\t\t\t\t\t\t\t<li class=\"pp-post-filter\" data-filter=\".plastic-bag-making-machines\" data-taxonomy=\".category\">Plastik Po\u015fet Yapma Makineleri<\/li>\n\t\t\t\t\t\t\t\t\t\t\t\t\t\t\t\t\t\t\t\t\t\t\t\t\t\t<li class=\"pp-post-filter\" data-filter=\".pouch-making-machines\" data-taxonomy=\".category\">Po\u015fet Yapma Makineleri<\/li>\n\t\t\t\t\t\t\t\t\t\t\t\t\t\t\t\t\t\t\t\t\t\t\t\t\t\t<li class=\"pp-post-filter\" data-filter=\".recent-blogs\" data-taxonomy=\".category\">Son Bloglar<\/li>\n\t\t\t\t\t\t\t\t\t\t\t\t\t\t\t\t\t\t\t\t\t\t\t\t\t\t<li class=\"pp-post-filter\" data-filter=\".rotogravure-printing-machines\" data-taxonomy=\".category\">Rotograv\u00fcr Bask\u0131 Makineleri<\/li>\n\t\t\t\t\t\t\t\t\t\t\t\t\t\t\t\t\t\t\t\t\t\t\t\t\t\t<li class=\"pp-post-filter\" data-filter=\".slitting-machines\" data-taxonomy=\".category\">Dilme Makineleri<\/li>\n\t\t\t\t\t\t\t\t\t\t\t\t\t\t\t\t\t\t\t\t\t\t\t\t\t\t<li class=\"pp-post-filter\" data-filter=\".uncategorized\" data-taxonomy=\".category\">Uncategorized<\/li>\n\t\t\t\t\t\t\t\t\t\t\t<\/ul>\n\n\t\t\t\t\t\t\t<\/div>\n\t\t\t\t\t\t\t\t<div class=\"pp-search-form-container\">\n\t\t\t<div class=\"pp-search-form\">\n\t\t\t\t<input placeholder=\"Arama...\" class=\"pp-search-form-input\" type=\"search\" name=\"s\" title=\"Arama\">\n\t\t\t\t<button class=\"pp-search-form-submit\" type=\"submit\" title=\"Arama\" aria-label=\"Arama\">\n\t\t\t\t\t\t\t\t\t\t\t<i class=\"fa fa-search\" aria-hidden=\"true\"><\/i>\n\t\t\t\t\t\t<span class=\"elementor-screen-only\">Arama<\/span>\n\t\t\t\t\t\t\t\t\t<\/button>\n\t\t\t<\/div>\n\t\t<\/div>\n\t\t\t\t<\/div>\n\t\t\t\t<div class=\"pp-posts-container\">\n\t\t\t\n\t\t\t\t\t\t\t\t\t\t\n\t\t\t<div class=\"pp-posts pp-posts-skin-card elementor-grid pp-posts-grid\" data-query-type=\"custom\" data-layout=\"grid\" data-page=\"47\" data-skin=\"card\">\n\t\t\t\t\t\t\t\t\t\t\t<div class=\"pp-post-wrap pp-grid-item-wrap elementor-grid-item post-29254 post type-post status-publish format-standard has-post-thumbnail hentry category-plastic-bag-making-machines category-recent-blogs\">\n\t\t\t\t\t\t<div class=\"pp-post pp-grid-item\">\n\t\t\t\t\t\t<div class=\"pp-post-thumbnail\">\n\t\t\t<a class=\"pp-post-thumbnail-wrap\" href=\"https:\/\/www.ketegroup.com\/tr\/plastik-poset-uzerine-baski\/\" title=\"Plastik Po\u015fetlere Bask\u0131: Teknolojiler, Gizli Maliyetler ve Kalite Kontrol Rehberi\">\n\t\t\t\t<img fetchpriority=\"high\" decoding=\"async\" width=\"1024\" height=\"768\" src=\"https:\/\/www.ketegroup.com\/wp-content\/uploads\/2026\/05\/printing-on-plastic-bags\uff084\uff09.webp\" class=\"attachment-large size-large wp-image-29271\" alt=\"plastik po\u015fetlere bask\u0131\uff084\uff09\" srcset=\"https:\/\/www.ketegroup.com\/wp-content\/uploads\/2026\/05\/printing-on-plastic-bags\uff084\uff09.webp 1024w, https:\/\/www.ketegroup.com\/wp-content\/uploads\/2026\/05\/printing-on-plastic-bags\uff084\uff09-16x12.webp 16w\" sizes=\"(max-width: 1024px) 100vw, 1024px\" \/>\t\t\t<\/a>\n\t\t<\/div>\n\t\t\n\t\t\t\t<div class=\"pp-post-content-wrap\">\n\t\t\t\t\t<div class=\"pp-post-content\">\n\t\t\t\t\t\t\t\t\t\t\t\t<h4 class=\"pp-post-title\">\n\t\t\t\t<a href=\"https:\/\/www.ketegroup.com\/tr\/plastik-poset-uzerine-baski\/\">Plastik Po\u015fetlere Bask\u0131: Teknolojiler, Gizli Maliyetler ve Kalite Kontrol Rehberi<\/a>\t\t\t<\/h4>\n\t\t\t\t\t\t\t<div class=\"pp-post-excerpt\">\n\t\t\t<p>Plastik Y\u00fczeylere Bask\u0131 Yapman\u0131n Temel Zorlu\u011fu Geleneksel ka\u011f\u0131t bazl\u0131 bask\u0131dan esnek polimer ambalaja ge\u00e7erken, \u00fcretim y\u00f6neticileri ...<\/p>\n\t\t<\/div>\n\t\t\t\t\t\t\t\t\t<\/div>\n\t\t\t\t\t\t\t\t\t<\/div>\n\n\t\t\t\t\t\t\t<\/div>\n\t\t\t\t\t<\/div>\n\t\t\t\t<div class=\"pp-post-wrap pp-grid-item-wrap elementor-grid-item post-29233 post type-post status-publish format-standard has-post-thumbnail hentry category-plastic-bag-making-machines category-recent-blogs category-uncategorized\">\n\t\t\t\t\t\t<div class=\"pp-post pp-grid-item\">\n\t\t\t\t\t\t<div class=\"pp-post-thumbnail\">\n\t\t\t<a class=\"pp-post-thumbnail-wrap\" href=\"https:\/\/www.ketegroup.com\/tr\/gida-ambalaji-plastik-poset-kilavuzu\/\" title=\"G\u0131da Ambalaj\u0131 i\u00e7in Plastik Po\u015fet T\u00fcrlerine \u0130li\u015fkin Kapsaml\u0131 Bir K\u0131lavuz\">\n\t\t\t\t<img decoding=\"async\" width=\"1024\" height=\"768\" src=\"https:\/\/www.ketegroup.com\/wp-content\/uploads\/2026\/05\/types-of-plastic-bags-for-food-packaging-1.webp\" class=\"attachment-large size-large wp-image-29249\" alt=\"gida ambalaji i\u0307\u00e7i\u0307n plasti\u0307k torba t\u00fcrleri\u0307 1\" srcset=\"https:\/\/www.ketegroup.com\/wp-content\/uploads\/2026\/05\/types-of-plastic-bags-for-food-packaging-1.webp 1024w, https:\/\/www.ketegroup.com\/wp-content\/uploads\/2026\/05\/types-of-plastic-bags-for-food-packaging-1-16x12.webp 16w\" sizes=\"(max-width: 1024px) 100vw, 1024px\" \/>\t\t\t<\/a>\n\t\t<\/div>\n\t\t\n\t\t\t\t<div class=\"pp-post-content-wrap\">\n\t\t\t\t\t<div class=\"pp-post-content\">\n\t\t\t\t\t\t\t\t\t\t\t\t<h4 class=\"pp-post-title\">\n\t\t\t\t<a href=\"https:\/\/www.ketegroup.com\/tr\/gida-ambalaji-plastik-poset-kilavuzu\/\">G\u0131da Ambalaj\u0131 i\u00e7in Plastik Po\u015fet T\u00fcrlerine \u0130li\u015fkin Kapsaml\u0131 Bir K\u0131lavuz<\/a>\t\t\t<\/h4>\n\t\t\t\t\t\t\t<div class=\"pp-post-excerpt\">\n\t\t\t<p>G\u0131da Bozulmas\u0131n\u0131n Fizi\u011fi ve Ambalaj Savunmas\u0131 Modern g\u0131da \u00fcretiminin karma\u015f\u0131k d\u00fcnyas\u0131nda gezinirken, g\u00fcvenilir g\u0131da ...<\/p>\n\t\t<\/div>\n\t\t\t\t\t\t\t\t\t<\/div>\n\t\t\t\t\t\t\t\t\t<\/div>\n\n\t\t\t\t\t\t\t<\/div>\n\t\t\t\t\t<\/div>\n\t\t\t\t<div class=\"pp-post-wrap pp-grid-item-wrap elementor-grid-item post-29205 post type-post status-publish format-standard has-post-thumbnail hentry category-plastic-bag-making-machines category-recent-blogs category-uncategorized\">\n\t\t\t\t\t\t<div class=\"pp-post pp-grid-item\">\n\t\t\t\t\t\t<div class=\"pp-post-thumbnail\">\n\t\t\t<a class=\"pp-post-thumbnail-wrap\" href=\"https:\/\/www.ketegroup.com\/tr\/plasti%cc%87k-torba-malzemesi%cc%87\/\" title=\"Plastik Po\u015fet Malzemesi A\u00e7\u0131klamas\u0131: Yayg\u0131n T\u00fcrler, Uygulamalar ve Nas\u0131l Se\u00e7ilir\">\n\t\t\t\t<img decoding=\"async\" width=\"1024\" height=\"768\" src=\"https:\/\/www.ketegroup.com\/wp-content\/uploads\/2026\/05\/plastic-bag-material-2.webp\" class=\"attachment-large size-large wp-image-29227\" alt=\"plastik torba malzemesi 2\" srcset=\"https:\/\/www.ketegroup.com\/wp-content\/uploads\/2026\/05\/plastic-bag-material-2.webp 1024w, https:\/\/www.ketegroup.com\/wp-content\/uploads\/2026\/05\/plastic-bag-material-2-16x12.webp 16w\" sizes=\"(max-width: 1024px) 100vw, 1024px\" \/>\t\t\t<\/a>\n\t\t<\/div>\n\t\t\n\t\t\t\t<div class=\"pp-post-content-wrap\">\n\t\t\t\t\t<div class=\"pp-post-content\">\n\t\t\t\t\t\t\t\t\t\t\t\t<h4 class=\"pp-post-title\">\n\t\t\t\t<a href=\"https:\/\/www.ketegroup.com\/tr\/plasti%cc%87k-torba-malzemesi%cc%87\/\">Plastik Po\u015fet Malzemesi A\u00e7\u0131klamas\u0131: Yayg\u0131n T\u00fcrler, Uygulamalar ve Nas\u0131l Se\u00e7ilir<\/a>\t\t\t<\/h4>\n\t\t\t\t\t\t\t<div class=\"pp-post-excerpt\">\n\t\t\t<p>End\u00fcstriyel ambalajlamaya ad\u0131m atarken, bir sat\u0131n alma y\u00f6neticisinin sahip olabilece\u011fi mali a\u00e7\u0131dan en y\u0131k\u0131c\u0131 yan\u0131lg\u0131, \"plastik ...<\/p>\n\t\t<\/div>\n\t\t\t\t\t\t\t\t\t<\/div>\n\t\t\t\t\t\t\t\t\t<\/div>\n\n\t\t\t\t\t\t\t<\/div>\n\t\t\t\t\t<\/div>\n\t\t\t\t<div class=\"pp-post-wrap pp-grid-item-wrap elementor-grid-item post-29163 post type-post status-publish format-standard has-post-thumbnail hentry category-recent-blogs category-uncategorized\">\n\t\t\t\t\t\t<div class=\"pp-post pp-grid-item\">\n\t\t\t\t\t\t<div class=\"pp-post-thumbnail\">\n\t\t\t<a class=\"pp-post-thumbnail-wrap\" href=\"https:\/\/www.ketegroup.com\/tr\/baski-kaydi\/\" title=\"Bask\u0131 Kayd\u0131 A\u00e7\u0131kland\u0131: M\u00fckemmel Hizalama Nas\u0131l Elde Edilir\">\n\t\t\t\t<img loading=\"lazy\" decoding=\"async\" width=\"1024\" height=\"768\" src=\"https:\/\/www.ketegroup.com\/wp-content\/uploads\/2026\/04\/printing-registration-222.webp\" class=\"attachment-large size-large wp-image-29168\" alt=\"bask\u0131 kayd\u0131 222\" srcset=\"https:\/\/www.ketegroup.com\/wp-content\/uploads\/2026\/04\/printing-registration-222.webp 1024w, https:\/\/www.ketegroup.com\/wp-content\/uploads\/2026\/04\/printing-registration-222-16x12.webp 16w\" sizes=\"(max-width: 1024px) 100vw, 1024px\" \/>\t\t\t<\/a>\n\t\t<\/div>\n\t\t\n\t\t\t\t<div class=\"pp-post-content-wrap\">\n\t\t\t\t\t<div class=\"pp-post-content\">\n\t\t\t\t\t\t\t\t\t\t\t\t<h4 class=\"pp-post-title\">\n\t\t\t\t<a href=\"https:\/\/www.ketegroup.com\/tr\/baski-kaydi\/\">Bask\u0131 Kayd\u0131 A\u00e7\u0131kland\u0131: M\u00fckemmel Hizalama Nas\u0131l Elde Edilir<\/a>\t\t\t<\/h4>\n\t\t\t\t\t\t\t<div class=\"pp-post-excerpt\">\n\t\t\t<p>Bask\u0131 Kayd\u0131n\u0131n Tan\u0131m\u0131 ve Fizi\u011fi End\u00fcstriyel \u00fcretim, bir ofis masa\u00fcst\u00fc yaz\u0131c\u0131s\u0131 gibi \u00e7al\u0131\u015fmaz. Y\u00fcksek hacimli ticari bask\u0131 - \u00f6rne\u011fin ...<\/p>\n\t\t<\/div>\n\t\t\t\t\t\t\t\t\t<\/div>\n\t\t\t\t\t\t\t\t\t<\/div>\n\n\t\t\t\t\t\t\t<\/div>\n\t\t\t\t\t<\/div>\n\t\t\t\t<div class=\"pp-post-wrap pp-grid-item-wrap elementor-grid-item post-29148 post type-post status-publish format-standard has-post-thumbnail hentry category-recent-blogs category-uncategorized\">\n\t\t\t\t\t\t<div class=\"pp-post pp-grid-item\">\n\t\t\t\t\t\t<div class=\"pp-post-thumbnail\">\n\t\t\t<a class=\"pp-post-thumbnail-wrap\" href=\"https:\/\/www.ketegroup.com\/tr\/plasti%cc%87k-torba-boyutu\/\" title=\"Plastik Po\u015fet \u00d6l\u00e7\u00fcleri 101: M\u00fckemmel Uyum i\u00e7in \u00d6l\u00e7\u00fclendirme Kurallar\u0131 ve Form\u00fclleri\">\n\t\t\t\t<img loading=\"lazy\" decoding=\"async\" width=\"1024\" height=\"768\" src=\"https:\/\/www.ketegroup.com\/wp-content\/uploads\/2026\/04\/plastic-bag-sizes-222.webp\" class=\"attachment-large size-large wp-image-29159\" alt=\"plasti\u0307k torba boyutlari 222\" srcset=\"https:\/\/www.ketegroup.com\/wp-content\/uploads\/2026\/04\/plastic-bag-sizes-222.webp 1024w, https:\/\/www.ketegroup.com\/wp-content\/uploads\/2026\/04\/plastic-bag-sizes-222-16x12.webp 16w\" sizes=\"(max-width: 1024px) 100vw, 1024px\" \/>\t\t\t<\/a>\n\t\t<\/div>\n\t\t\n\t\t\t\t<div class=\"pp-post-content-wrap\">\n\t\t\t\t\t<div class=\"pp-post-content\">\n\t\t\t\t\t\t\t\t\t\t\t\t<h4 class=\"pp-post-title\">\n\t\t\t\t<a href=\"https:\/\/www.ketegroup.com\/tr\/plasti%cc%87k-torba-boyutu\/\">Plastik Po\u015fet \u00d6l\u00e7\u00fcleri 101: M\u00fckemmel Uyum i\u00e7in \u00d6l\u00e7\u00fclendirme Kurallar\u0131 ve Form\u00fclleri<\/a>\t\t\t<\/h4>\n\t\t\t\t\t\t\t<div class=\"pp-post-excerpt\">\n\t\t\t<p>End\u00fcstriyel ambalajlamada boyutsal hatalar iki anlama gelir: \u00fcretimin an\u0131nda durmas\u0131 ve y\u0131k\u0131c\u0131 malzeme israf\u0131. Sat\u0131n alma m\u00fcd\u00fcrleri, tesis y\u00f6neticileri, ...<\/p>\n\t\t<\/div>\n\t\t\t\t\t\t\t\t\t<\/div>\n\t\t\t\t\t\t\t\t\t<\/div>\n\n\t\t\t\t\t\t\t<\/div>\n\t\t\t\t\t<\/div>\n\t\t\t\t<div class=\"pp-post-wrap pp-grid-item-wrap elementor-grid-item post-29087 post type-post status-publish format-standard has-post-thumbnail hentry category-flexo-printing-machines category-recent-blogs\">\n\t\t\t\t\t\t<div class=\"pp-post pp-grid-item\">\n\t\t\t\t\t\t<div class=\"pp-post-thumbnail\">\n\t\t\t<a class=\"pp-post-thumbnail-wrap\" href=\"https:\/\/www.ketegroup.com\/tr\/fleksografik-baski-nedir\/\" title=\"Fleksografik Bask\u0131 Nedir? Art\u0131lar\u0131, Eksileri ve T\u00fcm S\u00fcre\u00e7\">\n\t\t\t\t<img loading=\"lazy\" decoding=\"async\" width=\"1024\" height=\"768\" src=\"https:\/\/www.ketegroup.com\/wp-content\/uploads\/2026\/04\/What-is-Flexographic-Printing-11.webp\" class=\"attachment-large size-large wp-image-29102\" alt=\"Fleksografik Bask\u0131 Nedir 11\" srcset=\"https:\/\/www.ketegroup.com\/wp-content\/uploads\/2026\/04\/What-is-Flexographic-Printing-11.webp 1024w, https:\/\/www.ketegroup.com\/wp-content\/uploads\/2026\/04\/What-is-Flexographic-Printing-11-16x12.webp 16w\" sizes=\"(max-width: 1024px) 100vw, 1024px\" \/>\t\t\t<\/a>\n\t\t<\/div>\n\t\t\n\t\t\t\t<div class=\"pp-post-content-wrap\">\n\t\t\t\t\t<div class=\"pp-post-content\">\n\t\t\t\t\t\t\t\t\t\t\t\t<h4 class=\"pp-post-title\">\n\t\t\t\t<a href=\"https:\/\/www.ketegroup.com\/tr\/fleksografik-baski-nedir\/\">Fleksografik Bask\u0131 Nedir? Art\u0131lar\u0131, Eksileri ve T\u00fcm S\u00fcre\u00e7<\/a>\t\t\t<\/h4>\n\t\t\t\t\t\t\t<div class=\"pp-post-excerpt\">\n\t\t\t<p>Modern Ambalajda Fleksografik Bask\u0131n\u0131n \u015eifresini \u00c7\u00f6zmek Fleksografi, modern ambalaj end\u00fcstrisinin tart\u0131\u015fmas\u0131z i\u015f g\u00fcc\u00fcd\u00fcr ve neredeyse t\u00fcm ambalajlar\u0131n \u00fcretiminden sorumludur.<\/p>\n\t\t<\/div>\n\t\t\t\t\t\t\t\t\t<\/div>\n\t\t\t\t\t\t\t\t\t<\/div>\n\n\t\t\t\t\t\t\t<\/div>\n\t\t\t\t\t<\/div>\n\t\t\t\t\t\t\t\t\t<\/div>\n\t\t\t\n\t\t\t\n\t\t\t\n\t\t\t\n\t\t\t\t\t\t\t\t\t\t\t<div class=\"pp-posts-pagination-wrap pp-posts-pagination-bottom\">\n\t\t\t\t\t\t\t\t<nav class=\"pp-posts-pagination pp-posts-pagination-ajax elementor-pagination\" role=\"navigation\" aria-label=\"Sayfaland\u0131rma\" data-total=\"22\">\n\t\t\t\t<span aria-current=\"page\" class=\"page-numbers current\">1<\/span>\n<a class=\"page-numbers\" href=\"https:\/\/www.ketegroup.com\/tr\/wp-json\/wp\/v2\/pages\/47\/page\/2\/\">2<\/a>\n<a class=\"page-numbers\" href=\"https:\/\/www.ketegroup.com\/tr\/wp-json\/wp\/v2\/pages\/47\/page\/3\/\">3<\/a>\n<a class=\"page-numbers\" href=\"https:\/\/www.ketegroup.com\/tr\/wp-json\/wp\/v2\/pages\/47\/page\/4\/\">4<\/a>\n<a class=\"page-numbers\" href=\"https:\/\/www.ketegroup.com\/tr\/wp-json\/wp\/v2\/pages\/47\/page\/5\/\">5<\/a>\n<a class=\"page-numbers\" href=\"https:\/\/www.ketegroup.com\/tr\/wp-json\/wp\/v2\/pages\/47\/page\/6\/\">6<\/a>\n<a class=\"page-numbers\" href=\"https:\/\/www.ketegroup.com\/tr\/wp-json\/wp\/v2\/pages\/47\/page\/7\/\">7<\/a>\n<a class=\"page-numbers\" href=\"https:\/\/www.ketegroup.com\/tr\/wp-json\/wp\/v2\/pages\/47\/page\/8\/\">8<\/a>\n<a class=\"page-numbers\" href=\"https:\/\/www.ketegroup.com\/tr\/wp-json\/wp\/v2\/pages\/47\/page\/9\/\">9<\/a>\n<a class=\"page-numbers\" href=\"https:\/\/www.ketegroup.com\/tr\/wp-json\/wp\/v2\/pages\/47\/page\/10\/\">10<\/a>\n<a class=\"page-numbers\" href=\"https:\/\/www.ketegroup.com\/tr\/wp-json\/wp\/v2\/pages\/47\/page\/11\/\">11<\/a>\n<a class=\"page-numbers\" href=\"https:\/\/www.ketegroup.com\/tr\/wp-json\/wp\/v2\/pages\/47\/page\/12\/\">12<\/a>\n<a class=\"page-numbers\" href=\"https:\/\/www.ketegroup.com\/tr\/wp-json\/wp\/v2\/pages\/47\/page\/13\/\">13<\/a>\n<a class=\"page-numbers\" href=\"https:\/\/www.ketegroup.com\/tr\/wp-json\/wp\/v2\/pages\/47\/page\/14\/\">14<\/a>\n<a class=\"page-numbers\" href=\"https:\/\/www.ketegroup.com\/tr\/wp-json\/wp\/v2\/pages\/47\/page\/15\/\">15<\/a>\n<a class=\"page-numbers\" href=\"https:\/\/www.ketegroup.com\/tr\/wp-json\/wp\/v2\/pages\/47\/page\/16\/\">16<\/a>\n<a class=\"page-numbers\" href=\"https:\/\/www.ketegroup.com\/tr\/wp-json\/wp\/v2\/pages\/47\/page\/17\/\">17<\/a>\n<a class=\"page-numbers\" href=\"https:\/\/www.ketegroup.com\/tr\/wp-json\/wp\/v2\/pages\/47\/page\/18\/\">18<\/a>\n<a class=\"page-numbers\" href=\"https:\/\/www.ketegroup.com\/tr\/wp-json\/wp\/v2\/pages\/47\/page\/19\/\">19<\/a>\n<a class=\"page-numbers\" href=\"https:\/\/www.ketegroup.com\/tr\/wp-json\/wp\/v2\/pages\/47\/page\/20\/\">20<\/a>\n<a class=\"page-numbers\" href=\"https:\/\/www.ketegroup.com\/tr\/wp-json\/wp\/v2\/pages\/47\/page\/21\/\">21<\/a>\n<a class=\"page-numbers\" href=\"https:\/\/www.ketegroup.com\/tr\/wp-json\/wp\/v2\/pages\/47\/page\/22\/\">22<\/a>\n<a class=\"next page-numbers\" href=\"https:\/\/www.ketegroup.com\/tr\/wp-json\/wp\/v2\/pages\/47\/page\/2\/\">Sonraki \"<\/a>\t\t\t<\/nav>\n\t\t\t\t\t\t\t<\/div>\n\t\t\t\t\t\t\t\t\t<\/div>\n\n\t\t\n\t\t\t\t<\/div>\n\t\t\t\t<\/div>\n\t\t\t\t\t<\/div>\n\t\t<\/div>\n\t\t\t\t\t<\/div>\n\t\t<\/section>\n\t\t\t\t<\/div>","protected":false},"excerpt":{"rendered":"<p>Bloglar Sizlerle en son sekt\u00f6r trendlerini payla\u015f\u0131yor, esnek ambalaj makineleri ve bask\u0131 makineleri ile ilgili t\u00fcm sorular\u0131n\u0131z\u0131 \u00e7\u00f6zmeye \u00e7al\u0131\u015f\u0131yoruz. Sekt\u00f6rdeki ve KETE'deki yeniliklerden haberdar olmak i\u00e7in bloglar\u0131m\u0131z\u0131 okuyun. Anasayfa T\u00fcm\u00fc Flekso Bask\u0131 Makineleri Heat Shrink Ambalaj Makineleri Sekt\u00f6rel \u0130\u00e7g\u00f6r\u00fc Etiket Bask\u0131 Makineleri Ambalaj Makineleri [...]<\/p>","protected":false},"author":2,"featured_media":0,"parent":0,"menu_order":0,"comment_status":"closed","ping_status":"closed","template":"","meta":{"_seopress_robots_primary_cat":"0","_seopress_titles_title":"Blogs - KETE GROUP LIMITED","_seopress_titles_desc":"KETE shares with you all the information about our machines and profound industry insights. Click here to learn more.","_seopress_robots_index":"","footnotes":""},"class_list":["post-47","page","type-page","status-publish","hentry"],"_links":{"self":[{"href":"https:\/\/www.ketegroup.com\/tr\/wp-json\/wp\/v2\/pages\/47","targetHints":{"allow":["GET"]}}],"collection":[{"href":"https:\/\/www.ketegroup.com\/tr\/wp-json\/wp\/v2\/pages"}],"about":[{"href":"https:\/\/www.ketegroup.com\/tr\/wp-json\/wp\/v2\/types\/page"}],"author":[{"embeddable":true,"href":"https:\/\/www.ketegroup.com\/tr\/wp-json\/wp\/v2\/users\/2"}],"replies":[{"embeddable":true,"href":"https:\/\/www.ketegroup.com\/tr\/wp-json\/wp\/v2\/comments?post=47"}],"version-history":[{"count":9,"href":"https:\/\/www.ketegroup.com\/tr\/wp-json\/wp\/v2\/pages\/47\/revisions"}],"predecessor-version":[{"id":17331,"href":"https:\/\/www.ketegroup.com\/tr\/wp-json\/wp\/v2\/pages\/47\/revisions\/17331"}],"wp:attachment":[{"href":"https:\/\/www.ketegroup.com\/tr\/wp-json\/wp\/v2\/media?parent=47"}],"curies":[{"name":"wp","href":"https:\/\/api.w.org\/{rel}","templated":true}]}}