{"id":41,"date":"2021-09-15T17:38:21","date_gmt":"2021-09-15T09:38:21","guid":{"rendered":"https:\/\/www.ketegroup.com\/?page_id=41"},"modified":"2022-08-05T11:27:50","modified_gmt":"2022-08-05T03:27:50","slug":"company-news","status":"publish","type":"page","link":"https:\/\/www.ketegroup.com\/tr\/si%cc%87rket-haberleri%cc%87\/","title":{"rendered":"\u015eirket Haberleri"},"content":{"rendered":"<div data-elementor-type=\"wp-page\" data-elementor-id=\"41\" class=\"elementor elementor-41\">\n\t\t\t\t\t\t<section class=\"elementor-section elementor-top-section elementor-element elementor-element-6ab825e6 elementor-section-boxed elementor-section-height-default elementor-section-height-default\" data-id=\"6ab825e6\" data-element_type=\"section\" data-settings=\"{&quot;background_background&quot;:&quot;classic&quot;}\">\n\t\t\t\t\t\t<div class=\"elementor-container elementor-column-gap-default\">\n\t\t\t\t\t<div class=\"elementor-column elementor-col-100 elementor-top-column elementor-element elementor-element-60203c9a\" data-id=\"60203c9a\" data-element_type=\"column\">\n\t\t\t<div class=\"elementor-widget-wrap elementor-element-populated\">\n\t\t\t\t\t\t<div class=\"elementor-element elementor-element-7712f304 elementor-widget elementor-widget-menu-anchor\" data-id=\"7712f304\" data-element_type=\"widget\" data-widget_type=\"menu-anchor.default\">\n\t\t\t\t<div class=\"elementor-widget-container\">\n\t\t\t\t\t<div class=\"elementor-menu-anchor\" id=\"01\"><\/div>\n\t\t\t\t<\/div>\n\t\t\t\t<\/div>\n\t\t\t\t<div class=\"elementor-element elementor-element-2640fb16 elementor-widget elementor-widget-heading\" data-id=\"2640fb16\" data-element_type=\"widget\" data-widget_type=\"heading.default\">\n\t\t\t\t<div class=\"elementor-widget-container\">\n\t\t\t<h1 class=\"elementor-heading-title elementor-size-default\">\u015eirket Haberleri<\/h1>\t\t<\/div>\n\t\t\t\t<\/div>\n\t\t\t\t<div class=\"elementor-element elementor-element-c4a85b8 elementor-widget elementor-widget-text-editor\" data-id=\"c4a85b8\" data-element_type=\"widget\" data-widget_type=\"text-editor.default\">\n\t\t\t\t<div class=\"elementor-widget-container\">\n\t\t\t\t\t\t\t<p>\u015eirket haberlerimizi okuyun ve KETE'de neler olup bitti\u011fini g\u00f6r\u00fcn.<\/p>\t\t\t\t\t\t<\/div>\n\t\t\t\t<\/div>\n\t\t\t\t\t<\/div>\n\t\t<\/div>\n\t\t\t\t\t<\/div>\n\t\t<\/section>\n\t\t\t\t<section class=\"elementor-section elementor-top-section elementor-element elementor-element-c62a1f4 elementor-section-boxed elementor-section-height-default elementor-section-height-default\" data-id=\"c62a1f4\" data-element_type=\"section\">\n\t\t\t\t\t\t<div class=\"elementor-container elementor-column-gap-default\">\n\t\t\t\t\t<div class=\"elementor-column elementor-col-100 elementor-top-column elementor-element elementor-element-629ad1e\" data-id=\"629ad1e\" data-element_type=\"column\">\n\t\t\t<div class=\"elementor-widget-wrap elementor-element-populated\">\n\t\t\t\t\t\t<div class=\"elementor-element elementor-element-2311250 elementor-widget elementor-widget-MML Breadcrumbs\" data-id=\"2311250\" data-element_type=\"widget\" data-settings=\"{&quot;breadcrumbs_type&quot;:&quot;post_type&quot;}\" data-widget_type=\"MML Breadcrumbs.default\">\n\t\t\t\t<div class=\"elementor-widget-container\">\n\t\t\t<ul class=\"pp-breadcrumbs pp-breadcrumbs-powerpack\">        <li class=\"pp-breadcrumbs-item pp-breadcrumbs-item-home\">\n            <a class=\"pp-breadcrumbs-crumb pp-breadcrumbs-crumb-link pp-breadcrumbs-crumb-home\" href=\"https:\/\/www.ketegroup.com\/tr\" title=\"Ev\">\n\t\t\t\t<span class=\"pp-breadcrumbs-text\">\n\t\t\t\t\t                    Ev\t\t\t\t<\/span>\n            <\/a>\n        <\/li>\n        <li class=\"pp-breadcrumbs-separator\">                <span class='pp-separator-icon pp-icon'>\n\t\t\t\t\t<i aria-hidden=\"true\" class=\"fas fa-angle-right\"><\/i>\t\t\t\t<\/span>\n                <\/li><\/ul>\t\t<\/div>\n\t\t\t\t<\/div>\n\t\t\t\t\t<\/div>\n\t\t<\/div>\n\t\t\t\t\t<\/div>\n\t\t<\/section>\n\t\t\t\t<section class=\"elementor-section elementor-top-section elementor-element elementor-element-fa16679 elementor-section-boxed elementor-section-height-default elementor-section-height-default\" data-id=\"fa16679\" data-element_type=\"section\">\n\t\t\t\t\t\t<div class=\"elementor-container elementor-column-gap-default\">\n\t\t\t\t\t<div class=\"elementor-column elementor-col-100 elementor-top-column elementor-element elementor-element-cffc03a\" data-id=\"cffc03a\" data-element_type=\"column\">\n\t\t\t<div class=\"elementor-widget-wrap elementor-element-populated\">\n\t\t\t\t\t\t<div class=\"elementor-element elementor-element-a7e97d1 pp-equal-height-yes elementor-grid-3 elementor-grid-tablet-2 elementor-grid-mobile-1 pp-search-form-icon elementor-widget elementor-widget-pp-posts\" data-id=\"a7e97d1\" data-element_type=\"widget\" data-settings=\"{&quot;classic_show_ajax_search_form&quot;:&quot;yes&quot;}\" data-widget_type=\"pp-posts.classic\">\n\t\t\t\t<div class=\"elementor-widget-container\">\n\t\t\t\t\t<div class=\"pp-post-filters-container\" data-search-form=\"show\" data-search-action=\"button-click\">\n\t\t\t\t\t\t\t\t<div class=\"pp-search-form-container\">\n\t\t\t<div class=\"pp-search-form\">\n\t\t\t\t<input placeholder=\"Arama...\" class=\"pp-search-form-input\" type=\"search\" name=\"s\" title=\"Arama\">\n\t\t\t\t<button class=\"pp-search-form-submit\" type=\"submit\" title=\"Arama\" aria-label=\"Arama\">\n\t\t\t\t\t\t\t\t\t\t\t<i class=\"fa fa-search\" aria-hidden=\"true\"><\/i>\n\t\t\t\t\t\t<span class=\"elementor-screen-only\">Arama<\/span>\n\t\t\t\t\t\t\t\t\t<\/button>\n\t\t\t<\/div>\n\t\t<\/div>\n\t\t\t\t<\/div>\n\t\t\t\t<div class=\"pp-posts-container\">\n\t\t\t\n\t\t\t\t\t\t\t\t\t\t\n\t\t\t<div class=\"pp-posts pp-posts-skin-classic elementor-grid pp-posts-grid\" data-query-type=\"custom\" data-layout=\"grid\" data-page=\"41\" data-skin=\"classic\">\n\t\t\t\t\t\t\t\t\t\t\t<div class=\"pp-post-wrap pp-grid-item-wrap elementor-grid-item post-9483 news type-news status-publish has-post-thumbnail hentry\">\n\t\t\t\t\t\t<div class=\"pp-post pp-grid-item\">\n\t\t\t\t\t\t<div class=\"pp-post-thumbnail\">\n\t\t\t<a class=\"pp-post-thumbnail-wrap\" href=\"https:\/\/www.ketegroup.com\/tr\/haberler\/kete-yeni%cc%87-dis-pazar-satis-ofi%cc%87si%cc%87-kullanima-basladi\/\" title=\"KETE Yeni D\u0131\u015f Pazar Sat\u0131\u015f Ofisi Kullan\u0131ma Ba\u015flad\u0131! Ho\u015fgeldiniz Bizi Ziyaret Edin\">\n\t\t\t\t<img fetchpriority=\"high\" decoding=\"async\" width=\"1500\" height=\"844\" src=\"https:\/\/www.ketegroup.com\/wp-content\/uploads\/2022\/09\/welocme-to-kete.jpg\" class=\"attachment-large size-large wp-image-9491\" alt=\"kete&#039;ye ho\u015f geldi\u0307ni\u0307z\" srcset=\"https:\/\/www.ketegroup.com\/wp-content\/uploads\/2022\/09\/welocme-to-kete.jpg 1500w, https:\/\/www.ketegroup.com\/wp-content\/uploads\/2022\/09\/welocme-to-kete-600x338.jpg 600w, https:\/\/www.ketegroup.com\/wp-content\/uploads\/2022\/09\/welocme-to-kete-768x432.jpg 768w\" sizes=\"(max-width: 1500px) 100vw, 1500px\" \/>\t\t\t<\/a>\n\t\t<\/div>\n\t\t\n\t\t\t\t\n\t\t\t\t<div class=\"pp-post-content-wrap\">\n\t\t\t\t\t<div class=\"pp-post-content\">\n\t\t\t\t\t\t\t\t\t\t\t\t<h4 class=\"pp-post-title\">\n\t\t\t\t<a href=\"https:\/\/www.ketegroup.com\/tr\/haberler\/kete-yeni%cc%87-dis-pazar-satis-ofi%cc%87si%cc%87-kullanima-basladi\/\">KETE Yeni D\u0131\u015f Pazar Sat\u0131\u015f Ofisi Kullan\u0131ma Ba\u015flad\u0131! Ho\u015fgeldiniz Bizi Ziyaret Edin<\/a>\t\t\t<\/h4>\n\t\t\t\t\t\t\t\t\t<div class=\"pp-post-meta\">\n\t\t\t\t\t\t\t\t<span class=\"pp-post-date\">\n\t\t\t\t\t\t<span class=\"pp-meta-text\">\n\t\t\t\tEyl\u00fcl 19, 2022\t\t\t<\/span>\n\t\t<\/span>\n\t\t<span class=\"pp-meta-separator\"><\/span>\n\t\t\t\t\t\t\t<\/div>\n\t\t\t\t\t\t\t<div class=\"pp-post-excerpt\">\n\t\t\t\t\t<\/div>\n\t\t\t\t\t\t\t\t\t<\/div>\n\t\t\t\t\t\t\t\t\t<\/div>\n\n\t\t\t\t\t\t\t<\/div>\n\t\t\t\t\t<\/div>\n\t\t\t\t<div class=\"pp-post-wrap pp-grid-item-wrap elementor-grid-item post-1241 news type-news status-publish has-post-thumbnail hentry\">\n\t\t\t\t\t\t<div class=\"pp-post pp-grid-item\">\n\t\t\t\t\t\t<div class=\"pp-post-thumbnail\">\n\t\t\t<a class=\"pp-post-thumbnail-wrap\" href=\"https:\/\/www.ketegroup.com\/tr\/haberler\/basari-testi-dokuma-olmayan-yalitimli-torba-yapma-makinesi\/\" title=\"Ba\u015far\u0131 Testi Sigara Dokuma Yal\u0131t\u0131ml\u0131 \u00c7anta Yapma Makinesi\">\n\t\t\t\t<img decoding=\"async\" width=\"500\" height=\"347\" src=\"https:\/\/www.ketegroup.com\/wp-content\/uploads\/2022\/08\/Success-Test-Non-Woven-Insulated-Bag-Making-Machine.jpg\" class=\"attachment-large size-large wp-image-8896\" alt=\"Ba\u015far\u0131 Testi Sigara Dokuma Yal\u0131t\u0131ml\u0131 \u00c7anta Yapma Makinesi\" \/>\t\t\t<\/a>\n\t\t<\/div>\n\t\t\n\t\t\t\t\n\t\t\t\t<div class=\"pp-post-content-wrap\">\n\t\t\t\t\t<div class=\"pp-post-content\">\n\t\t\t\t\t\t\t\t\t\t\t\t<h4 class=\"pp-post-title\">\n\t\t\t\t<a href=\"https:\/\/www.ketegroup.com\/tr\/haberler\/basari-testi-dokuma-olmayan-yalitimli-torba-yapma-makinesi\/\">Ba\u015far\u0131 Testi Sigara Dokuma Yal\u0131t\u0131ml\u0131 \u00c7anta Yapma Makinesi<\/a>\t\t\t<\/h4>\n\t\t\t\t\t\t\t\t\t<div class=\"pp-post-meta\">\n\t\t\t\t\t\t\t\t<span class=\"pp-post-date\">\n\t\t\t\t\t\t<span class=\"pp-meta-text\">\n\t\t\t\tEkim 25, 2021\t\t\t<\/span>\n\t\t<\/span>\n\t\t<span class=\"pp-meta-separator\"><\/span>\n\t\t\t\t\t\t\t<\/div>\n\t\t\t\t\t\t\t<div class=\"pp-post-excerpt\">\n\t\t\t<p>Bug\u00fcn KTNW-GI Serisi dokumas\u0131z yal\u0131t\u0131ml\u0131 torba yapma makinemizin testini ba\u015far\u0131yla ger\u00e7ekle\u015ftiriyoruz<\/p>\n\t\t<\/div>\n\t\t\t\t\t\t\t\t\t<\/div>\n\t\t\t\t\t\t\t\t\t<\/div>\n\n\t\t\t\t\t\t\t<\/div>\n\t\t\t\t\t<\/div>\n\t\t\t\t<div class=\"pp-post-wrap pp-grid-item-wrap elementor-grid-item post-1240 news type-news status-publish has-post-thumbnail hentry\">\n\t\t\t\t\t\t<div class=\"pp-post pp-grid-item\">\n\t\t\t\t\t\t<div class=\"pp-post-thumbnail\">\n\t\t\t<a class=\"pp-post-thumbnail-wrap\" href=\"https:\/\/www.ketegroup.com\/tr\/haberler\/basari-testi-dokuma-olmayan-aski-canta-yapma-makinesi\/\" title=\"Ba\u015far\u0131 Testi Dokumas\u0131z Ask\u0131 \u00c7anta Yapma Makinesi\">\n\t\t\t\t<img decoding=\"async\" width=\"500\" height=\"347\" src=\"https:\/\/www.ketegroup.com\/wp-content\/uploads\/2022\/08\/Success-Test-Non-Woven-Hanger-Bag-Making-Machine.jpg\" class=\"attachment-large size-large wp-image-8895\" alt=\"Ba\u015far\u0131 Testi Dokumas\u0131z Ask\u0131 \u00c7anta Yapma Makinesi\" \/>\t\t\t<\/a>\n\t\t<\/div>\n\t\t\n\t\t\t\t\n\t\t\t\t<div class=\"pp-post-content-wrap\">\n\t\t\t\t\t<div class=\"pp-post-content\">\n\t\t\t\t\t\t\t\t\t\t\t\t<h4 class=\"pp-post-title\">\n\t\t\t\t<a href=\"https:\/\/www.ketegroup.com\/tr\/haberler\/basari-testi-dokuma-olmayan-aski-canta-yapma-makinesi\/\">Ba\u015far\u0131 Testi Dokumas\u0131z Ask\u0131 \u00c7anta Yapma Makinesi<\/a>\t\t\t<\/h4>\n\t\t\t\t\t\t\t\t\t<div class=\"pp-post-meta\">\n\t\t\t\t\t\t\t\t<span class=\"pp-post-date\">\n\t\t\t\t\t\t<span class=\"pp-meta-text\">\n\t\t\t\tEkim 25, 2021\t\t\t<\/span>\n\t\t<\/span>\n\t\t<span class=\"pp-meta-separator\"><\/span>\n\t\t\t\t\t\t\t<\/div>\n\t\t\t\t\t\t\t<div class=\"pp-post-excerpt\">\n\t\t\t<p>Bug\u00fcn KTNW-G model dokumas\u0131z kutu ask\u0131 \u00e7antam\u0131z \u00fczerinde dokumas\u0131z ask\u0131 \u00e7antam\u0131z\u0131n testini ba\u015far\u0131yla ger\u00e7ekle\u015ftiriyoruz...<\/p>\n\t\t<\/div>\n\t\t\t\t\t\t\t\t\t<\/div>\n\t\t\t\t\t\t\t\t\t<\/div>\n\n\t\t\t\t\t\t\t<\/div>\n\t\t\t\t\t<\/div>\n\t\t\t\t<div class=\"pp-post-wrap pp-grid-item-wrap elementor-grid-item post-1239 news type-news status-publish has-post-thumbnail hentry\">\n\t\t\t\t\t\t<div class=\"pp-post pp-grid-item\">\n\t\t\t\t\t\t<div class=\"pp-post-thumbnail\">\n\t\t\t<a class=\"pp-post-thumbnail-wrap\" href=\"https:\/\/www.ketegroup.com\/tr\/haberler\/basari-testi-dokuma-olmayan-3-askili-canta-yapma-makinesi\/\" title=\"Ba\u015far\u0131 Testi Non Woven 3 Ask\u0131l\u0131 \u00c7anta Yapma Makinesi\">\n\t\t\t\t<img loading=\"lazy\" decoding=\"async\" width=\"500\" height=\"347\" src=\"https:\/\/www.ketegroup.com\/wp-content\/uploads\/2022\/08\/Success-Test-Non-Woven-3-Hanger-Bag-Making-Machine.jpg\" class=\"attachment-large size-large wp-image-8893\" alt=\"Ba\u015far\u0131 Testi Non Woven 3 Ask\u0131l\u0131 \u00c7anta Yapma Makinesi\" \/>\t\t\t<\/a>\n\t\t<\/div>\n\t\t\n\t\t\t\t\n\t\t\t\t<div class=\"pp-post-content-wrap\">\n\t\t\t\t\t<div class=\"pp-post-content\">\n\t\t\t\t\t\t\t\t\t\t\t\t<h4 class=\"pp-post-title\">\n\t\t\t\t<a href=\"https:\/\/www.ketegroup.com\/tr\/haberler\/basari-testi-dokuma-olmayan-3-askili-canta-yapma-makinesi\/\">Ba\u015far\u0131 Testi Non Woven 3 Ask\u0131l\u0131 \u00c7anta Yapma Makinesi<\/a>\t\t\t<\/h4>\n\t\t\t\t\t\t\t\t\t<div class=\"pp-post-meta\">\n\t\t\t\t\t\t\t\t<span class=\"pp-post-date\">\n\t\t\t\t\t\t<span class=\"pp-meta-text\">\n\t\t\t\tEkim 25, 2021\t\t\t<\/span>\n\t\t<\/span>\n\t\t<span class=\"pp-meta-separator\"><\/span>\n\t\t\t\t\t\t\t<\/div>\n\t\t\t\t\t\t\t<div class=\"pp-post-excerpt\">\n\t\t\t<p>Bug\u00fcn KTNW-G model dokumas\u0131z \u00e7antam\u0131z \u00fczerinde 3 ask\u0131l\u0131 dokumas\u0131z \u00e7antam\u0131z\u0131n testini ba\u015far\u0131yla ger\u00e7ekle\u015ftiriyoruz ...<\/p>\n\t\t<\/div>\n\t\t\t\t\t\t\t\t\t<\/div>\n\t\t\t\t\t\t\t\t\t<\/div>\n\n\t\t\t\t\t\t\t<\/div>\n\t\t\t\t\t<\/div>\n\t\t\t\t<div class=\"pp-post-wrap pp-grid-item-wrap elementor-grid-item post-1238 news type-news status-publish has-post-thumbnail hentry\">\n\t\t\t\t\t\t<div class=\"pp-post pp-grid-item\">\n\t\t\t\t\t\t<div class=\"pp-post-thumbnail\">\n\t\t\t<a class=\"pp-post-thumbnail-wrap\" href=\"https:\/\/www.ketegroup.com\/tr\/haberler\/basari-testi-cift-sapli-dokuma-olmayan-torba-makinesi\/\" title=\"Ba\u015far\u0131 Testi \u00c7ift Sapl\u0131 Dokumas\u0131z \u00c7anta Makinesi\">\n\t\t\t\t<img loading=\"lazy\" decoding=\"async\" width=\"500\" height=\"347\" src=\"https:\/\/www.ketegroup.com\/wp-content\/uploads\/2022\/08\/Success-Test-Double-Handle-Non-Woven-Bag-Machine.jpg\" class=\"attachment-large size-large wp-image-8892\" alt=\"Ba\u015far\u0131 Testi \u00c7ift Sapl\u0131 Dokumas\u0131z \u00c7anta Makinesi\" \/>\t\t\t<\/a>\n\t\t<\/div>\n\t\t\n\t\t\t\t\n\t\t\t\t<div class=\"pp-post-content-wrap\">\n\t\t\t\t\t<div class=\"pp-post-content\">\n\t\t\t\t\t\t\t\t\t\t\t\t<h4 class=\"pp-post-title\">\n\t\t\t\t<a href=\"https:\/\/www.ketegroup.com\/tr\/haberler\/basari-testi-cift-sapli-dokuma-olmayan-torba-makinesi\/\">Ba\u015far\u0131 Testi \u00c7ift Sapl\u0131 Dokumas\u0131z \u00c7anta Makinesi<\/a>\t\t\t<\/h4>\n\t\t\t\t\t\t\t\t\t<div class=\"pp-post-meta\">\n\t\t\t\t\t\t\t\t<span class=\"pp-post-date\">\n\t\t\t\t\t\t<span class=\"pp-meta-text\">\n\t\t\t\tEkim 25, 2021\t\t\t<\/span>\n\t\t<\/span>\n\t\t<span class=\"pp-meta-separator\"><\/span>\n\t\t\t\t\t\t\t<\/div>\n\t\t\t\t\t\t\t<div class=\"pp-post-excerpt\">\n\t\t\t<p>Bug\u00fcn KTNW-G model nonwoven \u00e7antam\u0131z \u00fczerinde \u00e7ift sapl\u0131 nonwoven \u00e7antam\u0131z\u0131n testini ba\u015far\u0131yla ger\u00e7ekle\u015ftiriyoruz ...<\/p>\n\t\t<\/div>\n\t\t\t\t\t\t\t\t\t<\/div>\n\t\t\t\t\t\t\t\t\t<\/div>\n\n\t\t\t\t\t\t\t<\/div>\n\t\t\t\t\t<\/div>\n\t\t\t\t<div class=\"pp-post-wrap pp-grid-item-wrap elementor-grid-item post-1237 news type-news status-publish has-post-thumbnail hentry\">\n\t\t\t\t\t\t<div class=\"pp-post pp-grid-item\">\n\t\t\t\t\t\t<div class=\"pp-post-thumbnail\">\n\t\t\t<a class=\"pp-post-thumbnail-wrap\" href=\"https:\/\/www.ketegroup.com\/tr\/haberler\/basari-testi-pp-dokuma-kutu-canta-yapma-makinesi\/\" title=\"Ba\u015far\u0131 Testi PP Dokuma Kutu \u00c7anta Yapma Makinesi\">\n\t\t\t\t<img loading=\"lazy\" decoding=\"async\" width=\"500\" height=\"347\" src=\"https:\/\/www.ketegroup.com\/wp-content\/uploads\/2022\/08\/Success-Test-PP-Non-Woven-Box-Bag-Making-Machine.jpg\" class=\"attachment-large size-large wp-image-8898\" alt=\"Ba\u015far\u0131 Testi PP Dokuma Kutu \u00c7anta Yapma Makinesi\" \/>\t\t\t<\/a>\n\t\t<\/div>\n\t\t\n\t\t\t\t\n\t\t\t\t<div class=\"pp-post-content-wrap\">\n\t\t\t\t\t<div class=\"pp-post-content\">\n\t\t\t\t\t\t\t\t\t\t\t\t<h4 class=\"pp-post-title\">\n\t\t\t\t<a href=\"https:\/\/www.ketegroup.com\/tr\/haberler\/basari-testi-pp-dokuma-kutu-canta-yapma-makinesi\/\">Ba\u015far\u0131 Testi PP Dokuma Kutu \u00c7anta Yapma Makinesi<\/a>\t\t\t<\/h4>\n\t\t\t\t\t\t\t\t\t<div class=\"pp-post-meta\">\n\t\t\t\t\t\t\t\t<span class=\"pp-post-date\">\n\t\t\t\t\t\t<span class=\"pp-meta-text\">\n\t\t\t\tEkim 25, 2021\t\t\t<\/span>\n\t\t<\/span>\n\t\t<span class=\"pp-meta-separator\"><\/span>\n\t\t\t\t\t\t\t<\/div>\n\t\t\t\t\t\t\t<div class=\"pp-post-excerpt\">\n\t\t\t<p>Bug\u00fcn, KTNW-G model nonwoven \u00e7uval makinemizde pp dokuma \u00e7uval yapma makinemizin bir testini ba\u015far\u0131yla ger\u00e7ekle\u015ftiriyoruz ...<\/p>\n\t\t<\/div>\n\t\t\t\t\t\t\t\t\t<\/div>\n\t\t\t\t\t\t\t\t\t<\/div>\n\n\t\t\t\t\t\t\t<\/div>\n\t\t\t\t\t<\/div>\n\t\t\t\t<div class=\"pp-post-wrap pp-grid-item-wrap elementor-grid-item post-1236 news type-news status-publish has-post-thumbnail hentry\">\n\t\t\t\t\t\t<div class=\"pp-post pp-grid-item\">\n\t\t\t\t\t\t<div class=\"pp-post-thumbnail\">\n\t\t\t<a class=\"pp-post-thumbnail-wrap\" href=\"https:\/\/www.ketegroup.com\/tr\/haberler\/basari-testi-dokuma-olmayan-bardak-canta-yapma-makinesi\/\" title=\"Ba\u015far\u0131 Testi Dokumas\u0131z Bardak Torbas\u0131 Yapma Makinesi\">\n\t\t\t\t<img loading=\"lazy\" decoding=\"async\" width=\"500\" height=\"347\" src=\"https:\/\/www.ketegroup.com\/wp-content\/uploads\/2022\/08\/Success-Test-Non-Woven-Cup-Bag-Making-Machine.jpg\" class=\"attachment-large size-large wp-image-8894\" alt=\"Ba\u015far\u0131 Testi Dokumas\u0131z Bardak Torbas\u0131 Yapma Makinesi\" \/>\t\t\t<\/a>\n\t\t<\/div>\n\t\t\n\t\t\t\t\n\t\t\t\t<div class=\"pp-post-content-wrap\">\n\t\t\t\t\t<div class=\"pp-post-content\">\n\t\t\t\t\t\t\t\t\t\t\t\t<h4 class=\"pp-post-title\">\n\t\t\t\t<a href=\"https:\/\/www.ketegroup.com\/tr\/haberler\/basari-testi-dokuma-olmayan-bardak-canta-yapma-makinesi\/\">Ba\u015far\u0131 Testi Dokumas\u0131z Bardak Torbas\u0131 Yapma Makinesi<\/a>\t\t\t<\/h4>\n\t\t\t\t\t\t\t\t\t<div class=\"pp-post-meta\">\n\t\t\t\t\t\t\t\t<span class=\"pp-post-date\">\n\t\t\t\t\t\t<span class=\"pp-meta-text\">\n\t\t\t\tEkim 25, 2021\t\t\t<\/span>\n\t\t<\/span>\n\t\t<span class=\"pp-meta-separator\"><\/span>\n\t\t\t\t\t\t\t<\/div>\n\t\t\t\t\t\t\t<div class=\"pp-post-excerpt\">\n\t\t\t<p>Bug\u00fcn, KTNW-G makinemizde fincan tabakal\u0131 dokuma olmayan torba yapma makinemizin bir testini ba\u015far\u0131yla ger\u00e7ekle\u015ftiriyoruz ...<\/p>\n\t\t<\/div>\n\t\t\t\t\t\t\t\t\t<\/div>\n\t\t\t\t\t\t\t\t\t<\/div>\n\n\t\t\t\t\t\t\t<\/div>\n\t\t\t\t\t<\/div>\n\t\t\t\t<div class=\"pp-post-wrap pp-grid-item-wrap elementor-grid-item post-1235 news type-news status-publish has-post-thumbnail hentry\">\n\t\t\t\t\t\t<div class=\"pp-post pp-grid-item\">\n\t\t\t\t\t\t<div class=\"pp-post-thumbnail\">\n\t\t\t<a class=\"pp-post-thumbnail-wrap\" href=\"https:\/\/www.ketegroup.com\/tr\/haberler\/basari-testi-d-kesilmis-kagit-torba-yapma-makinesi\/\" title=\"Ba\u015far\u0131 Testi D Kesim Ka\u011f\u0131t Torba Yapma Makinesi\">\n\t\t\t\t<img loading=\"lazy\" decoding=\"async\" width=\"500\" height=\"347\" src=\"https:\/\/www.ketegroup.com\/wp-content\/uploads\/2022\/08\/Success-Test-D-Cut-Paper-Bag-Making-Machine.jpg\" class=\"attachment-large size-large wp-image-8891\" alt=\"Ba\u015far\u0131 Testi D Kesim Ka\u011f\u0131t Torba Yapma Makinesi\" \/>\t\t\t<\/a>\n\t\t<\/div>\n\t\t\n\t\t\t\t\n\t\t\t\t<div class=\"pp-post-content-wrap\">\n\t\t\t\t\t<div class=\"pp-post-content\">\n\t\t\t\t\t\t\t\t\t\t\t\t<h4 class=\"pp-post-title\">\n\t\t\t\t<a href=\"https:\/\/www.ketegroup.com\/tr\/haberler\/basari-testi-d-kesilmis-kagit-torba-yapma-makinesi\/\">Ba\u015far\u0131 Testi D Kesim Ka\u011f\u0131t Torba Yapma Makinesi<\/a>\t\t\t<\/h4>\n\t\t\t\t\t\t\t\t\t<div class=\"pp-post-meta\">\n\t\t\t\t\t\t\t\t<span class=\"pp-post-date\">\n\t\t\t\t\t\t<span class=\"pp-meta-text\">\n\t\t\t\tEkim 25, 2021\t\t\t<\/span>\n\t\t<\/span>\n\t\t<span class=\"pp-meta-separator\"><\/span>\n\t\t\t\t\t\t\t<\/div>\n\t\t\t\t\t\t\t<div class=\"pp-post-excerpt\">\n\t\t\t<p>Bug\u00fcn D kesim sapl\u0131 ka\u011f\u0131t torba yapma makinemizin testini ba\u015far\u0131yla ger\u00e7ekle\u015ftiriyoruz.<\/p>\n\t\t<\/div>\n\t\t\t\t\t\t\t\t\t<\/div>\n\t\t\t\t\t\t\t\t\t<\/div>\n\n\t\t\t\t\t\t\t<\/div>\n\t\t\t\t\t<\/div>\n\t\t\t\t<div class=\"pp-post-wrap pp-grid-item-wrap elementor-grid-item post-1042 news type-news status-publish has-post-thumbnail hentry\">\n\t\t\t\t\t\t<div class=\"pp-post pp-grid-item\">\n\t\t\t\t\t\t<div class=\"pp-post-thumbnail\">\n\t\t\t<a class=\"pp-post-thumbnail-wrap\" href=\"https:\/\/www.ketegroup.com\/tr\/haberler\/basari-testi-plastik-pencere-kagit-torba-yapma-makinesi\/\" title=\"Ba\u015far\u0131 Testi Plastik Pencere Ka\u011f\u0131t Torba Yapma Makinesi\">\n\t\t\t\t<img loading=\"lazy\" decoding=\"async\" width=\"500\" height=\"347\" src=\"https:\/\/www.ketegroup.com\/wp-content\/uploads\/2022\/08\/Success-Test-Plastic-Window-Paper-Bag-Making-Machine.jpg\" class=\"attachment-large size-large wp-image-8897\" alt=\"Ba\u015far\u0131 Testi Plastik Pencere Ka\u011f\u0131t Torba Yapma Makinesi\" \/>\t\t\t<\/a>\n\t\t<\/div>\n\t\t\n\t\t\t\t\n\t\t\t\t<div class=\"pp-post-content-wrap\">\n\t\t\t\t\t<div class=\"pp-post-content\">\n\t\t\t\t\t\t\t\t\t\t\t\t<h4 class=\"pp-post-title\">\n\t\t\t\t<a href=\"https:\/\/www.ketegroup.com\/tr\/haberler\/basari-testi-plastik-pencere-kagit-torba-yapma-makinesi\/\">Ba\u015far\u0131 Testi Plastik Pencere Ka\u011f\u0131t Torba Yapma Makinesi<\/a>\t\t\t<\/h4>\n\t\t\t\t\t\t\t\t\t<div class=\"pp-post-meta\">\n\t\t\t\t\t\t\t\t<span class=\"pp-post-date\">\n\t\t\t\t\t\t<span class=\"pp-meta-text\">\n\t\t\t\tEkim 21, 2021\t\t\t<\/span>\n\t\t<\/span>\n\t\t<span class=\"pp-meta-separator\"><\/span>\n\t\t\t\t\t\t\t<\/div>\n\t\t\t\t\t\t\t<div class=\"pp-post-excerpt\">\n\t\t\t<p>Bug\u00fcn ka\u011f\u0131t torba yapma makinemizi plastik bir pencere ile test etmeyi ba\u015far\u0131yoruz.<\/p>\n\t\t<\/div>\n\t\t\t\t\t\t\t\t\t<\/div>\n\t\t\t\t\t\t\t\t\t<\/div>\n\n\t\t\t\t\t\t\t<\/div>\n\t\t\t\t\t<\/div>\n\t\t\t\t\t\t\t\t\t<\/div>\n\t\t\t\n\t\t\t\n\t\t\t\n\t\t\t\n\t\t\t\t\t\t\t\t\t\t\t<div class=\"pp-posts-pagination-wrap pp-posts-pagination-bottom\">\n\t\t\t\t\t\t\t\t\t<\/div>\n\t\t\t\t\t\t\t\t\t<\/div>\n\n\t\t\n\t\t\t\t<\/div>\n\t\t\t\t<\/div>\n\t\t\t\t\t<\/div>\n\t\t<\/div>\n\t\t\t\t\t<\/div>\n\t\t<\/section>\n\t\t\t\t<\/div>","protected":false},"excerpt":{"rendered":"<p>\u015eirket Haberleri \u015eirket haberlerimizi okuyun ve KETE'de neler olup bitti\u011fini g\u00f6r\u00fcn. Ana Sayfa Arama new_test 20 Ocak 2022 Lorem ipsum Hashtag fam knausgaard dreamcatcher banjo. B\u0131y\u0131k retro g\u00f6stergebilim palo Actually shoreditch lyft selvage mlkshk. Sokak sanat\u0131 bushwick Lorem ... Yeni isim 09 Ekim 25, 2021 Lorem ipsum Lorem ipsum dolor amet locavore prism mumblecore [...]<\/p>","protected":false},"author":2,"featured_media":0,"parent":0,"menu_order":0,"comment_status":"closed","ping_status":"closed","template":"","meta":{"_seopress_robots_primary_cat":"0","_seopress_titles_title":"Company News - KETE","_seopress_titles_desc":"Update with upcoming events, new machine release in our news center, where you get the facts straight from us. Chat with us for inquiries.","_seopress_robots_index":"","footnotes":""},"class_list":["post-41","page","type-page","status-publish","hentry"],"_links":{"self":[{"href":"https:\/\/www.ketegroup.com\/tr\/wp-json\/wp\/v2\/pages\/41","targetHints":{"allow":["GET"]}}],"collection":[{"href":"https:\/\/www.ketegroup.com\/tr\/wp-json\/wp\/v2\/pages"}],"about":[{"href":"https:\/\/www.ketegroup.com\/tr\/wp-json\/wp\/v2\/types\/page"}],"author":[{"embeddable":true,"href":"https:\/\/www.ketegroup.com\/tr\/wp-json\/wp\/v2\/users\/2"}],"replies":[{"embeddable":true,"href":"https:\/\/www.ketegroup.com\/tr\/wp-json\/wp\/v2\/comments?post=41"}],"version-history":[{"count":0,"href":"https:\/\/www.ketegroup.com\/tr\/wp-json\/wp\/v2\/pages\/41\/revisions"}],"wp:attachment":[{"href":"https:\/\/www.ketegroup.com\/tr\/wp-json\/wp\/v2\/media?parent=41"}],"curies":[{"name":"wp","href":"https:\/\/api.w.org\/{rel}","templated":true}]}}