{"id":3968,"date":"2022-01-26T10:49:02","date_gmt":"2022-01-26T02:49:02","guid":{"rendered":"https:\/\/www.ketegroup.com\/?page_id=3968"},"modified":"2022-01-27T09:54:52","modified_gmt":"2022-01-27T01:54:52","slug":"industry-insight","status":"publish","type":"page","link":"https:\/\/www.ketegroup.com\/tr\/bloglar\/endustri%cc%87-i%cc%87cgorusu\/","title":{"rendered":"Sekt\u00f6r \u0130\u00e7g\u00f6r\u00fcs\u00fc"},"content":{"rendered":"<div data-elementor-type=\"wp-page\" data-elementor-id=\"3968\" class=\"elementor elementor-3968\">\n\t\t\t\t\t\t<section class=\"elementor-section elementor-top-section elementor-element elementor-element-72d68c10 elementor-section-boxed elementor-section-height-default elementor-section-height-default\" data-id=\"72d68c10\" data-element_type=\"section\" data-settings=\"{&quot;background_background&quot;:&quot;classic&quot;}\">\n\t\t\t\t\t\t<div class=\"elementor-container elementor-column-gap-default\">\n\t\t\t\t\t<div class=\"elementor-column elementor-col-100 elementor-top-column elementor-element elementor-element-59ebb738\" data-id=\"59ebb738\" data-element_type=\"column\">\n\t\t\t<div class=\"elementor-widget-wrap elementor-element-populated\">\n\t\t\t\t\t\t<div class=\"elementor-element elementor-element-569ed1a0 elementor-widget elementor-widget-menu-anchor\" data-id=\"569ed1a0\" data-element_type=\"widget\" data-widget_type=\"menu-anchor.default\">\n\t\t\t\t<div class=\"elementor-widget-container\">\n\t\t\t\t\t<div class=\"elementor-menu-anchor\" id=\"01\"><\/div>\n\t\t\t\t<\/div>\n\t\t\t\t<\/div>\n\t\t\t\t<div class=\"elementor-element elementor-element-23c71bb1 elementor-widget elementor-widget-heading\" data-id=\"23c71bb1\" data-element_type=\"widget\" data-widget_type=\"heading.default\">\n\t\t\t\t<div class=\"elementor-widget-container\">\n\t\t\t<h1 class=\"elementor-heading-title elementor-size-default\">Bloglar<\/h1>\t\t<\/div>\n\t\t\t\t<\/div>\n\t\t\t\t<div class=\"elementor-element elementor-element-7b43f620 elementor-widget elementor-widget-text-editor\" data-id=\"7b43f620\" data-element_type=\"widget\" data-widget_type=\"text-editor.default\">\n\t\t\t\t<div class=\"elementor-widget-container\">\n\t\t\t\t\t\t\t<p>Sizlerle en son sekt\u00f6r trendlerini payla\u015f\u0131yor, esnek ambalaj makineleri ve bask\u0131 makineleri ile ilgili t\u00fcm sorular\u0131n\u0131z\u0131 \u00e7\u00f6zmeye \u00e7al\u0131\u015f\u0131yoruz.<\/p><p>Sekt\u00f6rdeki ve KETE'deki yeniliklerden haberdar olmak i\u00e7in bloglar\u0131m\u0131z\u0131 okuyun.<\/p>\t\t\t\t\t\t<\/div>\n\t\t\t\t<\/div>\n\t\t\t\t\t<\/div>\n\t\t<\/div>\n\t\t\t\t\t<\/div>\n\t\t<\/section>\n\t\t\t\t<section class=\"elementor-section elementor-top-section elementor-element elementor-element-75090c20 elementor-section-boxed elementor-section-height-default elementor-section-height-default\" data-id=\"75090c20\" data-element_type=\"section\">\n\t\t\t\t\t\t<div class=\"elementor-container elementor-column-gap-default\">\n\t\t\t\t\t<div class=\"elementor-column elementor-col-100 elementor-top-column elementor-element elementor-element-28e01e0a\" data-id=\"28e01e0a\" data-element_type=\"column\">\n\t\t\t<div class=\"elementor-widget-wrap elementor-element-populated\">\n\t\t\t\t\t\t<div class=\"elementor-element elementor-element-1893a8be elementor-widget elementor-widget-MML Breadcrumbs\" data-id=\"1893a8be\" data-element_type=\"widget\" data-settings=\"{&quot;breadcrumbs_type&quot;:&quot;post_type&quot;}\" data-widget_type=\"MML Breadcrumbs.default\">\n\t\t\t\t<div class=\"elementor-widget-container\">\n\t\t\t<ul class=\"pp-breadcrumbs pp-breadcrumbs-powerpack\">        <li class=\"pp-breadcrumbs-item pp-breadcrumbs-item-home\">\n            <a class=\"pp-breadcrumbs-crumb pp-breadcrumbs-crumb-link pp-breadcrumbs-crumb-home\" href=\"https:\/\/www.ketegroup.com\/tr\" title=\"Ev\">\n\t\t\t\t<span class=\"pp-breadcrumbs-text\">\n\t\t\t\t\t                    Ev\t\t\t\t<\/span>\n            <\/a>\n        <\/li>\n        <li class=\"pp-breadcrumbs-separator\">                <span class='pp-separator-icon pp-icon'>\n\t\t\t\t\t<i aria-hidden=\"true\" class=\"fas fa-angle-right\"><\/i>\t\t\t\t<\/span>\n                <\/li><\/ul>\t\t<\/div>\n\t\t\t\t<\/div>\n\t\t\t\t\t<\/div>\n\t\t<\/div>\n\t\t\t\t\t<\/div>\n\t\t<\/section>\n\t\t\t\t<section class=\"elementor-section elementor-top-section elementor-element elementor-element-24639120 elementor-section-boxed elementor-section-height-default elementor-section-height-default\" data-id=\"24639120\" data-element_type=\"section\">\n\t\t\t\t\t\t<div class=\"elementor-container elementor-column-gap-default\">\n\t\t\t\t\t<div class=\"elementor-column elementor-col-50 elementor-top-column elementor-element elementor-element-72693ff3 elementor-hidden-tablet elementor-hidden-mobile\" data-id=\"72693ff3\" data-element_type=\"column\">\n\t\t\t<div class=\"elementor-widget-wrap elementor-element-populated\">\n\t\t\t\t\t\t<div class=\"elementor-element elementor-element-1308d667 elementor-widget elementor-widget-shortcode\" data-id=\"1308d667\" data-element_type=\"widget\" data-settings=\"{&quot;sticky&quot;:&quot;top&quot;,&quot;sticky_offset&quot;:100,&quot;sticky_parent&quot;:&quot;yes&quot;,&quot;sticky_on&quot;:[&quot;desktop&quot;,&quot;tablet&quot;,&quot;mobile&quot;],&quot;sticky_effects_offset&quot;:0}\" data-widget_type=\"shortcode.default\">\n\t\t\t\t<div class=\"elementor-widget-container\">\n\t\t\t\t\t<div class=\"elementor-shortcode\"><div class=\"blog-sidebar\">\n    <div class=\"title-wrap\">\n        <h2>Kategoriler<\/h2>\n    <\/div>\n    <ul>\n        <li class=\"active\">\n            <a href=\"\/tr\/bloglar\/\">\n                <i class=\"fas fa-dot-circle\"><\/i>\n                <span>T\u00fcm\u00fc<\/span>\n            <\/a>\n        <\/li>\n                <li class=\"\">\n            <a href=\"https:\/\/www.ketegroup.com\/tr\/category\/flekso-baski-maki%cc%87neleri%cc%87\/\">\n                <i class=\"fas fa-dot-circle\"><\/i>\n                <span>Flekso Bask\u0131 Makineleri<\/span>\n            <\/a>\n        <\/li>\n                <li class=\"\">\n            <a href=\"https:\/\/www.ketegroup.com\/tr\/category\/isiyla-daralan-paketleme-makineleri\/\">\n                <i class=\"fas fa-dot-circle\"><\/i>\n                <span>Is\u0131yla Daralan Paketleme Makineleri<\/span>\n            <\/a>\n        <\/li>\n                <li class=\"\">\n            <a href=\"https:\/\/www.ketegroup.com\/tr\/category\/endustri%cc%87-i%cc%87cgorusu\/\">\n                <i class=\"fas fa-dot-circle\"><\/i>\n                <span>Sekt\u00f6r \u0130\u00e7g\u00f6r\u00fcs\u00fc<\/span>\n            <\/a>\n        <\/li>\n                <li class=\"\">\n            <a href=\"https:\/\/www.ketegroup.com\/tr\/category\/eti%cc%87ket-baski-maki%cc%87neleri%cc%87\/\">\n                <i class=\"fas fa-dot-circle\"><\/i>\n                <span>Etiket Bask\u0131 Makineleri<\/span>\n            <\/a>\n        <\/li>\n                <li class=\"\">\n            <a href=\"https:\/\/www.ketegroup.com\/tr\/category\/dokuma-olmayan-torba-yapma-maki%cc%87neleri%cc%87\/\">\n                <i class=\"fas fa-dot-circle\"><\/i>\n                <span>Dokumas\u0131z \u00c7anta Yapma Makineleri<\/span>\n            <\/a>\n        <\/li>\n                <li class=\"\">\n            <a href=\"https:\/\/www.ketegroup.com\/tr\/category\/packaging-machines\/\">\n                <i class=\"fas fa-dot-circle\"><\/i>\n                <span>Paketleme Makineleri<\/span>\n            <\/a>\n        <\/li>\n                <li class=\"\">\n            <a href=\"https:\/\/www.ketegroup.com\/tr\/category\/kagit-torba-yapim-maki%cc%87neleri%cc%87\/\">\n                <i class=\"fas fa-dot-circle\"><\/i>\n                <span>Ka\u011f\u0131t Torba Yapma Makineleri<\/span>\n            <\/a>\n        <\/li>\n                <li class=\"\">\n            <a href=\"https:\/\/www.ketegroup.com\/tr\/category\/kagit-urun-maki%cc%87neleri%cc%87\/\">\n                <i class=\"fas fa-dot-circle\"><\/i>\n                <span>Ka\u011f\u0131t \u00dcr\u00fcn Makineleri<\/span>\n            <\/a>\n        <\/li>\n                <li class=\"\">\n            <a href=\"https:\/\/www.ketegroup.com\/tr\/category\/plasti%cc%87k-torba-yapim-maki%cc%87neleri%cc%87\/\">\n                <i class=\"fas fa-dot-circle\"><\/i>\n                <span>Plastik Po\u015fet Yapma Makineleri<\/span>\n            <\/a>\n        <\/li>\n                <li class=\"\">\n            <a href=\"https:\/\/www.ketegroup.com\/tr\/category\/poset-yapma-maki%cc%87neleri%cc%87\/\">\n                <i class=\"fas fa-dot-circle\"><\/i>\n                <span>Po\u015fet Yapma Makineleri<\/span>\n            <\/a>\n        <\/li>\n                <li class=\"\">\n            <a href=\"https:\/\/www.ketegroup.com\/tr\/category\/recent-blogs\/\">\n                <i class=\"fas fa-dot-circle\"><\/i>\n                <span>Son Bloglar<\/span>\n            <\/a>\n        <\/li>\n                <li class=\"\">\n            <a href=\"https:\/\/www.ketegroup.com\/tr\/category\/rotogravur-baski-makineleri\/\">\n                <i class=\"fas fa-dot-circle\"><\/i>\n                <span>Rotograv\u00fcr Bask\u0131 Makineleri<\/span>\n            <\/a>\n        <\/li>\n                <li class=\"\">\n            <a href=\"https:\/\/www.ketegroup.com\/tr\/category\/dilme-makineleri\/\">\n                <i class=\"fas fa-dot-circle\"><\/i>\n                <span>Dilme Makineleri<\/span>\n            <\/a>\n        <\/li>\n                <li class=\"\">\n            <a href=\"https:\/\/www.ketegroup.com\/tr\/category\/uncategorized\/\">\n                <i class=\"fas fa-dot-circle\"><\/i>\n                <span>Uncategorized<\/span>\n            <\/a>\n        <\/li>\n                <li class=\"\">\n            <a href=\"https:\/\/www.ketegroup.com\/tr\/category\/sarap-kapsul-maki%cc%87neleri%cc%87\/\">\n                <i class=\"fas fa-dot-circle\"><\/i>\n                <span>\u015earap Kaps\u00fcl Makineleri<\/span>\n            <\/a>\n        <\/li>\n            <\/ul>\n<\/div>\n<\/div>\n\t\t\t\t<\/div>\n\t\t\t\t<\/div>\n\t\t\t\t\t<\/div>\n\t\t<\/div>\n\t\t\t\t<div class=\"elementor-column elementor-col-50 elementor-top-column elementor-element elementor-element-5b289a1f\" data-id=\"5b289a1f\" data-element_type=\"column\">\n\t\t\t<div class=\"elementor-widget-wrap elementor-element-populated\">\n\t\t\t\t\t\t<div class=\"elementor-element elementor-element-76d957c8 elementor-grid-1 elementor-grid-tablet-1 elementor-grid-mobile-1 pp-search-form-icon pp-posts-image-stack-mobile pp-post-thumbnail-align-left elementor-widget elementor-widget-pp-posts\" data-id=\"76d957c8\" data-element_type=\"widget\" data-settings=\"{&quot;news_columns&quot;:&quot;1&quot;,&quot;news_show_ajax_search_form&quot;:&quot;yes&quot;,&quot;news_columns_tablet&quot;:&quot;1&quot;,&quot;news_columns_mobile&quot;:&quot;1&quot;}\" data-widget_type=\"pp-posts.news\">\n\t\t\t\t<div class=\"elementor-widget-container\">\n\t\t\t\t\t<div class=\"pp-post-filters-container\" data-search-form=\"show\" data-search-action=\"button-click\">\n\t\t\t\t\t\t\t\t<div class=\"pp-search-form-container\">\n\t\t\t<div class=\"pp-search-form\">\n\t\t\t\t<input placeholder=\"Arama...\" class=\"pp-search-form-input\" type=\"search\" name=\"s\" title=\"Arama\">\n\t\t\t\t<button class=\"pp-search-form-submit\" type=\"submit\" title=\"Arama\" aria-label=\"Arama\">\n\t\t\t\t\t\t\t\t\t\t\t<i class=\"fa fa-search\" aria-hidden=\"true\"><\/i>\n\t\t\t\t\t\t<span class=\"elementor-screen-only\">Arama<\/span>\n\t\t\t\t\t\t\t\t\t<\/button>\n\t\t\t<\/div>\n\t\t<\/div>\n\t\t\t\t<\/div>\n\t\t\t\t<div class=\"pp-posts-container\">\n\t\t\t\n\t\t\t\t\t\t\t\t\t\t\n\t\t\t<div class=\"pp-posts pp-posts-skin-news elementor-grid pp-posts-grid\" data-query-type=\"custom\" data-layout=\"grid\" data-page=\"3968\" data-skin=\"news\">\n\t\t\t\t\t\t\t\t\t\t\t<div class=\"pp-post-wrap pp-grid-item-wrap elementor-grid-item post-28155 post type-post status-publish format-standard has-post-thumbnail hentry category-industry-insight\">\n\t\t\t\t\t\t<div class=\"pp-post pp-grid-item\">\n\t\t\t\t\t\t<div class=\"pp-post-thumbnail\">\n\t\t\t<a class=\"pp-post-thumbnail-wrap\" href=\"https:\/\/www.ketegroup.com\/tr\/korona-tedavi%cc%87si%cc%87-nedi%cc%87r\/\" title=\"\u00dcst\u00fcn Yap\u0131\u015fma Sa\u011flay\u0131n: Bask\u0131 ve Ambalaj i\u00e7in Korona \u0130\u015flemi Nedir?\">\n\t\t\t\t<img fetchpriority=\"high\" decoding=\"async\" width=\"1024\" height=\"768\" src=\"https:\/\/www.ketegroup.com\/wp-content\/uploads\/2025\/07\/corona-treatment-1.webp\" class=\"attachment-large size-large wp-image-28154\" alt=\"korona tedavi\u0307si\u0307 1\" srcset=\"https:\/\/www.ketegroup.com\/wp-content\/uploads\/2025\/07\/corona-treatment-1.webp 1024w, https:\/\/www.ketegroup.com\/wp-content\/uploads\/2025\/07\/corona-treatment-1-16x12.webp 16w\" sizes=\"(max-width: 1024px) 100vw, 1024px\" \/>\t\t\t<\/a>\n\t\t<\/div>\n\t\t\t\t\t\t<div class=\"pp-post-content\">\n\t\t\t\t\t\t\t\t\t\t\t<h3 class=\"pp-post-title\">\n\t\t\t\t<a href=\"https:\/\/www.ketegroup.com\/tr\/korona-tedavi%cc%87si%cc%87-nedi%cc%87r\/\">\u00dcst\u00fcn Yap\u0131\u015fma Sa\u011flay\u0131n: Bask\u0131 ve Ambalaj i\u00e7in Korona \u0130\u015flemi Nedir?<\/a>\t\t\t<\/h3>\n\t\t\t\t\t\t\t\t\t<div class=\"pp-post-meta\">\n\t\t\t\t\t\t\t\t<span class=\"pp-post-date\">\n\t\t\t\t\t\t<span class=\"pp-meta-text\">\n\t\t\t\t31 Temmuz 2025\t\t\t<\/span>\n\t\t<\/span>\n\t\t<span class=\"pp-meta-separator\"><\/span>\n\t\t\t\t\t\t\t<\/div>\n\t\t\t\t\t\t\t<div class=\"pp-post-excerpt\">\n\t\t\t<p>\u00dcr\u00fcnlerin kalitesi ve \u00fcretimin verimlili\u011fi, modern bask\u0131 ve ambalajlamada ba\u015far\u0131n\u0131n anahtar\u0131d\u0131r. \u0130nert y\u00fczeyler, plastik filmler gibi bir\u00e7ok yayg\u0131n malzemede do\u011fal olarak mevcuttur, ...<\/p>\n\t\t<\/div>\n\t\t\t\t\t\t\t\t<\/div>\n\t\t\t<\/div>\n\t\t\t\t\t<\/div>\n\t\t\t\t<div class=\"pp-post-wrap pp-grid-item-wrap elementor-grid-item post-28150 post type-post status-publish format-standard has-post-thumbnail hentry category-industry-insight\">\n\t\t\t\t\t\t<div class=\"pp-post pp-grid-item\">\n\t\t\t\t\t\t<div class=\"pp-post-thumbnail\">\n\t\t\t<a class=\"pp-post-thumbnail-wrap\" href=\"https:\/\/www.ketegroup.com\/tr\/i%cc%87s-dunyasi-i%cc%87ci%cc%87n-surdurulebi%cc%87li%cc%87r-baski-yontemleri%cc%87\/\" title=\"\u0130\u015fletmeniz i\u00e7in S\u00fcrd\u00fcr\u00fclebilir Bask\u0131 Y\u00f6ntemlerine Derinlemesine Bir Bak\u0131\u015f\">\n\t\t\t\t<img decoding=\"async\" width=\"1024\" height=\"768\" src=\"https:\/\/www.ketegroup.com\/wp-content\/uploads\/2025\/07\/sustainable-printing-methods-3.webp\" class=\"attachment-large size-large wp-image-28149\" alt=\"s\u00fcrd\u00fcr\u00fclebi\u0307li\u0307r baski y\u00f6ntemleri\u0307 3\" srcset=\"https:\/\/www.ketegroup.com\/wp-content\/uploads\/2025\/07\/sustainable-printing-methods-3.webp 1024w, https:\/\/www.ketegroup.com\/wp-content\/uploads\/2025\/07\/sustainable-printing-methods-3-16x12.webp 16w\" sizes=\"(max-width: 1024px) 100vw, 1024px\" \/>\t\t\t<\/a>\n\t\t<\/div>\n\t\t\t\t\t\t<div class=\"pp-post-content\">\n\t\t\t\t\t\t\t\t\t\t\t<h3 class=\"pp-post-title\">\n\t\t\t\t<a href=\"https:\/\/www.ketegroup.com\/tr\/i%cc%87s-dunyasi-i%cc%87ci%cc%87n-surdurulebi%cc%87li%cc%87r-baski-yontemleri%cc%87\/\">\u0130\u015fletmeniz i\u00e7in S\u00fcrd\u00fcr\u00fclebilir Bask\u0131 Y\u00f6ntemlerine Derinlemesine Bir Bak\u0131\u015f<\/a>\t\t\t<\/h3>\n\t\t\t\t\t\t\t\t\t<div class=\"pp-post-meta\">\n\t\t\t\t\t\t\t\t<span class=\"pp-post-date\">\n\t\t\t\t\t\t<span class=\"pp-meta-text\">\n\t\t\t\t31 Temmuz 2025\t\t\t<\/span>\n\t\t<\/span>\n\t\t<span class=\"pp-meta-separator\"><\/span>\n\t\t\t\t\t\t\t<\/div>\n\t\t\t\t\t\t\t<div class=\"pp-post-excerpt\">\n\t\t\t<p>Dinamik i\u015f ortam\u0131 s\u00fcrd\u00fcr\u00fclebilirlik konusunda bir se\u00e7enek sunmamaktad\u0131r. Kurumsal sorumluluk ve pazardaki rekabet g\u00fcc\u00fc i\u00e7in temel \u00f6nemdedir. Bask\u0131 end\u00fcstrisinde s\u00fcrd\u00fcr\u00fclebilir bask\u0131 \u00e7ok ...<\/p>\n\t\t<\/div>\n\t\t\t\t\t\t\t\t<\/div>\n\t\t\t<\/div>\n\t\t\t\t\t<\/div>\n\t\t\t\t<div class=\"pp-post-wrap pp-grid-item-wrap elementor-grid-item post-15677 post type-post status-publish format-standard has-post-thumbnail hentry category-industry-insight\">\n\t\t\t\t\t\t<div class=\"pp-post pp-grid-item\">\n\t\t\t\t\t\t<div class=\"pp-post-thumbnail\">\n\t\t\t<a class=\"pp-post-thumbnail-wrap\" href=\"https:\/\/www.ketegroup.com\/tr\/web-donusturme-sureci\/\" title=\"Web D\u00f6n\u00fc\u015ft\u00fcrme 101: D\u00f6n\u00fc\u015ft\u00fcrme Sekt\u00f6r\u00fc Hakk\u0131nda Bilmeniz Gereken Her \u015eey\">\n\t\t\t\t<img decoding=\"async\" width=\"1024\" height=\"768\" src=\"https:\/\/www.ketegroup.com\/wp-content\/uploads\/2024\/10\/Die-Cutting-Processes.webp\" class=\"attachment-large size-large wp-image-15679\" alt=\"Kal\u0131p Kesim \u0130\u015flemleri\" \/>\t\t\t<\/a>\n\t\t<\/div>\n\t\t\t\t\t\t<div class=\"pp-post-content\">\n\t\t\t\t\t\t\t\t\t\t\t<h3 class=\"pp-post-title\">\n\t\t\t\t<a href=\"https:\/\/www.ketegroup.com\/tr\/web-donusturme-sureci\/\">Web D\u00f6n\u00fc\u015ft\u00fcrme 101: D\u00f6n\u00fc\u015ft\u00fcrme Sekt\u00f6r\u00fc Hakk\u0131nda Bilmeniz Gereken Her \u015eey<\/a>\t\t\t<\/h3>\n\t\t\t\t\t\t\t\t\t<div class=\"pp-post-meta\">\n\t\t\t\t\t\t\t\t<span class=\"pp-post-date\">\n\t\t\t\t\t\t<span class=\"pp-meta-text\">\n\t\t\t\t8 Ekim 2024\t\t\t<\/span>\n\t\t<\/span>\n\t\t<span class=\"pp-meta-separator\"><\/span>\n\t\t\t\t\t\t\t<\/div>\n\t\t\t\t\t\t\t<div class=\"pp-post-excerpt\">\n\t\t\t<p>Son birka\u00e7 y\u0131lda, d\u00f6n\u00fc\u015ft\u00fcrme end\u00fcstrisi modern \u00fcretim d\u00fcnyas\u0131n\u0131n en \u00f6nemli unsurlar\u0131ndan biri olarak ortaya \u00e7\u0131km\u0131\u015ft\u0131r. Sekt\u00f6r, web d\u00f6n\u00fc\u015ft\u00fcrme ile dinamik bir ...<\/p>\n\t\t<\/div>\n\t\t\t\t\t\t\t\t<\/div>\n\t\t\t<\/div>\n\t\t\t\t\t<\/div>\n\t\t\t\t<div class=\"pp-post-wrap pp-grid-item-wrap elementor-grid-item post-14885 post type-post status-publish format-standard has-post-thumbnail hentry category-industry-insight\">\n\t\t\t\t\t\t<div class=\"pp-post pp-grid-item\">\n\t\t\t\t\t\t<div class=\"pp-post-thumbnail\">\n\t\t\t<a class=\"pp-post-thumbnail-wrap\" href=\"https:\/\/www.ketegroup.com\/tr\/gida-ambalaj-malzemesi\/\" title=\"Pop\u00fcler G\u0131da Ambalaj Malzemelerinin Kar\u015f\u0131la\u015ft\u0131r\u0131lmas\u0131: Art\u0131lar\u0131 ve Eksileri\">\n\t\t\t\t<img loading=\"lazy\" decoding=\"async\" width=\"1024\" height=\"768\" src=\"https:\/\/www.ketegroup.com\/wp-content\/uploads\/2023\/12\/4kraft-paper-packaging.webp\" class=\"attachment-large size-large wp-image-11754\" alt=\"kraft ka\u011f\u0131t ambalaj\" \/>\t\t\t<\/a>\n\t\t<\/div>\n\t\t\t\t\t\t<div class=\"pp-post-content\">\n\t\t\t\t\t\t\t\t\t\t\t<h3 class=\"pp-post-title\">\n\t\t\t\t<a href=\"https:\/\/www.ketegroup.com\/tr\/gida-ambalaj-malzemesi\/\">Pop\u00fcler G\u0131da Ambalaj Malzemelerinin Kar\u015f\u0131la\u015ft\u0131r\u0131lmas\u0131: Art\u0131lar\u0131 ve Eksileri<\/a>\t\t\t<\/h3>\n\t\t\t\t\t\t\t\t\t<div class=\"pp-post-meta\">\n\t\t\t\t\t\t\t\t<span class=\"pp-post-date\">\n\t\t\t\t\t\t<span class=\"pp-meta-text\">\n\t\t\t\t19 Eyl\u00fcl 2024\t\t\t<\/span>\n\t\t<\/span>\n\t\t<span class=\"pp-meta-separator\"><\/span>\n\t\t\t\t\t\t\t<\/div>\n\t\t\t\t\t\t\t<div class=\"pp-post-excerpt\">\n\t\t\t<p>G\u00fcn\u00fcm\u00fcz\u00fcn h\u0131zl\u0131 tempolu d\u00fcnyas\u0131nda g\u0131da ambalaj malzemelerinin \u00f6nemi yads\u0131namaz. Bir an i\u00e7in bir markete girdi\u011finizi ve hemen hemen t\u00fcm ma\u011faza raflar\u0131n\u0131 g\u00f6rd\u00fc\u011f\u00fcn\u00fcz\u00fc hayal edin ...<\/p>\n\t\t<\/div>\n\t\t\t\t\t\t\t\t<\/div>\n\t\t\t<\/div>\n\t\t\t\t\t<\/div>\n\t\t\t\t<div class=\"pp-post-wrap pp-grid-item-wrap elementor-grid-item post-14868 post type-post status-publish format-standard has-post-thumbnail hentry category-industry-insight\">\n\t\t\t\t\t\t<div class=\"pp-post pp-grid-item\">\n\t\t\t\t\t\t<div class=\"pp-post-thumbnail\">\n\t\t\t<a class=\"pp-post-thumbnail-wrap\" href=\"https:\/\/www.ketegroup.com\/tr\/esnek-ambalaj-turleri-kilavuzu\/\" title=\"Farkl\u0131 Esnek Ambalaj T\u00fcrlerini Ke\u015ffetmek: Kapsaml\u0131 Bir K\u0131lavuz\">\n\t\t\t\t<img loading=\"lazy\" decoding=\"async\" width=\"1024\" height=\"768\" src=\"https:\/\/www.ketegroup.com\/wp-content\/uploads\/2024\/09\/image-21.webp\" class=\"attachment-large size-large wp-image-14869\" alt=\"esnek ambalaj t\u00fcrleri\u0307\" \/>\t\t\t<\/a>\n\t\t<\/div>\n\t\t\t\t\t\t<div class=\"pp-post-content\">\n\t\t\t\t\t\t\t\t\t\t\t<h3 class=\"pp-post-title\">\n\t\t\t\t<a href=\"https:\/\/www.ketegroup.com\/tr\/esnek-ambalaj-turleri-kilavuzu\/\">Farkl\u0131 Esnek Ambalaj T\u00fcrlerini Ke\u015ffetmek: Kapsaml\u0131 Bir K\u0131lavuz<\/a>\t\t\t<\/h3>\n\t\t\t\t\t\t\t\t\t<div class=\"pp-post-meta\">\n\t\t\t\t\t\t\t\t<span class=\"pp-post-date\">\n\t\t\t\t\t\t<span class=\"pp-meta-text\">\n\t\t\t\t19 Eyl\u00fcl 2024\t\t\t<\/span>\n\t\t<\/span>\n\t\t<span class=\"pp-meta-separator\"><\/span>\n\t\t\t\t\t\t\t<\/div>\n\t\t\t\t\t\t\t<div class=\"pp-post-excerpt\">\n\t\t\t<p>Esnek Ambalaj Nedir? Esnek ambalaj, esnek maddeler kullanan bir ambalajlama y\u00f6ntemi olarak tan\u0131mlan\u0131r. Bu, daha uyarlanabilir ve yarat\u0131c\u0131 paket tasar\u0131mlar\u0131na sahip olmas\u0131n\u0131 sa\u011flar. Bunlar \u015funlar olabilir...<\/p>\n\t\t<\/div>\n\t\t\t\t\t\t\t\t<\/div>\n\t\t\t<\/div>\n\t\t\t\t\t<\/div>\n\t\t\t\t\t\t\t\t\t<\/div>\n\t\t\t\n\t\t\t\n\t\t\t\n\t\t\t\n\t\t\t\t\t\t\t\t\t\t\t<div class=\"pp-posts-pagination-wrap pp-posts-pagination-bottom\">\n\t\t\t\t\t\t\t\t\t<\/div>\n\t\t\t\t\t\t\t\t\t<\/div>\n\n\t\t\n\t\t\t\t<\/div>\n\t\t\t\t<\/div>\n\t\t\t\t\t<\/div>\n\t\t<\/div>\n\t\t\t\t\t<\/div>\n\t\t<\/section>\n\t\t\t\t<\/div>","protected":false},"excerpt":{"rendered":"<p>Bloglar Sizlerle en son sekt\u00f6r trendlerini payla\u015f\u0131yor, esnek ambalaj makineleri ve bask\u0131 makineleri ile ilgili t\u00fcm sorular\u0131n\u0131z\u0131 \u00e7\u00f6zmeye \u00e7al\u0131\u015f\u0131yoruz. Sekt\u00f6rdeki ve KETE'deki yeniliklerden haberdar olmak i\u00e7in bloglar\u0131m\u0131z\u0131 okuyun. Anasayfa Arama Blog \u0130sim 14 24 Eyl\u00fcl 2021 Lorem ipsum Lorem ipsum dolor amet locavore prism [...]<\/p>","protected":false},"author":2,"featured_media":0,"parent":47,"menu_order":0,"comment_status":"closed","ping_status":"closed","template":"","meta":{"_seopress_robots_primary_cat":"0","_seopress_titles_title":"","_seopress_titles_desc":"","_seopress_robots_index":"","footnotes":""},"class_list":["post-3968","page","type-page","status-publish","hentry"],"_links":{"self":[{"href":"https:\/\/www.ketegroup.com\/tr\/wp-json\/wp\/v2\/pages\/3968","targetHints":{"allow":["GET"]}}],"collection":[{"href":"https:\/\/www.ketegroup.com\/tr\/wp-json\/wp\/v2\/pages"}],"about":[{"href":"https:\/\/www.ketegroup.com\/tr\/wp-json\/wp\/v2\/types\/page"}],"author":[{"embeddable":true,"href":"https:\/\/www.ketegroup.com\/tr\/wp-json\/wp\/v2\/users\/2"}],"replies":[{"embeddable":true,"href":"https:\/\/www.ketegroup.com\/tr\/wp-json\/wp\/v2\/comments?post=3968"}],"version-history":[{"count":0,"href":"https:\/\/www.ketegroup.com\/tr\/wp-json\/wp\/v2\/pages\/3968\/revisions"}],"up":[{"embeddable":true,"href":"https:\/\/www.ketegroup.com\/tr\/wp-json\/wp\/v2\/pages\/47"}],"wp:attachment":[{"href":"https:\/\/www.ketegroup.com\/tr\/wp-json\/wp\/v2\/media?parent=3968"}],"curies":[{"name":"wp","href":"https:\/\/api.w.org\/{rel}","templated":true}]}}