{"id":3967,"date":"2022-01-26T10:49:02","date_gmt":"2022-01-26T02:49:02","guid":{"rendered":"https:\/\/www.ketegroup.com\/?page_id=3967"},"modified":"2022-07-27T06:51:58","modified_gmt":"2022-07-26T22:51:58","slug":"heat-shrink-packaging-machines","status":"publish","type":"page","link":"https:\/\/www.ketegroup.com\/tr\/bloglar\/isiyla-daralan-paketleme-makineleri\/","title":{"rendered":"Is\u0131yla Daralan Paketleme Makineleri"},"content":{"rendered":"<div data-elementor-type=\"wp-page\" data-elementor-id=\"3967\" class=\"elementor elementor-3967\">\n\t\t\t\t\t\t<section class=\"elementor-section elementor-top-section elementor-element elementor-element-5bb21af elementor-section-boxed elementor-section-height-default elementor-section-height-default\" data-id=\"5bb21af\" data-element_type=\"section\" data-settings=\"{&quot;background_background&quot;:&quot;classic&quot;}\">\n\t\t\t\t\t\t<div class=\"elementor-container elementor-column-gap-default\">\n\t\t\t\t\t<div class=\"elementor-column elementor-col-100 elementor-top-column elementor-element elementor-element-2a552eb0\" data-id=\"2a552eb0\" data-element_type=\"column\">\n\t\t\t<div class=\"elementor-widget-wrap elementor-element-populated\">\n\t\t\t\t\t\t<div class=\"elementor-element elementor-element-2400e261 elementor-widget elementor-widget-menu-anchor\" data-id=\"2400e261\" data-element_type=\"widget\" data-widget_type=\"menu-anchor.default\">\n\t\t\t\t<div class=\"elementor-widget-container\">\n\t\t\t\t\t<div class=\"elementor-menu-anchor\" id=\"01\"><\/div>\n\t\t\t\t<\/div>\n\t\t\t\t<\/div>\n\t\t\t\t<div class=\"elementor-element elementor-element-7174b3b2 elementor-widget elementor-widget-heading\" data-id=\"7174b3b2\" data-element_type=\"widget\" data-widget_type=\"heading.default\">\n\t\t\t\t<div class=\"elementor-widget-container\">\n\t\t\t<h1 class=\"elementor-heading-title elementor-size-default\">Bloglar<\/h1>\t\t<\/div>\n\t\t\t\t<\/div>\n\t\t\t\t<div class=\"elementor-element elementor-element-5354ebd5 elementor-widget elementor-widget-text-editor\" data-id=\"5354ebd5\" data-element_type=\"widget\" data-widget_type=\"text-editor.default\">\n\t\t\t\t<div class=\"elementor-widget-container\">\n\t\t\t\t\t\t\t<p>Sizlerle en son sekt\u00f6r trendlerini payla\u015f\u0131yor, esnek ambalaj makineleri ve bask\u0131 makineleri ile ilgili t\u00fcm sorular\u0131n\u0131z\u0131 \u00e7\u00f6zmeye \u00e7al\u0131\u015f\u0131yoruz.<\/p><p>Sekt\u00f6rdeki ve KETE'deki yeniliklerden haberdar olmak i\u00e7in bloglar\u0131m\u0131z\u0131 okuyun.<\/p>\t\t\t\t\t\t<\/div>\n\t\t\t\t<\/div>\n\t\t\t\t\t<\/div>\n\t\t<\/div>\n\t\t\t\t\t<\/div>\n\t\t<\/section>\n\t\t\t\t<section class=\"elementor-section elementor-top-section elementor-element elementor-element-410a026e elementor-section-boxed elementor-section-height-default elementor-section-height-default\" data-id=\"410a026e\" data-element_type=\"section\">\n\t\t\t\t\t\t<div class=\"elementor-container elementor-column-gap-default\">\n\t\t\t\t\t<div class=\"elementor-column elementor-col-100 elementor-top-column elementor-element elementor-element-5c37e179\" data-id=\"5c37e179\" data-element_type=\"column\">\n\t\t\t<div class=\"elementor-widget-wrap elementor-element-populated\">\n\t\t\t\t\t\t<div class=\"elementor-element elementor-element-12f8cb8a elementor-widget elementor-widget-MML Breadcrumbs\" data-id=\"12f8cb8a\" data-element_type=\"widget\" data-settings=\"{&quot;breadcrumbs_type&quot;:&quot;post_type&quot;}\" data-widget_type=\"MML Breadcrumbs.default\">\n\t\t\t\t<div class=\"elementor-widget-container\">\n\t\t\t<ul class=\"pp-breadcrumbs pp-breadcrumbs-powerpack\">        <li class=\"pp-breadcrumbs-item pp-breadcrumbs-item-home\">\n            <a class=\"pp-breadcrumbs-crumb pp-breadcrumbs-crumb-link pp-breadcrumbs-crumb-home\" href=\"https:\/\/www.ketegroup.com\/tr\" title=\"Ev\">\n\t\t\t\t<span class=\"pp-breadcrumbs-text\">\n\t\t\t\t\t                    Ev\t\t\t\t<\/span>\n            <\/a>\n        <\/li>\n        <li class=\"pp-breadcrumbs-separator\">                <span class='pp-separator-icon pp-icon'>\n\t\t\t\t\t<i aria-hidden=\"true\" class=\"fas fa-angle-right\"><\/i>\t\t\t\t<\/span>\n                <\/li><\/ul>\t\t<\/div>\n\t\t\t\t<\/div>\n\t\t\t\t\t<\/div>\n\t\t<\/div>\n\t\t\t\t\t<\/div>\n\t\t<\/section>\n\t\t\t\t<section class=\"elementor-section elementor-top-section elementor-element elementor-element-37ed956e elementor-section-boxed elementor-section-height-default elementor-section-height-default\" data-id=\"37ed956e\" data-element_type=\"section\">\n\t\t\t\t\t\t<div class=\"elementor-container elementor-column-gap-default\">\n\t\t\t\t\t<div class=\"elementor-column elementor-col-50 elementor-top-column elementor-element elementor-element-2cdcc747 elementor-hidden-tablet elementor-hidden-mobile\" data-id=\"2cdcc747\" data-element_type=\"column\">\n\t\t\t<div class=\"elementor-widget-wrap elementor-element-populated\">\n\t\t\t\t\t\t<div class=\"elementor-element elementor-element-28e3f27 elementor-widget elementor-widget-shortcode\" data-id=\"28e3f27\" data-element_type=\"widget\" data-settings=\"{&quot;sticky&quot;:&quot;top&quot;,&quot;sticky_offset&quot;:100,&quot;sticky_parent&quot;:&quot;yes&quot;,&quot;sticky_on&quot;:[&quot;desktop&quot;,&quot;tablet&quot;,&quot;mobile&quot;],&quot;sticky_effects_offset&quot;:0}\" data-widget_type=\"shortcode.default\">\n\t\t\t\t<div class=\"elementor-widget-container\">\n\t\t\t\t\t<div class=\"elementor-shortcode\"><div class=\"blog-sidebar\">\n    <div class=\"title-wrap\">\n        <h2>Kategoriler<\/h2>\n    <\/div>\n    <ul>\n        <li class=\"active\">\n            <a href=\"\/tr\/bloglar\/\">\n                <i class=\"fas fa-dot-circle\"><\/i>\n                <span>T\u00fcm\u00fc<\/span>\n            <\/a>\n        <\/li>\n                <li class=\"\">\n            <a href=\"https:\/\/www.ketegroup.com\/tr\/category\/flekso-baski-maki%cc%87neleri%cc%87\/\">\n                <i class=\"fas fa-dot-circle\"><\/i>\n                <span>Flekso Bask\u0131 Makineleri<\/span>\n            <\/a>\n        <\/li>\n                <li class=\"\">\n            <a href=\"https:\/\/www.ketegroup.com\/tr\/category\/isiyla-daralan-paketleme-makineleri\/\">\n                <i class=\"fas fa-dot-circle\"><\/i>\n                <span>Is\u0131yla Daralan Paketleme Makineleri<\/span>\n            <\/a>\n        <\/li>\n                <li class=\"\">\n            <a href=\"https:\/\/www.ketegroup.com\/tr\/category\/endustri%cc%87-i%cc%87cgorusu\/\">\n                <i class=\"fas fa-dot-circle\"><\/i>\n                <span>Sekt\u00f6r \u0130\u00e7g\u00f6r\u00fcs\u00fc<\/span>\n            <\/a>\n        <\/li>\n                <li class=\"\">\n            <a href=\"https:\/\/www.ketegroup.com\/tr\/category\/eti%cc%87ket-baski-maki%cc%87neleri%cc%87\/\">\n                <i class=\"fas fa-dot-circle\"><\/i>\n                <span>Etiket Bask\u0131 Makineleri<\/span>\n            <\/a>\n        <\/li>\n                <li class=\"\">\n            <a href=\"https:\/\/www.ketegroup.com\/tr\/category\/dokuma-olmayan-torba-yapma-maki%cc%87neleri%cc%87\/\">\n                <i class=\"fas fa-dot-circle\"><\/i>\n                <span>Dokumas\u0131z \u00c7anta Yapma Makineleri<\/span>\n            <\/a>\n        <\/li>\n                <li class=\"\">\n            <a href=\"https:\/\/www.ketegroup.com\/tr\/category\/packaging-machines\/\">\n                <i class=\"fas fa-dot-circle\"><\/i>\n                <span>Paketleme Makineleri<\/span>\n            <\/a>\n        <\/li>\n                <li class=\"\">\n            <a href=\"https:\/\/www.ketegroup.com\/tr\/category\/kagit-torba-yapim-maki%cc%87neleri%cc%87\/\">\n                <i class=\"fas fa-dot-circle\"><\/i>\n                <span>Ka\u011f\u0131t Torba Yapma Makineleri<\/span>\n            <\/a>\n        <\/li>\n                <li class=\"\">\n            <a href=\"https:\/\/www.ketegroup.com\/tr\/category\/kagit-urun-maki%cc%87neleri%cc%87\/\">\n                <i class=\"fas fa-dot-circle\"><\/i>\n                <span>Ka\u011f\u0131t \u00dcr\u00fcn Makineleri<\/span>\n            <\/a>\n        <\/li>\n                <li class=\"\">\n            <a href=\"https:\/\/www.ketegroup.com\/tr\/category\/plasti%cc%87k-torba-yapim-maki%cc%87neleri%cc%87\/\">\n                <i class=\"fas fa-dot-circle\"><\/i>\n                <span>Plastik Po\u015fet Yapma Makineleri<\/span>\n            <\/a>\n        <\/li>\n                <li class=\"\">\n            <a href=\"https:\/\/www.ketegroup.com\/tr\/category\/poset-yapma-maki%cc%87neleri%cc%87\/\">\n                <i class=\"fas fa-dot-circle\"><\/i>\n                <span>Po\u015fet Yapma Makineleri<\/span>\n            <\/a>\n        <\/li>\n                <li class=\"\">\n            <a href=\"https:\/\/www.ketegroup.com\/tr\/category\/recent-blogs\/\">\n                <i class=\"fas fa-dot-circle\"><\/i>\n                <span>Son Bloglar<\/span>\n            <\/a>\n        <\/li>\n                <li class=\"\">\n            <a href=\"https:\/\/www.ketegroup.com\/tr\/category\/rotogravur-baski-makineleri\/\">\n                <i class=\"fas fa-dot-circle\"><\/i>\n                <span>Rotograv\u00fcr Bask\u0131 Makineleri<\/span>\n            <\/a>\n        <\/li>\n                <li class=\"\">\n            <a href=\"https:\/\/www.ketegroup.com\/tr\/category\/dilme-makineleri\/\">\n                <i class=\"fas fa-dot-circle\"><\/i>\n                <span>Dilme Makineleri<\/span>\n            <\/a>\n        <\/li>\n                <li class=\"\">\n            <a href=\"https:\/\/www.ketegroup.com\/tr\/category\/uncategorized\/\">\n                <i class=\"fas fa-dot-circle\"><\/i>\n                <span>Uncategorized<\/span>\n            <\/a>\n        <\/li>\n                <li class=\"\">\n            <a href=\"https:\/\/www.ketegroup.com\/tr\/category\/sarap-kapsul-maki%cc%87neleri%cc%87\/\">\n                <i class=\"fas fa-dot-circle\"><\/i>\n                <span>\u015earap Kaps\u00fcl Makineleri<\/span>\n            <\/a>\n        <\/li>\n            <\/ul>\n<\/div>\n<\/div>\n\t\t\t\t<\/div>\n\t\t\t\t<\/div>\n\t\t\t\t\t<\/div>\n\t\t<\/div>\n\t\t\t\t<div class=\"elementor-column elementor-col-50 elementor-top-column elementor-element elementor-element-23a2af2d\" data-id=\"23a2af2d\" data-element_type=\"column\">\n\t\t\t<div class=\"elementor-widget-wrap elementor-element-populated\">\n\t\t\t\t\t\t<div class=\"elementor-element elementor-element-1ad07edf elementor-grid-1 elementor-grid-tablet-1 elementor-grid-mobile-1 pp-search-form-icon pp-posts-image-stack-mobile pp-post-thumbnail-align-left elementor-widget elementor-widget-pp-posts\" data-id=\"1ad07edf\" data-element_type=\"widget\" data-settings=\"{&quot;news_columns&quot;:&quot;1&quot;,&quot;news_show_ajax_search_form&quot;:&quot;yes&quot;,&quot;news_columns_tablet&quot;:&quot;1&quot;,&quot;news_columns_mobile&quot;:&quot;1&quot;}\" data-widget_type=\"pp-posts.news\">\n\t\t\t\t<div class=\"elementor-widget-container\">\n\t\t\t\t\t<div class=\"pp-post-filters-container\" data-search-form=\"show\" data-search-action=\"button-click\">\n\t\t\t\t\t\t\t\t<div class=\"pp-search-form-container\">\n\t\t\t<div class=\"pp-search-form\">\n\t\t\t\t<input placeholder=\"Arama...\" class=\"pp-search-form-input\" type=\"search\" name=\"s\" title=\"Arama\">\n\t\t\t\t<button class=\"pp-search-form-submit\" type=\"submit\" title=\"Arama\" aria-label=\"Arama\">\n\t\t\t\t\t\t\t\t\t\t\t<i class=\"fa fa-search\" aria-hidden=\"true\"><\/i>\n\t\t\t\t\t\t<span class=\"elementor-screen-only\">Arama<\/span>\n\t\t\t\t\t\t\t\t\t<\/button>\n\t\t\t<\/div>\n\t\t<\/div>\n\t\t\t\t<\/div>\n\t\t\t\t<div class=\"pp-posts-container\">\n\t\t\t\n\t\t\t\t\t\t\t\t\t\t\n\t\t\t<div class=\"pp-posts pp-posts-skin-news elementor-grid pp-posts-grid\" data-query-type=\"custom\" data-layout=\"grid\" data-page=\"3967\" data-skin=\"news\">\n\t\t\t\t\t\t\t\t\t\t\t<div class=\"pp-post-wrap pp-grid-item-wrap elementor-grid-item post-12497 post type-post status-publish format-standard has-post-thumbnail hentry category-heat-shrink-packaging-machines\">\n\t\t\t\t\t\t<div class=\"pp-post pp-grid-item\">\n\t\t\t\t\t\t<div class=\"pp-post-thumbnail\">\n\t\t\t<a class=\"pp-post-thumbnail-wrap\" href=\"https:\/\/www.ketegroup.com\/tr\/is-icin-en-iyi-shrink-ambalaj-makinesi\/\" title=\"\u0130\u015f \u0130htiya\u00e7lar\u0131n\u0131z \u0130\u00e7in En \u0130yi Shrink Wrap Makinesini Se\u00e7me\">\n\t\t\t\t<img fetchpriority=\"high\" decoding=\"async\" width=\"1024\" height=\"768\" src=\"https:\/\/www.ketegroup.com\/wp-content\/uploads\/2024\/04\/types-of-food-packaging5.webp\" class=\"attachment-large size-large wp-image-12342\" alt=\"gida ambalaj t\u00fcrleri\u0307\" \/>\t\t\t<\/a>\n\t\t<\/div>\n\t\t\t\t\t\t<div class=\"pp-post-content\">\n\t\t\t\t\t\t\t\t\t\t\t<h3 class=\"pp-post-title\">\n\t\t\t\t<a href=\"https:\/\/www.ketegroup.com\/tr\/is-icin-en-iyi-shrink-ambalaj-makinesi\/\">\u0130\u015f \u0130htiya\u00e7lar\u0131n\u0131z \u0130\u00e7in En \u0130yi Shrink Wrap Makinesini Se\u00e7me<\/a>\t\t\t<\/h3>\n\t\t\t\t\t\t\t\t\t<div class=\"pp-post-meta\">\n\t\t\t\t\t\t\t\t<span class=\"pp-post-date\">\n\t\t\t\t\t\t<span class=\"pp-meta-text\">\n\t\t\t\t4 Haziran 2024\t\t\t<\/span>\n\t\t<\/span>\n\t\t<span class=\"pp-meta-separator\"><\/span>\n\t\t\t\t\t\t\t<\/div>\n\t\t\t\t\t\t\t<div class=\"pp-post-excerpt\">\n\t\t\t<p>Yo\u011fun bir modern \u00fcretim tesisinde y\u00fcr\u00fcrken veya bir perakende ma\u011fazas\u0131na g\u00f6z atarken \u00e7ok \u00f6nemli bir unsuru g\u00f6zden ka\u00e7\u0131rabilirsiniz: shrinkwrap. Bu \u015feffaf film, \u00fcr\u00fcnleri s\u0131k\u0131ca sarar ve onlar\u0131 \u00fcretimden itibaren korur ...<\/p>\n\t\t<\/div>\n\t\t\t\t\t\t\t\t<\/div>\n\t\t\t<\/div>\n\t\t\t\t\t<\/div>\n\t\t\t\t\t\t\t\t\t<\/div>\n\t\t\t\n\t\t\t\n\t\t\t\n\t\t\t\n\t\t\t\t\t\t\t\t\t\t\t<div class=\"pp-posts-pagination-wrap pp-posts-pagination-bottom\">\n\t\t\t\t\t\t\t\t\t<\/div>\n\t\t\t\t\t\t\t\t\t<\/div>\n\n\t\t\n\t\t\t\t<\/div>\n\t\t\t\t<\/div>\n\t\t\t\t\t<\/div>\n\t\t<\/div>\n\t\t\t\t\t<\/div>\n\t\t<\/section>\n\t\t\t\t<\/div>","protected":false},"excerpt":{"rendered":"<p>Bloglar Sizlerle en son sekt\u00f6r trendlerini payla\u015f\u0131yor, esnek ambalaj makineleri ve bask\u0131 makineleri ile ilgili t\u00fcm sorular\u0131n\u0131z\u0131 \u00e7\u00f6zmeye \u00e7al\u0131\u015f\u0131yoruz. Sekt\u00f6rdeki ve KETE'deki yeniliklerden haberdar olmak i\u00e7in bloglar\u0131m\u0131z\u0131 okuyun. Anasayfa Arama Blog \u0130sim 14 24 Eyl\u00fcl 2021 Lorem ipsum Lorem ipsum dolor amet locavore prism [...]<\/p>","protected":false},"author":2,"featured_media":0,"parent":47,"menu_order":0,"comment_status":"closed","ping_status":"closed","template":"","meta":{"_seopress_robots_primary_cat":"0","_seopress_titles_title":"Heat Shrink Packaging Machines - ketegroup","_seopress_titles_desc":"Heat Shrink Packaging Machines for packaging","_seopress_robots_index":"","footnotes":""},"class_list":["post-3967","page","type-page","status-publish","hentry"],"_links":{"self":[{"href":"https:\/\/www.ketegroup.com\/tr\/wp-json\/wp\/v2\/pages\/3967","targetHints":{"allow":["GET"]}}],"collection":[{"href":"https:\/\/www.ketegroup.com\/tr\/wp-json\/wp\/v2\/pages"}],"about":[{"href":"https:\/\/www.ketegroup.com\/tr\/wp-json\/wp\/v2\/types\/page"}],"author":[{"embeddable":true,"href":"https:\/\/www.ketegroup.com\/tr\/wp-json\/wp\/v2\/users\/2"}],"replies":[{"embeddable":true,"href":"https:\/\/www.ketegroup.com\/tr\/wp-json\/wp\/v2\/comments?post=3967"}],"version-history":[{"count":1,"href":"https:\/\/www.ketegroup.com\/tr\/wp-json\/wp\/v2\/pages\/3967\/revisions"}],"predecessor-version":[{"id":17057,"href":"https:\/\/www.ketegroup.com\/tr\/wp-json\/wp\/v2\/pages\/3967\/revisions\/17057"}],"up":[{"embeddable":true,"href":"https:\/\/www.ketegroup.com\/tr\/wp-json\/wp\/v2\/pages\/47"}],"wp:attachment":[{"href":"https:\/\/www.ketegroup.com\/tr\/wp-json\/wp\/v2\/media?parent=3967"}],"curies":[{"name":"wp","href":"https:\/\/api.w.org\/{rel}","templated":true}]}}