{"id":3964,"date":"2022-01-26T10:49:02","date_gmt":"2022-01-26T02:49:02","guid":{"rendered":"https:\/\/www.ketegroup.com\/?page_id=3964"},"modified":"2022-01-26T10:57:32","modified_gmt":"2022-01-26T02:57:32","slug":"label-printing-machines","status":"publish","type":"page","link":"https:\/\/www.ketegroup.com\/tr\/bloglar\/eti%cc%87ket-baski-maki%cc%87neleri%cc%87\/","title":{"rendered":"Etiket Bask\u0131 Makineleri"},"content":{"rendered":"<div data-elementor-type=\"wp-page\" data-elementor-id=\"3964\" class=\"elementor elementor-3964\">\n\t\t\t\t\t\t<section class=\"elementor-section elementor-top-section elementor-element elementor-element-2a60e11 elementor-section-boxed elementor-section-height-default elementor-section-height-default\" data-id=\"2a60e11\" data-element_type=\"section\" data-settings=\"{&quot;background_background&quot;:&quot;classic&quot;}\">\n\t\t\t\t\t\t<div class=\"elementor-container elementor-column-gap-default\">\n\t\t\t\t\t<div class=\"elementor-column elementor-col-100 elementor-top-column elementor-element elementor-element-1d1120bc\" data-id=\"1d1120bc\" data-element_type=\"column\">\n\t\t\t<div class=\"elementor-widget-wrap elementor-element-populated\">\n\t\t\t\t\t\t<div class=\"elementor-element elementor-element-31a2e292 elementor-widget elementor-widget-menu-anchor\" data-id=\"31a2e292\" data-element_type=\"widget\" data-widget_type=\"menu-anchor.default\">\n\t\t\t\t<div class=\"elementor-widget-container\">\n\t\t\t\t\t<div class=\"elementor-menu-anchor\" id=\"01\"><\/div>\n\t\t\t\t<\/div>\n\t\t\t\t<\/div>\n\t\t\t\t<div class=\"elementor-element elementor-element-14d7621d elementor-widget elementor-widget-heading\" data-id=\"14d7621d\" data-element_type=\"widget\" data-widget_type=\"heading.default\">\n\t\t\t\t<div class=\"elementor-widget-container\">\n\t\t\t<h1 class=\"elementor-heading-title elementor-size-default\">Bloglar<\/h1>\t\t<\/div>\n\t\t\t\t<\/div>\n\t\t\t\t<div class=\"elementor-element elementor-element-2f015c41 elementor-widget elementor-widget-text-editor\" data-id=\"2f015c41\" data-element_type=\"widget\" data-widget_type=\"text-editor.default\">\n\t\t\t\t<div class=\"elementor-widget-container\">\n\t\t\t\t\t\t\t<p>Sizlerle en son sekt\u00f6r trendlerini payla\u015f\u0131yor, esnek ambalaj makineleri ve bask\u0131 makineleri ile ilgili t\u00fcm sorular\u0131n\u0131z\u0131 \u00e7\u00f6zmeye \u00e7al\u0131\u015f\u0131yoruz.<\/p><p>Sekt\u00f6rdeki ve KETE'deki yeniliklerden haberdar olmak i\u00e7in bloglar\u0131m\u0131z\u0131 okuyun.<\/p>\t\t\t\t\t\t<\/div>\n\t\t\t\t<\/div>\n\t\t\t\t\t<\/div>\n\t\t<\/div>\n\t\t\t\t\t<\/div>\n\t\t<\/section>\n\t\t\t\t<section class=\"elementor-section elementor-top-section elementor-element elementor-element-7c3d011 elementor-section-boxed elementor-section-height-default elementor-section-height-default\" data-id=\"7c3d011\" data-element_type=\"section\">\n\t\t\t\t\t\t<div class=\"elementor-container elementor-column-gap-default\">\n\t\t\t\t\t<div class=\"elementor-column elementor-col-100 elementor-top-column elementor-element elementor-element-3802b8c3\" data-id=\"3802b8c3\" data-element_type=\"column\">\n\t\t\t<div class=\"elementor-widget-wrap elementor-element-populated\">\n\t\t\t\t\t\t<div class=\"elementor-element elementor-element-7feb8df9 elementor-widget elementor-widget-MML Breadcrumbs\" data-id=\"7feb8df9\" data-element_type=\"widget\" data-settings=\"{&quot;breadcrumbs_type&quot;:&quot;post_type&quot;}\" data-widget_type=\"MML Breadcrumbs.default\">\n\t\t\t\t<div class=\"elementor-widget-container\">\n\t\t\t<ul class=\"pp-breadcrumbs pp-breadcrumbs-powerpack\">        <li class=\"pp-breadcrumbs-item pp-breadcrumbs-item-home\">\n            <a class=\"pp-breadcrumbs-crumb pp-breadcrumbs-crumb-link pp-breadcrumbs-crumb-home\" href=\"https:\/\/www.ketegroup.com\/tr\" title=\"Ev\">\n\t\t\t\t<span class=\"pp-breadcrumbs-text\">\n\t\t\t\t\t                    Ev\t\t\t\t<\/span>\n            <\/a>\n        <\/li>\n        <li class=\"pp-breadcrumbs-separator\">                <span class='pp-separator-icon pp-icon'>\n\t\t\t\t\t<i aria-hidden=\"true\" class=\"fas fa-angle-right\"><\/i>\t\t\t\t<\/span>\n                <\/li><\/ul>\t\t<\/div>\n\t\t\t\t<\/div>\n\t\t\t\t\t<\/div>\n\t\t<\/div>\n\t\t\t\t\t<\/div>\n\t\t<\/section>\n\t\t\t\t<section class=\"elementor-section elementor-top-section elementor-element elementor-element-5b4a603c elementor-section-boxed elementor-section-height-default elementor-section-height-default\" data-id=\"5b4a603c\" data-element_type=\"section\">\n\t\t\t\t\t\t<div class=\"elementor-container elementor-column-gap-default\">\n\t\t\t\t\t<div class=\"elementor-column elementor-col-50 elementor-top-column elementor-element elementor-element-35a7ca36 elementor-hidden-tablet elementor-hidden-mobile\" data-id=\"35a7ca36\" data-element_type=\"column\">\n\t\t\t<div class=\"elementor-widget-wrap elementor-element-populated\">\n\t\t\t\t\t\t<div class=\"elementor-element elementor-element-6d30fb38 elementor-widget elementor-widget-shortcode\" data-id=\"6d30fb38\" data-element_type=\"widget\" data-settings=\"{&quot;sticky&quot;:&quot;top&quot;,&quot;sticky_offset&quot;:100,&quot;sticky_parent&quot;:&quot;yes&quot;,&quot;sticky_on&quot;:[&quot;desktop&quot;,&quot;tablet&quot;,&quot;mobile&quot;],&quot;sticky_effects_offset&quot;:0}\" data-widget_type=\"shortcode.default\">\n\t\t\t\t<div class=\"elementor-widget-container\">\n\t\t\t\t\t<div class=\"elementor-shortcode\"><div class=\"blog-sidebar\">\n    <div class=\"title-wrap\">\n        <h2>Kategoriler<\/h2>\n    <\/div>\n    <ul>\n        <li class=\"active\">\n            <a href=\"\/tr\/bloglar\/\">\n                <i class=\"fas fa-dot-circle\"><\/i>\n                <span>T\u00fcm\u00fc<\/span>\n            <\/a>\n        <\/li>\n                <li class=\"\">\n            <a href=\"https:\/\/www.ketegroup.com\/tr\/category\/flekso-baski-maki%cc%87neleri%cc%87\/\">\n                <i class=\"fas fa-dot-circle\"><\/i>\n                <span>Flekso Bask\u0131 Makineleri<\/span>\n            <\/a>\n        <\/li>\n                <li class=\"\">\n            <a href=\"https:\/\/www.ketegroup.com\/tr\/category\/isiyla-daralan-paketleme-makineleri\/\">\n                <i class=\"fas fa-dot-circle\"><\/i>\n                <span>Is\u0131yla Daralan Paketleme Makineleri<\/span>\n            <\/a>\n        <\/li>\n                <li class=\"\">\n            <a href=\"https:\/\/www.ketegroup.com\/tr\/category\/endustri%cc%87-i%cc%87cgorusu\/\">\n                <i class=\"fas fa-dot-circle\"><\/i>\n                <span>Sekt\u00f6r \u0130\u00e7g\u00f6r\u00fcs\u00fc<\/span>\n            <\/a>\n        <\/li>\n                <li class=\"\">\n            <a href=\"https:\/\/www.ketegroup.com\/tr\/category\/eti%cc%87ket-baski-maki%cc%87neleri%cc%87\/\">\n                <i class=\"fas fa-dot-circle\"><\/i>\n                <span>Etiket Bask\u0131 Makineleri<\/span>\n            <\/a>\n        <\/li>\n                <li class=\"\">\n            <a href=\"https:\/\/www.ketegroup.com\/tr\/category\/dokuma-olmayan-torba-yapma-maki%cc%87neleri%cc%87\/\">\n                <i class=\"fas fa-dot-circle\"><\/i>\n                <span>Dokumas\u0131z \u00c7anta Yapma Makineleri<\/span>\n            <\/a>\n        <\/li>\n                <li class=\"\">\n            <a href=\"https:\/\/www.ketegroup.com\/tr\/category\/packaging-machines\/\">\n                <i class=\"fas fa-dot-circle\"><\/i>\n                <span>Paketleme Makineleri<\/span>\n            <\/a>\n        <\/li>\n                <li class=\"\">\n            <a href=\"https:\/\/www.ketegroup.com\/tr\/category\/kagit-torba-yapim-maki%cc%87neleri%cc%87\/\">\n                <i class=\"fas fa-dot-circle\"><\/i>\n                <span>Ka\u011f\u0131t Torba Yapma Makineleri<\/span>\n            <\/a>\n        <\/li>\n                <li class=\"\">\n            <a href=\"https:\/\/www.ketegroup.com\/tr\/category\/kagit-urun-maki%cc%87neleri%cc%87\/\">\n                <i class=\"fas fa-dot-circle\"><\/i>\n                <span>Ka\u011f\u0131t \u00dcr\u00fcn Makineleri<\/span>\n            <\/a>\n        <\/li>\n                <li class=\"\">\n            <a href=\"https:\/\/www.ketegroup.com\/tr\/category\/plasti%cc%87k-torba-yapim-maki%cc%87neleri%cc%87\/\">\n                <i class=\"fas fa-dot-circle\"><\/i>\n                <span>Plastik Po\u015fet Yapma Makineleri<\/span>\n            <\/a>\n        <\/li>\n                <li class=\"\">\n            <a href=\"https:\/\/www.ketegroup.com\/tr\/category\/poset-yapma-maki%cc%87neleri%cc%87\/\">\n                <i class=\"fas fa-dot-circle\"><\/i>\n                <span>Po\u015fet Yapma Makineleri<\/span>\n            <\/a>\n        <\/li>\n                <li class=\"\">\n            <a href=\"https:\/\/www.ketegroup.com\/tr\/category\/recent-blogs\/\">\n                <i class=\"fas fa-dot-circle\"><\/i>\n                <span>Son Bloglar<\/span>\n            <\/a>\n        <\/li>\n                <li class=\"\">\n            <a href=\"https:\/\/www.ketegroup.com\/tr\/category\/rotogravur-baski-makineleri\/\">\n                <i class=\"fas fa-dot-circle\"><\/i>\n                <span>Rotograv\u00fcr Bask\u0131 Makineleri<\/span>\n            <\/a>\n        <\/li>\n                <li class=\"\">\n            <a href=\"https:\/\/www.ketegroup.com\/tr\/category\/dilme-makineleri\/\">\n                <i class=\"fas fa-dot-circle\"><\/i>\n                <span>Dilme Makineleri<\/span>\n            <\/a>\n        <\/li>\n                <li class=\"\">\n            <a href=\"https:\/\/www.ketegroup.com\/tr\/category\/uncategorized\/\">\n                <i class=\"fas fa-dot-circle\"><\/i>\n                <span>Uncategorized<\/span>\n            <\/a>\n        <\/li>\n                <li class=\"\">\n            <a href=\"https:\/\/www.ketegroup.com\/tr\/category\/sarap-kapsul-maki%cc%87neleri%cc%87\/\">\n                <i class=\"fas fa-dot-circle\"><\/i>\n                <span>\u015earap Kaps\u00fcl Makineleri<\/span>\n            <\/a>\n        <\/li>\n            <\/ul>\n<\/div>\n<\/div>\n\t\t\t\t<\/div>\n\t\t\t\t<\/div>\n\t\t\t\t\t<\/div>\n\t\t<\/div>\n\t\t\t\t<div class=\"elementor-column elementor-col-50 elementor-top-column elementor-element elementor-element-6428137\" data-id=\"6428137\" data-element_type=\"column\">\n\t\t\t<div class=\"elementor-widget-wrap elementor-element-populated\">\n\t\t\t\t\t\t<div class=\"elementor-element elementor-element-2c97ed13 elementor-grid-1 elementor-grid-tablet-2 elementor-grid-mobile-1 pp-search-form-icon pp-posts-image-stack-mobile pp-post-thumbnail-align-left elementor-widget elementor-widget-pp-posts\" data-id=\"2c97ed13\" data-element_type=\"widget\" data-settings=\"{&quot;news_columns&quot;:&quot;1&quot;,&quot;news_show_ajax_search_form&quot;:&quot;yes&quot;,&quot;news_columns_tablet&quot;:&quot;2&quot;,&quot;news_columns_mobile&quot;:&quot;1&quot;}\" data-widget_type=\"pp-posts.news\">\n\t\t\t\t<div class=\"elementor-widget-container\">\n\t\t\t\t\t<div class=\"pp-post-filters-container\" data-search-form=\"show\" data-search-action=\"button-click\">\n\t\t\t\t\t\t\t\t<div class=\"pp-search-form-container\">\n\t\t\t<div class=\"pp-search-form\">\n\t\t\t\t<input placeholder=\"Arama...\" class=\"pp-search-form-input\" type=\"search\" name=\"s\" title=\"Arama\">\n\t\t\t\t<button class=\"pp-search-form-submit\" type=\"submit\" title=\"Arama\" aria-label=\"Arama\">\n\t\t\t\t\t\t\t\t\t\t\t<i class=\"fa fa-search\" aria-hidden=\"true\"><\/i>\n\t\t\t\t\t\t<span class=\"elementor-screen-only\">Arama<\/span>\n\t\t\t\t\t\t\t\t\t<\/button>\n\t\t\t<\/div>\n\t\t<\/div>\n\t\t\t\t<\/div>\n\t\t\t\t<div class=\"pp-posts-container\">\n\t\t\t\n\t\t\t\t\t\t\t\t\t\t\n\t\t\t<div class=\"pp-posts pp-posts-skin-news elementor-grid pp-posts-grid\" data-query-type=\"custom\" data-layout=\"grid\" data-page=\"3964\" data-skin=\"news\">\n\t\t\t\t\t\t\t\t\t\t\t<div class=\"pp-post-wrap pp-grid-item-wrap elementor-grid-item post-29163 post type-post status-publish format-standard has-post-thumbnail hentry category-recent-blogs category-uncategorized\">\n\t\t\t\t\t\t<div class=\"pp-post pp-grid-item\">\n\t\t\t\t\t\t<div class=\"pp-post-thumbnail\">\n\t\t\t<a class=\"pp-post-thumbnail-wrap\" href=\"https:\/\/www.ketegroup.com\/tr\/baski-kaydi\/\" title=\"Bask\u0131 Kayd\u0131 A\u00e7\u0131kland\u0131: M\u00fckemmel Hizalama Nas\u0131l Elde Edilir\">\n\t\t\t\t<img fetchpriority=\"high\" decoding=\"async\" width=\"1024\" height=\"768\" src=\"https:\/\/www.ketegroup.com\/wp-content\/uploads\/2026\/04\/printing-registration-222.webp\" class=\"attachment-large size-large wp-image-29168\" alt=\"bask\u0131 kayd\u0131 222\" srcset=\"https:\/\/www.ketegroup.com\/wp-content\/uploads\/2026\/04\/printing-registration-222.webp 1024w, https:\/\/www.ketegroup.com\/wp-content\/uploads\/2026\/04\/printing-registration-222-16x12.webp 16w\" sizes=\"(max-width: 1024px) 100vw, 1024px\" \/>\t\t\t<\/a>\n\t\t<\/div>\n\t\t\t\t\t\t<div class=\"pp-post-content\">\n\t\t\t\t\t\t\t\t\t\t\t<h3 class=\"pp-post-title\">\n\t\t\t\t<a href=\"https:\/\/www.ketegroup.com\/tr\/baski-kaydi\/\">Bask\u0131 Kayd\u0131 A\u00e7\u0131kland\u0131: M\u00fckemmel Hizalama Nas\u0131l Elde Edilir<\/a>\t\t\t<\/h3>\n\t\t\t\t\t\t\t\t\t<div class=\"pp-post-meta\">\n\t\t\t\t\t\t\t\t<span class=\"pp-post-date\">\n\t\t\t\t\t\t<span class=\"pp-meta-text\">\n\t\t\t\tNisan 28, 2026\t\t\t<\/span>\n\t\t<\/span>\n\t\t<span class=\"pp-meta-separator\"><\/span>\n\t\t\t\t\t\t\t<\/div>\n\t\t\t\t\t\t\t<div class=\"pp-post-excerpt\">\n\t\t\t<p>Bask\u0131 Kayd\u0131n\u0131n Tan\u0131m\u0131 ve Fizi\u011fi End\u00fcstriyel \u00fcretim, bir ofis masa\u00fcst\u00fc yaz\u0131c\u0131s\u0131 gibi \u00e7al\u0131\u015fmaz. Fleksografi veya rotograv\u00fcr gibi y\u00fcksek hacimli ticari bask\u0131lar renk ayr\u0131m\u0131na dayan\u0131r. Dijital resminiz ...<\/p>\n\t\t<\/div>\n\t\t\t\t\t\t\t\t<\/div>\n\t\t\t<\/div>\n\t\t\t\t\t<\/div>\n\t\t\t\t<div class=\"pp-post-wrap pp-grid-item-wrap elementor-grid-item post-29148 post type-post status-publish format-standard has-post-thumbnail hentry category-recent-blogs category-uncategorized\">\n\t\t\t\t\t\t<div class=\"pp-post pp-grid-item\">\n\t\t\t\t\t\t<div class=\"pp-post-thumbnail\">\n\t\t\t<a class=\"pp-post-thumbnail-wrap\" href=\"https:\/\/www.ketegroup.com\/tr\/plasti%cc%87k-torba-boyutu\/\" title=\"Plastik Po\u015fet \u00d6l\u00e7\u00fcleri 101: M\u00fckemmel Uyum i\u00e7in \u00d6l\u00e7\u00fclendirme Kurallar\u0131 ve Form\u00fclleri\">\n\t\t\t\t<img decoding=\"async\" width=\"1024\" height=\"768\" src=\"https:\/\/www.ketegroup.com\/wp-content\/uploads\/2026\/04\/plastic-bag-sizes-222.webp\" class=\"attachment-large size-large wp-image-29159\" alt=\"plasti\u0307k torba boyutlari 222\" srcset=\"https:\/\/www.ketegroup.com\/wp-content\/uploads\/2026\/04\/plastic-bag-sizes-222.webp 1024w, https:\/\/www.ketegroup.com\/wp-content\/uploads\/2026\/04\/plastic-bag-sizes-222-16x12.webp 16w\" sizes=\"(max-width: 1024px) 100vw, 1024px\" \/>\t\t\t<\/a>\n\t\t<\/div>\n\t\t\t\t\t\t<div class=\"pp-post-content\">\n\t\t\t\t\t\t\t\t\t\t\t<h3 class=\"pp-post-title\">\n\t\t\t\t<a href=\"https:\/\/www.ketegroup.com\/tr\/plasti%cc%87k-torba-boyutu\/\">Plastik Po\u015fet \u00d6l\u00e7\u00fcleri 101: M\u00fckemmel Uyum i\u00e7in \u00d6l\u00e7\u00fclendirme Kurallar\u0131 ve Form\u00fclleri<\/a>\t\t\t<\/h3>\n\t\t\t\t\t\t\t\t\t<div class=\"pp-post-meta\">\n\t\t\t\t\t\t\t\t<span class=\"pp-post-date\">\n\t\t\t\t\t\t<span class=\"pp-meta-text\">\n\t\t\t\tNisan 27, 2026\t\t\t<\/span>\n\t\t<\/span>\n\t\t<span class=\"pp-meta-separator\"><\/span>\n\t\t\t\t\t\t\t<\/div>\n\t\t\t\t\t\t\t<div class=\"pp-post-excerpt\">\n\t\t\t<p>End\u00fcstriyel ambalajlamada, boyutsal hatalar iki anlama gelir: \u00fcretimin an\u0131nda durmas\u0131 ve y\u0131k\u0131c\u0131 malzeme israf\u0131. Sat\u0131n alma m\u00fcd\u00fcrleri, tesis y\u00f6neticileri ve tedarik zinciri m\u00fchendisleri i\u00e7in \"plastik torba boyutlar\u0131\" sadece ...<\/p>\n\t\t<\/div>\n\t\t\t\t\t\t\t\t<\/div>\n\t\t\t<\/div>\n\t\t\t\t\t<\/div>\n\t\t\t\t<div class=\"pp-post-wrap pp-grid-item-wrap elementor-grid-item post-29087 post type-post status-publish format-standard has-post-thumbnail hentry category-flexo-printing-machines category-recent-blogs\">\n\t\t\t\t\t\t<div class=\"pp-post pp-grid-item\">\n\t\t\t\t\t\t<div class=\"pp-post-thumbnail\">\n\t\t\t<a class=\"pp-post-thumbnail-wrap\" href=\"https:\/\/www.ketegroup.com\/tr\/fleksografik-baski-nedir\/\" title=\"Fleksografik Bask\u0131 Nedir? Art\u0131lar\u0131, Eksileri ve T\u00fcm S\u00fcre\u00e7\">\n\t\t\t\t<img decoding=\"async\" width=\"1024\" height=\"768\" src=\"https:\/\/www.ketegroup.com\/wp-content\/uploads\/2026\/04\/What-is-Flexographic-Printing-11.webp\" class=\"attachment-large size-large wp-image-29102\" alt=\"Fleksografik Bask\u0131 Nedir 11\" srcset=\"https:\/\/www.ketegroup.com\/wp-content\/uploads\/2026\/04\/What-is-Flexographic-Printing-11.webp 1024w, https:\/\/www.ketegroup.com\/wp-content\/uploads\/2026\/04\/What-is-Flexographic-Printing-11-16x12.webp 16w\" sizes=\"(max-width: 1024px) 100vw, 1024px\" \/>\t\t\t<\/a>\n\t\t<\/div>\n\t\t\t\t\t\t<div class=\"pp-post-content\">\n\t\t\t\t\t\t\t\t\t\t\t<h3 class=\"pp-post-title\">\n\t\t\t\t<a href=\"https:\/\/www.ketegroup.com\/tr\/fleksografik-baski-nedir\/\">Fleksografik Bask\u0131 Nedir? Art\u0131lar\u0131, Eksileri ve T\u00fcm S\u00fcre\u00e7<\/a>\t\t\t<\/h3>\n\t\t\t\t\t\t\t\t\t<div class=\"pp-post-meta\">\n\t\t\t\t\t\t\t\t<span class=\"pp-post-date\">\n\t\t\t\t\t\t<span class=\"pp-meta-text\">\n\t\t\t\t3 Nisan 2026\t\t\t<\/span>\n\t\t<\/span>\n\t\t<span class=\"pp-meta-separator\"><\/span>\n\t\t\t\t\t\t\t<\/div>\n\t\t\t\t\t\t\t<div class=\"pp-post-excerpt\">\n\t\t\t<p>Modern Ambalajda Fleksografik Bask\u0131n\u0131n \u015eifresini \u00c7\u00f6zmek Fleksografi, s\u00fcpermarket raflar\u0131ndaki bas\u0131l\u0131 \u00fcr\u00fcnlerin yakla\u015f\u0131k 70%'sinin \u00fcretiminden sorumlu olan modern ambalaj end\u00fcstrisinin tart\u0131\u015fmas\u0131z beygiridir. Onun ...<\/p>\n\t\t<\/div>\n\t\t\t\t\t\t\t\t<\/div>\n\t\t\t<\/div>\n\t\t\t\t\t<\/div>\n\t\t\t\t<div class=\"pp-post-wrap pp-grid-item-wrap elementor-grid-item post-29053 post type-post status-publish format-standard has-post-thumbnail hentry category-recent-blogs\">\n\t\t\t\t\t\t<div class=\"pp-post pp-grid-item\">\n\t\t\t\t\t\t<div class=\"pp-post-thumbnail\">\n\t\t\t<a class=\"pp-post-thumbnail-wrap\" href=\"https:\/\/www.ketegroup.com\/tr\/kesme-nedir\/\" title=\"\u00dcretimde Dilme Nedir? Y\u00f6ntemler, Mekanik ve Sorun Giderme\">\n\t\t\t\t<img loading=\"lazy\" decoding=\"async\" width=\"1024\" height=\"768\" src=\"https:\/\/www.ketegroup.com\/wp-content\/uploads\/2025\/02\/What-Is-Slitting-2.webp\" class=\"attachment-large size-large wp-image-17760\" alt=\"Slitting 2 Nedir\" srcset=\"https:\/\/www.ketegroup.com\/wp-content\/uploads\/2025\/02\/What-Is-Slitting-2.webp 1024w, https:\/\/www.ketegroup.com\/wp-content\/uploads\/2025\/02\/What-Is-Slitting-2-16x12.webp 16w\" sizes=\"(max-width: 1024px) 100vw, 1024px\" \/>\t\t\t<\/a>\n\t\t<\/div>\n\t\t\t\t\t\t<div class=\"pp-post-content\">\n\t\t\t\t\t\t\t\t\t\t\t<h3 class=\"pp-post-title\">\n\t\t\t\t<a href=\"https:\/\/www.ketegroup.com\/tr\/kesme-nedir\/\">\u00dcretimde Dilme Nedir? Y\u00f6ntemler, Mekanik ve Sorun Giderme<\/a>\t\t\t<\/h3>\n\t\t\t\t\t\t\t\t\t<div class=\"pp-post-meta\">\n\t\t\t\t\t\t\t\t<span class=\"pp-post-date\">\n\t\t\t\t\t\t<span class=\"pp-meta-text\">\n\t\t\t\t30 Mart 2026\t\t\t<\/span>\n\t\t<\/span>\n\t\t<span class=\"pp-meta-separator\"><\/span>\n\t\t\t\t\t\t\t<\/div>\n\t\t\t\t\t\t\t<div class=\"pp-post-excerpt\">\n\t\t\t<p>Dilme \u0130\u015fleminin Temel Tan\u0131m\u0131 ve Mekani\u011fi M\u00fchendislik ekipleri ve sat\u0131n alma y\u00f6neticileri \u00fcretim s\u00fcrecinde dilme i\u015fleminin tam olarak ne oldu\u011funu sorduklar\u0131nda, cevap basit bir kesme i\u015fleminden \u00e7ok daha fazlas\u0131n\u0131 ...<\/p>\n\t\t<\/div>\n\t\t\t\t\t\t\t\t<\/div>\n\t\t\t<\/div>\n\t\t\t\t\t<\/div>\n\t\t\t\t<div class=\"pp-post-wrap pp-grid-item-wrap elementor-grid-item post-29039 post type-post status-publish format-standard has-post-thumbnail hentry category-recent-blogs\">\n\t\t\t\t\t\t<div class=\"pp-post pp-grid-item\">\n\t\t\t\t\t\t<div class=\"pp-post-thumbnail\">\n\t\t\t<a class=\"pp-post-thumbnail-wrap\" href=\"https:\/\/www.ketegroup.com\/tr\/flekso-baski-vs-ofset-baski\/\" title=\"Flekso Bask\u0131 vs Ofset Bask\u0131: Ambalaj \u0130\u015fletmeniz i\u00e7in Hangisi En \u0130yi Yat\u0131r\u0131m Getirisini Sunar?\">\n\t\t\t\t<img loading=\"lazy\" decoding=\"async\" width=\"1024\" height=\"768\" src=\"https:\/\/www.ketegroup.com\/wp-content\/uploads\/2023\/07\/flexo-printing-vs-offset-printing-webp.webp\" class=\"attachment-large size-large wp-image-29037\" alt=\"flekso bask\u0131 vs ofset bask\u0131 webp\" srcset=\"https:\/\/www.ketegroup.com\/wp-content\/uploads\/2023\/07\/flexo-printing-vs-offset-printing-webp.webp 1024w, https:\/\/www.ketegroup.com\/wp-content\/uploads\/2023\/07\/flexo-printing-vs-offset-printing-webp-16x12.webp 16w\" sizes=\"(max-width: 1024px) 100vw, 1024px\" \/>\t\t\t<\/a>\n\t\t<\/div>\n\t\t\t\t\t\t<div class=\"pp-post-content\">\n\t\t\t\t\t\t\t\t\t\t\t<h3 class=\"pp-post-title\">\n\t\t\t\t<a href=\"https:\/\/www.ketegroup.com\/tr\/flekso-baski-vs-ofset-baski\/\">Flekso Bask\u0131 vs Ofset Bask\u0131: Ambalaj \u0130\u015fletmeniz i\u00e7in Hangisi En \u0130yi Yat\u0131r\u0131m Getirisini Sunar?<\/a>\t\t\t<\/h3>\n\t\t\t\t\t\t\t\t\t<div class=\"pp-post-meta\">\n\t\t\t\t\t\t\t\t<span class=\"pp-post-date\">\n\t\t\t\t\t\t<span class=\"pp-meta-text\">\n\t\t\t\t26 Mart 2026\t\t\t<\/span>\n\t\t<\/span>\n\t\t<span class=\"pp-meta-separator\"><\/span>\n\t\t\t\t\t\t\t<\/div>\n\t\t\t\t\t\t\t<div class=\"pp-post-excerpt\">\n\t\t\t<p>Ticari ambalaj\u0131n y\u00fcksek riskli d\u00fcnyas\u0131nda, yanl\u0131\u015f bask\u0131 makinesinin se\u00e7ilmesi felaket boyutunda mali kay\u0131plara ve teslim s\u00fcrelerinin a\u015f\u0131lmas\u0131na yol a\u00e7\u0131yor. Flekso bask\u0131 ile ofset bask\u0131y\u0131 de\u011ferlendirirken, al\u0131c\u0131lar bunun \u00f6tesine bakmal\u0131d\u0131r ...<\/p>\n\t\t<\/div>\n\t\t\t\t\t\t\t\t<\/div>\n\t\t\t<\/div>\n\t\t\t\t\t<\/div>\n\t\t\t\t<div class=\"pp-post-wrap pp-grid-item-wrap elementor-grid-item post-28989 post type-post status-publish format-standard has-post-thumbnail hentry category-uncategorized\">\n\t\t\t\t\t\t<div class=\"pp-post pp-grid-item\">\n\t\t\t\t\t\t<div class=\"pp-post-thumbnail\">\n\t\t\t<a class=\"pp-post-thumbnail-wrap\" href=\"https:\/\/www.ketegroup.com\/tr\/diferansiyel-geri-sarma-milleri-kilavuzu\/\" title=\"Diferansiyel Geri Sarma \u015eaftlar\u0131 Nedir? Konverting ve Dilme Uygulamalar\u0131 i\u00e7in Eksiksiz K\u0131lavuz\">\n\t\t\t\t<img loading=\"lazy\" decoding=\"async\" width=\"1024\" height=\"768\" src=\"https:\/\/www.ketegroup.com\/wp-content\/uploads\/2026\/03\/Differential-Rewind-Shafts-222-1.webp\" class=\"attachment-large size-large wp-image-28999\" alt=\"Diferansiyel Geri Sarma \u015eaftlar\u0131 222 1\" srcset=\"https:\/\/www.ketegroup.com\/wp-content\/uploads\/2026\/03\/Differential-Rewind-Shafts-222-1.webp 1024w, https:\/\/www.ketegroup.com\/wp-content\/uploads\/2026\/03\/Differential-Rewind-Shafts-222-1-16x12.webp 16w\" sizes=\"(max-width: 1024px) 100vw, 1024px\" \/>\t\t\t<\/a>\n\t\t<\/div>\n\t\t\t\t\t\t<div class=\"pp-post-content\">\n\t\t\t\t\t\t\t\t\t\t\t<h3 class=\"pp-post-title\">\n\t\t\t\t<a href=\"https:\/\/www.ketegroup.com\/tr\/diferansiyel-geri-sarma-milleri-kilavuzu\/\">Diferansiyel Geri Sarma \u015eaftlar\u0131 Nedir? Konverting ve Dilme Uygulamalar\u0131 i\u00e7in Eksiksiz K\u0131lavuz<\/a>\t\t\t<\/h3>\n\t\t\t\t\t\t\t\t\t<div class=\"pp-post-meta\">\n\t\t\t\t\t\t\t\t<span class=\"pp-post-date\">\n\t\t\t\t\t\t<span class=\"pp-meta-text\">\n\t\t\t\t23 Mart 2026\t\t\t<\/span>\n\t\t<\/span>\n\t\t<span class=\"pp-meta-separator\"><\/span>\n\t\t\t\t\t\t\t<\/div>\n\t\t\t\t\t\t\t<div class=\"pp-post-excerpt\">\n\t\t\t<p>Denge, t\u00fclbent ta\u015f\u0131ma ve malzeme d\u00f6n\u00fc\u015ft\u00fcrme alan\u0131nda s\u00fcregelen bir m\u00fchendislik sorunudur. Bir ana ruloyu birka\u00e7 k\u00fc\u00e7\u00fck ruloya kesme i\u015flemi, karma\u015f\u0131k bir denge problemi yarat\u0131r.<\/p>\n\t\t<\/div>\n\t\t\t\t\t\t\t\t<\/div>\n\t\t\t<\/div>\n\t\t\t\t\t<\/div>\n\t\t\t\t\t\t\t\t\t<\/div>\n\t\t\t\n\t\t\t\n\t\t\t\n\t\t\t\n\t\t\t\t\t\t\t\t\t\t\t<div class=\"pp-posts-pagination-wrap pp-posts-pagination-bottom\">\n\t\t\t\t\t\t\t\t<nav class=\"pp-posts-pagination pp-posts-pagination-ajax elementor-pagination\" role=\"navigation\" aria-label=\"Sayfaland\u0131rma\" data-total=\"22\">\n\t\t\t\t<span aria-current=\"page\" class=\"page-numbers current\">1<\/span>\n<a class=\"page-numbers\" href=\"https:\/\/www.ketegroup.com\/tr\/wp-json\/wp\/v2\/pages\/3964\/page\/2\/\">2<\/a>\n<a class=\"page-numbers\" href=\"https:\/\/www.ketegroup.com\/tr\/wp-json\/wp\/v2\/pages\/3964\/page\/3\/\">3<\/a>\n<a class=\"page-numbers\" href=\"https:\/\/www.ketegroup.com\/tr\/wp-json\/wp\/v2\/pages\/3964\/page\/4\/\">4<\/a>\n<a class=\"page-numbers\" href=\"https:\/\/www.ketegroup.com\/tr\/wp-json\/wp\/v2\/pages\/3964\/page\/5\/\">5<\/a>\n<a class=\"next page-numbers\" href=\"https:\/\/www.ketegroup.com\/tr\/wp-json\/wp\/v2\/pages\/3964\/page\/2\/\">><\/a>\t\t\t<\/nav>\n\t\t\t\t\t\t\t<\/div>\n\t\t\t\t\t\t\t\t\t<\/div>\n\n\t\t\n\t\t\t\t<\/div>\n\t\t\t\t<\/div>\n\t\t\t\t\t<\/div>\n\t\t<\/div>\n\t\t\t\t\t<\/div>\n\t\t<\/section>\n\t\t\t\t<\/div>","protected":false},"excerpt":{"rendered":"<p>Blogs We share with you the latest industry trends, try to solve all your questions about flexible packaging machines and printing machines as well. Read our blogs to keep abreast of what&#8217;s new in the industry and in KETE. Home Search blog_test January 20, 2022 blog desc blog desc Blog Name 10 September 24, 2021 [&hellip;]<\/p>","protected":false},"author":2,"featured_media":0,"parent":47,"menu_order":0,"comment_status":"closed","ping_status":"closed","template":"","meta":{"_seopress_robots_primary_cat":"0","_seopress_titles_title":"","_seopress_titles_desc":"","_seopress_robots_index":"","footnotes":""},"class_list":["post-3964","page","type-page","status-publish","hentry"],"_links":{"self":[{"href":"https:\/\/www.ketegroup.com\/tr\/wp-json\/wp\/v2\/pages\/3964","targetHints":{"allow":["GET"]}}],"collection":[{"href":"https:\/\/www.ketegroup.com\/tr\/wp-json\/wp\/v2\/pages"}],"about":[{"href":"https:\/\/www.ketegroup.com\/tr\/wp-json\/wp\/v2\/types\/page"}],"author":[{"embeddable":true,"href":"https:\/\/www.ketegroup.com\/tr\/wp-json\/wp\/v2\/users\/2"}],"replies":[{"embeddable":true,"href":"https:\/\/www.ketegroup.com\/tr\/wp-json\/wp\/v2\/comments?post=3964"}],"version-history":[{"count":0,"href":"https:\/\/www.ketegroup.com\/tr\/wp-json\/wp\/v2\/pages\/3964\/revisions"}],"up":[{"embeddable":true,"href":"https:\/\/www.ketegroup.com\/tr\/wp-json\/wp\/v2\/pages\/47"}],"wp:attachment":[{"href":"https:\/\/www.ketegroup.com\/tr\/wp-json\/wp\/v2\/media?parent=3964"}],"curies":[{"name":"wp","href":"https:\/\/api.w.org\/{rel}","templated":true}]}}