{"id":34,"date":"2021-09-15T17:38:06","date_gmt":"2021-09-15T09:38:06","guid":{"rendered":"https:\/\/www.ketegroup.com\/?page_id=34"},"modified":"2025-03-17T16:33:57","modified_gmt":"2025-03-17T08:33:57","slug":"industry-solutions","status":"publish","type":"page","link":"https:\/\/www.ketegroup.com\/tr\/endustri%cc%87-cozumleri%cc%87\/","title":{"rendered":"End\u00fcstri \u00c7\u00f6z\u00fcmleri"},"content":{"rendered":"<div data-elementor-type=\"wp-page\" data-elementor-id=\"34\" class=\"elementor elementor-34\">\n\t\t\t\t\t\t<section class=\"elementor-section elementor-top-section elementor-element elementor-element-1ebe2f30 elementor-section-boxed elementor-section-height-default elementor-section-height-default\" data-id=\"1ebe2f30\" data-element_type=\"section\" data-settings=\"{&quot;background_background&quot;:&quot;classic&quot;}\">\n\t\t\t\t\t\t<div class=\"elementor-container elementor-column-gap-default\">\n\t\t\t\t\t<div class=\"elementor-column elementor-col-100 elementor-top-column elementor-element elementor-element-4cfe3828\" data-id=\"4cfe3828\" data-element_type=\"column\">\n\t\t\t<div class=\"elementor-widget-wrap elementor-element-populated\">\n\t\t\t\t\t\t<div class=\"elementor-element elementor-element-7a8c0ae4 elementor-widget elementor-widget-menu-anchor\" data-id=\"7a8c0ae4\" data-element_type=\"widget\" data-widget_type=\"menu-anchor.default\">\n\t\t\t\t<div class=\"elementor-widget-container\">\n\t\t\t\t\t<div class=\"elementor-menu-anchor\" id=\"01\"><\/div>\n\t\t\t\t<\/div>\n\t\t\t\t<\/div>\n\t\t\t\t<div class=\"elementor-element elementor-element-28ddc467 elementor-widget elementor-widget-heading\" data-id=\"28ddc467\" data-element_type=\"widget\" data-widget_type=\"heading.default\">\n\t\t\t\t<div class=\"elementor-widget-container\">\n\t\t\t<h1 class=\"elementor-heading-title elementor-size-default\">Tek Noktadan Bask\u0131 ve Ambalaj Makineleri \u00c7\u00f6z\u00fcmleri Getiriyoruz<\/h1>\t\t<\/div>\n\t\t\t\t<\/div>\n\t\t\t\t<div class=\"elementor-element elementor-element-42ccfd2 elementor-widget elementor-widget-text-editor\" data-id=\"42ccfd2\" data-element_type=\"widget\" data-widget_type=\"text-editor.default\">\n\t\t\t\t<div class=\"elementor-widget-container\">\n\t\t\t\t\t\t\t<p>KETE'nin esnek bask\u0131 makineleri ve ambalaj makineleri, her t\u00fcrl\u00fc \u00fcr\u00fcn\u00fcn kalitesini koruman\u0131z\u0131 ve muhafaza etmenizi sa\u011flar.<\/p>\t\t\t\t\t\t<\/div>\n\t\t\t\t<\/div>\n\t\t\t\t\t<\/div>\n\t\t<\/div>\n\t\t\t\t\t<\/div>\n\t\t<\/section>\n\t\t\t\t<section class=\"elementor-section elementor-top-section elementor-element elementor-element-a4344aa elementor-section-boxed elementor-section-height-default elementor-section-height-default\" data-id=\"a4344aa\" data-element_type=\"section\">\n\t\t\t\t\t\t<div class=\"elementor-container elementor-column-gap-default\">\n\t\t\t\t\t<div class=\"elementor-column elementor-col-100 elementor-top-column elementor-element elementor-element-6bedd86b\" data-id=\"6bedd86b\" data-element_type=\"column\">\n\t\t\t<div class=\"elementor-widget-wrap elementor-element-populated\">\n\t\t\t\t\t\t<div class=\"elementor-element elementor-element-4845d34d elementor-widget elementor-widget-MML Breadcrumbs\" data-id=\"4845d34d\" data-element_type=\"widget\" data-settings=\"{&quot;breadcrumbs_type&quot;:&quot;post_type&quot;}\" data-widget_type=\"MML Breadcrumbs.default\">\n\t\t\t\t<div class=\"elementor-widget-container\">\n\t\t\t<ul class=\"pp-breadcrumbs pp-breadcrumbs-powerpack\">        <li class=\"pp-breadcrumbs-item pp-breadcrumbs-item-home\">\n            <a class=\"pp-breadcrumbs-crumb pp-breadcrumbs-crumb-link pp-breadcrumbs-crumb-home\" href=\"https:\/\/www.ketegroup.com\/tr\" title=\"Ev\">\n\t\t\t\t<span class=\"pp-breadcrumbs-text\">\n\t\t\t\t\t                    Ev\t\t\t\t<\/span>\n            <\/a>\n        <\/li>\n        <li class=\"pp-breadcrumbs-separator\">                <span class='pp-separator-icon pp-icon'>\n\t\t\t\t\t<i aria-hidden=\"true\" class=\"fas fa-angle-right\"><\/i>\t\t\t\t<\/span>\n                <\/li><\/ul>\t\t<\/div>\n\t\t\t\t<\/div>\n\t\t\t\t\t<\/div>\n\t\t<\/div>\n\t\t\t\t\t<\/div>\n\t\t<\/section>\n\t\t\t\t<section class=\"elementor-section elementor-top-section elementor-element elementor-element-f61e747 elementor-section-boxed elementor-section-height-default elementor-section-height-default\" data-id=\"f61e747\" data-element_type=\"section\" data-settings=\"{&quot;background_background&quot;:&quot;classic&quot;}\">\n\t\t\t\t\t\t<div class=\"elementor-container elementor-column-gap-default\">\n\t\t\t\t\t<div class=\"elementor-column elementor-col-50 elementor-top-column elementor-element elementor-element-1220f22\" data-id=\"1220f22\" data-element_type=\"column\" data-settings=\"{&quot;background_background&quot;:&quot;classic&quot;}\">\n\t\t\t<div class=\"elementor-widget-wrap elementor-element-populated\">\n\t\t\t\t\t\t<div class=\"elementor-element elementor-element-73d0092 elementor-widget elementor-widget-heading\" data-id=\"73d0092\" data-element_type=\"widget\" data-widget_type=\"heading.default\">\n\t\t\t\t<div class=\"elementor-widget-container\">\n\t\t\t<h2 class=\"elementor-heading-title elementor-size-default\">En Uygun Maliyetli Paketleme Makineleri \u00c7\u00f6z\u00fcmlerini Sunuyoruz<\/h2>\t\t<\/div>\n\t\t\t\t<\/div>\n\t\t\t\t<div class=\"elementor-element elementor-element-1dff598 elementor-widget elementor-widget-text-editor\" data-id=\"1dff598\" data-element_type=\"widget\" data-widget_type=\"text-editor.default\">\n\t\t\t\t<div class=\"elementor-widget-container\">\n\t\t\t\t\t\t\t<p>Eksiksiz bir esnek bask\u0131 makineleri ve ambalaj makineleri yelpazesi ile desteklenen KETE, ambalaj i\u015finiz i\u00e7in rekabet\u00e7i bir fiyata entegre bir makine \u00e7\u00f6z\u00fcm\u00fc sunma kapasitesine sahiptir.<\/p><p>\u00a0<\/p><p>Deneyimli ve profesyonel makine uzmanlar\u0131m\u0131z, nihai paketleme \u00e7\u00f6z\u00fcm\u00fcn\u00fcn \u00f6zel ihtiya\u00e7lar\u0131n\u0131za m\u00fckemmel \u015fekilde uymas\u0131 i\u00e7in her makineyi optimize edecektir.<\/p>\t\t\t\t\t\t<\/div>\n\t\t\t\t<\/div>\n\t\t\t\t\t<\/div>\n\t\t<\/div>\n\t\t\t\t<div class=\"elementor-column elementor-col-50 elementor-top-column elementor-element elementor-element-7011cc1\" data-id=\"7011cc1\" data-element_type=\"column\">\n\t\t\t<div class=\"elementor-widget-wrap elementor-element-populated\">\n\t\t\t\t\t\t<div class=\"elementor-element elementor-element-3e7370f elementor-widget elementor-widget-image\" data-id=\"3e7370f\" data-element_type=\"widget\" data-widget_type=\"image.default\">\n\t\t\t\t<div class=\"elementor-widget-container\">\n\t\t\t\t\t\t\t\t\t\t\t\t\t<img fetchpriority=\"high\" decoding=\"async\" width=\"720\" height=\"500\" src=\"https:\/\/www.ketegroup.com\/wp-content\/uploads\/2025\/03\/Food-and-Beverage-Packaging.jpg\" class=\"attachment-large size-large wp-image-18204\" alt=\"G\u0131da ve \u0130\u00e7ecek Ambalaj\u0131 2025\" srcset=\"https:\/\/www.ketegroup.com\/wp-content\/uploads\/2025\/03\/Food-and-Beverage-Packaging.jpg 720w, https:\/\/www.ketegroup.com\/wp-content\/uploads\/2025\/03\/Food-and-Beverage-Packaging-18x12.jpg 18w\" sizes=\"(max-width: 720px) 100vw, 720px\" \/>\t\t\t\t\t\t\t\t\t\t\t\t\t<\/div>\n\t\t\t\t<\/div>\n\t\t\t\t\t<\/div>\n\t\t<\/div>\n\t\t\t\t\t<\/div>\n\t\t<\/section>\n\t\t\t\t<section class=\"elementor-section elementor-top-section elementor-element elementor-element-9cc2642 elementor-section-boxed elementor-section-height-default elementor-section-height-default\" data-id=\"9cc2642\" data-element_type=\"section\" data-settings=\"{&quot;background_background&quot;:&quot;classic&quot;}\">\n\t\t\t\t\t\t<div class=\"elementor-container elementor-column-gap-default\">\n\t\t\t\t\t<div class=\"elementor-column elementor-col-100 elementor-top-column elementor-element elementor-element-b856040\" data-id=\"b856040\" data-element_type=\"column\">\n\t\t\t<div class=\"elementor-widget-wrap elementor-element-populated\">\n\t\t\t\t\t\t<div class=\"elementor-element elementor-element-3a23263 elementor-widget elementor-widget-heading\" data-id=\"3a23263\" data-element_type=\"widget\" data-widget_type=\"heading.default\">\n\t\t\t\t<div class=\"elementor-widget-container\">\n\t\t\t<h2 class=\"elementor-heading-title elementor-size-default\">KETE Ambalaj \u0130\u015finizi \u00d6nemsiyor<\/h2>\t\t<\/div>\n\t\t\t\t<\/div>\n\t\t\t\t<div class=\"elementor-element elementor-element-3f8eb7b elementor-widget elementor-widget-text-editor\" data-id=\"3f8eb7b\" data-element_type=\"widget\" data-widget_type=\"text-editor.default\">\n\t\t\t\t<div class=\"elementor-widget-container\">\n\t\t\t\t\t\t\t<p>Sekt\u00f6r\u00fcn\u00fcz\u00fc bulun ve \u00e7\u00f6z\u00fcmleri kontrol edin<\/p>\t\t\t\t\t\t<\/div>\n\t\t\t\t<\/div>\n\t\t\t\t<section class=\"elementor-section elementor-inner-section elementor-element elementor-element-2ce36c0 elementor-section-full_width elementor-section-height-default elementor-section-height-default\" data-id=\"2ce36c0\" data-element_type=\"section\">\n\t\t\t\t\t\t<div class=\"elementor-container elementor-column-gap-default\">\n\t\t\t\t\t<div class=\"elementor-column elementor-col-50 elementor-inner-column elementor-element elementor-element-b961738\" data-id=\"b961738\" data-element_type=\"column\">\n\t\t\t<div class=\"elementor-widget-wrap elementor-element-populated\">\n\t\t\t\t\t\t<div class=\"elementor-element elementor-element-88abd43 elementor-widget elementor-widget-pp-flipbox\" data-id=\"88abd43\" data-element_type=\"widget\" data-widget_type=\"pp-flipbox.default\">\n\t\t\t\t<div class=\"elementor-widget-container\">\n\t\t\t\t\t<div class=\"pp-flipbox-container pp-animate-fade pp-direction-\">\n\t\t\t<div class=\"pp-flipbox-flip-card\">\n\t\t\t\t\t\t<div class=\"pp-flipbox-front\">\n\t\t\t<div class=\"pp-flipbox-overlay\">\n\t\t\t\t<div class=\"pp-flipbox-inner\">\n\t\t\t\t\t<div class=\"pp-flipbox-icon-image\">\n\t\t\t\t\t\t\t\t\t\t\t<\/div>\n\n\t\t\t\t\t<h4 class=\"pp-flipbox-heading\">\n\t\t\t\t\t\tYiyecek &amp; \u0130\u00e7ecek\t\t\t\t\t<\/h4>\n\n\t\t\t\t\t<div class=\"pp-flipbox-content\">\n\t\t\t\t\t\t\t\t\t\t\t<\/div>\n\t\t\t\t<\/div>\n\t\t\t<\/div>\n\t\t<\/div>\n\t\t\t\t<div class=\"pp-flipbox-back\">\n\t\t\t\t\t\t<div class=\"pp-flipbox-overlay\">\n\t\t\t\t<div class=\"pp-flipbox-inner\">\n\t\t\t\t\t\t\t\t\t\t\t<div class=\"pp-flipbox-icon-image-back pp-icon\">\n\t\t\t\t\t\t\t\t\t\t\t\t\t<\/div>\n\t\t\t\t\t\n\t\t\t\t\t\t\t\t\t\t\t<h3 class=\"pp-flipbox-heading\">\n\t\t\t\t\t\t\tYiyecek &amp; \u0130\u00e7ecek\t\t\t\t\t\t<\/h3>\n\t\t\t\t\t\n\t\t\t\t\t<div class=\"pp-flipbox-content\">\n\t\t\t\t\t\t\u00c7e\u015fitli ambalaj \u00e7\u00f6z\u00fcmleri yiyecek ve i\u00e7eceklerinizi g\u00fcvenli ve taze tutar\t\t\t\t\t<\/div>\n\n\t\t\t\t\t\t\t\t\t\t\t<a class=\"elementor-button pp-flipbox-button elementor-size-md\" href=\"https:\/\/www.ketegroup.com\/tr\/endustri%cc%87-cozumleri%cc%87\/gida-ve-i%cc%87cecek-ambalajlari\/\">\n\t\t\t\t\t\t\tDaha Fazla Detay\t\t\t\t\t\t<\/a>\n\t\t\t\t\t\t\t\t\t<\/div>\n\t\t\t<\/div>\n\t\t<\/div>\n\t\t\t\t\t<\/div>\n\t\t<\/div>\n\t\t\t\t<\/div>\n\t\t\t\t<\/div>\n\t\t\t\t\t<\/div>\n\t\t<\/div>\n\t\t\t\t<div class=\"elementor-column elementor-col-50 elementor-inner-column elementor-element elementor-element-943c794\" data-id=\"943c794\" data-element_type=\"column\">\n\t\t\t<div class=\"elementor-widget-wrap elementor-element-populated\">\n\t\t\t\t\t\t<div class=\"elementor-element elementor-element-5b586c8 elementor-widget elementor-widget-pp-flipbox\" data-id=\"5b586c8\" data-element_type=\"widget\" data-widget_type=\"pp-flipbox.default\">\n\t\t\t\t<div class=\"elementor-widget-container\">\n\t\t\t\t\t<div class=\"pp-flipbox-container pp-animate-fade pp-direction-\">\n\t\t\t<div class=\"pp-flipbox-flip-card\">\n\t\t\t\t\t\t<div class=\"pp-flipbox-front\">\n\t\t\t<div class=\"pp-flipbox-overlay\">\n\t\t\t\t<div class=\"pp-flipbox-inner\">\n\t\t\t\t\t<div class=\"pp-flipbox-icon-image pp-icon\">\n\t\t\t\t\t\t\t\t\t\t\t<\/div>\n\n\t\t\t\t\t<h4 class=\"pp-flipbox-heading\">\n\t\t\t\t\t\tG\u00fczellik &amp; Ki\u015fisel Bak\u0131m\t\t\t\t\t<\/h4>\n\n\t\t\t\t\t<div class=\"pp-flipbox-content\">\n\t\t\t\t\t\t\t\t\t\t\t<\/div>\n\t\t\t\t<\/div>\n\t\t\t<\/div>\n\t\t<\/div>\n\t\t\t\t<div class=\"pp-flipbox-back\">\n\t\t\t\t\t\t<div class=\"pp-flipbox-overlay\">\n\t\t\t\t<div class=\"pp-flipbox-inner\">\n\t\t\t\t\t\t\t\t\t\t\t<div class=\"pp-flipbox-icon-image-back pp-icon\">\n\t\t\t\t\t\t\t\t\t\t\t\t\t<\/div>\n\t\t\t\t\t\n\t\t\t\t\t\t\t\t\t\t\t<h3 class=\"pp-flipbox-heading\">\n\t\t\t\t\t\t\tG\u00fczellik &amp; Ki\u015fisel Bak\u0131m\t\t\t\t\t\t<\/h3>\n\t\t\t\t\t\n\t\t\t\t\t<div class=\"pp-flipbox-content\">\n\t\t\t\t\t\tEntegre \u00e7\u00f6z\u00fcmler paketlerinizi daha cazip hale getirir\t\t\t\t\t<\/div>\n\n\t\t\t\t\t\t\t\t\t\t\t<a class=\"elementor-button pp-flipbox-button elementor-size-md\" href=\"\/tr\/endustri%cc%87-cozumleri%cc%87\/beauty-and-personal-care\/\">\n\t\t\t\t\t\t\tDaha Fazla Detay\t\t\t\t\t\t<\/a>\n\t\t\t\t\t\t\t\t\t<\/div>\n\t\t\t<\/div>\n\t\t<\/div>\n\t\t\t\t\t<\/div>\n\t\t<\/div>\n\t\t\t\t<\/div>\n\t\t\t\t<\/div>\n\t\t\t\t\t<\/div>\n\t\t<\/div>\n\t\t\t\t\t<\/div>\n\t\t<\/section>\n\t\t\t\t<section class=\"elementor-section elementor-inner-section elementor-element elementor-element-d67fbb3 elementor-section-full_width elementor-section-height-default elementor-section-height-default\" data-id=\"d67fbb3\" data-element_type=\"section\">\n\t\t\t\t\t\t<div class=\"elementor-container elementor-column-gap-default\">\n\t\t\t\t\t<div class=\"elementor-column elementor-col-50 elementor-inner-column elementor-element elementor-element-af9e074\" data-id=\"af9e074\" data-element_type=\"column\">\n\t\t\t<div class=\"elementor-widget-wrap elementor-element-populated\">\n\t\t\t\t\t\t<div class=\"elementor-element elementor-element-86b7956 elementor-widget elementor-widget-pp-flipbox\" data-id=\"86b7956\" data-element_type=\"widget\" data-widget_type=\"pp-flipbox.default\">\n\t\t\t\t<div class=\"elementor-widget-container\">\n\t\t\t\t\t<div class=\"pp-flipbox-container pp-animate-fade pp-direction-\">\n\t\t\t<div class=\"pp-flipbox-flip-card\">\n\t\t\t\t\t\t<div class=\"pp-flipbox-front\">\n\t\t\t<div class=\"pp-flipbox-overlay\">\n\t\t\t\t<div class=\"pp-flipbox-inner\">\n\t\t\t\t\t<div class=\"pp-flipbox-icon-image pp-icon\">\n\t\t\t\t\t\t\t\t\t\t\t<\/div>\n\n\t\t\t\t\t<h4 class=\"pp-flipbox-heading\">\n\t\t\t\t\t\tEv &amp; Ofis Aksesuarlar\u0131\t\t\t\t\t<\/h4>\n\n\t\t\t\t\t<div class=\"pp-flipbox-content\">\n\t\t\t\t\t\t\t\t\t\t\t<\/div>\n\t\t\t\t<\/div>\n\t\t\t<\/div>\n\t\t<\/div>\n\t\t\t\t<div class=\"pp-flipbox-back\">\n\t\t\t\t\t\t<div class=\"pp-flipbox-overlay\">\n\t\t\t\t<div class=\"pp-flipbox-inner\">\n\t\t\t\t\t\t\t\t\t\t\t<div class=\"pp-flipbox-icon-image-back pp-icon\">\n\t\t\t\t\t\t\t\t\t\t\t\t\t<\/div>\n\t\t\t\t\t\n\t\t\t\t\t\t\t\t\t\t\t<h3 class=\"pp-flipbox-heading\">\n\t\t\t\t\t\t\tEv &amp; Ofis Aksesuarlar\u0131\t\t\t\t\t\t<\/h3>\n\t\t\t\t\t\n\t\t\t\t\t<div class=\"pp-flipbox-content\">\n\t\t\t\t\t\tAk\u0131ll\u0131 ambalaj \u00e7\u00f6z\u00fcmleri en son pazar trendlerine hitap ediyor\t\t\t\t\t<\/div>\n\n\t\t\t\t\t\t\t\t\t\t\t<a class=\"elementor-button pp-flipbox-button elementor-size-md\" href=\"\/tr\/endustri%cc%87-cozumleri%cc%87\/home-and-office-accessories\/\">\n\t\t\t\t\t\t\tDaha Fazla Detay\t\t\t\t\t\t<\/a>\n\t\t\t\t\t\t\t\t\t<\/div>\n\t\t\t<\/div>\n\t\t<\/div>\n\t\t\t\t\t<\/div>\n\t\t<\/div>\n\t\t\t\t<\/div>\n\t\t\t\t<\/div>\n\t\t\t\t\t<\/div>\n\t\t<\/div>\n\t\t\t\t<div class=\"elementor-column elementor-col-50 elementor-inner-column elementor-element elementor-element-98c4f11\" data-id=\"98c4f11\" data-element_type=\"column\">\n\t\t\t<div class=\"elementor-widget-wrap elementor-element-populated\">\n\t\t\t\t\t\t<div class=\"elementor-element elementor-element-138e423 elementor-widget elementor-widget-pp-flipbox\" data-id=\"138e423\" data-element_type=\"widget\" data-widget_type=\"pp-flipbox.default\">\n\t\t\t\t<div class=\"elementor-widget-container\">\n\t\t\t\t\t<div class=\"pp-flipbox-container pp-animate-fade pp-direction-\">\n\t\t\t<div class=\"pp-flipbox-flip-card\">\n\t\t\t\t\t\t<div class=\"pp-flipbox-front\">\n\t\t\t<div class=\"pp-flipbox-overlay\">\n\t\t\t\t<div class=\"pp-flipbox-inner\">\n\t\t\t\t\t<div class=\"pp-flipbox-icon-image pp-icon\">\n\t\t\t\t\t\t\t\t\t\t\t<\/div>\n\n\t\t\t\t\t<h4 class=\"pp-flipbox-heading\">\n\t\t\t\t\t\tEnd\u00fcstriyel ve H\u0131zl\u0131 Teslimat\t\t\t\t\t<\/h4>\n\n\t\t\t\t\t<div class=\"pp-flipbox-content\">\n\t\t\t\t\t\t\t\t\t\t\t<\/div>\n\t\t\t\t<\/div>\n\t\t\t<\/div>\n\t\t<\/div>\n\t\t\t\t<div class=\"pp-flipbox-back\">\n\t\t\t\t\t\t<div class=\"pp-flipbox-overlay\">\n\t\t\t\t<div class=\"pp-flipbox-inner\">\n\t\t\t\t\t\t\t\t\t\t\t<div class=\"pp-flipbox-icon-image-back pp-icon\">\n\t\t\t\t\t\t\t\t\t\t\t\t\t<\/div>\n\t\t\t\t\t\n\t\t\t\t\t\t\t\t\t\t\t<h3 class=\"pp-flipbox-heading\">\n\t\t\t\t\t\t\tEnd\u00fcstriyel ve H\u0131zl\u0131 Teslimat\t\t\t\t\t\t<\/h3>\n\t\t\t\t\t\n\t\t\t\t\t<div class=\"pp-flipbox-content\">\n\t\t\t\t\t\tUygun maliyetli ve \u00fcretim a\u00e7\u0131s\u0131ndan verimli \u00e7\u00f6z\u00fcmler i\u015finizi g\u00fc\u00e7lendirir\t\t\t\t\t<\/div>\n\n\t\t\t\t\t\t\t\t\t\t\t<a class=\"elementor-button pp-flipbox-button elementor-size-md\" href=\"\/tr\/endustri%cc%87-cozumleri%cc%87\/industrial-express-delivery\/\">\n\t\t\t\t\t\t\tDaha Fazla Detay\t\t\t\t\t\t<\/a>\n\t\t\t\t\t\t\t\t\t<\/div>\n\t\t\t<\/div>\n\t\t<\/div>\n\t\t\t\t\t<\/div>\n\t\t<\/div>\n\t\t\t\t<\/div>\n\t\t\t\t<\/div>\n\t\t\t\t\t<\/div>\n\t\t<\/div>\n\t\t\t\t\t<\/div>\n\t\t<\/section>\n\t\t\t\t\t<\/div>\n\t\t<\/div>\n\t\t\t\t\t<\/div>\n\t\t<\/section>\n\t\t\t\t<\/div>","protected":false},"excerpt":{"rendered":"<p>Tek Noktadan Bask\u0131 ve Ambalaj Makineleri \u00c7\u00f6z\u00fcmleri Getiriyoruz KETE'nin esnek bask\u0131 makineleri ve ambalaj makineleri, her t\u00fcrl\u00fc \u00fcr\u00fcn\u00fcn kalitesini koruman\u0131z\u0131 ve muhafaza etmenizi sa\u011flar. Ana Sayfa En Uygun Maliyetli Paketleme Makineleri \u00c7\u00f6z\u00fcmlerini Sunuyoruz Eksiksiz bir esnek bask\u0131 makineleri ve paketleme makineleri yelpazesi ile desteklenen KETE, [...]<\/p>","protected":false},"author":2,"featured_media":18204,"parent":0,"menu_order":0,"comment_status":"closed","ping_status":"closed","template":"","meta":{"_seopress_robots_primary_cat":"0","_seopress_titles_title":"Industry Solutions - ketegroup","_seopress_titles_desc":"KETE produced high-quality flexible printing and packaging and machines for various industries. Ask our experts for professional solutions.","_seopress_robots_index":"","footnotes":""},"class_list":["post-34","page","type-page","status-publish","has-post-thumbnail","hentry"],"_links":{"self":[{"href":"https:\/\/www.ketegroup.com\/tr\/wp-json\/wp\/v2\/pages\/34","targetHints":{"allow":["GET"]}}],"collection":[{"href":"https:\/\/www.ketegroup.com\/tr\/wp-json\/wp\/v2\/pages"}],"about":[{"href":"https:\/\/www.ketegroup.com\/tr\/wp-json\/wp\/v2\/types\/page"}],"author":[{"embeddable":true,"href":"https:\/\/www.ketegroup.com\/tr\/wp-json\/wp\/v2\/users\/2"}],"replies":[{"embeddable":true,"href":"https:\/\/www.ketegroup.com\/tr\/wp-json\/wp\/v2\/comments?post=34"}],"version-history":[{"count":3,"href":"https:\/\/www.ketegroup.com\/tr\/wp-json\/wp\/v2\/pages\/34\/revisions"}],"predecessor-version":[{"id":18210,"href":"https:\/\/www.ketegroup.com\/tr\/wp-json\/wp\/v2\/pages\/34\/revisions\/18210"}],"wp:featuredmedia":[{"embeddable":true,"href":"https:\/\/www.ketegroup.com\/tr\/wp-json\/wp\/v2\/media\/18204"}],"wp:attachment":[{"href":"https:\/\/www.ketegroup.com\/tr\/wp-json\/wp\/v2\/media?parent=34"}],"curies":[{"name":"wp","href":"https:\/\/api.w.org\/{rel}","templated":true}]}}