{"id":41,"date":"2021-09-15T17:38:21","date_gmt":"2021-09-15T09:38:21","guid":{"rendered":"https:\/\/www.ketegroup.com\/?page_id=41"},"modified":"2022-08-05T11:27:50","modified_gmt":"2022-08-05T03:27:50","slug":"company-news","status":"publish","type":"page","link":"https:\/\/www.ketegroup.com\/pt\/noticias-da-empresa\/","title":{"rendered":"Not\u00edcias da empresa"},"content":{"rendered":"<div data-elementor-type=\"wp-page\" data-elementor-id=\"41\" class=\"elementor elementor-41\">\n\t\t\t\t\t\t<section class=\"elementor-section elementor-top-section elementor-element elementor-element-6ab825e6 elementor-section-boxed elementor-section-height-default elementor-section-height-default\" data-id=\"6ab825e6\" data-element_type=\"section\" data-settings=\"{&quot;background_background&quot;:&quot;classic&quot;}\">\n\t\t\t\t\t\t<div class=\"elementor-container elementor-column-gap-default\">\n\t\t\t\t\t<div class=\"elementor-column elementor-col-100 elementor-top-column elementor-element elementor-element-60203c9a\" data-id=\"60203c9a\" data-element_type=\"column\">\n\t\t\t<div class=\"elementor-widget-wrap elementor-element-populated\">\n\t\t\t\t\t\t<div class=\"elementor-element elementor-element-7712f304 elementor-widget elementor-widget-menu-anchor\" data-id=\"7712f304\" data-element_type=\"widget\" data-widget_type=\"menu-anchor.default\">\n\t\t\t\t<div class=\"elementor-widget-container\">\n\t\t\t\t\t<div class=\"elementor-menu-anchor\" id=\"01\"><\/div>\n\t\t\t\t<\/div>\n\t\t\t\t<\/div>\n\t\t\t\t<div class=\"elementor-element elementor-element-2640fb16 elementor-widget elementor-widget-heading\" data-id=\"2640fb16\" data-element_type=\"widget\" data-widget_type=\"heading.default\">\n\t\t\t\t<div class=\"elementor-widget-container\">\n\t\t\t<h1 class=\"elementor-heading-title elementor-size-default\">Not\u00edcias da empresa<\/h1>\t\t<\/div>\n\t\t\t\t<\/div>\n\t\t\t\t<div class=\"elementor-element elementor-element-c4a85b8 elementor-widget elementor-widget-text-editor\" data-id=\"c4a85b8\" data-element_type=\"widget\" data-widget_type=\"text-editor.default\">\n\t\t\t\t<div class=\"elementor-widget-container\">\n\t\t\t\t\t\t\t<p>Leia as not\u00edcias da nossa empresa e veja o que est\u00e1 a acontecer na KETE.<\/p>\t\t\t\t\t\t<\/div>\n\t\t\t\t<\/div>\n\t\t\t\t\t<\/div>\n\t\t<\/div>\n\t\t\t\t\t<\/div>\n\t\t<\/section>\n\t\t\t\t<section class=\"elementor-section elementor-top-section elementor-element elementor-element-c62a1f4 elementor-section-boxed elementor-section-height-default elementor-section-height-default\" data-id=\"c62a1f4\" data-element_type=\"section\">\n\t\t\t\t\t\t<div class=\"elementor-container elementor-column-gap-default\">\n\t\t\t\t\t<div class=\"elementor-column elementor-col-100 elementor-top-column elementor-element elementor-element-629ad1e\" data-id=\"629ad1e\" data-element_type=\"column\">\n\t\t\t<div class=\"elementor-widget-wrap elementor-element-populated\">\n\t\t\t\t\t\t<div class=\"elementor-element elementor-element-2311250 elementor-widget elementor-widget-MML Breadcrumbs\" data-id=\"2311250\" data-element_type=\"widget\" data-settings=\"{&quot;breadcrumbs_type&quot;:&quot;post_type&quot;}\" data-widget_type=\"MML Breadcrumbs.default\">\n\t\t\t\t<div class=\"elementor-widget-container\">\n\t\t\t<ul class=\"pp-breadcrumbs pp-breadcrumbs-powerpack\">        <li class=\"pp-breadcrumbs-item pp-breadcrumbs-item-home\">\n            <a class=\"pp-breadcrumbs-crumb pp-breadcrumbs-crumb-link pp-breadcrumbs-crumb-home\" href=\"https:\/\/www.ketegroup.com\/pt\" title=\"In\u00edcio\">\n\t\t\t\t<span class=\"pp-breadcrumbs-text\">\n\t\t\t\t\t                    In\u00edcio\t\t\t\t<\/span>\n            <\/a>\n        <\/li>\n        <li class=\"pp-breadcrumbs-separator\">                <span class='pp-separator-icon pp-icon'>\n\t\t\t\t\t<i aria-hidden=\"true\" class=\"fas fa-angle-right\"><\/i>\t\t\t\t<\/span>\n                <\/li><\/ul>\t\t<\/div>\n\t\t\t\t<\/div>\n\t\t\t\t\t<\/div>\n\t\t<\/div>\n\t\t\t\t\t<\/div>\n\t\t<\/section>\n\t\t\t\t<section class=\"elementor-section elementor-top-section elementor-element elementor-element-fa16679 elementor-section-boxed elementor-section-height-default elementor-section-height-default\" data-id=\"fa16679\" data-element_type=\"section\">\n\t\t\t\t\t\t<div class=\"elementor-container elementor-column-gap-default\">\n\t\t\t\t\t<div class=\"elementor-column elementor-col-100 elementor-top-column elementor-element elementor-element-cffc03a\" data-id=\"cffc03a\" data-element_type=\"column\">\n\t\t\t<div class=\"elementor-widget-wrap elementor-element-populated\">\n\t\t\t\t\t\t<div class=\"elementor-element elementor-element-a7e97d1 pp-equal-height-yes elementor-grid-3 elementor-grid-tablet-2 elementor-grid-mobile-1 pp-search-form-icon elementor-widget elementor-widget-pp-posts\" data-id=\"a7e97d1\" data-element_type=\"widget\" data-settings=\"{&quot;classic_show_ajax_search_form&quot;:&quot;yes&quot;}\" data-widget_type=\"pp-posts.classic\">\n\t\t\t\t<div class=\"elementor-widget-container\">\n\t\t\t\t\t<div class=\"pp-post-filters-container\" data-search-form=\"show\" data-search-action=\"button-click\">\n\t\t\t\t\t\t\t\t<div class=\"pp-search-form-container\">\n\t\t\t<div class=\"pp-search-form\">\n\t\t\t\t<input placeholder=\"Procurar...\" class=\"pp-search-form-input\" type=\"search\" name=\"s\" title=\"Pesquisar\">\n\t\t\t\t<button class=\"pp-search-form-submit\" type=\"submit\" title=\"Pesquisar\" aria-label=\"Pesquisar\">\n\t\t\t\t\t\t\t\t\t\t\t<i class=\"fa fa-search\" aria-hidden=\"true\"><\/i>\n\t\t\t\t\t\t<span class=\"elementor-screen-only\">Pesquisar<\/span>\n\t\t\t\t\t\t\t\t\t<\/button>\n\t\t\t<\/div>\n\t\t<\/div>\n\t\t\t\t<\/div>\n\t\t\t\t<div class=\"pp-posts-container\">\n\t\t\t\n\t\t\t\t\t\t\t\t\t\t\n\t\t\t<div class=\"pp-posts pp-posts-skin-classic elementor-grid pp-posts-grid\" data-query-type=\"custom\" data-layout=\"grid\" data-page=\"41\" data-skin=\"classic\">\n\t\t\t\t\t\t\t\t\t\t\t<div class=\"pp-post-wrap pp-grid-item-wrap elementor-grid-item post-9483 news type-news status-publish has-post-thumbnail hentry\">\n\t\t\t\t\t\t<div class=\"pp-post pp-grid-item\">\n\t\t\t\t\t\t<div class=\"pp-post-thumbnail\">\n\t\t\t<a class=\"pp-post-thumbnail-wrap\" href=\"https:\/\/www.ketegroup.com\/pt\/noticias\/kete-novo-escritorio-de-vendas-no-mercado-externo-comeca-a-ser-utilizado\/\" title=\"KETE Novo escrit\u00f3rio de vendas no mercado externo come\u00e7a a ser usado! Bem-vindo Visite-nos\">\n\t\t\t\t<img fetchpriority=\"high\" decoding=\"async\" width=\"1500\" height=\"844\" src=\"https:\/\/www.ketegroup.com\/wp-content\/uploads\/2022\/09\/welocme-to-kete.jpg\" class=\"attachment-large size-large wp-image-9491\" alt=\"bem-vindo a kete\" srcset=\"https:\/\/www.ketegroup.com\/wp-content\/uploads\/2022\/09\/welocme-to-kete.jpg 1500w, https:\/\/www.ketegroup.com\/wp-content\/uploads\/2022\/09\/welocme-to-kete-600x338.jpg 600w, https:\/\/www.ketegroup.com\/wp-content\/uploads\/2022\/09\/welocme-to-kete-768x432.jpg 768w\" sizes=\"(max-width: 1500px) 100vw, 1500px\" \/>\t\t\t<\/a>\n\t\t<\/div>\n\t\t\n\t\t\t\t\n\t\t\t\t<div class=\"pp-post-content-wrap\">\n\t\t\t\t\t<div class=\"pp-post-content\">\n\t\t\t\t\t\t\t\t\t\t\t\t<h4 class=\"pp-post-title\">\n\t\t\t\t<a href=\"https:\/\/www.ketegroup.com\/pt\/noticias\/kete-novo-escritorio-de-vendas-no-mercado-externo-comeca-a-ser-utilizado\/\">KETE Novo escrit\u00f3rio de vendas no mercado externo come\u00e7a a ser usado! Bem-vindo Visite-nos<\/a>\t\t\t<\/h4>\n\t\t\t\t\t\t\t\t\t<div class=\"pp-post-meta\">\n\t\t\t\t\t\t\t\t<span class=\"pp-post-date\">\n\t\t\t\t\t\t<span class=\"pp-meta-text\">\n\t\t\t\t19 de setembro de 2022\t\t\t<\/span>\n\t\t<\/span>\n\t\t<span class=\"pp-meta-separator\"><\/span>\n\t\t\t\t\t\t\t<\/div>\n\t\t\t\t\t\t\t<div class=\"pp-post-excerpt\">\n\t\t\t\t\t<\/div>\n\t\t\t\t\t\t\t\t\t<\/div>\n\t\t\t\t\t\t\t\t\t<\/div>\n\n\t\t\t\t\t\t\t<\/div>\n\t\t\t\t\t<\/div>\n\t\t\t\t<div class=\"pp-post-wrap pp-grid-item-wrap elementor-grid-item post-1241 news type-news status-publish has-post-thumbnail hentry\">\n\t\t\t\t\t\t<div class=\"pp-post pp-grid-item\">\n\t\t\t\t\t\t<div class=\"pp-post-thumbnail\">\n\t\t\t<a class=\"pp-post-thumbnail-wrap\" href=\"https:\/\/www.ketegroup.com\/pt\/noticias\/teste-de-sucesso-da-maquina-de-fabrico-de-sacos-isolados-nao-tecidos\/\" title=\"M\u00e1quina para fabricar sacos isolados n\u00e3o tecidos com teste de sucesso\">\n\t\t\t\t<img decoding=\"async\" width=\"500\" height=\"347\" src=\"https:\/\/www.ketegroup.com\/wp-content\/uploads\/2022\/08\/Success-Test-Non-Woven-Insulated-Bag-Making-Machine.jpg\" class=\"attachment-large size-large wp-image-8896\" alt=\"M\u00e1quina para fabricar sacos isolados n\u00e3o tecidos com teste de sucesso\" \/>\t\t\t<\/a>\n\t\t<\/div>\n\t\t\n\t\t\t\t\n\t\t\t\t<div class=\"pp-post-content-wrap\">\n\t\t\t\t\t<div class=\"pp-post-content\">\n\t\t\t\t\t\t\t\t\t\t\t\t<h4 class=\"pp-post-title\">\n\t\t\t\t<a href=\"https:\/\/www.ketegroup.com\/pt\/noticias\/teste-de-sucesso-da-maquina-de-fabrico-de-sacos-isolados-nao-tecidos\/\">M\u00e1quina para fabricar sacos isolados n\u00e3o tecidos com teste de sucesso<\/a>\t\t\t<\/h4>\n\t\t\t\t\t\t\t\t\t<div class=\"pp-post-meta\">\n\t\t\t\t\t\t\t\t<span class=\"pp-post-date\">\n\t\t\t\t\t\t<span class=\"pp-meta-text\">\n\t\t\t\t25 de outubro de 2021\t\t\t<\/span>\n\t\t<\/span>\n\t\t<span class=\"pp-meta-separator\"><\/span>\n\t\t\t\t\t\t\t<\/div>\n\t\t\t\t\t\t\t<div class=\"pp-post-excerpt\">\n\t\t\t<p>Hoje, temos sucesso na execu\u00e7\u00e3o de um teste da nossa m\u00e1quina de fazer sacos isolados n\u00e3o tecidos da s\u00e9rie KTNW-GI<\/p>\n\t\t<\/div>\n\t\t\t\t\t\t\t\t\t<\/div>\n\t\t\t\t\t\t\t\t\t<\/div>\n\n\t\t\t\t\t\t\t<\/div>\n\t\t\t\t\t<\/div>\n\t\t\t\t<div class=\"pp-post-wrap pp-grid-item-wrap elementor-grid-item post-1240 news type-news status-publish has-post-thumbnail hentry\">\n\t\t\t\t\t\t<div class=\"pp-post pp-grid-item\">\n\t\t\t\t\t\t<div class=\"pp-post-thumbnail\">\n\t\t\t<a class=\"pp-post-thumbnail-wrap\" href=\"https:\/\/www.ketegroup.com\/pt\/noticias\/teste-de-sucesso-da-maquina-de-fazer-saco-de-cabide-nao-tecido\/\" title=\"Teste de sucesso da m\u00e1quina de fazer saco de cabide n\u00e3o tecido\">\n\t\t\t\t<img decoding=\"async\" width=\"500\" height=\"347\" src=\"https:\/\/www.ketegroup.com\/wp-content\/uploads\/2022\/08\/Success-Test-Non-Woven-Hanger-Bag-Making-Machine.jpg\" class=\"attachment-large size-large wp-image-8895\" alt=\"Teste de sucesso da m\u00e1quina de fazer saco de cabide n\u00e3o tecido\" \/>\t\t\t<\/a>\n\t\t<\/div>\n\t\t\n\t\t\t\t\n\t\t\t\t<div class=\"pp-post-content-wrap\">\n\t\t\t\t\t<div class=\"pp-post-content\">\n\t\t\t\t\t\t\t\t\t\t\t\t<h4 class=\"pp-post-title\">\n\t\t\t\t<a href=\"https:\/\/www.ketegroup.com\/pt\/noticias\/teste-de-sucesso-da-maquina-de-fazer-saco-de-cabide-nao-tecido\/\">Teste de sucesso da m\u00e1quina de fazer saco de cabide n\u00e3o tecido<\/a>\t\t\t<\/h4>\n\t\t\t\t\t\t\t\t\t<div class=\"pp-post-meta\">\n\t\t\t\t\t\t\t\t<span class=\"pp-post-date\">\n\t\t\t\t\t\t<span class=\"pp-meta-text\">\n\t\t\t\t25 de outubro de 2021\t\t\t<\/span>\n\t\t<\/span>\n\t\t<span class=\"pp-meta-separator\"><\/span>\n\t\t\t\t\t\t\t<\/div>\n\t\t\t\t\t\t\t<div class=\"pp-post-excerpt\">\n\t\t\t<p>Hoje, realizamos um teste do nosso saco de cabide n\u00e3o tecido na nossa caixa n\u00e3o tecida modelo KTNW-G ...<\/p>\n\t\t<\/div>\n\t\t\t\t\t\t\t\t\t<\/div>\n\t\t\t\t\t\t\t\t\t<\/div>\n\n\t\t\t\t\t\t\t<\/div>\n\t\t\t\t\t<\/div>\n\t\t\t\t<div class=\"pp-post-wrap pp-grid-item-wrap elementor-grid-item post-1239 news type-news status-publish has-post-thumbnail hentry\">\n\t\t\t\t\t\t<div class=\"pp-post pp-grid-item\">\n\t\t\t\t\t\t<div class=\"pp-post-thumbnail\">\n\t\t\t<a class=\"pp-post-thumbnail-wrap\" href=\"https:\/\/www.ketegroup.com\/pt\/noticias\/teste-de-sucesso-maquina-de-fazer-saco-nao-tecido-3-cabides\/\" title=\"Teste de sucesso M\u00e1quina de fazer saco n\u00e3o tecido com 3 cabides\">\n\t\t\t\t<img loading=\"lazy\" decoding=\"async\" width=\"500\" height=\"347\" src=\"https:\/\/www.ketegroup.com\/wp-content\/uploads\/2022\/08\/Success-Test-Non-Woven-3-Hanger-Bag-Making-Machine.jpg\" class=\"attachment-large size-large wp-image-8893\" alt=\"Teste de sucesso M\u00e1quina de fazer saco n\u00e3o tecido com 3 cabides\" \/>\t\t\t<\/a>\n\t\t<\/div>\n\t\t\n\t\t\t\t\n\t\t\t\t<div class=\"pp-post-content-wrap\">\n\t\t\t\t\t<div class=\"pp-post-content\">\n\t\t\t\t\t\t\t\t\t\t\t\t<h4 class=\"pp-post-title\">\n\t\t\t\t<a href=\"https:\/\/www.ketegroup.com\/pt\/noticias\/teste-de-sucesso-maquina-de-fazer-saco-nao-tecido-3-cabides\/\">Teste de sucesso M\u00e1quina de fazer saco n\u00e3o tecido com 3 cabides<\/a>\t\t\t<\/h4>\n\t\t\t\t\t\t\t\t\t<div class=\"pp-post-meta\">\n\t\t\t\t\t\t\t\t<span class=\"pp-post-date\">\n\t\t\t\t\t\t<span class=\"pp-meta-text\">\n\t\t\t\t25 de outubro de 2021\t\t\t<\/span>\n\t\t<\/span>\n\t\t<span class=\"pp-meta-separator\"><\/span>\n\t\t\t\t\t\t\t<\/div>\n\t\t\t\t\t\t\t<div class=\"pp-post-excerpt\">\n\t\t\t<p>Hoje, vamos fazer um teste de sucesso do nosso saco n\u00e3o tecido de 3 cabides no nosso modelo n\u00e3o tecido KTNW-G ...<\/p>\n\t\t<\/div>\n\t\t\t\t\t\t\t\t\t<\/div>\n\t\t\t\t\t\t\t\t\t<\/div>\n\n\t\t\t\t\t\t\t<\/div>\n\t\t\t\t\t<\/div>\n\t\t\t\t<div class=\"pp-post-wrap pp-grid-item-wrap elementor-grid-item post-1238 news type-news status-publish has-post-thumbnail hentry\">\n\t\t\t\t\t\t<div class=\"pp-post pp-grid-item\">\n\t\t\t\t\t\t<div class=\"pp-post-thumbnail\">\n\t\t\t<a class=\"pp-post-thumbnail-wrap\" href=\"https:\/\/www.ketegroup.com\/pt\/noticias\/teste-de-sucesso-maquina-de-saco-nao-tecido-de-pega-dupla\/\" title=\"M\u00e1quina de saco n\u00e3o tecido de al\u00e7a dupla para teste de sucesso\">\n\t\t\t\t<img loading=\"lazy\" decoding=\"async\" width=\"500\" height=\"347\" src=\"https:\/\/www.ketegroup.com\/wp-content\/uploads\/2022\/08\/Success-Test-Double-Handle-Non-Woven-Bag-Machine.jpg\" class=\"attachment-large size-large wp-image-8892\" alt=\"M\u00e1quina de saco n\u00e3o tecido de al\u00e7a dupla para teste de sucesso\" \/>\t\t\t<\/a>\n\t\t<\/div>\n\t\t\n\t\t\t\t\n\t\t\t\t<div class=\"pp-post-content-wrap\">\n\t\t\t\t\t<div class=\"pp-post-content\">\n\t\t\t\t\t\t\t\t\t\t\t\t<h4 class=\"pp-post-title\">\n\t\t\t\t<a href=\"https:\/\/www.ketegroup.com\/pt\/noticias\/teste-de-sucesso-maquina-de-saco-nao-tecido-de-pega-dupla\/\">M\u00e1quina de saco n\u00e3o tecido de al\u00e7a dupla para teste de sucesso<\/a>\t\t\t<\/h4>\n\t\t\t\t\t\t\t\t\t<div class=\"pp-post-meta\">\n\t\t\t\t\t\t\t\t<span class=\"pp-post-date\">\n\t\t\t\t\t\t<span class=\"pp-meta-text\">\n\t\t\t\t25 de outubro de 2021\t\t\t<\/span>\n\t\t<\/span>\n\t\t<span class=\"pp-meta-separator\"><\/span>\n\t\t\t\t\t\t\t<\/div>\n\t\t\t\t\t\t\t<div class=\"pp-post-excerpt\">\n\t\t\t<p>Hoje, realizamos um teste de sucesso do nosso saco de tecido n\u00e3o tecido de pega dupla no nosso modelo KTNW-G ...<\/p>\n\t\t<\/div>\n\t\t\t\t\t\t\t\t\t<\/div>\n\t\t\t\t\t\t\t\t\t<\/div>\n\n\t\t\t\t\t\t\t<\/div>\n\t\t\t\t\t<\/div>\n\t\t\t\t<div class=\"pp-post-wrap pp-grid-item-wrap elementor-grid-item post-1237 news type-news status-publish has-post-thumbnail hentry\">\n\t\t\t\t\t\t<div class=\"pp-post pp-grid-item\">\n\t\t\t\t\t\t<div class=\"pp-post-thumbnail\">\n\t\t\t<a class=\"pp-post-thumbnail-wrap\" href=\"https:\/\/www.ketegroup.com\/pt\/noticias\/teste-de-sucesso-da-maquina-para-fabricar-sacos-de-tecido-pp\/\" title=\"M\u00e1quina para fabricar saco de caixa tecida PP com teste de sucesso\">\n\t\t\t\t<img loading=\"lazy\" decoding=\"async\" width=\"500\" height=\"347\" src=\"https:\/\/www.ketegroup.com\/wp-content\/uploads\/2022\/08\/Success-Test-PP-Non-Woven-Box-Bag-Making-Machine.jpg\" class=\"attachment-large size-large wp-image-8898\" alt=\"M\u00e1quina para fabricar saco de caixa tecida PP com teste de sucesso\" \/>\t\t\t<\/a>\n\t\t<\/div>\n\t\t\n\t\t\t\t\n\t\t\t\t<div class=\"pp-post-content-wrap\">\n\t\t\t\t\t<div class=\"pp-post-content\">\n\t\t\t\t\t\t\t\t\t\t\t\t<h4 class=\"pp-post-title\">\n\t\t\t\t<a href=\"https:\/\/www.ketegroup.com\/pt\/noticias\/teste-de-sucesso-da-maquina-para-fabricar-sacos-de-tecido-pp\/\">M\u00e1quina para fabricar saco de caixa tecida PP com teste de sucesso<\/a>\t\t\t<\/h4>\n\t\t\t\t\t\t\t\t\t<div class=\"pp-post-meta\">\n\t\t\t\t\t\t\t\t<span class=\"pp-post-date\">\n\t\t\t\t\t\t<span class=\"pp-meta-text\">\n\t\t\t\t25 de outubro de 2021\t\t\t<\/span>\n\t\t<\/span>\n\t\t<span class=\"pp-meta-separator\"><\/span>\n\t\t\t\t\t\t\t<\/div>\n\t\t\t\t\t\t\t<div class=\"pp-post-excerpt\">\n\t\t\t<p>Hoje temos sucesso na execu\u00e7\u00e3o de um teste da nossa m\u00e1quina de fazer saco tecido pp no nosso modelo KTNW-G n\u00e3o tecido ...<\/p>\n\t\t<\/div>\n\t\t\t\t\t\t\t\t\t<\/div>\n\t\t\t\t\t\t\t\t\t<\/div>\n\n\t\t\t\t\t\t\t<\/div>\n\t\t\t\t\t<\/div>\n\t\t\t\t<div class=\"pp-post-wrap pp-grid-item-wrap elementor-grid-item post-1236 news type-news status-publish has-post-thumbnail hentry\">\n\t\t\t\t\t\t<div class=\"pp-post pp-grid-item\">\n\t\t\t\t\t\t<div class=\"pp-post-thumbnail\">\n\t\t\t<a class=\"pp-post-thumbnail-wrap\" href=\"https:\/\/www.ketegroup.com\/pt\/noticias\/teste-de-sucesso-da-maquina-de-fabrico-de-sacos-para-copos-nao-tecidos\/\" title=\"M\u00e1quina para fabricar saco para copos n\u00e3o tecido com teste de sucesso\">\n\t\t\t\t<img loading=\"lazy\" decoding=\"async\" width=\"500\" height=\"347\" src=\"https:\/\/www.ketegroup.com\/wp-content\/uploads\/2022\/08\/Success-Test-Non-Woven-Cup-Bag-Making-Machine.jpg\" class=\"attachment-large size-large wp-image-8894\" alt=\"M\u00e1quina para fabricar saco para copos n\u00e3o tecido com teste de sucesso\" \/>\t\t\t<\/a>\n\t\t<\/div>\n\t\t\n\t\t\t\t\n\t\t\t\t<div class=\"pp-post-content-wrap\">\n\t\t\t\t\t<div class=\"pp-post-content\">\n\t\t\t\t\t\t\t\t\t\t\t\t<h4 class=\"pp-post-title\">\n\t\t\t\t<a href=\"https:\/\/www.ketegroup.com\/pt\/noticias\/teste-de-sucesso-da-maquina-de-fabrico-de-sacos-para-copos-nao-tecidos\/\">M\u00e1quina para fabricar saco para copos n\u00e3o tecido com teste de sucesso<\/a>\t\t\t<\/h4>\n\t\t\t\t\t\t\t\t\t<div class=\"pp-post-meta\">\n\t\t\t\t\t\t\t\t<span class=\"pp-post-date\">\n\t\t\t\t\t\t<span class=\"pp-meta-text\">\n\t\t\t\t25 de outubro de 2021\t\t\t<\/span>\n\t\t<\/span>\n\t\t<span class=\"pp-meta-separator\"><\/span>\n\t\t\t\t\t\t\t<\/div>\n\t\t\t\t\t\t\t<div class=\"pp-post-excerpt\">\n\t\t\t<p>Hoje, temos sucesso em executar um teste de nossa m\u00e1quina de fazer sacos n\u00e3o tecidos com folha de copo em nosso KTNW-G ...<\/p>\n\t\t<\/div>\n\t\t\t\t\t\t\t\t\t<\/div>\n\t\t\t\t\t\t\t\t\t<\/div>\n\n\t\t\t\t\t\t\t<\/div>\n\t\t\t\t\t<\/div>\n\t\t\t\t<div class=\"pp-post-wrap pp-grid-item-wrap elementor-grid-item post-1235 news type-news status-publish has-post-thumbnail hentry\">\n\t\t\t\t\t\t<div class=\"pp-post pp-grid-item\">\n\t\t\t\t\t\t<div class=\"pp-post-thumbnail\">\n\t\t\t<a class=\"pp-post-thumbnail-wrap\" href=\"https:\/\/www.ketegroup.com\/pt\/noticias\/teste-de-sucesso-d-maquina-de-fazer-saco-de-papel-cortado\/\" title=\"Teste de sucesso D M\u00e1quina de fazer sacos de papel cortados\">\n\t\t\t\t<img loading=\"lazy\" decoding=\"async\" width=\"500\" height=\"347\" src=\"https:\/\/www.ketegroup.com\/wp-content\/uploads\/2022\/08\/Success-Test-D-Cut-Paper-Bag-Making-Machine.jpg\" class=\"attachment-large size-large wp-image-8891\" alt=\"Teste de sucesso D M\u00e1quina de fazer sacos de papel cortados\" \/>\t\t\t<\/a>\n\t\t<\/div>\n\t\t\n\t\t\t\t\n\t\t\t\t<div class=\"pp-post-content-wrap\">\n\t\t\t\t\t<div class=\"pp-post-content\">\n\t\t\t\t\t\t\t\t\t\t\t\t<h4 class=\"pp-post-title\">\n\t\t\t\t<a href=\"https:\/\/www.ketegroup.com\/pt\/noticias\/teste-de-sucesso-d-maquina-de-fazer-saco-de-papel-cortado\/\">Teste de sucesso D M\u00e1quina de fazer sacos de papel cortados<\/a>\t\t\t<\/h4>\n\t\t\t\t\t\t\t\t\t<div class=\"pp-post-meta\">\n\t\t\t\t\t\t\t\t<span class=\"pp-post-date\">\n\t\t\t\t\t\t<span class=\"pp-meta-text\">\n\t\t\t\t25 de outubro de 2021\t\t\t<\/span>\n\t\t<\/span>\n\t\t<span class=\"pp-meta-separator\"><\/span>\n\t\t\t\t\t\t\t<\/div>\n\t\t\t\t\t\t\t<div class=\"pp-post-excerpt\">\n\t\t\t<p>Hoje, vamos fazer um teste da nossa m\u00e1quina de fazer sacos de papel com pega de corte em D.<\/p>\n\t\t<\/div>\n\t\t\t\t\t\t\t\t\t<\/div>\n\t\t\t\t\t\t\t\t\t<\/div>\n\n\t\t\t\t\t\t\t<\/div>\n\t\t\t\t\t<\/div>\n\t\t\t\t<div class=\"pp-post-wrap pp-grid-item-wrap elementor-grid-item post-1042 news type-news status-publish has-post-thumbnail hentry\">\n\t\t\t\t\t\t<div class=\"pp-post pp-grid-item\">\n\t\t\t\t\t\t<div class=\"pp-post-thumbnail\">\n\t\t\t<a class=\"pp-post-thumbnail-wrap\" href=\"https:\/\/www.ketegroup.com\/pt\/noticias\/maquina-de-fabrico-de-sacos-de-papel-para-janelas-de-plastico-com-teste-de-sucesso\/\" title=\"M\u00e1quina de fazer saco de papel para janela de pl\u00e1stico com teste de sucesso\">\n\t\t\t\t<img loading=\"lazy\" decoding=\"async\" width=\"500\" height=\"347\" src=\"https:\/\/www.ketegroup.com\/wp-content\/uploads\/2022\/08\/Success-Test-Plastic-Window-Paper-Bag-Making-Machine.jpg\" class=\"attachment-large size-large wp-image-8897\" alt=\"M\u00e1quina de fazer saco de papel para janela de pl\u00e1stico com teste de sucesso\" \/>\t\t\t<\/a>\n\t\t<\/div>\n\t\t\n\t\t\t\t\n\t\t\t\t<div class=\"pp-post-content-wrap\">\n\t\t\t\t\t<div class=\"pp-post-content\">\n\t\t\t\t\t\t\t\t\t\t\t\t<h4 class=\"pp-post-title\">\n\t\t\t\t<a href=\"https:\/\/www.ketegroup.com\/pt\/noticias\/maquina-de-fabrico-de-sacos-de-papel-para-janelas-de-plastico-com-teste-de-sucesso\/\">M\u00e1quina de fazer saco de papel para janela de pl\u00e1stico com teste de sucesso<\/a>\t\t\t<\/h4>\n\t\t\t\t\t\t\t\t\t<div class=\"pp-post-meta\">\n\t\t\t\t\t\t\t\t<span class=\"pp-post-date\">\n\t\t\t\t\t\t<span class=\"pp-meta-text\">\n\t\t\t\t21 de outubro de 2021\t\t\t<\/span>\n\t\t<\/span>\n\t\t<span class=\"pp-meta-separator\"><\/span>\n\t\t\t\t\t\t\t<\/div>\n\t\t\t\t\t\t\t<div class=\"pp-post-excerpt\">\n\t\t\t<p>Hoje, vamos fazer um teste da nossa m\u00e1quina de fazer sacos de papel com uma janela de pl\u00e1stico.<\/p>\n\t\t<\/div>\n\t\t\t\t\t\t\t\t\t<\/div>\n\t\t\t\t\t\t\t\t\t<\/div>\n\n\t\t\t\t\t\t\t<\/div>\n\t\t\t\t\t<\/div>\n\t\t\t\t\t\t\t\t\t<\/div>\n\t\t\t\n\t\t\t\n\t\t\t\n\t\t\t\n\t\t\t\t\t\t\t\t\t\t\t<div class=\"pp-posts-pagination-wrap pp-posts-pagination-bottom\">\n\t\t\t\t\t\t\t\t\t<\/div>\n\t\t\t\t\t\t\t\t\t<\/div>\n\n\t\t\n\t\t\t\t<\/div>\n\t\t\t\t<\/div>\n\t\t\t\t\t<\/div>\n\t\t<\/div>\n\t\t\t\t\t<\/div>\n\t\t<\/section>\n\t\t\t\t<\/div>","protected":false},"excerpt":{"rendered":"<p>Not\u00edcias da empresa Leia as not\u00edcias da nossa empresa e veja o que est\u00e1 a acontecer na KETE. Home Pesquisar new_test 20 de janeiro de 2022 Lorem ipsum Hashtag fam knausgaard dreamcatcher banjo. Bigode retro semi\u00f3tica palo Na verdade shoreditch lyft selvage mlkshk. Street art bushwick Lorem ... Novo nome 09 outubro 25, 2021 Lorem ipsum Lorem ipsum dolor amet locavore prism mumblecore [...]<\/p>","protected":false},"author":2,"featured_media":0,"parent":0,"menu_order":0,"comment_status":"closed","ping_status":"closed","template":"","meta":{"_seopress_robots_primary_cat":"0","_seopress_titles_title":"Company News - KETE","_seopress_titles_desc":"Update with upcoming events, new machine release in our news center, where you get the facts straight from us. Chat with us for inquiries.","_seopress_robots_index":"","footnotes":""},"class_list":["post-41","page","type-page","status-publish","hentry"],"_links":{"self":[{"href":"https:\/\/www.ketegroup.com\/pt\/wp-json\/wp\/v2\/pages\/41","targetHints":{"allow":["GET"]}}],"collection":[{"href":"https:\/\/www.ketegroup.com\/pt\/wp-json\/wp\/v2\/pages"}],"about":[{"href":"https:\/\/www.ketegroup.com\/pt\/wp-json\/wp\/v2\/types\/page"}],"author":[{"embeddable":true,"href":"https:\/\/www.ketegroup.com\/pt\/wp-json\/wp\/v2\/users\/2"}],"replies":[{"embeddable":true,"href":"https:\/\/www.ketegroup.com\/pt\/wp-json\/wp\/v2\/comments?post=41"}],"version-history":[{"count":0,"href":"https:\/\/www.ketegroup.com\/pt\/wp-json\/wp\/v2\/pages\/41\/revisions"}],"wp:attachment":[{"href":"https:\/\/www.ketegroup.com\/pt\/wp-json\/wp\/v2\/media?parent=41"}],"curies":[{"name":"wp","href":"https:\/\/api.w.org\/{rel}","templated":true}]}}