{"id":3968,"date":"2022-01-26T10:49:02","date_gmt":"2022-01-26T02:49:02","guid":{"rendered":"https:\/\/www.ketegroup.com\/?page_id=3968"},"modified":"2022-01-27T09:54:52","modified_gmt":"2022-01-27T01:54:52","slug":"industry-insight","status":"publish","type":"page","link":"https:\/\/www.ketegroup.com\/pt\/blogues\/visao-do-sector\/","title":{"rendered":"Vis\u00e3o do sector"},"content":{"rendered":"<div data-elementor-type=\"wp-page\" data-elementor-id=\"3968\" class=\"elementor elementor-3968\">\n\t\t\t\t\t\t<section class=\"elementor-section elementor-top-section elementor-element elementor-element-72d68c10 elementor-section-boxed elementor-section-height-default elementor-section-height-default\" data-id=\"72d68c10\" data-element_type=\"section\" data-settings=\"{&quot;background_background&quot;:&quot;classic&quot;}\">\n\t\t\t\t\t\t<div class=\"elementor-container elementor-column-gap-default\">\n\t\t\t\t\t<div class=\"elementor-column elementor-col-100 elementor-top-column elementor-element elementor-element-59ebb738\" data-id=\"59ebb738\" data-element_type=\"column\">\n\t\t\t<div class=\"elementor-widget-wrap elementor-element-populated\">\n\t\t\t\t\t\t<div class=\"elementor-element elementor-element-569ed1a0 elementor-widget elementor-widget-menu-anchor\" data-id=\"569ed1a0\" data-element_type=\"widget\" data-widget_type=\"menu-anchor.default\">\n\t\t\t\t<div class=\"elementor-widget-container\">\n\t\t\t\t\t<div class=\"elementor-menu-anchor\" id=\"01\"><\/div>\n\t\t\t\t<\/div>\n\t\t\t\t<\/div>\n\t\t\t\t<div class=\"elementor-element elementor-element-23c71bb1 elementor-widget elementor-widget-heading\" data-id=\"23c71bb1\" data-element_type=\"widget\" data-widget_type=\"heading.default\">\n\t\t\t\t<div class=\"elementor-widget-container\">\n\t\t\t<h1 class=\"elementor-heading-title elementor-size-default\">Blogues<\/h1>\t\t<\/div>\n\t\t\t\t<\/div>\n\t\t\t\t<div class=\"elementor-element elementor-element-7b43f620 elementor-widget elementor-widget-text-editor\" data-id=\"7b43f620\" data-element_type=\"widget\" data-widget_type=\"text-editor.default\">\n\t\t\t\t<div class=\"elementor-widget-container\">\n\t\t\t\t\t\t\t<p>Partilhamos consigo as \u00faltimas tend\u00eancias da ind\u00fastria e tentamos resolver todas as suas quest\u00f5es sobre m\u00e1quinas de embalagem flex\u00edvel e m\u00e1quinas de impress\u00e3o.<\/p><p>Leia os nossos blogues para se manter a par das novidades da ind\u00fastria e da KETE.<\/p>\t\t\t\t\t\t<\/div>\n\t\t\t\t<\/div>\n\t\t\t\t\t<\/div>\n\t\t<\/div>\n\t\t\t\t\t<\/div>\n\t\t<\/section>\n\t\t\t\t<section class=\"elementor-section elementor-top-section elementor-element elementor-element-75090c20 elementor-section-boxed elementor-section-height-default elementor-section-height-default\" data-id=\"75090c20\" data-element_type=\"section\">\n\t\t\t\t\t\t<div class=\"elementor-container elementor-column-gap-default\">\n\t\t\t\t\t<div class=\"elementor-column elementor-col-100 elementor-top-column elementor-element elementor-element-28e01e0a\" data-id=\"28e01e0a\" data-element_type=\"column\">\n\t\t\t<div class=\"elementor-widget-wrap elementor-element-populated\">\n\t\t\t\t\t\t<div class=\"elementor-element elementor-element-1893a8be elementor-widget elementor-widget-MML Breadcrumbs\" data-id=\"1893a8be\" data-element_type=\"widget\" data-settings=\"{&quot;breadcrumbs_type&quot;:&quot;post_type&quot;}\" data-widget_type=\"MML Breadcrumbs.default\">\n\t\t\t\t<div class=\"elementor-widget-container\">\n\t\t\t<ul class=\"pp-breadcrumbs pp-breadcrumbs-powerpack\">        <li class=\"pp-breadcrumbs-item pp-breadcrumbs-item-home\">\n            <a class=\"pp-breadcrumbs-crumb pp-breadcrumbs-crumb-link pp-breadcrumbs-crumb-home\" href=\"https:\/\/www.ketegroup.com\/pt\" title=\"In\u00edcio\">\n\t\t\t\t<span class=\"pp-breadcrumbs-text\">\n\t\t\t\t\t                    In\u00edcio\t\t\t\t<\/span>\n            <\/a>\n        <\/li>\n        <li class=\"pp-breadcrumbs-separator\">                <span class='pp-separator-icon pp-icon'>\n\t\t\t\t\t<i aria-hidden=\"true\" class=\"fas fa-angle-right\"><\/i>\t\t\t\t<\/span>\n                <\/li><\/ul>\t\t<\/div>\n\t\t\t\t<\/div>\n\t\t\t\t\t<\/div>\n\t\t<\/div>\n\t\t\t\t\t<\/div>\n\t\t<\/section>\n\t\t\t\t<section class=\"elementor-section elementor-top-section elementor-element elementor-element-24639120 elementor-section-boxed elementor-section-height-default elementor-section-height-default\" data-id=\"24639120\" data-element_type=\"section\">\n\t\t\t\t\t\t<div class=\"elementor-container elementor-column-gap-default\">\n\t\t\t\t\t<div class=\"elementor-column elementor-col-50 elementor-top-column elementor-element elementor-element-72693ff3 elementor-hidden-tablet elementor-hidden-mobile\" data-id=\"72693ff3\" data-element_type=\"column\">\n\t\t\t<div class=\"elementor-widget-wrap elementor-element-populated\">\n\t\t\t\t\t\t<div class=\"elementor-element elementor-element-1308d667 elementor-widget elementor-widget-shortcode\" data-id=\"1308d667\" data-element_type=\"widget\" data-settings=\"{&quot;sticky&quot;:&quot;top&quot;,&quot;sticky_offset&quot;:100,&quot;sticky_parent&quot;:&quot;yes&quot;,&quot;sticky_on&quot;:[&quot;desktop&quot;,&quot;tablet&quot;,&quot;mobile&quot;],&quot;sticky_effects_offset&quot;:0}\" data-widget_type=\"shortcode.default\">\n\t\t\t\t<div class=\"elementor-widget-container\">\n\t\t\t\t\t<div class=\"elementor-shortcode\"><div class=\"blog-sidebar\">\n    <div class=\"title-wrap\">\n        <h2>Categorias<\/h2>\n    <\/div>\n    <ul>\n        <li class=\"active\">\n            <a href=\"\/pt\/blogues\/\">\n                <i class=\"fas fa-dot-circle\"><\/i>\n                <span>Todos<\/span>\n            <\/a>\n        <\/li>\n                <li class=\"\">\n            <a href=\"https:\/\/www.ketegroup.com\/pt\/category\/maquinas-de-impressao-flexografica\/\">\n                <i class=\"fas fa-dot-circle\"><\/i>\n                <span>M\u00e1quinas de impress\u00e3o flexogr\u00e1fica<\/span>\n            <\/a>\n        <\/li>\n                <li class=\"\">\n            <a href=\"https:\/\/www.ketegroup.com\/pt\/category\/maquinas-de-embalagem-termo-retratil\/\">\n                <i class=\"fas fa-dot-circle\"><\/i>\n                <span>Embalagem retr\u00e1til t\u00e9rmica m\u00e1quinas<\/span>\n            <\/a>\n        <\/li>\n                <li class=\"\">\n            <a href=\"https:\/\/www.ketegroup.com\/pt\/category\/visao-do-sector\/\">\n                <i class=\"fas fa-dot-circle\"><\/i>\n                <span>Vis\u00e3o do sector<\/span>\n            <\/a>\n        <\/li>\n                <li class=\"\">\n            <a href=\"https:\/\/www.ketegroup.com\/pt\/category\/maquinas-de-impressao-de-etiquetas\/\">\n                <i class=\"fas fa-dot-circle\"><\/i>\n                <span>M\u00e1quinas de impress\u00e3o de etiquetas<\/span>\n            <\/a>\n        <\/li>\n                <li class=\"\">\n            <a href=\"https:\/\/www.ketegroup.com\/pt\/category\/maquinas-para-fabrico-de-sacos-nao-tecidos\/\">\n                <i class=\"fas fa-dot-circle\"><\/i>\n                <span>M\u00e1quinas para fabrico de sacos n\u00e3o tecidos<\/span>\n            <\/a>\n        <\/li>\n                <li class=\"\">\n            <a href=\"https:\/\/www.ketegroup.com\/pt\/category\/packaging-machines\/\">\n                <i class=\"fas fa-dot-circle\"><\/i>\n                <span>M\u00e1quinas de embalagem<\/span>\n            <\/a>\n        <\/li>\n                <li class=\"\">\n            <a href=\"https:\/\/www.ketegroup.com\/pt\/category\/maquinas-de-fabrico-de-sacos-de-papel\/\">\n                <i class=\"fas fa-dot-circle\"><\/i>\n                <span>M\u00e1quinas fabrica\u00e7\u00e3o sacos papel<\/span>\n            <\/a>\n        <\/li>\n                <li class=\"\">\n            <a href=\"https:\/\/www.ketegroup.com\/pt\/category\/maquinas-para-produtos-de-papel\/\">\n                <i class=\"fas fa-dot-circle\"><\/i>\n                <span>M\u00e1quinas fabrica\u00e7\u00e3o sacos papel<\/span>\n            <\/a>\n        <\/li>\n                <li class=\"\">\n            <a href=\"https:\/\/www.ketegroup.com\/pt\/category\/maquinas-de-fabrico-de-sacos-de-plastico\/\">\n                <i class=\"fas fa-dot-circle\"><\/i>\n                <span>M\u00e1quinas fabrica\u00e7\u00e3o sacos de pl\u00e1stico<\/span>\n            <\/a>\n        <\/li>\n                <li class=\"\">\n            <a href=\"https:\/\/www.ketegroup.com\/pt\/category\/maquinas-de-fabrico-de-bolsas\/\">\n                <i class=\"fas fa-dot-circle\"><\/i>\n                <span>M\u00e1quinas para fabrico de bolsas<\/span>\n            <\/a>\n        <\/li>\n                <li class=\"\">\n            <a href=\"https:\/\/www.ketegroup.com\/pt\/category\/recent-blogs\/\">\n                <i class=\"fas fa-dot-circle\"><\/i>\n                <span>Blogues recentes<\/span>\n            <\/a>\n        <\/li>\n                <li class=\"\">\n            <a href=\"https:\/\/www.ketegroup.com\/pt\/category\/maquinas-de-impressao-por-rotogravura\/\">\n                <i class=\"fas fa-dot-circle\"><\/i>\n                <span>M\u00e1quinas rotogravura impress\u00e3o<\/span>\n            <\/a>\n        <\/li>\n                <li class=\"\">\n            <a href=\"https:\/\/www.ketegroup.com\/pt\/category\/maquinas-de-corte\/\">\n                <i class=\"fas fa-dot-circle\"><\/i>\n                <span>M\u00e1quinas de corte longitudinal<\/span>\n            <\/a>\n        <\/li>\n                <li class=\"\">\n            <a href=\"https:\/\/www.ketegroup.com\/pt\/category\/uncategorized\/\">\n                <i class=\"fas fa-dot-circle\"><\/i>\n                <span>Sem categoria<\/span>\n            <\/a>\n        <\/li>\n                <li class=\"\">\n            <a href=\"https:\/\/www.ketegroup.com\/pt\/category\/maquinas-de-capsulas-de-vinho\/\">\n                <i class=\"fas fa-dot-circle\"><\/i>\n                <span>M\u00e1quinas de c\u00e1psulas de vinho<\/span>\n            <\/a>\n        <\/li>\n            <\/ul>\n<\/div>\n<\/div>\n\t\t\t\t<\/div>\n\t\t\t\t<\/div>\n\t\t\t\t\t<\/div>\n\t\t<\/div>\n\t\t\t\t<div class=\"elementor-column elementor-col-50 elementor-top-column elementor-element elementor-element-5b289a1f\" data-id=\"5b289a1f\" data-element_type=\"column\">\n\t\t\t<div class=\"elementor-widget-wrap elementor-element-populated\">\n\t\t\t\t\t\t<div class=\"elementor-element elementor-element-76d957c8 elementor-grid-1 elementor-grid-tablet-1 elementor-grid-mobile-1 pp-search-form-icon pp-posts-image-stack-mobile pp-post-thumbnail-align-left elementor-widget elementor-widget-pp-posts\" data-id=\"76d957c8\" data-element_type=\"widget\" data-settings=\"{&quot;news_columns&quot;:&quot;1&quot;,&quot;news_show_ajax_search_form&quot;:&quot;yes&quot;,&quot;news_columns_tablet&quot;:&quot;1&quot;,&quot;news_columns_mobile&quot;:&quot;1&quot;}\" data-widget_type=\"pp-posts.news\">\n\t\t\t\t<div class=\"elementor-widget-container\">\n\t\t\t\t\t<div class=\"pp-post-filters-container\" data-search-form=\"show\" data-search-action=\"button-click\">\n\t\t\t\t\t\t\t\t<div class=\"pp-search-form-container\">\n\t\t\t<div class=\"pp-search-form\">\n\t\t\t\t<input placeholder=\"Procurar...\" class=\"pp-search-form-input\" type=\"search\" name=\"s\" title=\"Pesquisar\">\n\t\t\t\t<button class=\"pp-search-form-submit\" type=\"submit\" title=\"Pesquisar\" aria-label=\"Pesquisar\">\n\t\t\t\t\t\t\t\t\t\t\t<i class=\"fa fa-search\" aria-hidden=\"true\"><\/i>\n\t\t\t\t\t\t<span class=\"elementor-screen-only\">Pesquisar<\/span>\n\t\t\t\t\t\t\t\t\t<\/button>\n\t\t\t<\/div>\n\t\t<\/div>\n\t\t\t\t<\/div>\n\t\t\t\t<div class=\"pp-posts-container\">\n\t\t\t\n\t\t\t\t\t\t\t\t\t\t\n\t\t\t<div class=\"pp-posts pp-posts-skin-news elementor-grid pp-posts-grid\" data-query-type=\"custom\" data-layout=\"grid\" data-page=\"3968\" data-skin=\"news\">\n\t\t\t\t\t\t\t\t\t\t\t<div class=\"pp-post-wrap pp-grid-item-wrap elementor-grid-item post-28155 post type-post status-publish format-standard has-post-thumbnail hentry category-industry-insight\">\n\t\t\t\t\t\t<div class=\"pp-post pp-grid-item\">\n\t\t\t\t\t\t<div class=\"pp-post-thumbnail\">\n\t\t\t<a class=\"pp-post-thumbnail-wrap\" href=\"https:\/\/www.ketegroup.com\/pt\/o-que-e-o-tratamento-corona\/\" title=\"Obter uma ades\u00e3o superior: O que \u00e9 o tratamento Corona para impress\u00e3o e embalagem\">\n\t\t\t\t<img fetchpriority=\"high\" decoding=\"async\" width=\"1024\" height=\"768\" src=\"https:\/\/www.ketegroup.com\/wp-content\/uploads\/2025\/07\/corona-treatment-1.webp\" class=\"attachment-large size-large wp-image-28154\" alt=\"tratamento corona 1\" srcset=\"https:\/\/www.ketegroup.com\/wp-content\/uploads\/2025\/07\/corona-treatment-1.webp 1024w, https:\/\/www.ketegroup.com\/wp-content\/uploads\/2025\/07\/corona-treatment-1-16x12.webp 16w\" sizes=\"(max-width: 1024px) 100vw, 1024px\" \/>\t\t\t<\/a>\n\t\t<\/div>\n\t\t\t\t\t\t<div class=\"pp-post-content\">\n\t\t\t\t\t\t\t\t\t\t\t<h3 class=\"pp-post-title\">\n\t\t\t\t<a href=\"https:\/\/www.ketegroup.com\/pt\/o-que-e-o-tratamento-corona\/\">Obter uma ades\u00e3o superior: O que \u00e9 o tratamento Corona para impress\u00e3o e embalagem<\/a>\t\t\t<\/h3>\n\t\t\t\t\t\t\t\t\t<div class=\"pp-post-meta\">\n\t\t\t\t\t\t\t\t<span class=\"pp-post-date\">\n\t\t\t\t\t\t<span class=\"pp-meta-text\">\n\t\t\t\tjulho 31, 2025\t\t\t<\/span>\n\t\t<\/span>\n\t\t<span class=\"pp-meta-separator\"><\/span>\n\t\t\t\t\t\t\t<\/div>\n\t\t\t\t\t\t\t<div class=\"pp-post-excerpt\">\n\t\t\t<p>A qualidade dos produtos e a efici\u00eancia da produ\u00e7\u00e3o s\u00e3o a chave para o sucesso na impress\u00e3o e embalagem modernas. As superf\u00edcies inertes est\u00e3o naturalmente presentes em muitos materiais comuns, como pel\u00edculas de pl\u00e1stico, ...<\/p>\n\t\t<\/div>\n\t\t\t\t\t\t\t\t<\/div>\n\t\t\t<\/div>\n\t\t\t\t\t<\/div>\n\t\t\t\t<div class=\"pp-post-wrap pp-grid-item-wrap elementor-grid-item post-28150 post type-post status-publish format-standard has-post-thumbnail hentry category-industry-insight\">\n\t\t\t\t\t\t<div class=\"pp-post pp-grid-item\">\n\t\t\t\t\t\t<div class=\"pp-post-thumbnail\">\n\t\t\t<a class=\"pp-post-thumbnail-wrap\" href=\"https:\/\/www.ketegroup.com\/pt\/metodos-de-impressao-sustentaveis-para-empresas\/\" title=\"Um mergulho profundo nos m\u00e9todos de impress\u00e3o sustent\u00e1veis para a sua empresa\">\n\t\t\t\t<img decoding=\"async\" width=\"1024\" height=\"768\" src=\"https:\/\/www.ketegroup.com\/wp-content\/uploads\/2025\/07\/sustainable-printing-methods-3.webp\" class=\"attachment-large size-large wp-image-28149\" alt=\"m\u00e9todos de impress\u00e3o sustent\u00e1veis 3\" srcset=\"https:\/\/www.ketegroup.com\/wp-content\/uploads\/2025\/07\/sustainable-printing-methods-3.webp 1024w, https:\/\/www.ketegroup.com\/wp-content\/uploads\/2025\/07\/sustainable-printing-methods-3-16x12.webp 16w\" sizes=\"(max-width: 1024px) 100vw, 1024px\" \/>\t\t\t<\/a>\n\t\t<\/div>\n\t\t\t\t\t\t<div class=\"pp-post-content\">\n\t\t\t\t\t\t\t\t\t\t\t<h3 class=\"pp-post-title\">\n\t\t\t\t<a href=\"https:\/\/www.ketegroup.com\/pt\/metodos-de-impressao-sustentaveis-para-empresas\/\">Um mergulho profundo nos m\u00e9todos de impress\u00e3o sustent\u00e1veis para a sua empresa<\/a>\t\t\t<\/h3>\n\t\t\t\t\t\t\t\t\t<div class=\"pp-post-meta\">\n\t\t\t\t\t\t\t\t<span class=\"pp-post-date\">\n\t\t\t\t\t\t<span class=\"pp-meta-text\">\n\t\t\t\tjulho 31, 2025\t\t\t<\/span>\n\t\t<\/span>\n\t\t<span class=\"pp-meta-separator\"><\/span>\n\t\t\t\t\t\t\t<\/div>\n\t\t\t\t\t\t\t<div class=\"pp-post-excerpt\">\n\t\t\t<p>O ambiente empresarial din\u00e2mico n\u00e3o permite uma escolha em mat\u00e9ria de sustentabilidade. \u00c9 fundamental para a responsabilidade empresarial e para a competitividade no mercado. A impress\u00e3o sustent\u00e1vel na ind\u00fastria gr\u00e1fica \u00e9 muito ...<\/p>\n\t\t<\/div>\n\t\t\t\t\t\t\t\t<\/div>\n\t\t\t<\/div>\n\t\t\t\t\t<\/div>\n\t\t\t\t<div class=\"pp-post-wrap pp-grid-item-wrap elementor-grid-item post-15677 post type-post status-publish format-standard has-post-thumbnail hentry category-industry-insight\">\n\t\t\t\t\t\t<div class=\"pp-post pp-grid-item\">\n\t\t\t\t\t\t<div class=\"pp-post-thumbnail\">\n\t\t\t<a class=\"pp-post-thumbnail-wrap\" href=\"https:\/\/www.ketegroup.com\/pt\/processo-de-conversao-da-web\/\" title=\"Convers\u00e3o Web 101: Tudo o que precisa de saber sobre a ind\u00fastria da convers\u00e3o\">\n\t\t\t\t<img decoding=\"async\" width=\"1024\" height=\"768\" src=\"https:\/\/www.ketegroup.com\/wp-content\/uploads\/2024\/10\/Die-Cutting-Processes.webp\" class=\"attachment-large size-large wp-image-15679\" alt=\"Processos de corte e vinco\" \/>\t\t\t<\/a>\n\t\t<\/div>\n\t\t\t\t\t\t<div class=\"pp-post-content\">\n\t\t\t\t\t\t\t\t\t\t\t<h3 class=\"pp-post-title\">\n\t\t\t\t<a href=\"https:\/\/www.ketegroup.com\/pt\/processo-de-conversao-da-web\/\">Convers\u00e3o Web 101: Tudo o que precisa de saber sobre a ind\u00fastria da convers\u00e3o<\/a>\t\t\t<\/h3>\n\t\t\t\t\t\t\t\t\t<div class=\"pp-post-meta\">\n\t\t\t\t\t\t\t\t<span class=\"pp-post-date\">\n\t\t\t\t\t\t<span class=\"pp-meta-text\">\n\t\t\t\t8 de outubro de 2024\t\t\t<\/span>\n\t\t<\/span>\n\t\t<span class=\"pp-meta-separator\"><\/span>\n\t\t\t\t\t\t\t<\/div>\n\t\t\t\t\t\t\t<div class=\"pp-post-excerpt\">\n\t\t\t<p>Nos \u00faltimos anos, a ind\u00fastria de convers\u00e3o emergiu como um dos aspectos mais importantes do mundo da produ\u00e7\u00e3o moderna. A ind\u00fastria \u00e9 din\u00e2mica, com a convers\u00e3o de bobinas a ...<\/p>\n\t\t<\/div>\n\t\t\t\t\t\t\t\t<\/div>\n\t\t\t<\/div>\n\t\t\t\t\t<\/div>\n\t\t\t\t<div class=\"pp-post-wrap pp-grid-item-wrap elementor-grid-item post-14885 post type-post status-publish format-standard has-post-thumbnail hentry category-industry-insight\">\n\t\t\t\t\t\t<div class=\"pp-post pp-grid-item\">\n\t\t\t\t\t\t<div class=\"pp-post-thumbnail\">\n\t\t\t<a class=\"pp-post-thumbnail-wrap\" href=\"https:\/\/www.ketegroup.com\/pt\/material-de-embalagem-para-alimentos\/\" title=\"Compara\u00e7\u00e3o de materiais populares de embalagem de alimentos: Pr\u00f3s e contras\">\n\t\t\t\t<img loading=\"lazy\" decoding=\"async\" width=\"1024\" height=\"768\" src=\"https:\/\/www.ketegroup.com\/wp-content\/uploads\/2023\/12\/4kraft-paper-packaging.webp\" class=\"attachment-large size-large wp-image-11754\" alt=\"embalagens de papel kraft\" \/>\t\t\t<\/a>\n\t\t<\/div>\n\t\t\t\t\t\t<div class=\"pp-post-content\">\n\t\t\t\t\t\t\t\t\t\t\t<h3 class=\"pp-post-title\">\n\t\t\t\t<a href=\"https:\/\/www.ketegroup.com\/pt\/material-de-embalagem-para-alimentos\/\">Compara\u00e7\u00e3o de materiais populares de embalagem de alimentos: Pr\u00f3s e contras<\/a>\t\t\t<\/h3>\n\t\t\t\t\t\t\t\t\t<div class=\"pp-post-meta\">\n\t\t\t\t\t\t\t\t<span class=\"pp-post-date\">\n\t\t\t\t\t\t<span class=\"pp-meta-text\">\n\t\t\t\t19 de setembro de 2024\t\t\t<\/span>\n\t\t<\/span>\n\t\t<span class=\"pp-meta-separator\"><\/span>\n\t\t\t\t\t\t\t<\/div>\n\t\t\t\t\t\t\t<div class=\"pp-post-excerpt\">\n\t\t\t<p>No mundo atual de ritmo acelerado, a import\u00e2ncia dos materiais de embalagem de alimentos n\u00e3o pode ser exagerada. Imagine por um segundo entrar numa mercearia e ver quase todas as prateleiras da loja ...<\/p>\n\t\t<\/div>\n\t\t\t\t\t\t\t\t<\/div>\n\t\t\t<\/div>\n\t\t\t\t\t<\/div>\n\t\t\t\t<div class=\"pp-post-wrap pp-grid-item-wrap elementor-grid-item post-14868 post type-post status-publish format-standard has-post-thumbnail hentry category-industry-insight\">\n\t\t\t\t\t\t<div class=\"pp-post pp-grid-item\">\n\t\t\t\t\t\t<div class=\"pp-post-thumbnail\">\n\t\t\t<a class=\"pp-post-thumbnail-wrap\" href=\"https:\/\/www.ketegroup.com\/pt\/guia-dos-tipos-de-embalagens-flexiveis\/\" title=\"Explorando os diferentes tipos de embalagens flex\u00edveis: Um guia completo\">\n\t\t\t\t<img loading=\"lazy\" decoding=\"async\" width=\"1024\" height=\"768\" src=\"https:\/\/www.ketegroup.com\/wp-content\/uploads\/2024\/09\/image-21.webp\" class=\"attachment-large size-large wp-image-14869\" alt=\"tipos de embalagens flex\u00edveis\" \/>\t\t\t<\/a>\n\t\t<\/div>\n\t\t\t\t\t\t<div class=\"pp-post-content\">\n\t\t\t\t\t\t\t\t\t\t\t<h3 class=\"pp-post-title\">\n\t\t\t\t<a href=\"https:\/\/www.ketegroup.com\/pt\/guia-dos-tipos-de-embalagens-flexiveis\/\">Explorando os diferentes tipos de embalagens flex\u00edveis: Um guia completo<\/a>\t\t\t<\/h3>\n\t\t\t\t\t\t\t\t\t<div class=\"pp-post-meta\">\n\t\t\t\t\t\t\t\t<span class=\"pp-post-date\">\n\t\t\t\t\t\t<span class=\"pp-meta-text\">\n\t\t\t\t19 de setembro de 2024\t\t\t<\/span>\n\t\t<\/span>\n\t\t<span class=\"pp-meta-separator\"><\/span>\n\t\t\t\t\t\t\t<\/div>\n\t\t\t\t\t\t\t<div class=\"pp-post-excerpt\">\n\t\t\t<p>O que \u00e9 uma embalagem flex\u00edvel? A embalagem flex\u00edvel \u00e9 definida como um m\u00e9todo de embalagem que utiliza subst\u00e2ncias flex\u00edveis. Isto permite-lhe ter designs de embalagens mais adapt\u00e1veis e inventivos. Estes podem ser ...<\/p>\n\t\t<\/div>\n\t\t\t\t\t\t\t\t<\/div>\n\t\t\t<\/div>\n\t\t\t\t\t<\/div>\n\t\t\t\t\t\t\t\t\t<\/div>\n\t\t\t\n\t\t\t\n\t\t\t\n\t\t\t\n\t\t\t\t\t\t\t\t\t\t\t<div class=\"pp-posts-pagination-wrap pp-posts-pagination-bottom\">\n\t\t\t\t\t\t\t\t\t<\/div>\n\t\t\t\t\t\t\t\t\t<\/div>\n\n\t\t\n\t\t\t\t<\/div>\n\t\t\t\t<\/div>\n\t\t\t\t\t<\/div>\n\t\t<\/div>\n\t\t\t\t\t<\/div>\n\t\t<\/section>\n\t\t\t\t<\/div>","protected":false},"excerpt":{"rendered":"<p>Blogs We share with you the latest industry trends, try to solve all your questions about flexible packaging machines and printing machines as well. Read our blogs to keep abreast of what&#8217;s new in the industry and in KETE. Home Search Blog Name 14 September 24, 2021 Lorem ipsum Lorem ipsum dolor amet locavore prism [&hellip;]<\/p>","protected":false},"author":2,"featured_media":0,"parent":47,"menu_order":0,"comment_status":"closed","ping_status":"closed","template":"","meta":{"_seopress_robots_primary_cat":"0","_seopress_titles_title":"","_seopress_titles_desc":"","_seopress_robots_index":"","footnotes":""},"class_list":["post-3968","page","type-page","status-publish","hentry"],"_links":{"self":[{"href":"https:\/\/www.ketegroup.com\/pt\/wp-json\/wp\/v2\/pages\/3968","targetHints":{"allow":["GET"]}}],"collection":[{"href":"https:\/\/www.ketegroup.com\/pt\/wp-json\/wp\/v2\/pages"}],"about":[{"href":"https:\/\/www.ketegroup.com\/pt\/wp-json\/wp\/v2\/types\/page"}],"author":[{"embeddable":true,"href":"https:\/\/www.ketegroup.com\/pt\/wp-json\/wp\/v2\/users\/2"}],"replies":[{"embeddable":true,"href":"https:\/\/www.ketegroup.com\/pt\/wp-json\/wp\/v2\/comments?post=3968"}],"version-history":[{"count":0,"href":"https:\/\/www.ketegroup.com\/pt\/wp-json\/wp\/v2\/pages\/3968\/revisions"}],"up":[{"embeddable":true,"href":"https:\/\/www.ketegroup.com\/pt\/wp-json\/wp\/v2\/pages\/47"}],"wp:attachment":[{"href":"https:\/\/www.ketegroup.com\/pt\/wp-json\/wp\/v2\/media?parent=3968"}],"curies":[{"name":"wp","href":"https:\/\/api.w.org\/{rel}","templated":true}]}}