{"id":3967,"date":"2022-01-26T10:49:02","date_gmt":"2022-01-26T02:49:02","guid":{"rendered":"https:\/\/www.ketegroup.com\/?page_id=3967"},"modified":"2022-07-27T06:51:58","modified_gmt":"2022-07-26T22:51:58","slug":"heat-shrink-packaging-machines","status":"publish","type":"page","link":"https:\/\/www.ketegroup.com\/pt\/blogues\/maquinas-de-embalagem-termo-retratil\/","title":{"rendered":"Embalagem retr\u00e1til t\u00e9rmica m\u00e1quinas"},"content":{"rendered":"<div data-elementor-type=\"wp-page\" data-elementor-id=\"3967\" class=\"elementor elementor-3967\">\n\t\t\t\t\t\t<section class=\"elementor-section elementor-top-section elementor-element elementor-element-5bb21af elementor-section-boxed elementor-section-height-default elementor-section-height-default\" data-id=\"5bb21af\" data-element_type=\"section\" data-settings=\"{&quot;background_background&quot;:&quot;classic&quot;}\">\n\t\t\t\t\t\t<div class=\"elementor-container elementor-column-gap-default\">\n\t\t\t\t\t<div class=\"elementor-column elementor-col-100 elementor-top-column elementor-element elementor-element-2a552eb0\" data-id=\"2a552eb0\" data-element_type=\"column\">\n\t\t\t<div class=\"elementor-widget-wrap elementor-element-populated\">\n\t\t\t\t\t\t<div class=\"elementor-element elementor-element-2400e261 elementor-widget elementor-widget-menu-anchor\" data-id=\"2400e261\" data-element_type=\"widget\" data-widget_type=\"menu-anchor.default\">\n\t\t\t\t<div class=\"elementor-widget-container\">\n\t\t\t\t\t<div class=\"elementor-menu-anchor\" id=\"01\"><\/div>\n\t\t\t\t<\/div>\n\t\t\t\t<\/div>\n\t\t\t\t<div class=\"elementor-element elementor-element-7174b3b2 elementor-widget elementor-widget-heading\" data-id=\"7174b3b2\" data-element_type=\"widget\" data-widget_type=\"heading.default\">\n\t\t\t\t<div class=\"elementor-widget-container\">\n\t\t\t<h1 class=\"elementor-heading-title elementor-size-default\">Blogues<\/h1>\t\t<\/div>\n\t\t\t\t<\/div>\n\t\t\t\t<div class=\"elementor-element elementor-element-5354ebd5 elementor-widget elementor-widget-text-editor\" data-id=\"5354ebd5\" data-element_type=\"widget\" data-widget_type=\"text-editor.default\">\n\t\t\t\t<div class=\"elementor-widget-container\">\n\t\t\t\t\t\t\t<p>Partilhamos consigo as \u00faltimas tend\u00eancias da ind\u00fastria e tentamos resolver todas as suas quest\u00f5es sobre m\u00e1quinas de embalagem flex\u00edvel e m\u00e1quinas de impress\u00e3o.<\/p><p>Leia os nossos blogues para se manter a par das novidades da ind\u00fastria e da KETE.<\/p>\t\t\t\t\t\t<\/div>\n\t\t\t\t<\/div>\n\t\t\t\t\t<\/div>\n\t\t<\/div>\n\t\t\t\t\t<\/div>\n\t\t<\/section>\n\t\t\t\t<section class=\"elementor-section elementor-top-section elementor-element elementor-element-410a026e elementor-section-boxed elementor-section-height-default elementor-section-height-default\" data-id=\"410a026e\" data-element_type=\"section\">\n\t\t\t\t\t\t<div class=\"elementor-container elementor-column-gap-default\">\n\t\t\t\t\t<div class=\"elementor-column elementor-col-100 elementor-top-column elementor-element elementor-element-5c37e179\" data-id=\"5c37e179\" data-element_type=\"column\">\n\t\t\t<div class=\"elementor-widget-wrap elementor-element-populated\">\n\t\t\t\t\t\t<div class=\"elementor-element elementor-element-12f8cb8a elementor-widget elementor-widget-MML Breadcrumbs\" data-id=\"12f8cb8a\" data-element_type=\"widget\" data-settings=\"{&quot;breadcrumbs_type&quot;:&quot;post_type&quot;}\" data-widget_type=\"MML Breadcrumbs.default\">\n\t\t\t\t<div class=\"elementor-widget-container\">\n\t\t\t<ul class=\"pp-breadcrumbs pp-breadcrumbs-powerpack\">        <li class=\"pp-breadcrumbs-item pp-breadcrumbs-item-home\">\n            <a class=\"pp-breadcrumbs-crumb pp-breadcrumbs-crumb-link pp-breadcrumbs-crumb-home\" href=\"https:\/\/www.ketegroup.com\/pt\" title=\"In\u00edcio\">\n\t\t\t\t<span class=\"pp-breadcrumbs-text\">\n\t\t\t\t\t                    In\u00edcio\t\t\t\t<\/span>\n            <\/a>\n        <\/li>\n        <li class=\"pp-breadcrumbs-separator\">                <span class='pp-separator-icon pp-icon'>\n\t\t\t\t\t<i aria-hidden=\"true\" class=\"fas fa-angle-right\"><\/i>\t\t\t\t<\/span>\n                <\/li><\/ul>\t\t<\/div>\n\t\t\t\t<\/div>\n\t\t\t\t\t<\/div>\n\t\t<\/div>\n\t\t\t\t\t<\/div>\n\t\t<\/section>\n\t\t\t\t<section class=\"elementor-section elementor-top-section elementor-element elementor-element-37ed956e elementor-section-boxed elementor-section-height-default elementor-section-height-default\" data-id=\"37ed956e\" data-element_type=\"section\">\n\t\t\t\t\t\t<div class=\"elementor-container elementor-column-gap-default\">\n\t\t\t\t\t<div class=\"elementor-column elementor-col-50 elementor-top-column elementor-element elementor-element-2cdcc747 elementor-hidden-tablet elementor-hidden-mobile\" data-id=\"2cdcc747\" data-element_type=\"column\">\n\t\t\t<div class=\"elementor-widget-wrap elementor-element-populated\">\n\t\t\t\t\t\t<div class=\"elementor-element elementor-element-28e3f27 elementor-widget elementor-widget-shortcode\" data-id=\"28e3f27\" data-element_type=\"widget\" data-settings=\"{&quot;sticky&quot;:&quot;top&quot;,&quot;sticky_offset&quot;:100,&quot;sticky_parent&quot;:&quot;yes&quot;,&quot;sticky_on&quot;:[&quot;desktop&quot;,&quot;tablet&quot;,&quot;mobile&quot;],&quot;sticky_effects_offset&quot;:0}\" data-widget_type=\"shortcode.default\">\n\t\t\t\t<div class=\"elementor-widget-container\">\n\t\t\t\t\t<div class=\"elementor-shortcode\"><div class=\"blog-sidebar\">\n    <div class=\"title-wrap\">\n        <h2>Categorias<\/h2>\n    <\/div>\n    <ul>\n        <li class=\"active\">\n            <a href=\"\/pt\/blogues\/\">\n                <i class=\"fas fa-dot-circle\"><\/i>\n                <span>Todos<\/span>\n            <\/a>\n        <\/li>\n                <li class=\"\">\n            <a href=\"https:\/\/www.ketegroup.com\/pt\/category\/maquinas-de-impressao-flexografica\/\">\n                <i class=\"fas fa-dot-circle\"><\/i>\n                <span>M\u00e1quinas de impress\u00e3o flexogr\u00e1fica<\/span>\n            <\/a>\n        <\/li>\n                <li class=\"\">\n            <a href=\"https:\/\/www.ketegroup.com\/pt\/category\/maquinas-de-embalagem-termo-retratil\/\">\n                <i class=\"fas fa-dot-circle\"><\/i>\n                <span>Embalagem retr\u00e1til t\u00e9rmica m\u00e1quinas<\/span>\n            <\/a>\n        <\/li>\n                <li class=\"\">\n            <a href=\"https:\/\/www.ketegroup.com\/pt\/category\/visao-do-sector\/\">\n                <i class=\"fas fa-dot-circle\"><\/i>\n                <span>Vis\u00e3o do sector<\/span>\n            <\/a>\n        <\/li>\n                <li class=\"\">\n            <a href=\"https:\/\/www.ketegroup.com\/pt\/category\/maquinas-de-impressao-de-etiquetas\/\">\n                <i class=\"fas fa-dot-circle\"><\/i>\n                <span>M\u00e1quinas de impress\u00e3o de etiquetas<\/span>\n            <\/a>\n        <\/li>\n                <li class=\"\">\n            <a href=\"https:\/\/www.ketegroup.com\/pt\/category\/maquinas-para-fabrico-de-sacos-nao-tecidos\/\">\n                <i class=\"fas fa-dot-circle\"><\/i>\n                <span>M\u00e1quinas para fabrico de sacos n\u00e3o tecidos<\/span>\n            <\/a>\n        <\/li>\n                <li class=\"\">\n            <a href=\"https:\/\/www.ketegroup.com\/pt\/category\/packaging-machines\/\">\n                <i class=\"fas fa-dot-circle\"><\/i>\n                <span>M\u00e1quinas de embalagem<\/span>\n            <\/a>\n        <\/li>\n                <li class=\"\">\n            <a href=\"https:\/\/www.ketegroup.com\/pt\/category\/maquinas-de-fabrico-de-sacos-de-papel\/\">\n                <i class=\"fas fa-dot-circle\"><\/i>\n                <span>M\u00e1quinas fabrica\u00e7\u00e3o sacos papel<\/span>\n            <\/a>\n        <\/li>\n                <li class=\"\">\n            <a href=\"https:\/\/www.ketegroup.com\/pt\/category\/maquinas-para-produtos-de-papel\/\">\n                <i class=\"fas fa-dot-circle\"><\/i>\n                <span>M\u00e1quinas fabrica\u00e7\u00e3o sacos papel<\/span>\n            <\/a>\n        <\/li>\n                <li class=\"\">\n            <a href=\"https:\/\/www.ketegroup.com\/pt\/category\/maquinas-de-fabrico-de-sacos-de-plastico\/\">\n                <i class=\"fas fa-dot-circle\"><\/i>\n                <span>M\u00e1quinas fabrica\u00e7\u00e3o sacos de pl\u00e1stico<\/span>\n            <\/a>\n        <\/li>\n                <li class=\"\">\n            <a href=\"https:\/\/www.ketegroup.com\/pt\/category\/maquinas-de-fabrico-de-bolsas\/\">\n                <i class=\"fas fa-dot-circle\"><\/i>\n                <span>M\u00e1quinas para fabrico de bolsas<\/span>\n            <\/a>\n        <\/li>\n                <li class=\"\">\n            <a href=\"https:\/\/www.ketegroup.com\/pt\/category\/recent-blogs\/\">\n                <i class=\"fas fa-dot-circle\"><\/i>\n                <span>Blogues recentes<\/span>\n            <\/a>\n        <\/li>\n                <li class=\"\">\n            <a href=\"https:\/\/www.ketegroup.com\/pt\/category\/maquinas-de-impressao-por-rotogravura\/\">\n                <i class=\"fas fa-dot-circle\"><\/i>\n                <span>M\u00e1quinas rotogravura impress\u00e3o<\/span>\n            <\/a>\n        <\/li>\n                <li class=\"\">\n            <a href=\"https:\/\/www.ketegroup.com\/pt\/category\/maquinas-de-corte\/\">\n                <i class=\"fas fa-dot-circle\"><\/i>\n                <span>M\u00e1quinas de corte longitudinal<\/span>\n            <\/a>\n        <\/li>\n                <li class=\"\">\n            <a href=\"https:\/\/www.ketegroup.com\/pt\/category\/uncategorized\/\">\n                <i class=\"fas fa-dot-circle\"><\/i>\n                <span>Sem categoria<\/span>\n            <\/a>\n        <\/li>\n                <li class=\"\">\n            <a href=\"https:\/\/www.ketegroup.com\/pt\/category\/maquinas-de-capsulas-de-vinho\/\">\n                <i class=\"fas fa-dot-circle\"><\/i>\n                <span>M\u00e1quinas de c\u00e1psulas de vinho<\/span>\n            <\/a>\n        <\/li>\n            <\/ul>\n<\/div>\n<\/div>\n\t\t\t\t<\/div>\n\t\t\t\t<\/div>\n\t\t\t\t\t<\/div>\n\t\t<\/div>\n\t\t\t\t<div class=\"elementor-column elementor-col-50 elementor-top-column elementor-element elementor-element-23a2af2d\" data-id=\"23a2af2d\" data-element_type=\"column\">\n\t\t\t<div class=\"elementor-widget-wrap elementor-element-populated\">\n\t\t\t\t\t\t<div class=\"elementor-element elementor-element-1ad07edf elementor-grid-1 elementor-grid-tablet-1 elementor-grid-mobile-1 pp-search-form-icon pp-posts-image-stack-mobile pp-post-thumbnail-align-left elementor-widget elementor-widget-pp-posts\" data-id=\"1ad07edf\" data-element_type=\"widget\" data-settings=\"{&quot;news_columns&quot;:&quot;1&quot;,&quot;news_show_ajax_search_form&quot;:&quot;yes&quot;,&quot;news_columns_tablet&quot;:&quot;1&quot;,&quot;news_columns_mobile&quot;:&quot;1&quot;}\" data-widget_type=\"pp-posts.news\">\n\t\t\t\t<div class=\"elementor-widget-container\">\n\t\t\t\t\t<div class=\"pp-post-filters-container\" data-search-form=\"show\" data-search-action=\"button-click\">\n\t\t\t\t\t\t\t\t<div class=\"pp-search-form-container\">\n\t\t\t<div class=\"pp-search-form\">\n\t\t\t\t<input placeholder=\"Procurar...\" class=\"pp-search-form-input\" type=\"search\" name=\"s\" title=\"Pesquisar\">\n\t\t\t\t<button class=\"pp-search-form-submit\" type=\"submit\" title=\"Pesquisar\" aria-label=\"Pesquisar\">\n\t\t\t\t\t\t\t\t\t\t\t<i class=\"fa fa-search\" aria-hidden=\"true\"><\/i>\n\t\t\t\t\t\t<span class=\"elementor-screen-only\">Pesquisar<\/span>\n\t\t\t\t\t\t\t\t\t<\/button>\n\t\t\t<\/div>\n\t\t<\/div>\n\t\t\t\t<\/div>\n\t\t\t\t<div class=\"pp-posts-container\">\n\t\t\t\n\t\t\t\t\t\t\t\t\t\t\n\t\t\t<div class=\"pp-posts pp-posts-skin-news elementor-grid pp-posts-grid\" data-query-type=\"custom\" data-layout=\"grid\" data-page=\"3967\" data-skin=\"news\">\n\t\t\t\t\t\t\t\t\t\t\t<div class=\"pp-post-wrap pp-grid-item-wrap elementor-grid-item post-12497 post type-post status-publish format-standard has-post-thumbnail hentry category-heat-shrink-packaging-machines\">\n\t\t\t\t\t\t<div class=\"pp-post pp-grid-item\">\n\t\t\t\t\t\t<div class=\"pp-post-thumbnail\">\n\t\t\t<a class=\"pp-post-thumbnail-wrap\" href=\"https:\/\/www.ketegroup.com\/pt\/a-melhor-maquina-de-embalagem-retratil-para-empresas\/\" title=\"Escolher a melhor m\u00e1quina de embalagem retr\u00e1til para as necessidades da sua empresa\">\n\t\t\t\t<img fetchpriority=\"high\" decoding=\"async\" width=\"1024\" height=\"768\" src=\"https:\/\/www.ketegroup.com\/wp-content\/uploads\/2024\/04\/types-of-food-packaging5.webp\" class=\"attachment-large size-large wp-image-12342\" alt=\"tipos de embalagens para alimentos\" \/>\t\t\t<\/a>\n\t\t<\/div>\n\t\t\t\t\t\t<div class=\"pp-post-content\">\n\t\t\t\t\t\t\t\t\t\t\t<h3 class=\"pp-post-title\">\n\t\t\t\t<a href=\"https:\/\/www.ketegroup.com\/pt\/a-melhor-maquina-de-embalagem-retratil-para-empresas\/\">Escolher a melhor m\u00e1quina de embalagem retr\u00e1til para as necessidades da sua empresa<\/a>\t\t\t<\/h3>\n\t\t\t\t\t\t\t\t\t<div class=\"pp-post-meta\">\n\t\t\t\t\t\t\t\t<span class=\"pp-post-date\">\n\t\t\t\t\t\t<span class=\"pp-meta-text\">\n\t\t\t\t4 de junho de 2024\t\t\t<\/span>\n\t\t<\/span>\n\t\t<span class=\"pp-meta-separator\"><\/span>\n\t\t\t\t\t\t\t<\/div>\n\t\t\t\t\t\t\t<div class=\"pp-post-excerpt\">\n\t\t\t<p>Ao passear por uma f\u00e1brica moderna e movimentada ou ao visitar uma loja de retalho, poder\u00e1 esquecer-se de um elemento crucial: a pel\u00edcula retr\u00e1til. Esta pel\u00edcula transparente envolve firmemente os produtos, protegendo-os da produ\u00e7\u00e3o ...<\/p>\n\t\t<\/div>\n\t\t\t\t\t\t\t\t<\/div>\n\t\t\t<\/div>\n\t\t\t\t\t<\/div>\n\t\t\t\t\t\t\t\t\t<\/div>\n\t\t\t\n\t\t\t\n\t\t\t\n\t\t\t\n\t\t\t\t\t\t\t\t\t\t\t<div class=\"pp-posts-pagination-wrap pp-posts-pagination-bottom\">\n\t\t\t\t\t\t\t\t\t<\/div>\n\t\t\t\t\t\t\t\t\t<\/div>\n\n\t\t\n\t\t\t\t<\/div>\n\t\t\t\t<\/div>\n\t\t\t\t\t<\/div>\n\t\t<\/div>\n\t\t\t\t\t<\/div>\n\t\t<\/section>\n\t\t\t\t<\/div>","protected":false},"excerpt":{"rendered":"<p>Blogs We share with you the latest industry trends, try to solve all your questions about flexible packaging machines and printing machines as well. Read our blogs to keep abreast of what&#8217;s new in the industry and in KETE. Home Search Blog Name 14 September 24, 2021 Lorem ipsum Lorem ipsum dolor amet locavore prism [&hellip;]<\/p>","protected":false},"author":2,"featured_media":0,"parent":47,"menu_order":0,"comment_status":"closed","ping_status":"closed","template":"","meta":{"_seopress_robots_primary_cat":"0","_seopress_titles_title":"Heat Shrink Packaging Machines - ketegroup","_seopress_titles_desc":"Heat Shrink Packaging Machines for packaging","_seopress_robots_index":"","footnotes":""},"class_list":["post-3967","page","type-page","status-publish","hentry"],"_links":{"self":[{"href":"https:\/\/www.ketegroup.com\/pt\/wp-json\/wp\/v2\/pages\/3967","targetHints":{"allow":["GET"]}}],"collection":[{"href":"https:\/\/www.ketegroup.com\/pt\/wp-json\/wp\/v2\/pages"}],"about":[{"href":"https:\/\/www.ketegroup.com\/pt\/wp-json\/wp\/v2\/types\/page"}],"author":[{"embeddable":true,"href":"https:\/\/www.ketegroup.com\/pt\/wp-json\/wp\/v2\/users\/2"}],"replies":[{"embeddable":true,"href":"https:\/\/www.ketegroup.com\/pt\/wp-json\/wp\/v2\/comments?post=3967"}],"version-history":[{"count":1,"href":"https:\/\/www.ketegroup.com\/pt\/wp-json\/wp\/v2\/pages\/3967\/revisions"}],"predecessor-version":[{"id":17057,"href":"https:\/\/www.ketegroup.com\/pt\/wp-json\/wp\/v2\/pages\/3967\/revisions\/17057"}],"up":[{"embeddable":true,"href":"https:\/\/www.ketegroup.com\/pt\/wp-json\/wp\/v2\/pages\/47"}],"wp:attachment":[{"href":"https:\/\/www.ketegroup.com\/pt\/wp-json\/wp\/v2\/media?parent=3967"}],"curies":[{"name":"wp","href":"https:\/\/api.w.org\/{rel}","templated":true}]}}