{"id":3966,"date":"2022-01-26T10:49:02","date_gmt":"2022-01-26T02:49:02","guid":{"rendered":"https:\/\/www.ketegroup.com\/?page_id=3966"},"modified":"2022-01-26T10:57:38","modified_gmt":"2022-01-26T02:57:38","slug":"paper-product-machines","status":"publish","type":"page","link":"https:\/\/www.ketegroup.com\/pt\/blogues\/maquinas-para-produtos-de-papel\/","title":{"rendered":"M\u00e1quinas fabrica\u00e7\u00e3o sacos papel"},"content":{"rendered":"<div data-elementor-type=\"wp-page\" data-elementor-id=\"3966\" class=\"elementor elementor-3966\">\n\t\t\t\t\t\t<section class=\"elementor-section elementor-top-section elementor-element elementor-element-2a09af27 elementor-section-boxed elementor-section-height-default elementor-section-height-default\" data-id=\"2a09af27\" data-element_type=\"section\" data-settings=\"{&quot;background_background&quot;:&quot;classic&quot;}\">\n\t\t\t\t\t\t<div class=\"elementor-container elementor-column-gap-default\">\n\t\t\t\t\t<div class=\"elementor-column elementor-col-100 elementor-top-column elementor-element elementor-element-7c17fffc\" data-id=\"7c17fffc\" data-element_type=\"column\">\n\t\t\t<div class=\"elementor-widget-wrap elementor-element-populated\">\n\t\t\t\t\t\t<div class=\"elementor-element elementor-element-1e61cc9c elementor-widget elementor-widget-menu-anchor\" data-id=\"1e61cc9c\" data-element_type=\"widget\" data-widget_type=\"menu-anchor.default\">\n\t\t\t\t<div class=\"elementor-widget-container\">\n\t\t\t\t\t<div class=\"elementor-menu-anchor\" id=\"01\"><\/div>\n\t\t\t\t<\/div>\n\t\t\t\t<\/div>\n\t\t\t\t<div class=\"elementor-element elementor-element-46b80205 elementor-widget elementor-widget-heading\" data-id=\"46b80205\" data-element_type=\"widget\" data-widget_type=\"heading.default\">\n\t\t\t\t<div class=\"elementor-widget-container\">\n\t\t\t<h1 class=\"elementor-heading-title elementor-size-default\">Blogues<\/h1>\t\t<\/div>\n\t\t\t\t<\/div>\n\t\t\t\t<div class=\"elementor-element elementor-element-5b964bea elementor-widget elementor-widget-text-editor\" data-id=\"5b964bea\" data-element_type=\"widget\" data-widget_type=\"text-editor.default\">\n\t\t\t\t<div class=\"elementor-widget-container\">\n\t\t\t\t\t\t\t<p>Partilhamos consigo as \u00faltimas tend\u00eancias da ind\u00fastria e tentamos resolver todas as suas quest\u00f5es sobre m\u00e1quinas de embalagem flex\u00edvel e m\u00e1quinas de impress\u00e3o.<\/p><p>Leia os nossos blogues para se manter a par das novidades da ind\u00fastria e da KETE.<\/p>\t\t\t\t\t\t<\/div>\n\t\t\t\t<\/div>\n\t\t\t\t\t<\/div>\n\t\t<\/div>\n\t\t\t\t\t<\/div>\n\t\t<\/section>\n\t\t\t\t<section class=\"elementor-section elementor-top-section elementor-element elementor-element-4a9e14a6 elementor-section-boxed elementor-section-height-default elementor-section-height-default\" data-id=\"4a9e14a6\" data-element_type=\"section\">\n\t\t\t\t\t\t<div class=\"elementor-container elementor-column-gap-default\">\n\t\t\t\t\t<div class=\"elementor-column elementor-col-100 elementor-top-column elementor-element elementor-element-7efd0057\" data-id=\"7efd0057\" data-element_type=\"column\">\n\t\t\t<div class=\"elementor-widget-wrap elementor-element-populated\">\n\t\t\t\t\t\t<div class=\"elementor-element elementor-element-6cafbf63 elementor-widget elementor-widget-MML Breadcrumbs\" data-id=\"6cafbf63\" data-element_type=\"widget\" data-settings=\"{&quot;breadcrumbs_type&quot;:&quot;post_type&quot;}\" data-widget_type=\"MML Breadcrumbs.default\">\n\t\t\t\t<div class=\"elementor-widget-container\">\n\t\t\t<ul class=\"pp-breadcrumbs pp-breadcrumbs-powerpack\">        <li class=\"pp-breadcrumbs-item pp-breadcrumbs-item-home\">\n            <a class=\"pp-breadcrumbs-crumb pp-breadcrumbs-crumb-link pp-breadcrumbs-crumb-home\" href=\"https:\/\/www.ketegroup.com\/pt\" title=\"In\u00edcio\">\n\t\t\t\t<span class=\"pp-breadcrumbs-text\">\n\t\t\t\t\t                    In\u00edcio\t\t\t\t<\/span>\n            <\/a>\n        <\/li>\n        <li class=\"pp-breadcrumbs-separator\">                <span class='pp-separator-icon pp-icon'>\n\t\t\t\t\t<i aria-hidden=\"true\" class=\"fas fa-angle-right\"><\/i>\t\t\t\t<\/span>\n                <\/li><\/ul>\t\t<\/div>\n\t\t\t\t<\/div>\n\t\t\t\t\t<\/div>\n\t\t<\/div>\n\t\t\t\t\t<\/div>\n\t\t<\/section>\n\t\t\t\t<section class=\"elementor-section elementor-top-section elementor-element elementor-element-1edb07e9 elementor-section-boxed elementor-section-height-default elementor-section-height-default\" data-id=\"1edb07e9\" data-element_type=\"section\">\n\t\t\t\t\t\t<div class=\"elementor-container elementor-column-gap-default\">\n\t\t\t\t\t<div class=\"elementor-column elementor-col-50 elementor-top-column elementor-element elementor-element-6e5ae52e elementor-hidden-tablet elementor-hidden-mobile\" data-id=\"6e5ae52e\" data-element_type=\"column\">\n\t\t\t<div class=\"elementor-widget-wrap elementor-element-populated\">\n\t\t\t\t\t\t<div class=\"elementor-element elementor-element-4a4db8fc elementor-widget elementor-widget-shortcode\" data-id=\"4a4db8fc\" data-element_type=\"widget\" data-settings=\"{&quot;sticky&quot;:&quot;top&quot;,&quot;sticky_offset&quot;:100,&quot;sticky_parent&quot;:&quot;yes&quot;,&quot;sticky_on&quot;:[&quot;desktop&quot;,&quot;tablet&quot;,&quot;mobile&quot;],&quot;sticky_effects_offset&quot;:0}\" data-widget_type=\"shortcode.default\">\n\t\t\t\t<div class=\"elementor-widget-container\">\n\t\t\t\t\t<div class=\"elementor-shortcode\"><div class=\"blog-sidebar\">\n    <div class=\"title-wrap\">\n        <h2>Categorias<\/h2>\n    <\/div>\n    <ul>\n        <li class=\"active\">\n            <a href=\"\/pt\/blogues\/\">\n                <i class=\"fas fa-dot-circle\"><\/i>\n                <span>Todos<\/span>\n            <\/a>\n        <\/li>\n                <li class=\"\">\n            <a href=\"https:\/\/www.ketegroup.com\/pt\/category\/maquinas-de-impressao-flexografica\/\">\n                <i class=\"fas fa-dot-circle\"><\/i>\n                <span>M\u00e1quinas de impress\u00e3o flexogr\u00e1fica<\/span>\n            <\/a>\n        <\/li>\n                <li class=\"\">\n            <a href=\"https:\/\/www.ketegroup.com\/pt\/category\/maquinas-de-embalagem-termo-retratil\/\">\n                <i class=\"fas fa-dot-circle\"><\/i>\n                <span>Embalagem retr\u00e1til t\u00e9rmica m\u00e1quinas<\/span>\n            <\/a>\n        <\/li>\n                <li class=\"\">\n            <a href=\"https:\/\/www.ketegroup.com\/pt\/category\/visao-do-sector\/\">\n                <i class=\"fas fa-dot-circle\"><\/i>\n                <span>Vis\u00e3o do sector<\/span>\n            <\/a>\n        <\/li>\n                <li class=\"\">\n            <a href=\"https:\/\/www.ketegroup.com\/pt\/category\/maquinas-de-impressao-de-etiquetas\/\">\n                <i class=\"fas fa-dot-circle\"><\/i>\n                <span>M\u00e1quinas de impress\u00e3o de etiquetas<\/span>\n            <\/a>\n        <\/li>\n                <li class=\"\">\n            <a href=\"https:\/\/www.ketegroup.com\/pt\/category\/maquinas-para-fabrico-de-sacos-nao-tecidos\/\">\n                <i class=\"fas fa-dot-circle\"><\/i>\n                <span>M\u00e1quinas para fabrico de sacos n\u00e3o tecidos<\/span>\n            <\/a>\n        <\/li>\n                <li class=\"\">\n            <a href=\"https:\/\/www.ketegroup.com\/pt\/category\/packaging-machines\/\">\n                <i class=\"fas fa-dot-circle\"><\/i>\n                <span>M\u00e1quinas de embalagem<\/span>\n            <\/a>\n        <\/li>\n                <li class=\"\">\n            <a href=\"https:\/\/www.ketegroup.com\/pt\/category\/maquinas-de-fabrico-de-sacos-de-papel\/\">\n                <i class=\"fas fa-dot-circle\"><\/i>\n                <span>M\u00e1quinas fabrica\u00e7\u00e3o sacos papel<\/span>\n            <\/a>\n        <\/li>\n                <li class=\"\">\n            <a href=\"https:\/\/www.ketegroup.com\/pt\/category\/maquinas-para-produtos-de-papel\/\">\n                <i class=\"fas fa-dot-circle\"><\/i>\n                <span>M\u00e1quinas fabrica\u00e7\u00e3o sacos papel<\/span>\n            <\/a>\n        <\/li>\n                <li class=\"\">\n            <a href=\"https:\/\/www.ketegroup.com\/pt\/category\/maquinas-de-fabrico-de-sacos-de-plastico\/\">\n                <i class=\"fas fa-dot-circle\"><\/i>\n                <span>M\u00e1quinas fabrica\u00e7\u00e3o sacos de pl\u00e1stico<\/span>\n            <\/a>\n        <\/li>\n                <li class=\"\">\n            <a href=\"https:\/\/www.ketegroup.com\/pt\/category\/maquinas-de-fabrico-de-bolsas\/\">\n                <i class=\"fas fa-dot-circle\"><\/i>\n                <span>M\u00e1quinas para fabrico de bolsas<\/span>\n            <\/a>\n        <\/li>\n                <li class=\"\">\n            <a href=\"https:\/\/www.ketegroup.com\/pt\/category\/recent-blogs\/\">\n                <i class=\"fas fa-dot-circle\"><\/i>\n                <span>Blogues recentes<\/span>\n            <\/a>\n        <\/li>\n                <li class=\"\">\n            <a href=\"https:\/\/www.ketegroup.com\/pt\/category\/maquinas-de-impressao-por-rotogravura\/\">\n                <i class=\"fas fa-dot-circle\"><\/i>\n                <span>M\u00e1quinas rotogravura impress\u00e3o<\/span>\n            <\/a>\n        <\/li>\n                <li class=\"\">\n            <a href=\"https:\/\/www.ketegroup.com\/pt\/category\/maquinas-de-corte\/\">\n                <i class=\"fas fa-dot-circle\"><\/i>\n                <span>M\u00e1quinas de corte longitudinal<\/span>\n            <\/a>\n        <\/li>\n                <li class=\"\">\n            <a href=\"https:\/\/www.ketegroup.com\/pt\/category\/uncategorized\/\">\n                <i class=\"fas fa-dot-circle\"><\/i>\n                <span>Sem categoria<\/span>\n            <\/a>\n        <\/li>\n                <li class=\"\">\n            <a href=\"https:\/\/www.ketegroup.com\/pt\/category\/maquinas-de-capsulas-de-vinho\/\">\n                <i class=\"fas fa-dot-circle\"><\/i>\n                <span>M\u00e1quinas de c\u00e1psulas de vinho<\/span>\n            <\/a>\n        <\/li>\n            <\/ul>\n<\/div>\n<\/div>\n\t\t\t\t<\/div>\n\t\t\t\t<\/div>\n\t\t\t\t\t<\/div>\n\t\t<\/div>\n\t\t\t\t<div class=\"elementor-column elementor-col-50 elementor-top-column elementor-element elementor-element-238a6303\" data-id=\"238a6303\" data-element_type=\"column\">\n\t\t\t<div class=\"elementor-widget-wrap elementor-element-populated\">\n\t\t\t\t\t\t<div class=\"elementor-element elementor-element-d7afaa2 elementor-grid-1 elementor-grid-tablet-2 elementor-grid-mobile-1 pp-search-form-icon pp-posts-image-stack-mobile pp-post-thumbnail-align-left elementor-widget elementor-widget-pp-posts\" data-id=\"d7afaa2\" data-element_type=\"widget\" data-settings=\"{&quot;news_columns&quot;:&quot;1&quot;,&quot;news_show_ajax_search_form&quot;:&quot;yes&quot;,&quot;news_columns_tablet&quot;:&quot;2&quot;,&quot;news_columns_mobile&quot;:&quot;1&quot;}\" data-widget_type=\"pp-posts.news\">\n\t\t\t\t<div class=\"elementor-widget-container\">\n\t\t\t\t\t<div class=\"pp-post-filters-container\" data-search-form=\"show\" data-search-action=\"button-click\">\n\t\t\t\t\t\t\t\t<div class=\"pp-search-form-container\">\n\t\t\t<div class=\"pp-search-form\">\n\t\t\t\t<input placeholder=\"Procurar...\" class=\"pp-search-form-input\" type=\"search\" name=\"s\" title=\"Pesquisar\">\n\t\t\t\t<button class=\"pp-search-form-submit\" type=\"submit\" title=\"Pesquisar\" aria-label=\"Pesquisar\">\n\t\t\t\t\t\t\t\t\t\t\t<i class=\"fa fa-search\" aria-hidden=\"true\"><\/i>\n\t\t\t\t\t\t<span class=\"elementor-screen-only\">Pesquisar<\/span>\n\t\t\t\t\t\t\t\t\t<\/button>\n\t\t\t<\/div>\n\t\t<\/div>\n\t\t\t\t<\/div>\n\t\t\t\t<div class=\"pp-posts-container\">\n\t\t\t\n\t\t\t\t\t\t\t\t\t\t\n\t\t\t<div class=\"pp-posts pp-posts-skin-news elementor-grid pp-posts-grid\" data-query-type=\"custom\" data-layout=\"grid\" data-page=\"3966\" data-skin=\"news\">\n\t\t\t\t\t\t\t\t\t\t\t<div class=\"pp-post-wrap pp-grid-item-wrap elementor-grid-item post-29163 post type-post status-publish format-standard has-post-thumbnail hentry category-recent-blogs category-uncategorized\">\n\t\t\t\t\t\t<div class=\"pp-post pp-grid-item\">\n\t\t\t\t\t\t<div class=\"pp-post-thumbnail\">\n\t\t\t<a class=\"pp-post-thumbnail-wrap\" href=\"https:\/\/www.ketegroup.com\/pt\/registo-de-impressao\/\" title=\"Registo de impress\u00e3o explicado: Como conseguir um alinhamento perfeito\">\n\t\t\t\t<img fetchpriority=\"high\" decoding=\"async\" width=\"1024\" height=\"768\" src=\"https:\/\/www.ketegroup.com\/wp-content\/uploads\/2026\/04\/printing-registration-222.webp\" class=\"attachment-large size-large wp-image-29168\" alt=\"registo de impress\u00e3o 222\" srcset=\"https:\/\/www.ketegroup.com\/wp-content\/uploads\/2026\/04\/printing-registration-222.webp 1024w, https:\/\/www.ketegroup.com\/wp-content\/uploads\/2026\/04\/printing-registration-222-16x12.webp 16w\" sizes=\"(max-width: 1024px) 100vw, 1024px\" \/>\t\t\t<\/a>\n\t\t<\/div>\n\t\t\t\t\t\t<div class=\"pp-post-content\">\n\t\t\t\t\t\t\t\t\t\t\t<h3 class=\"pp-post-title\">\n\t\t\t\t<a href=\"https:\/\/www.ketegroup.com\/pt\/registo-de-impressao\/\">Registo de impress\u00e3o explicado: Como conseguir um alinhamento perfeito<\/a>\t\t\t<\/h3>\n\t\t\t\t\t\t\t\t\t<div class=\"pp-post-meta\">\n\t\t\t\t\t\t\t\t<span class=\"pp-post-date\">\n\t\t\t\t\t\t<span class=\"pp-meta-text\">\n\t\t\t\t28 de abril de 2026\t\t\t<\/span>\n\t\t<\/span>\n\t\t<span class=\"pp-meta-separator\"><\/span>\n\t\t\t\t\t\t\t<\/div>\n\t\t\t\t\t\t\t<div class=\"pp-post-excerpt\">\n\t\t\t<p>A defini\u00e7\u00e3o e a f\u00edsica do registo de impress\u00e3o O fabrico industrial n\u00e3o funciona como uma impressora de escrit\u00f3rio. A impress\u00e3o comercial de grande volume - como a flexografia ou a rotogravura - depende da separa\u00e7\u00e3o de cores. O seu trabalho art\u00edstico digital \u00e9 ...<\/p>\n\t\t<\/div>\n\t\t\t\t\t\t\t\t<\/div>\n\t\t\t<\/div>\n\t\t\t\t\t<\/div>\n\t\t\t\t<div class=\"pp-post-wrap pp-grid-item-wrap elementor-grid-item post-29148 post type-post status-publish format-standard has-post-thumbnail hentry category-recent-blogs category-uncategorized\">\n\t\t\t\t\t\t<div class=\"pp-post pp-grid-item\">\n\t\t\t\t\t\t<div class=\"pp-post-thumbnail\">\n\t\t\t<a class=\"pp-post-thumbnail-wrap\" href=\"https:\/\/www.ketegroup.com\/pt\/tamanho-do-saco-de-plastico\/\" title=\"Tamanhos de sacos de pl\u00e1stico 101: Regras de dimensionamento e f\u00f3rmulas para o ajuste perfeito\">\n\t\t\t\t<img decoding=\"async\" width=\"1024\" height=\"768\" src=\"https:\/\/www.ketegroup.com\/wp-content\/uploads\/2026\/04\/plastic-bag-sizes-222.webp\" class=\"attachment-large size-large wp-image-29159\" alt=\"tamanhos de sacos de pl\u00e1stico 222\" srcset=\"https:\/\/www.ketegroup.com\/wp-content\/uploads\/2026\/04\/plastic-bag-sizes-222.webp 1024w, https:\/\/www.ketegroup.com\/wp-content\/uploads\/2026\/04\/plastic-bag-sizes-222-16x12.webp 16w\" sizes=\"(max-width: 1024px) 100vw, 1024px\" \/>\t\t\t<\/a>\n\t\t<\/div>\n\t\t\t\t\t\t<div class=\"pp-post-content\">\n\t\t\t\t\t\t\t\t\t\t\t<h3 class=\"pp-post-title\">\n\t\t\t\t<a href=\"https:\/\/www.ketegroup.com\/pt\/tamanho-do-saco-de-plastico\/\">Tamanhos de sacos de pl\u00e1stico 101: Regras de dimensionamento e f\u00f3rmulas para o ajuste perfeito<\/a>\t\t\t<\/h3>\n\t\t\t\t\t\t\t\t\t<div class=\"pp-post-meta\">\n\t\t\t\t\t\t\t\t<span class=\"pp-post-date\">\n\t\t\t\t\t\t<span class=\"pp-meta-text\">\n\t\t\t\t27 de abril de 2026\t\t\t<\/span>\n\t\t<\/span>\n\t\t<span class=\"pp-meta-separator\"><\/span>\n\t\t\t\t\t\t\t<\/div>\n\t\t\t\t\t\t\t<div class=\"pp-post-excerpt\">\n\t\t\t<p>Na embalagem industrial, os erros dimensionais significam duas coisas: paragem imediata da produ\u00e7\u00e3o e desperd\u00edcio catastr\u00f3fico de material. Para os diretores de compras, gestores de f\u00e1bricas e engenheiros da cadeia de fornecimento, os \"tamanhos dos sacos de pl\u00e1stico\" n\u00e3o s\u00e3o apenas ...<\/p>\n\t\t<\/div>\n\t\t\t\t\t\t\t\t<\/div>\n\t\t\t<\/div>\n\t\t\t\t\t<\/div>\n\t\t\t\t<div class=\"pp-post-wrap pp-grid-item-wrap elementor-grid-item post-29087 post type-post status-publish format-standard has-post-thumbnail hentry category-flexo-printing-machines category-recent-blogs\">\n\t\t\t\t\t\t<div class=\"pp-post pp-grid-item\">\n\t\t\t\t\t\t<div class=\"pp-post-thumbnail\">\n\t\t\t<a class=\"pp-post-thumbnail-wrap\" href=\"https:\/\/www.ketegroup.com\/pt\/o-que-e-a-impressao-flexografica\/\" title=\"O que \u00e9 a impress\u00e3o flexogr\u00e1fica? Pr\u00f3s, contras e o processo completo\">\n\t\t\t\t<img decoding=\"async\" width=\"1024\" height=\"768\" src=\"https:\/\/www.ketegroup.com\/wp-content\/uploads\/2026\/04\/What-is-Flexographic-Printing-11.webp\" class=\"attachment-large size-large wp-image-29102\" alt=\"O que \u00e9 a impress\u00e3o flexogr\u00e1fica 11\" srcset=\"https:\/\/www.ketegroup.com\/wp-content\/uploads\/2026\/04\/What-is-Flexographic-Printing-11.webp 1024w, https:\/\/www.ketegroup.com\/wp-content\/uploads\/2026\/04\/What-is-Flexographic-Printing-11-16x12.webp 16w\" sizes=\"(max-width: 1024px) 100vw, 1024px\" \/>\t\t\t<\/a>\n\t\t<\/div>\n\t\t\t\t\t\t<div class=\"pp-post-content\">\n\t\t\t\t\t\t\t\t\t\t\t<h3 class=\"pp-post-title\">\n\t\t\t\t<a href=\"https:\/\/www.ketegroup.com\/pt\/o-que-e-a-impressao-flexografica\/\">O que \u00e9 a impress\u00e3o flexogr\u00e1fica? Pr\u00f3s, contras e o processo completo<\/a>\t\t\t<\/h3>\n\t\t\t\t\t\t\t\t\t<div class=\"pp-post-meta\">\n\t\t\t\t\t\t\t\t<span class=\"pp-post-date\">\n\t\t\t\t\t\t<span class=\"pp-meta-text\">\n\t\t\t\t3 de abril de 2026\t\t\t<\/span>\n\t\t<\/span>\n\t\t<span class=\"pp-meta-separator\"><\/span>\n\t\t\t\t\t\t\t<\/div>\n\t\t\t\t\t\t\t<div class=\"pp-post-excerpt\">\n\t\t\t<p>Descodificar a impress\u00e3o flexogr\u00e1fica nas embalagens modernas A flexografia \u00e9 o cavalo de batalha indiscut\u00edvel da ind\u00fastria de embalagens moderna, respons\u00e1vel pela produ\u00e7\u00e3o de quase 70% dos produtos impressos nas prateleiras dos supermercados. Na sua ...<\/p>\n\t\t<\/div>\n\t\t\t\t\t\t\t\t<\/div>\n\t\t\t<\/div>\n\t\t\t\t\t<\/div>\n\t\t\t\t<div class=\"pp-post-wrap pp-grid-item-wrap elementor-grid-item post-29053 post type-post status-publish format-standard has-post-thumbnail hentry category-recent-blogs\">\n\t\t\t\t\t\t<div class=\"pp-post pp-grid-item\">\n\t\t\t\t\t\t<div class=\"pp-post-thumbnail\">\n\t\t\t<a class=\"pp-post-thumbnail-wrap\" href=\"https:\/\/www.ketegroup.com\/pt\/o-que-e-corte\/\" title=\"O que \u00e9 o corte longitudinal no fabrico? M\u00e9todos, mec\u00e2nica e resolu\u00e7\u00e3o de problemas\">\n\t\t\t\t<img loading=\"lazy\" decoding=\"async\" width=\"1024\" height=\"768\" src=\"https:\/\/www.ketegroup.com\/wp-content\/uploads\/2025\/02\/What-Is-Slitting-2.webp\" class=\"attachment-large size-large wp-image-17760\" alt=\"O que \u00e9 Slitting 2\" srcset=\"https:\/\/www.ketegroup.com\/wp-content\/uploads\/2025\/02\/What-Is-Slitting-2.webp 1024w, https:\/\/www.ketegroup.com\/wp-content\/uploads\/2025\/02\/What-Is-Slitting-2-16x12.webp 16w\" sizes=\"(max-width: 1024px) 100vw, 1024px\" \/>\t\t\t<\/a>\n\t\t<\/div>\n\t\t\t\t\t\t<div class=\"pp-post-content\">\n\t\t\t\t\t\t\t\t\t\t\t<h3 class=\"pp-post-title\">\n\t\t\t\t<a href=\"https:\/\/www.ketegroup.com\/pt\/o-que-e-corte\/\">O que \u00e9 o corte longitudinal no fabrico? M\u00e9todos, mec\u00e2nica e resolu\u00e7\u00e3o de problemas<\/a>\t\t\t<\/h3>\n\t\t\t\t\t\t\t\t\t<div class=\"pp-post-meta\">\n\t\t\t\t\t\t\t\t<span class=\"pp-post-date\">\n\t\t\t\t\t\t<span class=\"pp-meta-text\">\n\t\t\t\t30 de mar\u00e7o de 2026\t\t\t<\/span>\n\t\t<\/span>\n\t\t<span class=\"pp-meta-separator\"><\/span>\n\t\t\t\t\t\t\t<\/div>\n\t\t\t\t\t\t\t<div class=\"pp-post-excerpt\">\n\t\t\t<p>A defini\u00e7\u00e3o b\u00e1sica e a mec\u00e2nica do corte longitudinal Quando as equipas de engenharia e os gestores de compras perguntam exatamente o que \u00e9 o corte longitudinal no processo de fabrico, a resposta representa muito mais do que um corte rudimentar ...<\/p>\n\t\t<\/div>\n\t\t\t\t\t\t\t\t<\/div>\n\t\t\t<\/div>\n\t\t\t\t\t<\/div>\n\t\t\t\t<div class=\"pp-post-wrap pp-grid-item-wrap elementor-grid-item post-29039 post type-post status-publish format-standard has-post-thumbnail hentry category-recent-blogs\">\n\t\t\t\t\t\t<div class=\"pp-post pp-grid-item\">\n\t\t\t\t\t\t<div class=\"pp-post-thumbnail\">\n\t\t\t<a class=\"pp-post-thumbnail-wrap\" href=\"https:\/\/www.ketegroup.com\/pt\/impressao-flexografica-vs-impressao-offset\/\" title=\"Impress\u00e3o flexogr\u00e1fica vs impress\u00e3o offset: Qual oferece o melhor ROI para o seu neg\u00f3cio de embalagens\">\n\t\t\t\t<img loading=\"lazy\" decoding=\"async\" width=\"1024\" height=\"768\" src=\"https:\/\/www.ketegroup.com\/wp-content\/uploads\/2023\/07\/flexo-printing-vs-offset-printing-webp.webp\" class=\"attachment-large size-large wp-image-29037\" alt=\"impress\u00e3o flexogr\u00e1fica vs impress\u00e3o offset webp\" srcset=\"https:\/\/www.ketegroup.com\/wp-content\/uploads\/2023\/07\/flexo-printing-vs-offset-printing-webp.webp 1024w, https:\/\/www.ketegroup.com\/wp-content\/uploads\/2023\/07\/flexo-printing-vs-offset-printing-webp-16x12.webp 16w\" sizes=\"(max-width: 1024px) 100vw, 1024px\" \/>\t\t\t<\/a>\n\t\t<\/div>\n\t\t\t\t\t\t<div class=\"pp-post-content\">\n\t\t\t\t\t\t\t\t\t\t\t<h3 class=\"pp-post-title\">\n\t\t\t\t<a href=\"https:\/\/www.ketegroup.com\/pt\/impressao-flexografica-vs-impressao-offset\/\">Impress\u00e3o flexogr\u00e1fica vs impress\u00e3o offset: Qual oferece o melhor ROI para o seu neg\u00f3cio de embalagens<\/a>\t\t\t<\/h3>\n\t\t\t\t\t\t\t\t\t<div class=\"pp-post-meta\">\n\t\t\t\t\t\t\t\t<span class=\"pp-post-date\">\n\t\t\t\t\t\t<span class=\"pp-meta-text\">\n\t\t\t\t26 de mar\u00e7o de 2026\t\t\t<\/span>\n\t\t<\/span>\n\t\t<span class=\"pp-meta-separator\"><\/span>\n\t\t\t\t\t\t\t<\/div>\n\t\t\t\t\t\t\t<div class=\"pp-post-excerpt\">\n\t\t\t<p>No mundo de alto risco das embalagens comerciais, a escolha da prensa errada leva a perdas financeiras catastr\u00f3ficas e a prazos estourados. Ao avaliar a impress\u00e3o flexogr\u00e1fica versus a impress\u00e3o offset, os compradores devem olhar para al\u00e9m ...<\/p>\n\t\t<\/div>\n\t\t\t\t\t\t\t\t<\/div>\n\t\t\t<\/div>\n\t\t\t\t\t<\/div>\n\t\t\t\t<div class=\"pp-post-wrap pp-grid-item-wrap elementor-grid-item post-28989 post type-post status-publish format-standard has-post-thumbnail hentry category-uncategorized\">\n\t\t\t\t\t\t<div class=\"pp-post pp-grid-item\">\n\t\t\t\t\t\t<div class=\"pp-post-thumbnail\">\n\t\t\t<a class=\"pp-post-thumbnail-wrap\" href=\"https:\/\/www.ketegroup.com\/pt\/guia-dos-veios-de-rebobinagem-diferencial\/\" title=\"O que s\u00e3o eixos rebobinadores diferenciais? Guia completo para aplica\u00e7\u00f5es de convers\u00e3o e corte\">\n\t\t\t\t<img loading=\"lazy\" decoding=\"async\" width=\"1024\" height=\"768\" src=\"https:\/\/www.ketegroup.com\/wp-content\/uploads\/2026\/03\/Differential-Rewind-Shafts-222-1.webp\" class=\"attachment-large size-large wp-image-28999\" alt=\"Eixos de rebobinagem do diferencial 222 1\" srcset=\"https:\/\/www.ketegroup.com\/wp-content\/uploads\/2026\/03\/Differential-Rewind-Shafts-222-1.webp 1024w, https:\/\/www.ketegroup.com\/wp-content\/uploads\/2026\/03\/Differential-Rewind-Shafts-222-1-16x12.webp 16w\" sizes=\"(max-width: 1024px) 100vw, 1024px\" \/>\t\t\t<\/a>\n\t\t<\/div>\n\t\t\t\t\t\t<div class=\"pp-post-content\">\n\t\t\t\t\t\t\t\t\t\t\t<h3 class=\"pp-post-title\">\n\t\t\t\t<a href=\"https:\/\/www.ketegroup.com\/pt\/guia-dos-veios-de-rebobinagem-diferencial\/\">O que s\u00e3o eixos rebobinadores diferenciais? Guia completo para aplica\u00e7\u00f5es de convers\u00e3o e corte<\/a>\t\t\t<\/h3>\n\t\t\t\t\t\t\t\t\t<div class=\"pp-post-meta\">\n\t\t\t\t\t\t\t\t<span class=\"pp-post-date\">\n\t\t\t\t\t\t<span class=\"pp-meta-text\">\n\t\t\t\t23 de mar\u00e7o de 2026\t\t\t<\/span>\n\t\t<\/span>\n\t\t<span class=\"pp-meta-separator\"><\/span>\n\t\t\t\t\t\t\t<\/div>\n\t\t\t\t\t\t\t<div class=\"pp-post-excerpt\">\n\t\t\t<p>O equil\u00edbrio \u00e9 um problema de engenharia permanente no dom\u00ednio estrito da manipula\u00e7\u00e3o de bobinas e da convers\u00e3o de materiais. A opera\u00e7\u00e3o de corte de um rolo mestre em v\u00e1rias bobinas mais pequenas cria um complicado ...<\/p>\n\t\t<\/div>\n\t\t\t\t\t\t\t\t<\/div>\n\t\t\t<\/div>\n\t\t\t\t\t<\/div>\n\t\t\t\t\t\t\t\t\t<\/div>\n\t\t\t\n\t\t\t\n\t\t\t\n\t\t\t\n\t\t\t\t\t\t\t\t\t\t\t<div class=\"pp-posts-pagination-wrap pp-posts-pagination-bottom\">\n\t\t\t\t\t\t\t\t<nav class=\"pp-posts-pagination pp-posts-pagination-ajax elementor-pagination\" role=\"navigation\" aria-label=\"Pagina\u00e7\u00e3o\" data-total=\"22\">\n\t\t\t\t<span aria-current=\"page\" class=\"page-numbers current\">1<\/span>\n<a class=\"page-numbers\" href=\"https:\/\/www.ketegroup.com\/pt\/wp-json\/wp\/v2\/pages\/3966\/page\/2\/\">2<\/a>\n<a class=\"page-numbers\" href=\"https:\/\/www.ketegroup.com\/pt\/wp-json\/wp\/v2\/pages\/3966\/page\/3\/\">3<\/a>\n<a class=\"page-numbers\" href=\"https:\/\/www.ketegroup.com\/pt\/wp-json\/wp\/v2\/pages\/3966\/page\/4\/\">4<\/a>\n<a class=\"page-numbers\" href=\"https:\/\/www.ketegroup.com\/pt\/wp-json\/wp\/v2\/pages\/3966\/page\/5\/\">5<\/a>\n<a class=\"next page-numbers\" href=\"https:\/\/www.ketegroup.com\/pt\/wp-json\/wp\/v2\/pages\/3966\/page\/2\/\">><\/a>\t\t\t<\/nav>\n\t\t\t\t\t\t\t<\/div>\n\t\t\t\t\t\t\t\t\t<\/div>\n\n\t\t\n\t\t\t\t<\/div>\n\t\t\t\t<\/div>\n\t\t\t\t\t<\/div>\n\t\t<\/div>\n\t\t\t\t\t<\/div>\n\t\t<\/section>\n\t\t\t\t<\/div>","protected":false},"excerpt":{"rendered":"<p>Blogues Partilhamos consigo as \u00faltimas tend\u00eancias da ind\u00fastria, tentamos resolver todas as suas quest\u00f5es sobre m\u00e1quinas de embalagem flex\u00edvel e m\u00e1quinas de impress\u00e3o. Leia os nossos blogues para se manter a par das novidades da ind\u00fastria e da KETE. In\u00edcio Pesquisar blog_test 20 de janeiro de 2022 blog desc blog desc Nome do blog 10 24 de setembro de 2021 [...]<\/p>","protected":false},"author":2,"featured_media":0,"parent":47,"menu_order":0,"comment_status":"closed","ping_status":"closed","template":"","meta":{"_seopress_robots_primary_cat":"0","_seopress_titles_title":"","_seopress_titles_desc":"","_seopress_robots_index":"","footnotes":""},"class_list":["post-3966","page","type-page","status-publish","hentry"],"_links":{"self":[{"href":"https:\/\/www.ketegroup.com\/pt\/wp-json\/wp\/v2\/pages\/3966","targetHints":{"allow":["GET"]}}],"collection":[{"href":"https:\/\/www.ketegroup.com\/pt\/wp-json\/wp\/v2\/pages"}],"about":[{"href":"https:\/\/www.ketegroup.com\/pt\/wp-json\/wp\/v2\/types\/page"}],"author":[{"embeddable":true,"href":"https:\/\/www.ketegroup.com\/pt\/wp-json\/wp\/v2\/users\/2"}],"replies":[{"embeddable":true,"href":"https:\/\/www.ketegroup.com\/pt\/wp-json\/wp\/v2\/comments?post=3966"}],"version-history":[{"count":0,"href":"https:\/\/www.ketegroup.com\/pt\/wp-json\/wp\/v2\/pages\/3966\/revisions"}],"up":[{"embeddable":true,"href":"https:\/\/www.ketegroup.com\/pt\/wp-json\/wp\/v2\/pages\/47"}],"wp:attachment":[{"href":"https:\/\/www.ketegroup.com\/pt\/wp-json\/wp\/v2\/media?parent=3966"}],"curies":[{"name":"wp","href":"https:\/\/api.w.org\/{rel}","templated":true}]}}