{"id":46,"date":"2021-09-15T17:38:27","date_gmt":"2021-09-15T09:38:27","guid":{"rendered":"https:\/\/www.ketegroup.com\/?page_id=46"},"modified":"2022-08-05T11:41:32","modified_gmt":"2022-08-05T03:41:32","slug":"case-study","status":"publish","type":"page","link":"https:\/\/www.ketegroup.com\/fr\/etude-de-cas\/","title":{"rendered":"\u00c9tude de cas"},"content":{"rendered":"<div data-elementor-type=\"wp-page\" data-elementor-id=\"46\" class=\"elementor elementor-46\">\n\t\t\t\t\t\t<section class=\"elementor-section elementor-top-section elementor-element elementor-element-0569843 elementor-section-boxed elementor-section-height-default elementor-section-height-default\" data-id=\"0569843\" data-element_type=\"section\" data-settings=\"{&quot;background_background&quot;:&quot;classic&quot;}\">\n\t\t\t\t\t\t<div class=\"elementor-container elementor-column-gap-default\">\n\t\t\t\t\t<div class=\"elementor-column elementor-col-100 elementor-top-column elementor-element elementor-element-56b4b63\" data-id=\"56b4b63\" data-element_type=\"column\">\n\t\t\t<div class=\"elementor-widget-wrap elementor-element-populated\">\n\t\t\t\t\t\t<div class=\"elementor-element elementor-element-1a78ce9 elementor-widget elementor-widget-menu-anchor\" data-id=\"1a78ce9\" data-element_type=\"widget\" data-widget_type=\"menu-anchor.default\">\n\t\t\t\t<div class=\"elementor-widget-container\">\n\t\t\t\t\t<div class=\"elementor-menu-anchor\" id=\"01\"><\/div>\n\t\t\t\t<\/div>\n\t\t\t\t<\/div>\n\t\t\t\t<div class=\"elementor-element elementor-element-259668d elementor-widget elementor-widget-heading\" data-id=\"259668d\" data-element_type=\"widget\" data-widget_type=\"heading.default\">\n\t\t\t\t<div class=\"elementor-widget-container\">\n\t\t\t<h1 class=\"elementor-heading-title elementor-size-default\">\u00c9tude de cas<\/h1>\t\t<\/div>\n\t\t\t\t<\/div>\n\t\t\t\t<div class=\"elementor-element elementor-element-2fb9782 elementor-widget elementor-widget-text-editor\" data-id=\"2fb9782\" data-element_type=\"widget\" data-widget_type=\"text-editor.default\">\n\t\t\t\t<div class=\"elementor-widget-container\">\n\t\t\t\t\t\t\tKETE a fourni un certain nombre de solutions satisfaisantes \u00e0 ses partenaires.\n<br>\nComprendre en profondeur ce que les machines de KETE peuvent faire.\t\t\t\t\t\t<\/div>\n\t\t\t\t<\/div>\n\t\t\t\t\t<\/div>\n\t\t<\/div>\n\t\t\t\t\t<\/div>\n\t\t<\/section>\n\t\t\t\t<section class=\"elementor-section elementor-top-section elementor-element elementor-element-29300ee elementor-section-boxed elementor-section-height-default elementor-section-height-default\" data-id=\"29300ee\" data-element_type=\"section\">\n\t\t\t\t\t\t<div class=\"elementor-container elementor-column-gap-default\">\n\t\t\t\t\t<div class=\"elementor-column elementor-col-100 elementor-top-column elementor-element elementor-element-d2638f0\" data-id=\"d2638f0\" data-element_type=\"column\">\n\t\t\t<div class=\"elementor-widget-wrap elementor-element-populated\">\n\t\t\t\t\t\t<div class=\"elementor-element elementor-element-007a5bf elementor-widget elementor-widget-MML Breadcrumbs\" data-id=\"007a5bf\" data-element_type=\"widget\" data-settings=\"{&quot;breadcrumbs_type&quot;:&quot;post_type&quot;}\" data-widget_type=\"MML Breadcrumbs.default\">\n\t\t\t\t<div class=\"elementor-widget-container\">\n\t\t\t<ul class=\"pp-breadcrumbs pp-breadcrumbs-powerpack\">        <li class=\"pp-breadcrumbs-item pp-breadcrumbs-item-home\">\n            <a class=\"pp-breadcrumbs-crumb pp-breadcrumbs-crumb-link pp-breadcrumbs-crumb-home\" href=\"https:\/\/www.ketegroup.com\/fr\" title=\"Accueil\">\n\t\t\t\t<span class=\"pp-breadcrumbs-text\">\n\t\t\t\t\t                    Accueil\t\t\t\t<\/span>\n            <\/a>\n        <\/li>\n        <li class=\"pp-breadcrumbs-separator\">                <span class='pp-separator-icon pp-icon'>\n\t\t\t\t\t<i aria-hidden=\"true\" class=\"fas fa-angle-right\"><\/i>\t\t\t\t<\/span>\n                <\/li><\/ul>\t\t<\/div>\n\t\t\t\t<\/div>\n\t\t\t\t\t<\/div>\n\t\t<\/div>\n\t\t\t\t\t<\/div>\n\t\t<\/section>\n\t\t\t\t<section class=\"elementor-section elementor-top-section elementor-element elementor-element-7bef632 elementor-section-boxed elementor-section-height-default elementor-section-height-default\" data-id=\"7bef632\" data-element_type=\"section\">\n\t\t\t\t\t\t<div class=\"elementor-container elementor-column-gap-default\">\n\t\t\t\t\t<div class=\"elementor-column elementor-col-100 elementor-top-column elementor-element elementor-element-10672e1\" data-id=\"10672e1\" data-element_type=\"column\">\n\t\t\t<div class=\"elementor-widget-wrap elementor-element-populated\">\n\t\t\t\t\t\t<div class=\"elementor-element elementor-element-fb85691 elementor-grid-3 elementor-grid-tablet-2 elementor-grid-mobile-1 elementor-widget elementor-widget-pp-posts\" data-id=\"fb85691\" data-element_type=\"widget\" data-widget_type=\"pp-posts.event\">\n\t\t\t\t<div class=\"elementor-widget-container\">\n\t\t\t\t\t<div class=\"pp-posts-container\">\n\t\t\t\n\t\t\t\t\t\t\t\t\t\t\n\t\t\t<div class=\"pp-posts pp-posts-skin-event elementor-grid pp-posts-grid\" data-query-type=\"custom\" data-layout=\"grid\" data-page=\"46\" data-skin=\"event\">\n\t\t\t\t\t\t\t\t\t\t\t<div class=\"pp-post-wrap pp-grid-item-wrap elementor-grid-item post-9434 case type-case status-publish has-post-thumbnail hentry\">\n\t\t\t\t\t\t<div class=\"pp-post pp-grid-item\">\n\t\t\t\t\t\t<div class=\"pp-post-thumbnail\">\n\t\t\t<a class=\"pp-post-thumbnail-wrap\" href=\"https:\/\/www.ketegroup.com\/fr\/cas\/mallette-de-fabrication-de-gelules-en-polylamine\/\" title=\"Mallette de fabrication de capsules en polylamin\u00e9\">\n\t\t\t\t<img fetchpriority=\"high\" decoding=\"async\" width=\"550\" height=\"309\" src=\"https:\/\/www.ketegroup.com\/wp-content\/uploads\/2022\/09\/Polylam-Capsules-Making-Case.jpg\" class=\"attachment-large size-large wp-image-9339\" alt=\"\u00c9tui de fabrication des capsules Polylam\" \/>\t\t\t<\/a>\n\n\t\t\t<div class=\"pp-post-event-date\">\n\t\t\t\t\t\t\t\t<span class=\"pp-post-month\">\n\t\t\t\t\tSep\t\t\t\t<\/span>\n\t\t\t\t<span class=\"pp-post-day\">\n\t\t\t\t\t14\t\t\t\t<\/span>\n\t\t\t<\/div>\n\t\t<\/div>\n\t\t\n\t\t\t\t\n\t\t\t\t<div class=\"pp-post-content-wrap\">\n\t\t\t\t\t<div class=\"pp-post-content\">\n\t\t\t\t\t\t\t\t\t\t\t\t<h3 class=\"pp-post-title\">\n\t\t\t\t<a href=\"https:\/\/www.ketegroup.com\/fr\/cas\/mallette-de-fabrication-de-gelules-en-polylamine\/\">Mallette de fabrication de capsules en polylamin\u00e9<\/a>\t\t\t<\/h3>\n\t\t\t\t\t\t\t\t\t<div class=\"pp-post-meta\">\n\t\t\t\t\t\t\t<\/div>\n\t\t\t\t\t\t\t<div class=\"pp-post-excerpt\">\n\t\t\t<p>descv<\/p>\n\t\t<\/div>\n\t\t\t\t\t\t\t\t\t<\/div>\n\t\t\t\t\t\t\t\t\t<\/div>\n\n\t\t\t\t\t\t\t<\/div>\n\t\t\t\t\t<\/div>\n\t\t\t\t<div class=\"pp-post-wrap pp-grid-item-wrap elementor-grid-item post-9405 case type-case status-publish has-post-thumbnail hentry\">\n\t\t\t\t\t\t<div class=\"pp-post pp-grid-item\">\n\t\t\t\t\t\t<div class=\"pp-post-thumbnail\">\n\t\t\t<a class=\"pp-post-thumbnail-wrap\" href=\"https:\/\/www.ketegroup.com\/fr\/cas\/caisse-de-fabrication-de-capsules-en-pvc\/\" title=\"Mallette de fabrication de capsules en PVC\">\n\t\t\t\t<img decoding=\"async\" width=\"550\" height=\"309\" src=\"https:\/\/www.ketegroup.com\/wp-content\/uploads\/2022\/09\/PVC-Wine-Capsule-Case.jpg\" class=\"attachment-large size-large wp-image-9340\" alt=\"\u00c9tui \u00e0 capsules de vin en PVC\" \/>\t\t\t<\/a>\n\n\t\t\t<div class=\"pp-post-event-date\">\n\t\t\t\t\t\t\t\t<span class=\"pp-post-month\">\n\t\t\t\t\tSep\t\t\t\t<\/span>\n\t\t\t\t<span class=\"pp-post-day\">\n\t\t\t\t\t14\t\t\t\t<\/span>\n\t\t\t<\/div>\n\t\t<\/div>\n\t\t\n\t\t\t\t\n\t\t\t\t<div class=\"pp-post-content-wrap\">\n\t\t\t\t\t<div class=\"pp-post-content\">\n\t\t\t\t\t\t\t\t\t\t\t\t<h3 class=\"pp-post-title\">\n\t\t\t\t<a href=\"https:\/\/www.ketegroup.com\/fr\/cas\/caisse-de-fabrication-de-capsules-en-pvc\/\">Mallette de fabrication de capsules en PVC<\/a>\t\t\t<\/h3>\n\t\t\t\t\t\t\t\t\t<div class=\"pp-post-meta\">\n\t\t\t\t\t\t\t<\/div>\n\t\t\t\t\t\t\t<div class=\"pp-post-excerpt\">\n\t\t\t<p>test abx <\/p>\n\t\t<\/div>\n\t\t\t\t\t\t\t\t\t<\/div>\n\t\t\t\t\t\t\t\t\t<\/div>\n\n\t\t\t\t\t\t\t<\/div>\n\t\t\t\t\t<\/div>\n\t\t\t\t<div class=\"pp-post-wrap pp-grid-item-wrap elementor-grid-item post-9349 case type-case status-publish has-post-thumbnail hentry\">\n\t\t\t\t\t\t<div class=\"pp-post pp-grid-item\">\n\t\t\t\t\t\t<div class=\"pp-post-thumbnail\">\n\t\t\t<a class=\"pp-post-thumbnail-wrap\" href=\"https:\/\/www.ketegroup.com\/fr\/cas\/mallette-de-fabrication-de-gelules-en-polylam\/\" title=\"Bo\u00eetier de fabrication de capsules Polylam\">\n\t\t\t\t<img fetchpriority=\"high\" decoding=\"async\" width=\"550\" height=\"309\" src=\"https:\/\/www.ketegroup.com\/wp-content\/uploads\/2022\/09\/Polylam-Capsules-Making-Case.jpg\" class=\"attachment-large size-large wp-image-9339\" alt=\"\u00c9tui de fabrication des capsules Polylam\" \/>\t\t\t<\/a>\n\n\t\t\t<div class=\"pp-post-event-date\">\n\t\t\t\t\t\t\t\t<span class=\"pp-post-month\">\n\t\t\t\t\tSep\t\t\t\t<\/span>\n\t\t\t\t<span class=\"pp-post-day\">\n\t\t\t\t\t11\t\t\t\t<\/span>\n\t\t\t<\/div>\n\t\t<\/div>\n\t\t\n\t\t\t\t\n\t\t\t\t<div class=\"pp-post-content-wrap\">\n\t\t\t\t\t<div class=\"pp-post-content\">\n\t\t\t\t\t\t\t\t\t\t\t\t<h3 class=\"pp-post-title\">\n\t\t\t\t<a href=\"https:\/\/www.ketegroup.com\/fr\/cas\/mallette-de-fabrication-de-gelules-en-polylam\/\">Bo\u00eetier de fabrication de capsules Polylam<\/a>\t\t\t<\/h3>\n\t\t\t\t\t\t\t\t\t<div class=\"pp-post-meta\">\n\t\t\t\t\t\t\t<\/div>\n\t\t\t\t\t\t\t<div class=\"pp-post-excerpt\">\n\t\t\t<p>desc desc desc desc <\/p>\n\t\t<\/div>\n\t\t\t\t\t\t\t\t\t<\/div>\n\t\t\t\t\t\t\t\t\t<\/div>\n\n\t\t\t\t\t\t\t<\/div>\n\t\t\t\t\t<\/div>\n\t\t\t\t<div class=\"pp-post-wrap pp-grid-item-wrap elementor-grid-item post-9341 case type-case status-publish has-post-thumbnail hentry\">\n\t\t\t\t\t\t<div class=\"pp-post pp-grid-item\">\n\t\t\t\t\t\t<div class=\"pp-post-thumbnail\">\n\t\t\t<a class=\"pp-post-thumbnail-wrap\" href=\"https:\/\/www.ketegroup.com\/fr\/cas\/coffret-de-fabrication-de-capsules-de-vin\/\" title=\"Coffret de fabrication de capsules de vin\">\n\t\t\t\t<img decoding=\"async\" width=\"550\" height=\"309\" src=\"https:\/\/www.ketegroup.com\/wp-content\/uploads\/2022\/09\/PVC-Wine-Capsule-Case.jpg\" class=\"attachment-large size-large wp-image-9340\" alt=\"\u00c9tui \u00e0 capsules de vin en PVC\" \/>\t\t\t<\/a>\n\n\t\t\t<div class=\"pp-post-event-date\">\n\t\t\t\t\t\t\t\t<span class=\"pp-post-month\">\n\t\t\t\t\tSep\t\t\t\t<\/span>\n\t\t\t\t<span class=\"pp-post-day\">\n\t\t\t\t\t11\t\t\t\t<\/span>\n\t\t\t<\/div>\n\t\t<\/div>\n\t\t\n\t\t\t\t\n\t\t\t\t<div class=\"pp-post-content-wrap\">\n\t\t\t\t\t<div class=\"pp-post-content\">\n\t\t\t\t\t\t\t\t\t\t\t\t<h3 class=\"pp-post-title\">\n\t\t\t\t<a href=\"https:\/\/www.ketegroup.com\/fr\/cas\/coffret-de-fabrication-de-capsules-de-vin\/\">Coffret de fabrication de capsules de vin<\/a>\t\t\t<\/h3>\n\t\t\t\t\t\t\t\t\t<div class=\"pp-post-meta\">\n\t\t\t\t\t\t\t<\/div>\n\t\t\t\t\t\t\t<div class=\"pp-post-excerpt\">\n\t\t\t<p>test abc<\/p>\n\t\t<\/div>\n\t\t\t\t\t\t\t\t\t<\/div>\n\t\t\t\t\t\t\t\t\t<\/div>\n\n\t\t\t\t\t\t\t<\/div>\n\t\t\t\t\t<\/div>\n\t\t\t\t\t\t\t\t\t<\/div>\n\t\t\t\n\t\t\t\n\t\t\t\n\t\t\t\n\t\t\t\t\t\t\t\t\t\t\t<div class=\"pp-posts-pagination-wrap pp-posts-pagination-bottom\">\n\t\t\t\t\t\t\t\t\t<\/div>\n\t\t\t\t\t\t\t\t\t<\/div>\n\n\t\t\n\t\t\t\t<\/div>\n\t\t\t\t<\/div>\n\t\t\t\t\t<\/div>\n\t\t<\/div>\n\t\t\t\t\t<\/div>\n\t\t<\/section>\n\t\t\t\t<\/div>","protected":false},"excerpt":{"rendered":"<p>\u00c9tude de cas KETE a fourni un certain nombre de solutions satisfaisantes \u00e0 ses partenaires. Obtenez une compr\u00e9hension approfondie de ce que les machines KETE peuvent faire. Home Jan 20 case_test desc desc desc desc aaa Oct 25 Non Woven W Cut Bag Solutions Case Title : how to help our customers make customized non woven w cut bags background [...]<\/p>","protected":false},"author":2,"featured_media":0,"parent":0,"menu_order":0,"comment_status":"closed","ping_status":"closed","template":"","meta":{"footnotes":""},"class_list":["post-46","page","type-page","status-publish","hentry"],"yoast_head":"<!-- This site is optimized with the Yoast SEO plugin v23.1 - https:\/\/yoast.com\/wordpress\/plugins\/seo\/ -->\n<title>Case Studies - KETE<\/title>\n<meta name=\"description\" content=\"KETE has made affordable and innovative flexible packaging and printing machines for 10 years. See how our reliable automated packaging solutions helped our clients.\" \/>\n<meta name=\"robots\" content=\"index, follow, max-snippet:-1, max-image-preview:large, max-video-preview:-1\" \/>\n<link rel=\"canonical\" href=\"https:\/\/www.ketegroup.com\/fr\/etude-de-cas\/\" \/>\n<meta property=\"og:locale\" content=\"fr_FR\" \/>\n<meta property=\"og:type\" content=\"article\" \/>\n<meta property=\"og:title\" content=\"Case Studies - KETE\" \/>\n<meta property=\"og:description\" content=\"KETE has made affordable and innovative flexible packaging and printing machines for 10 years. See how our reliable automated packaging solutions helped our clients.\" \/>\n<meta property=\"og:url\" content=\"https:\/\/www.ketegroup.com\/fr\/etude-de-cas\/\" \/>\n<meta property=\"og:site_name\" content=\"KETE GROUP LIMITED &amp; KETE MACHINE\" \/>\n<meta property=\"article:publisher\" content=\"https:\/\/www.facebook.com\/ketegroup\" \/>\n<meta property=\"article:modified_time\" content=\"2022-08-05T03:41:32+00:00\" \/>\n<meta property=\"og:image\" content=\"https:\/\/www.ketegroup.com\/wp-content\/uploads\/2022\/01\/p07-s02-pic.jpg\" \/>\n<meta name=\"twitter:card\" content=\"summary_large_image\" \/>\n<meta name=\"twitter:label1\" content=\"Dur\u00e9e de lecture estim\u00e9e\" \/>\n\t<meta name=\"twitter:data1\" content=\"2 minutes\" \/>\n<script type=\"application\/ld+json\" class=\"yoast-schema-graph\">{\"@context\":\"https:\/\/schema.org\",\"@graph\":[{\"@type\":\"WebPage\",\"@id\":\"https:\/\/www.ketegroup.com\/case-study\/\",\"url\":\"https:\/\/www.ketegroup.com\/case-study\/\",\"name\":\"Case Studies - KETE\",\"isPartOf\":{\"@id\":\"https:\/\/www.ketegroup.com\/#website\"},\"primaryImageOfPage\":{\"@id\":\"https:\/\/www.ketegroup.com\/case-study\/#primaryimage\"},\"image\":{\"@id\":\"https:\/\/www.ketegroup.com\/case-study\/#primaryimage\"},\"thumbnailUrl\":\"https:\/\/www.ketegroup.com\/wp-content\/uploads\/2022\/01\/p07-s02-pic.jpg\",\"datePublished\":\"2021-09-15T09:38:27+00:00\",\"dateModified\":\"2022-08-05T03:41:32+00:00\",\"description\":\"KETE has made affordable and innovative flexible packaging and printing machines for 10 years. See how our reliable automated packaging solutions helped our clients.\",\"breadcrumb\":{\"@id\":\"https:\/\/www.ketegroup.com\/case-study\/#breadcrumb\"},\"inLanguage\":\"fr-FR\",\"potentialAction\":[{\"@type\":\"ReadAction\",\"target\":[\"https:\/\/www.ketegroup.com\/case-study\/\"]}]},{\"@type\":\"ImageObject\",\"inLanguage\":\"fr-FR\",\"@id\":\"https:\/\/www.ketegroup.com\/case-study\/#primaryimage\",\"url\":\"https:\/\/www.ketegroup.com\/wp-content\/uploads\/2022\/01\/p07-s02-pic.jpg\",\"contentUrl\":\"https:\/\/www.ketegroup.com\/wp-content\/uploads\/2022\/01\/p07-s02-pic.jpg\"},{\"@type\":\"BreadcrumbList\",\"@id\":\"https:\/\/www.ketegroup.com\/case-study\/#breadcrumb\",\"itemListElement\":[{\"@type\":\"ListItem\",\"position\":1,\"name\":\"Home\",\"item\":\"https:\/\/www.ketegroup.com\/\"},{\"@type\":\"ListItem\",\"position\":2,\"name\":\"Case Study\"}]},{\"@type\":\"WebSite\",\"@id\":\"https:\/\/www.ketegroup.com\/#website\",\"url\":\"https:\/\/www.ketegroup.com\/\",\"name\":\"KETE GROUP LIMITED\",\"description\":\"\",\"publisher\":{\"@id\":\"https:\/\/www.ketegroup.com\/#organization\"},\"potentialAction\":[{\"@type\":\"SearchAction\",\"target\":{\"@type\":\"EntryPoint\",\"urlTemplate\":\"https:\/\/www.ketegroup.com\/?s={search_term_string}\"},\"query-input\":\"required name=search_term_string\"}],\"inLanguage\":\"fr-FR\"},{\"@type\":\"Organization\",\"@id\":\"https:\/\/www.ketegroup.com\/#organization\",\"name\":\"KETE GROUP LIMITED\",\"url\":\"https:\/\/www.ketegroup.com\/\",\"logo\":{\"@type\":\"ImageObject\",\"inLanguage\":\"fr-FR\",\"@id\":\"https:\/\/www.ketegroup.com\/#\/schema\/logo\/image\/\",\"url\":\"https:\/\/www.ketegroup.com\/wp-content\/uploads\/2022\/06\/KETEGROUP-LOGO.jpg\",\"contentUrl\":\"https:\/\/www.ketegroup.com\/wp-content\/uploads\/2022\/06\/KETEGROUP-LOGO.jpg\",\"width\":300,\"height\":300,\"caption\":\"KETE GROUP LIMITED\"},\"image\":{\"@id\":\"https:\/\/www.ketegroup.com\/#\/schema\/logo\/image\/\"},\"sameAs\":[\"https:\/\/www.facebook.com\/ketegroup\",\"https:\/\/www.youtube.com\/KETEGROUP\"]}]}<\/script>\n<!-- \/ Yoast SEO plugin. -->","yoast_head_json":{"title":"Case Studies - KETE","description":"KETE has made affordable and innovative flexible packaging and printing machines for 10 years. See how our reliable automated packaging solutions helped our clients.","robots":{"index":"index","follow":"follow","max-snippet":"max-snippet:-1","max-image-preview":"max-image-preview:large","max-video-preview":"max-video-preview:-1"},"canonical":"https:\/\/www.ketegroup.com\/fr\/etude-de-cas\/","og_locale":"fr_FR","og_type":"article","og_title":"Case Studies - KETE","og_description":"KETE has made affordable and innovative flexible packaging and printing machines for 10 years. See how our reliable automated packaging solutions helped our clients.","og_url":"https:\/\/www.ketegroup.com\/fr\/etude-de-cas\/","og_site_name":"KETE GROUP LIMITED &amp; KETE MACHINE","article_publisher":"https:\/\/www.facebook.com\/ketegroup","article_modified_time":"2022-08-05T03:41:32+00:00","og_image":[{"url":"https:\/\/www.ketegroup.com\/wp-content\/uploads\/2022\/01\/p07-s02-pic.jpg"}],"twitter_card":"summary_large_image","twitter_misc":{"Dur\u00e9e de lecture estim\u00e9e":"2 minutes"},"schema":{"@context":"https:\/\/schema.org","@graph":[{"@type":"WebPage","@id":"https:\/\/www.ketegroup.com\/case-study\/","url":"https:\/\/www.ketegroup.com\/case-study\/","name":"Case Studies - KETE","isPartOf":{"@id":"https:\/\/www.ketegroup.com\/#website"},"primaryImageOfPage":{"@id":"https:\/\/www.ketegroup.com\/case-study\/#primaryimage"},"image":{"@id":"https:\/\/www.ketegroup.com\/case-study\/#primaryimage"},"thumbnailUrl":"https:\/\/www.ketegroup.com\/wp-content\/uploads\/2022\/01\/p07-s02-pic.jpg","datePublished":"2021-09-15T09:38:27+00:00","dateModified":"2022-08-05T03:41:32+00:00","description":"KETE has made affordable and innovative flexible packaging and printing machines for 10 years. See how our reliable automated packaging solutions helped our clients.","breadcrumb":{"@id":"https:\/\/www.ketegroup.com\/case-study\/#breadcrumb"},"inLanguage":"fr-FR","potentialAction":[{"@type":"ReadAction","target":["https:\/\/www.ketegroup.com\/case-study\/"]}]},{"@type":"ImageObject","inLanguage":"fr-FR","@id":"https:\/\/www.ketegroup.com\/case-study\/#primaryimage","url":"https:\/\/www.ketegroup.com\/wp-content\/uploads\/2022\/01\/p07-s02-pic.jpg","contentUrl":"https:\/\/www.ketegroup.com\/wp-content\/uploads\/2022\/01\/p07-s02-pic.jpg"},{"@type":"BreadcrumbList","@id":"https:\/\/www.ketegroup.com\/case-study\/#breadcrumb","itemListElement":[{"@type":"ListItem","position":1,"name":"Home","item":"https:\/\/www.ketegroup.com\/"},{"@type":"ListItem","position":2,"name":"Case Study"}]},{"@type":"WebSite","@id":"https:\/\/www.ketegroup.com\/#website","url":"https:\/\/www.ketegroup.com\/","name":"KETE GROUP LIMITED","description":"","publisher":{"@id":"https:\/\/www.ketegroup.com\/#organization"},"potentialAction":[{"@type":"SearchAction","target":{"@type":"EntryPoint","urlTemplate":"https:\/\/www.ketegroup.com\/?s={search_term_string}"},"query-input":"required name=search_term_string"}],"inLanguage":"fr-FR"},{"@type":"Organization","@id":"https:\/\/www.ketegroup.com\/#organization","name":"KETE GROUP LIMITED","url":"https:\/\/www.ketegroup.com\/","logo":{"@type":"ImageObject","inLanguage":"fr-FR","@id":"https:\/\/www.ketegroup.com\/#\/schema\/logo\/image\/","url":"https:\/\/www.ketegroup.com\/wp-content\/uploads\/2022\/06\/KETEGROUP-LOGO.jpg","contentUrl":"https:\/\/www.ketegroup.com\/wp-content\/uploads\/2022\/06\/KETEGROUP-LOGO.jpg","width":300,"height":300,"caption":"KETE GROUP LIMITED"},"image":{"@id":"https:\/\/www.ketegroup.com\/#\/schema\/logo\/image\/"},"sameAs":["https:\/\/www.facebook.com\/ketegroup","https:\/\/www.youtube.com\/KETEGROUP"]}]}},"_links":{"self":[{"href":"https:\/\/www.ketegroup.com\/fr\/wp-json\/wp\/v2\/pages\/46","targetHints":{"allow":["GET"]}}],"collection":[{"href":"https:\/\/www.ketegroup.com\/fr\/wp-json\/wp\/v2\/pages"}],"about":[{"href":"https:\/\/www.ketegroup.com\/fr\/wp-json\/wp\/v2\/types\/page"}],"author":[{"embeddable":true,"href":"https:\/\/www.ketegroup.com\/fr\/wp-json\/wp\/v2\/users\/2"}],"replies":[{"embeddable":true,"href":"https:\/\/www.ketegroup.com\/fr\/wp-json\/wp\/v2\/comments?post=46"}],"version-history":[{"count":0,"href":"https:\/\/www.ketegroup.com\/fr\/wp-json\/wp\/v2\/pages\/46\/revisions"}],"wp:attachment":[{"href":"https:\/\/www.ketegroup.com\/fr\/wp-json\/wp\/v2\/media?parent=46"}],"curies":[{"name":"wp","href":"https:\/\/api.w.org\/{rel}","templated":true}]}}