{"id":45,"date":"2021-09-15T17:38:27","date_gmt":"2021-09-15T09:38:27","guid":{"rendered":"https:\/\/www.ketegroup.com\/?page_id=45"},"modified":"2022-08-25T12:06:49","modified_gmt":"2022-08-25T04:06:49","slug":"downloads","status":"publish","type":"page","link":"https:\/\/www.ketegroup.com\/fr\/telechargements\/","title":{"rendered":"T\u00e9l\u00e9chargements"},"content":{"rendered":"<div data-elementor-type=\"wp-page\" data-elementor-id=\"45\" class=\"elementor elementor-45\">\n\t\t\t\t\t\t<section class=\"elementor-section elementor-top-section elementor-element elementor-element-3d309eff elementor-section-boxed elementor-section-height-default elementor-section-height-default\" data-id=\"3d309eff\" data-element_type=\"section\" data-settings=\"{&quot;background_background&quot;:&quot;classic&quot;}\">\n\t\t\t\t\t\t<div class=\"elementor-container elementor-column-gap-default\">\n\t\t\t\t\t<div class=\"elementor-column elementor-col-100 elementor-top-column elementor-element elementor-element-1683d2f1\" data-id=\"1683d2f1\" data-element_type=\"column\">\n\t\t\t<div class=\"elementor-widget-wrap elementor-element-populated\">\n\t\t\t\t\t\t<div class=\"elementor-element elementor-element-17565493 elementor-widget elementor-widget-menu-anchor\" data-id=\"17565493\" data-element_type=\"widget\" data-widget_type=\"menu-anchor.default\">\n\t\t\t\t<div class=\"elementor-widget-container\">\n\t\t\t\t\t<div class=\"elementor-menu-anchor\" id=\"01\"><\/div>\n\t\t\t\t<\/div>\n\t\t\t\t<\/div>\n\t\t\t\t<div class=\"elementor-element elementor-element-497ef7f5 elementor-widget elementor-widget-heading\" data-id=\"497ef7f5\" data-element_type=\"widget\" data-widget_type=\"heading.default\">\n\t\t\t\t<div class=\"elementor-widget-container\">\n\t\t\t<h1 class=\"elementor-heading-title elementor-size-default\">T\u00e9l\u00e9chargements\n<\/h1>\t\t<\/div>\n\t\t\t\t<\/div>\n\t\t\t\t<div class=\"elementor-element elementor-element-3a29cde elementor-widget elementor-widget-text-editor\" data-id=\"3a29cde\" data-element_type=\"widget\" data-widget_type=\"text-editor.default\">\n\t\t\t\t<div class=\"elementor-widget-container\">\n\t\t\t\t\t\t\t<p>Tous nos fichiers ont un mot de passe ouvert, veuillez contacter directement votre conseiller en vente de machines ou laissez un message ici.<\/p>\t\t\t\t\t\t<\/div>\n\t\t\t\t<\/div>\n\t\t\t\t\t<\/div>\n\t\t<\/div>\n\t\t\t\t\t<\/div>\n\t\t<\/section>\n\t\t\t\t<section class=\"elementor-section elementor-top-section elementor-element elementor-element-68714dd9 elementor-section-boxed elementor-section-height-default elementor-section-height-default\" data-id=\"68714dd9\" data-element_type=\"section\">\n\t\t\t\t\t\t<div class=\"elementor-container elementor-column-gap-default\">\n\t\t\t\t\t<div class=\"elementor-column elementor-col-100 elementor-top-column elementor-element elementor-element-64a5f0da\" data-id=\"64a5f0da\" data-element_type=\"column\">\n\t\t\t<div class=\"elementor-widget-wrap elementor-element-populated\">\n\t\t\t\t\t\t<div class=\"elementor-element elementor-element-118e0d61 elementor-widget elementor-widget-MML Breadcrumbs\" data-id=\"118e0d61\" data-element_type=\"widget\" data-settings=\"{&quot;breadcrumbs_type&quot;:&quot;post_type&quot;}\" data-widget_type=\"MML Breadcrumbs.default\">\n\t\t\t\t<div class=\"elementor-widget-container\">\n\t\t\t<ul class=\"pp-breadcrumbs pp-breadcrumbs-powerpack\">        <li class=\"pp-breadcrumbs-item pp-breadcrumbs-item-home\">\n            <a class=\"pp-breadcrumbs-crumb pp-breadcrumbs-crumb-link pp-breadcrumbs-crumb-home\" href=\"https:\/\/www.ketegroup.com\/fr\" title=\"Accueil\">\n\t\t\t\t<span class=\"pp-breadcrumbs-text\">\n\t\t\t\t\t                    Accueil\t\t\t\t<\/span>\n            <\/a>\n        <\/li>\n        <li class=\"pp-breadcrumbs-separator\">                <span class='pp-separator-icon pp-icon'>\n\t\t\t\t\t<i aria-hidden=\"true\" class=\"fas fa-angle-right\"><\/i>\t\t\t\t<\/span>\n                <\/li><\/ul>\t\t<\/div>\n\t\t\t\t<\/div>\n\t\t\t\t\t<\/div>\n\t\t<\/div>\n\t\t\t\t\t<\/div>\n\t\t<\/section>\n\t\t\t\t<section class=\"elementor-section elementor-top-section elementor-element elementor-element-9d43f4a elementor-section-boxed elementor-section-height-default elementor-section-height-default\" data-id=\"9d43f4a\" data-element_type=\"section\">\n\t\t\t\t\t\t<div class=\"elementor-container elementor-column-gap-default\">\n\t\t\t\t\t<div class=\"elementor-column elementor-col-100 elementor-top-column elementor-element elementor-element-1ffa5ff\" data-id=\"1ffa5ff\" data-element_type=\"column\">\n\t\t\t<div class=\"elementor-widget-wrap elementor-element-populated\">\n\t\t\t\t\t\t<div class=\"elementor-element elementor-element-961105e elementor-widget elementor-widget-heading\" data-id=\"961105e\" data-element_type=\"widget\" data-widget_type=\"heading.default\">\n\t\t\t\t<div class=\"elementor-widget-container\">\n\t\t\t<h2 class=\"elementor-heading-title elementor-size-default\">T\u00e9l\u00e9charger les catalogues \u00e9lectroniques et les dossiers techniques<\/h2>\t\t<\/div>\n\t\t\t\t<\/div>\n\t\t\t\t<div class=\"elementor-element elementor-element-3934a59 elementor-widget elementor-widget-text-editor\" data-id=\"3934a59\" data-element_type=\"widget\" data-widget_type=\"text-editor.default\">\n\t\t\t\t<div class=\"elementor-widget-container\">\n\t\t\t\t\t\t\t<p id=\"cache9\"><span id=\"cache10\">N'h\u00e9sitez pas \u00e0 t\u00e9l\u00e9charger nos catalogues \u00e9lectroniques et nos fiches techniques.<\/span><\/p><p>Pour un meilleur service et des informations exclusives, veuillez <span style=\"text-decoration: underline;\"><strong><a href=\"\/fr\/contact\/\">nous contacter.<\/a><\/strong><\/span><\/p>\t\t\t\t\t\t<\/div>\n\t\t\t\t<\/div>\n\t\t\t\t\t<\/div>\n\t\t<\/div>\n\t\t\t\t\t<\/div>\n\t\t<\/section>\n\t\t\t\t<section class=\"elementor-section elementor-top-section elementor-element elementor-element-e90e26e elementor-section-boxed elementor-section-height-default elementor-section-height-default\" data-id=\"e90e26e\" data-element_type=\"section\">\n\t\t\t\t\t\t<div class=\"elementor-container elementor-column-gap-default\">\n\t\t\t\t\t<div class=\"elementor-column elementor-col-100 elementor-top-column elementor-element elementor-element-bdc2e90\" data-id=\"bdc2e90\" data-element_type=\"column\">\n\t\t\t<div class=\"elementor-widget-wrap elementor-element-populated\">\n\t\t\t\t\t\t<div class=\"elementor-element elementor-element-a067099 elementor-widget elementor-widget-shortcode\" data-id=\"a067099\" data-element_type=\"widget\" data-widget_type=\"shortcode.default\">\n\t\t\t\t<div class=\"elementor-widget-container\">\n\t\t\t\t\t<div class=\"elementor-shortcode\">\n<div class=\"download-categories\">\n    <div class=\"left\">\n        <div class=\"categories-wrap\">\n            <ul>\n                <li term=\"\" class=\"active\">\n                    <a href=\"javascript:;\">\n                        <span>Tous<\/span>\n                    <\/a>\n                <\/li>\n                                <li term=\"e-catalog\">\n                    <a href=\"javascript:;\">\n                        <span>Catalogue \u00e9lectronique<\/span>\n                    <\/a>\n                <\/li>\n                                <li term=\"technical-files\">\n                    <a href=\"javascript:;\">\n                        <span>Dossiers techniques<\/span>\n                    <\/a>\n                <\/li>\n                            <\/ul>\n        <\/div>\n        <div class=\"search-form-wrap\">\n            <form action=\"\/fr\/\" data-trp-original-action=\"\/\">\n                <input type=\"text\" placeholder=\"Recherche...\">\n                <button><i class=\"fas fa-search\"><\/i><\/button>\n            <input type=\"hidden\" name=\"trp-form-language\" value=\"fr\"\/><\/form>\n        <\/div>\n    <\/div>\n    <div class=\"right\">\n        <div class=\"grid-container\">\n            <div style=\"display: none\" class=\"item\">\n                    <div class=\"img-wrap\">\n                        <img decoding=\"async\" src=\"\/wp-content\/uploads\/2021\/09\/KTPM-B330.jpg\" alt=\"\">\n                    <\/div>\n                    <h3>nom du produit 11<\/h3>\n                    <p>Lorem ipsum dolor sit amet, consectetur adipiscing elit. Ut elit tellus, luctus nec ullamcorper mattis, pulvinar dapibus leo.<\/p>\n            <\/div>\n        <\/div>\n        <div class=\"pagination\">\n        <\/div>\n    <\/div>\n<\/div>\n\n<script>\n    var $ = jQuery;\n    var term_id = '';\n    function get_videos(term_id,page=1) {\n        var kw = $('.search-form-wrap form input').val();\n        $.ajax({\n            url : \"\/wp-content\/themes\/mml-theme\/rejson_downloads.php\",\n            dataType : 'json',\n            type:'get',\n            data:{\n                'term_id':term_id,\n                'page':page,\n                'kw':kw\n                \/\/ 'per_page':per_page\n            },\n            success:function (data) {\n                var html = '';\n                if (data.data.length >0){\n                    var arr = data.data;\n                    for (var i=0;i<data.data.length;i++){\n\n                        html+='<div  class=\"item\"><a href=\"'+arr[i].file+'\" target=\"_blank\"><div class=\"img-wrap\"><img decoding=\"async\" src=\"'+arr[i].img+'\" alt=\"'+arr[i].alt+'\"><\/div><h3>'+arr[i].name+'<\/h3><p>'+arr[i].desc+'<\/p><\/a><\/div>'\n                    }\n                }\n                $('.grid-container').html(html)\n                \/\/ $('.content mml-shopcart-items').html(html)\n\n                if (data.page_num ==1 || data.page_num == 0){\n                    $('.pagination').html('');\n                }else{\n                    $('.pagination').mmlpage(data.page, data.page_num, {\n                        prev: '<',\n                        next: '>',\n                        pageClass:'page',\n                        activeClass:'active',\n                        \/\/ href: '?page='\n                        click:function (page) {\n                            get_videos(term_id,page);\n                        }\n                    });\n                }\n                jQuery(\"a.vp-a\").YouTubePopUp();\n                $('.loading').hide();\n            },\n        });\n\n    }\n    $(document).ready(function() {\n        $('.search-form-wrap form').submit( function(e){ e.preventDefault();\n        get_videos(term_id)\n        });\n\n        $('.search-form-wrap form button').on('click', function(e){\n            \/\/ get_videos(term_id)\n        });\n\n        $('.categories-wrap li').click(function (){\n            $(this).addClass('active').siblings().removeClass('active')\n            term_id = $(this).attr('term');\n            get_videos(term_id)\n        })\n        get_videos(term_id)\n    })\n<\/script>\n\n<\/div>\n\t\t\t\t<\/div>\n\t\t\t\t<\/div>\n\t\t\t\t\t<\/div>\n\t\t<\/div>\n\t\t\t\t\t<\/div>\n\t\t<\/section>\n\t\t\t\t<\/div>","protected":false},"excerpt":{"rendered":"<p>Tous nos fichiers ont un mot de passe ouvert, veuillez contacter directement votre conseiller en vente de machines ou laissez un message ici Accueil T\u00e9l\u00e9charger les catalogues \u00e9lectroniques et les fichiers techniques Veuillez vous aider \u00e0 t\u00e9l\u00e9charger nos catalogues \u00e9lectroniques et nos fichiers techniques. Pour un meilleur service et des informations exclusives, n'h\u00e9sitez pas \u00e0 nous contacter.<\/p>","protected":false},"author":2,"featured_media":0,"parent":0,"menu_order":0,"comment_status":"closed","ping_status":"closed","template":"","meta":{"_seopress_robots_primary_cat":"0","_seopress_titles_title":"Downloads - ketegroup","_seopress_titles_desc":"Visit our downloads page for easy access to our catalogs and technical files about our machines. Call our team for updates.","_seopress_robots_index":"","footnotes":""},"class_list":["post-45","page","type-page","status-publish","hentry"],"_links":{"self":[{"href":"https:\/\/www.ketegroup.com\/fr\/wp-json\/wp\/v2\/pages\/45","targetHints":{"allow":["GET"]}}],"collection":[{"href":"https:\/\/www.ketegroup.com\/fr\/wp-json\/wp\/v2\/pages"}],"about":[{"href":"https:\/\/www.ketegroup.com\/fr\/wp-json\/wp\/v2\/types\/page"}],"author":[{"embeddable":true,"href":"https:\/\/www.ketegroup.com\/fr\/wp-json\/wp\/v2\/users\/2"}],"replies":[{"embeddable":true,"href":"https:\/\/www.ketegroup.com\/fr\/wp-json\/wp\/v2\/comments?post=45"}],"version-history":[{"count":0,"href":"https:\/\/www.ketegroup.com\/fr\/wp-json\/wp\/v2\/pages\/45\/revisions"}],"wp:attachment":[{"href":"https:\/\/www.ketegroup.com\/fr\/wp-json\/wp\/v2\/media?parent=45"}],"curies":[{"name":"wp","href":"https:\/\/api.w.org\/{rel}","templated":true}]}}