{"id":3966,"date":"2022-01-26T10:49:02","date_gmt":"2022-01-26T02:49:02","guid":{"rendered":"https:\/\/www.ketegroup.com\/?page_id=3966"},"modified":"2022-01-26T10:57:38","modified_gmt":"2022-01-26T02:57:38","slug":"paper-product-machines","status":"publish","type":"page","link":"https:\/\/www.ketegroup.com\/fr\/blogs\/machines-a-papier\/","title":{"rendered":"Machines pour produits en papier"},"content":{"rendered":"<div data-elementor-type=\"wp-page\" data-elementor-id=\"3966\" class=\"elementor elementor-3966\">\n\t\t\t\t\t\t<section class=\"elementor-section elementor-top-section elementor-element elementor-element-2a09af27 elementor-section-boxed elementor-section-height-default elementor-section-height-default\" data-id=\"2a09af27\" data-element_type=\"section\" data-settings=\"{&quot;background_background&quot;:&quot;classic&quot;}\">\n\t\t\t\t\t\t<div class=\"elementor-container elementor-column-gap-default\">\n\t\t\t\t\t<div class=\"elementor-column elementor-col-100 elementor-top-column elementor-element elementor-element-7c17fffc\" data-id=\"7c17fffc\" data-element_type=\"column\">\n\t\t\t<div class=\"elementor-widget-wrap elementor-element-populated\">\n\t\t\t\t\t\t<div class=\"elementor-element elementor-element-1e61cc9c elementor-widget elementor-widget-menu-anchor\" data-id=\"1e61cc9c\" data-element_type=\"widget\" data-widget_type=\"menu-anchor.default\">\n\t\t\t\t<div class=\"elementor-widget-container\">\n\t\t\t\t\t<div class=\"elementor-menu-anchor\" id=\"01\"><\/div>\n\t\t\t\t<\/div>\n\t\t\t\t<\/div>\n\t\t\t\t<div class=\"elementor-element elementor-element-46b80205 elementor-widget elementor-widget-heading\" data-id=\"46b80205\" data-element_type=\"widget\" data-widget_type=\"heading.default\">\n\t\t\t\t<div class=\"elementor-widget-container\">\n\t\t\t<h1 class=\"elementor-heading-title elementor-size-default\">Blogs<\/h1>\t\t<\/div>\n\t\t\t\t<\/div>\n\t\t\t\t<div class=\"elementor-element elementor-element-5b964bea elementor-widget elementor-widget-text-editor\" data-id=\"5b964bea\" data-element_type=\"widget\" data-widget_type=\"text-editor.default\">\n\t\t\t\t<div class=\"elementor-widget-container\">\n\t\t\t\t\t\t\t<p>Nous partageons avec vous les derni\u00e8res tendances de l'industrie, nous essayons de r\u00e9pondre \u00e0 toutes vos questions sur les machines d'emballage flexible et les machines d'impression.<\/p><p>Lisez nos blogs pour vous tenir au courant des nouveaut\u00e9s du secteur et de KETE.<\/p>\t\t\t\t\t\t<\/div>\n\t\t\t\t<\/div>\n\t\t\t\t\t<\/div>\n\t\t<\/div>\n\t\t\t\t\t<\/div>\n\t\t<\/section>\n\t\t\t\t<section class=\"elementor-section elementor-top-section elementor-element elementor-element-4a9e14a6 elementor-section-boxed elementor-section-height-default elementor-section-height-default\" data-id=\"4a9e14a6\" data-element_type=\"section\">\n\t\t\t\t\t\t<div class=\"elementor-container elementor-column-gap-default\">\n\t\t\t\t\t<div class=\"elementor-column elementor-col-100 elementor-top-column elementor-element elementor-element-7efd0057\" data-id=\"7efd0057\" data-element_type=\"column\">\n\t\t\t<div class=\"elementor-widget-wrap elementor-element-populated\">\n\t\t\t\t\t\t<div class=\"elementor-element elementor-element-6cafbf63 elementor-widget elementor-widget-MML Breadcrumbs\" data-id=\"6cafbf63\" data-element_type=\"widget\" data-settings=\"{&quot;breadcrumbs_type&quot;:&quot;post_type&quot;}\" data-widget_type=\"MML Breadcrumbs.default\">\n\t\t\t\t<div class=\"elementor-widget-container\">\n\t\t\t<ul class=\"pp-breadcrumbs pp-breadcrumbs-powerpack\">        <li class=\"pp-breadcrumbs-item pp-breadcrumbs-item-home\">\n            <a class=\"pp-breadcrumbs-crumb pp-breadcrumbs-crumb-link pp-breadcrumbs-crumb-home\" href=\"https:\/\/www.ketegroup.com\/fr\" title=\"Accueil\">\n\t\t\t\t<span class=\"pp-breadcrumbs-text\">\n\t\t\t\t\t                    Accueil\t\t\t\t<\/span>\n            <\/a>\n        <\/li>\n        <li class=\"pp-breadcrumbs-separator\">                <span class='pp-separator-icon pp-icon'>\n\t\t\t\t\t<i aria-hidden=\"true\" class=\"fas fa-angle-right\"><\/i>\t\t\t\t<\/span>\n                <\/li><\/ul>\t\t<\/div>\n\t\t\t\t<\/div>\n\t\t\t\t\t<\/div>\n\t\t<\/div>\n\t\t\t\t\t<\/div>\n\t\t<\/section>\n\t\t\t\t<section class=\"elementor-section elementor-top-section elementor-element elementor-element-1edb07e9 elementor-section-boxed elementor-section-height-default elementor-section-height-default\" data-id=\"1edb07e9\" data-element_type=\"section\">\n\t\t\t\t\t\t<div class=\"elementor-container elementor-column-gap-default\">\n\t\t\t\t\t<div class=\"elementor-column elementor-col-50 elementor-top-column elementor-element elementor-element-6e5ae52e elementor-hidden-tablet elementor-hidden-mobile\" data-id=\"6e5ae52e\" data-element_type=\"column\">\n\t\t\t<div class=\"elementor-widget-wrap elementor-element-populated\">\n\t\t\t\t\t\t<div class=\"elementor-element elementor-element-4a4db8fc elementor-widget elementor-widget-shortcode\" data-id=\"4a4db8fc\" data-element_type=\"widget\" data-settings=\"{&quot;sticky&quot;:&quot;top&quot;,&quot;sticky_offset&quot;:100,&quot;sticky_parent&quot;:&quot;yes&quot;,&quot;sticky_on&quot;:[&quot;desktop&quot;,&quot;tablet&quot;,&quot;mobile&quot;],&quot;sticky_effects_offset&quot;:0}\" data-widget_type=\"shortcode.default\">\n\t\t\t\t<div class=\"elementor-widget-container\">\n\t\t\t\t\t<div class=\"elementor-shortcode\"><div class=\"blog-sidebar\">\n    <div class=\"title-wrap\">\n        <h2>Cat\u00e9gories<\/h2>\n    <\/div>\n    <ul>\n        <li class=\"active\">\n            <a href=\"\/fr\/blogs\/\">\n                <i class=\"fas fa-dot-circle\"><\/i>\n                <span>Tous<\/span>\n            <\/a>\n        <\/li>\n                <li class=\"\">\n            <a href=\"https:\/\/www.ketegroup.com\/fr\/category\/machines-dimpression-flexo\/\">\n                <i class=\"fas fa-dot-circle\"><\/i>\n                <span>Machines d'impression flexo<\/span>\n            <\/a>\n        <\/li>\n                <li class=\"\">\n            <a href=\"https:\/\/www.ketegroup.com\/fr\/category\/machines-demballage-par-thermoretraction\/\">\n                <i class=\"fas fa-dot-circle\"><\/i>\n                <span>Emballage thermor\u00e9tractif machines<\/span>\n            <\/a>\n        <\/li>\n                <li class=\"\">\n            <a href=\"https:\/\/www.ketegroup.com\/fr\/category\/apercu-de-lindustrie\/\">\n                <i class=\"fas fa-dot-circle\"><\/i>\n                <span>Aper\u00e7u de l'industrie<\/span>\n            <\/a>\n        <\/li>\n                <li class=\"\">\n            <a href=\"https:\/\/www.ketegroup.com\/fr\/category\/machines-dimpression-detiquettes\/\">\n                <i class=\"fas fa-dot-circle\"><\/i>\n                <span>Machines d'impression d'\u00e9tiquettes<\/span>\n            <\/a>\n        <\/li>\n                <li class=\"\">\n            <a href=\"https:\/\/www.ketegroup.com\/fr\/category\/machines-de-fabrication-de-sacs-non-tisses\/\">\n                <i class=\"fas fa-dot-circle\"><\/i>\n                <span>Machines de fabrication de sacs non tiss\u00e9s<\/span>\n            <\/a>\n        <\/li>\n                <li class=\"\">\n            <a href=\"https:\/\/www.ketegroup.com\/fr\/category\/packaging-machines\/\">\n                <i class=\"fas fa-dot-circle\"><\/i>\n                <span>Machines d'emballage<\/span>\n            <\/a>\n        <\/li>\n                <li class=\"\">\n            <a href=\"https:\/\/www.ketegroup.com\/fr\/category\/machines-de-fabrication-de-sacs-en-papier\/\">\n                <i class=\"fas fa-dot-circle\"><\/i>\n                <span>Fabrication de sacs papier machines<\/span>\n            <\/a>\n        <\/li>\n                <li class=\"\">\n            <a href=\"https:\/\/www.ketegroup.com\/fr\/category\/machines-a-papier\/\">\n                <i class=\"fas fa-dot-circle\"><\/i>\n                <span>Machines pour produits en papier<\/span>\n            <\/a>\n        <\/li>\n                <li class=\"\">\n            <a href=\"https:\/\/www.ketegroup.com\/fr\/category\/machines-de-fabrication-de-sacs-en-plastique\/\">\n                <i class=\"fas fa-dot-circle\"><\/i>\n                <span>Fabrication sacs non tiss\u00e9s machines<\/span>\n            <\/a>\n        <\/li>\n                <li class=\"\">\n            <a href=\"https:\/\/www.ketegroup.com\/fr\/category\/machines-de-fabrication-de-sachets\/\">\n                <i class=\"fas fa-dot-circle\"><\/i>\n                <span>Machines de fabrication de pochettes<\/span>\n            <\/a>\n        <\/li>\n                <li class=\"\">\n            <a href=\"https:\/\/www.ketegroup.com\/fr\/category\/recent-blogs\/\">\n                <i class=\"fas fa-dot-circle\"><\/i>\n                <span>Blogs r\u00e9cents<\/span>\n            <\/a>\n        <\/li>\n                <li class=\"\">\n            <a href=\"https:\/\/www.ketegroup.com\/fr\/category\/machines-dimpression-en-heliogravure\/\">\n                <i class=\"fas fa-dot-circle\"><\/i>\n                <span>Machines h\u00e9liogravure d'impression<\/span>\n            <\/a>\n        <\/li>\n                <li class=\"\">\n            <a href=\"https:\/\/www.ketegroup.com\/fr\/category\/machines-a-refendre\/\">\n                <i class=\"fas fa-dot-circle\"><\/i>\n                <span>Machines \u00e0 refendre<\/span>\n            <\/a>\n        <\/li>\n                <li class=\"\">\n            <a href=\"https:\/\/www.ketegroup.com\/fr\/category\/uncategorized\/\">\n                <i class=\"fas fa-dot-circle\"><\/i>\n                <span>Non class\u00e9<\/span>\n            <\/a>\n        <\/li>\n                <li class=\"\">\n            <a href=\"https:\/\/www.ketegroup.com\/fr\/category\/machines-a-capsules-de-vin\/\">\n                <i class=\"fas fa-dot-circle\"><\/i>\n                <span>Machines \u00e0 capsules de vin<\/span>\n            <\/a>\n        <\/li>\n            <\/ul>\n<\/div>\n<\/div>\n\t\t\t\t<\/div>\n\t\t\t\t<\/div>\n\t\t\t\t\t<\/div>\n\t\t<\/div>\n\t\t\t\t<div class=\"elementor-column elementor-col-50 elementor-top-column elementor-element elementor-element-238a6303\" data-id=\"238a6303\" data-element_type=\"column\">\n\t\t\t<div class=\"elementor-widget-wrap elementor-element-populated\">\n\t\t\t\t\t\t<div class=\"elementor-element elementor-element-d7afaa2 elementor-grid-1 elementor-grid-tablet-2 elementor-grid-mobile-1 pp-search-form-icon pp-posts-image-stack-mobile pp-post-thumbnail-align-left elementor-widget elementor-widget-pp-posts\" data-id=\"d7afaa2\" data-element_type=\"widget\" data-settings=\"{&quot;news_columns&quot;:&quot;1&quot;,&quot;news_show_ajax_search_form&quot;:&quot;yes&quot;,&quot;news_columns_tablet&quot;:&quot;2&quot;,&quot;news_columns_mobile&quot;:&quot;1&quot;}\" data-widget_type=\"pp-posts.news\">\n\t\t\t\t<div class=\"elementor-widget-container\">\n\t\t\t\t\t<div class=\"pp-post-filters-container\" data-search-form=\"show\" data-search-action=\"button-click\">\n\t\t\t\t\t\t\t\t<div class=\"pp-search-form-container\">\n\t\t\t<div class=\"pp-search-form\">\n\t\t\t\t<input placeholder=\"Recherche...\" class=\"pp-search-form-input\" type=\"search\" name=\"s\" title=\"Recherche\">\n\t\t\t\t<button class=\"pp-search-form-submit\" type=\"submit\" title=\"Recherche\" aria-label=\"Recherche\">\n\t\t\t\t\t\t\t\t\t\t\t<i class=\"fa fa-search\" aria-hidden=\"true\"><\/i>\n\t\t\t\t\t\t<span class=\"elementor-screen-only\">Recherche<\/span>\n\t\t\t\t\t\t\t\t\t<\/button>\n\t\t\t<\/div>\n\t\t<\/div>\n\t\t\t\t<\/div>\n\t\t\t\t<div class=\"pp-posts-container\">\n\t\t\t\n\t\t\t\t\t\t\t\t\t\t\n\t\t\t<div class=\"pp-posts pp-posts-skin-news elementor-grid pp-posts-grid\" data-query-type=\"custom\" data-layout=\"grid\" data-page=\"3966\" data-skin=\"news\">\n\t\t\t\t\t\t\t\t\t\t\t<div class=\"pp-post-wrap pp-grid-item-wrap elementor-grid-item post-29163 post type-post status-publish format-standard has-post-thumbnail hentry category-recent-blogs category-uncategorized\">\n\t\t\t\t\t\t<div class=\"pp-post pp-grid-item\">\n\t\t\t\t\t\t<div class=\"pp-post-thumbnail\">\n\t\t\t<a class=\"pp-post-thumbnail-wrap\" href=\"https:\/\/www.ketegroup.com\/fr\/enregistrement-de-limpression\/\" title=\"Le rep\u00e9rage de l&#039;impression expliqu\u00e9 : Comment obtenir un alignement parfait\">\n\t\t\t\t<img fetchpriority=\"high\" decoding=\"async\" width=\"1024\" height=\"768\" src=\"https:\/\/www.ketegroup.com\/wp-content\/uploads\/2026\/04\/printing-registration-222.webp\" class=\"attachment-large size-large wp-image-29168\" alt=\"impression de l&#039;enregistrement 222\" srcset=\"https:\/\/www.ketegroup.com\/wp-content\/uploads\/2026\/04\/printing-registration-222.webp 1024w, https:\/\/www.ketegroup.com\/wp-content\/uploads\/2026\/04\/printing-registration-222-16x12.webp 16w\" sizes=\"(max-width: 1024px) 100vw, 1024px\" \/>\t\t\t<\/a>\n\t\t<\/div>\n\t\t\t\t\t\t<div class=\"pp-post-content\">\n\t\t\t\t\t\t\t\t\t\t\t<h3 class=\"pp-post-title\">\n\t\t\t\t<a href=\"https:\/\/www.ketegroup.com\/fr\/enregistrement-de-limpression\/\">Le rep\u00e9rage de l'impression expliqu\u00e9 : Comment obtenir un alignement parfait<\/a>\t\t\t<\/h3>\n\t\t\t\t\t\t\t\t\t<div class=\"pp-post-meta\">\n\t\t\t\t\t\t\t\t<span class=\"pp-post-date\">\n\t\t\t\t\t\t<span class=\"pp-meta-text\">\n\t\t\t\t28 avril 2026\t\t\t<\/span>\n\t\t<\/span>\n\t\t<span class=\"pp-meta-separator\"><\/span>\n\t\t\t\t\t\t\t<\/div>\n\t\t\t\t\t\t\t<div class=\"pp-post-excerpt\">\n\t\t\t<p>La d\u00e9finition et la physique de l'enregistrement des impressions La fabrication industrielle ne fonctionne pas comme une imprimante de bureau. L'impression commerciale \u00e0 haut volume, telle que la flexographie ou l'h\u00e9liogravure, repose sur la s\u00e9paration des couleurs. Votre maquette num\u00e9rique est ...<\/p>\n\t\t<\/div>\n\t\t\t\t\t\t\t\t<\/div>\n\t\t\t<\/div>\n\t\t\t\t\t<\/div>\n\t\t\t\t<div class=\"pp-post-wrap pp-grid-item-wrap elementor-grid-item post-29148 post type-post status-publish format-standard has-post-thumbnail hentry category-recent-blogs category-uncategorized\">\n\t\t\t\t\t\t<div class=\"pp-post pp-grid-item\">\n\t\t\t\t\t\t<div class=\"pp-post-thumbnail\">\n\t\t\t<a class=\"pp-post-thumbnail-wrap\" href=\"https:\/\/www.ketegroup.com\/fr\/taille-des-sacs-en-plastique\/\" title=\"Tailles des sacs en plastique 101 : r\u00e8gles et formules de dimensionnement pour un ajustement parfait\">\n\t\t\t\t<img decoding=\"async\" width=\"1024\" height=\"768\" src=\"https:\/\/www.ketegroup.com\/wp-content\/uploads\/2026\/04\/plastic-bag-sizes-222.webp\" class=\"attachment-large size-large wp-image-29159\" alt=\"Taille des sacs en plastique 222\" srcset=\"https:\/\/www.ketegroup.com\/wp-content\/uploads\/2026\/04\/plastic-bag-sizes-222.webp 1024w, https:\/\/www.ketegroup.com\/wp-content\/uploads\/2026\/04\/plastic-bag-sizes-222-16x12.webp 16w\" sizes=\"(max-width: 1024px) 100vw, 1024px\" \/>\t\t\t<\/a>\n\t\t<\/div>\n\t\t\t\t\t\t<div class=\"pp-post-content\">\n\t\t\t\t\t\t\t\t\t\t\t<h3 class=\"pp-post-title\">\n\t\t\t\t<a href=\"https:\/\/www.ketegroup.com\/fr\/taille-des-sacs-en-plastique\/\">Tailles des sacs en plastique 101 : r\u00e8gles et formules de dimensionnement pour un ajustement parfait<\/a>\t\t\t<\/h3>\n\t\t\t\t\t\t\t\t\t<div class=\"pp-post-meta\">\n\t\t\t\t\t\t\t\t<span class=\"pp-post-date\">\n\t\t\t\t\t\t<span class=\"pp-meta-text\">\n\t\t\t\t27 avril 2026\t\t\t<\/span>\n\t\t<\/span>\n\t\t<span class=\"pp-meta-separator\"><\/span>\n\t\t\t\t\t\t\t<\/div>\n\t\t\t\t\t\t\t<div class=\"pp-post-excerpt\">\n\t\t\t<p>Dans le domaine de l'emballage industriel, les erreurs dimensionnelles signifient deux choses : un arr\u00eat imm\u00e9diat de la production et un gaspillage catastrophique de mat\u00e9riaux. Pour les directeurs des achats, les directeurs d'usine et les ing\u00e9nieurs de la cha\u00eene d'approvisionnement, les \"dimensions des sacs en plastique\" ne sont pas seulement des ...<\/p>\n\t\t<\/div>\n\t\t\t\t\t\t\t\t<\/div>\n\t\t\t<\/div>\n\t\t\t\t\t<\/div>\n\t\t\t\t<div class=\"pp-post-wrap pp-grid-item-wrap elementor-grid-item post-29087 post type-post status-publish format-standard has-post-thumbnail hentry category-flexo-printing-machines category-recent-blogs\">\n\t\t\t\t\t\t<div class=\"pp-post pp-grid-item\">\n\t\t\t\t\t\t<div class=\"pp-post-thumbnail\">\n\t\t\t<a class=\"pp-post-thumbnail-wrap\" href=\"https:\/\/www.ketegroup.com\/fr\/quest-ce-que-limpression-flexographique\/\" title=\"Qu&#039;est-ce que l&#039;impression flexographique ? Avantages, inconv\u00e9nients et processus complet\">\n\t\t\t\t<img decoding=\"async\" width=\"1024\" height=\"768\" src=\"https:\/\/www.ketegroup.com\/wp-content\/uploads\/2026\/04\/What-is-Flexographic-Printing-11.webp\" class=\"attachment-large size-large wp-image-29102\" alt=\"Qu&#039;est-ce que l&#039;impression flexographique 11\" srcset=\"https:\/\/www.ketegroup.com\/wp-content\/uploads\/2026\/04\/What-is-Flexographic-Printing-11.webp 1024w, https:\/\/www.ketegroup.com\/wp-content\/uploads\/2026\/04\/What-is-Flexographic-Printing-11-16x12.webp 16w\" sizes=\"(max-width: 1024px) 100vw, 1024px\" \/>\t\t\t<\/a>\n\t\t<\/div>\n\t\t\t\t\t\t<div class=\"pp-post-content\">\n\t\t\t\t\t\t\t\t\t\t\t<h3 class=\"pp-post-title\">\n\t\t\t\t<a href=\"https:\/\/www.ketegroup.com\/fr\/quest-ce-que-limpression-flexographique\/\">Qu'est-ce que l'impression flexographique ? Avantages, inconv\u00e9nients et processus complet<\/a>\t\t\t<\/h3>\n\t\t\t\t\t\t\t\t\t<div class=\"pp-post-meta\">\n\t\t\t\t\t\t\t\t<span class=\"pp-post-date\">\n\t\t\t\t\t\t<span class=\"pp-meta-text\">\n\t\t\t\t3 avril 2026\t\t\t<\/span>\n\t\t<\/span>\n\t\t<span class=\"pp-meta-separator\"><\/span>\n\t\t\t\t\t\t\t<\/div>\n\t\t\t\t\t\t\t<div class=\"pp-post-excerpt\">\n\t\t\t<p>D\u00e9codage de l'impression flexographique dans l'emballage moderne La flexographie est le cheval de bataille incontest\u00e9 de l'industrie moderne de l'emballage, responsable de la production de pr\u00e8s de 70% des produits imprim\u00e9s sur les \u00e9tag\u00e8res des supermarch\u00e9s. \u00c0 sa ...<\/p>\n\t\t<\/div>\n\t\t\t\t\t\t\t\t<\/div>\n\t\t\t<\/div>\n\t\t\t\t\t<\/div>\n\t\t\t\t<div class=\"pp-post-wrap pp-grid-item-wrap elementor-grid-item post-29053 post type-post status-publish format-standard has-post-thumbnail hentry category-recent-blogs\">\n\t\t\t\t\t\t<div class=\"pp-post pp-grid-item\">\n\t\t\t\t\t\t<div class=\"pp-post-thumbnail\">\n\t\t\t<a class=\"pp-post-thumbnail-wrap\" href=\"https:\/\/www.ketegroup.com\/fr\/quest-ce-que-le-refendage\/\" title=\"Qu&#039;est-ce que le refendage dans la fabrication ? M\u00e9thodes, m\u00e9canique et d\u00e9pannage\">\n\t\t\t\t<img loading=\"lazy\" decoding=\"async\" width=\"1024\" height=\"768\" src=\"https:\/\/www.ketegroup.com\/wp-content\/uploads\/2025\/02\/What-Is-Slitting-2.webp\" class=\"attachment-large size-large wp-image-17760\" alt=\"Qu&#039;est-ce que le refendage 2\" srcset=\"https:\/\/www.ketegroup.com\/wp-content\/uploads\/2025\/02\/What-Is-Slitting-2.webp 1024w, https:\/\/www.ketegroup.com\/wp-content\/uploads\/2025\/02\/What-Is-Slitting-2-16x12.webp 16w\" sizes=\"(max-width: 1024px) 100vw, 1024px\" \/>\t\t\t<\/a>\n\t\t<\/div>\n\t\t\t\t\t\t<div class=\"pp-post-content\">\n\t\t\t\t\t\t\t\t\t\t\t<h3 class=\"pp-post-title\">\n\t\t\t\t<a href=\"https:\/\/www.ketegroup.com\/fr\/quest-ce-que-le-refendage\/\">Qu'est-ce que le refendage dans la fabrication ? M\u00e9thodes, m\u00e9canique et d\u00e9pannage<\/a>\t\t\t<\/h3>\n\t\t\t\t\t\t\t\t\t<div class=\"pp-post-meta\">\n\t\t\t\t\t\t\t\t<span class=\"pp-post-date\">\n\t\t\t\t\t\t<span class=\"pp-meta-text\">\n\t\t\t\t30 mars 2026\t\t\t<\/span>\n\t\t<\/span>\n\t\t<span class=\"pp-meta-separator\"><\/span>\n\t\t\t\t\t\t\t<\/div>\n\t\t\t\t\t\t\t<div class=\"pp-post-excerpt\">\n\t\t\t<p>La d\u00e9finition et la m\u00e9canique du refendage Lorsque les \u00e9quipes d'ing\u00e9nieurs et les responsables des achats demandent ce qu'est exactement le refendage dans le processus de fabrication, la r\u00e9ponse repr\u00e9sente bien plus qu'une coupe rudimentaire ...<\/p>\n\t\t<\/div>\n\t\t\t\t\t\t\t\t<\/div>\n\t\t\t<\/div>\n\t\t\t\t\t<\/div>\n\t\t\t\t<div class=\"pp-post-wrap pp-grid-item-wrap elementor-grid-item post-29039 post type-post status-publish format-standard has-post-thumbnail hentry category-recent-blogs\">\n\t\t\t\t\t\t<div class=\"pp-post pp-grid-item\">\n\t\t\t\t\t\t<div class=\"pp-post-thumbnail\">\n\t\t\t<a class=\"pp-post-thumbnail-wrap\" href=\"https:\/\/www.ketegroup.com\/fr\/impression-flexo-et-impression-offset\/\" title=\"Impression flexo ou impression offset : Quel est le meilleur retour sur investissement pour votre entreprise d&#039;emballage ?\">\n\t\t\t\t<img loading=\"lazy\" decoding=\"async\" width=\"1024\" height=\"768\" src=\"https:\/\/www.ketegroup.com\/wp-content\/uploads\/2023\/07\/flexo-printing-vs-offset-printing-webp.webp\" class=\"attachment-large size-large wp-image-29037\" alt=\"impression flexo et impression offset webp\" srcset=\"https:\/\/www.ketegroup.com\/wp-content\/uploads\/2023\/07\/flexo-printing-vs-offset-printing-webp.webp 1024w, https:\/\/www.ketegroup.com\/wp-content\/uploads\/2023\/07\/flexo-printing-vs-offset-printing-webp-16x12.webp 16w\" sizes=\"(max-width: 1024px) 100vw, 1024px\" \/>\t\t\t<\/a>\n\t\t<\/div>\n\t\t\t\t\t\t<div class=\"pp-post-content\">\n\t\t\t\t\t\t\t\t\t\t\t<h3 class=\"pp-post-title\">\n\t\t\t\t<a href=\"https:\/\/www.ketegroup.com\/fr\/impression-flexo-et-impression-offset\/\">Impression flexo ou impression offset : Quel est le meilleur retour sur investissement pour votre entreprise d'emballage ?<\/a>\t\t\t<\/h3>\n\t\t\t\t\t\t\t\t\t<div class=\"pp-post-meta\">\n\t\t\t\t\t\t\t\t<span class=\"pp-post-date\">\n\t\t\t\t\t\t<span class=\"pp-meta-text\">\n\t\t\t\t26 mars 2026\t\t\t<\/span>\n\t\t<\/span>\n\t\t<span class=\"pp-meta-separator\"><\/span>\n\t\t\t\t\t\t\t<\/div>\n\t\t\t\t\t\t\t<div class=\"pp-post-excerpt\">\n\t\t\t<p>Dans le monde de l'emballage commercial, le choix d'une mauvaise presse entra\u00eene des pertes financi\u00e8res catastrophiques et des d\u00e9lais non respect\u00e9s. Lors de l'\u00e9valuation de l'impression flexo par rapport \u00e0 l'impression offset, les acheteurs doivent regarder au-del\u00e0 ...<\/p>\n\t\t<\/div>\n\t\t\t\t\t\t\t\t<\/div>\n\t\t\t<\/div>\n\t\t\t\t\t<\/div>\n\t\t\t\t<div class=\"pp-post-wrap pp-grid-item-wrap elementor-grid-item post-28989 post type-post status-publish format-standard has-post-thumbnail hentry category-uncategorized\">\n\t\t\t\t\t\t<div class=\"pp-post pp-grid-item\">\n\t\t\t\t\t\t<div class=\"pp-post-thumbnail\">\n\t\t\t<a class=\"pp-post-thumbnail-wrap\" href=\"https:\/\/www.ketegroup.com\/fr\/guide-des-arbres-de-rembobinage-differentiel\/\" title=\"Qu&#039;est-ce qu&#039;un arbre de rebobinage diff\u00e9rentiel ? Guide complet pour les applications de transformation et de refendage\">\n\t\t\t\t<img loading=\"lazy\" decoding=\"async\" width=\"1024\" height=\"768\" src=\"https:\/\/www.ketegroup.com\/wp-content\/uploads\/2026\/03\/Differential-Rewind-Shafts-222-1.webp\" class=\"attachment-large size-large wp-image-28999\" alt=\"Arbres de rembobinage diff\u00e9rentiel 222 1\" srcset=\"https:\/\/www.ketegroup.com\/wp-content\/uploads\/2026\/03\/Differential-Rewind-Shafts-222-1.webp 1024w, https:\/\/www.ketegroup.com\/wp-content\/uploads\/2026\/03\/Differential-Rewind-Shafts-222-1-16x12.webp 16w\" sizes=\"(max-width: 1024px) 100vw, 1024px\" \/>\t\t\t<\/a>\n\t\t<\/div>\n\t\t\t\t\t\t<div class=\"pp-post-content\">\n\t\t\t\t\t\t\t\t\t\t\t<h3 class=\"pp-post-title\">\n\t\t\t\t<a href=\"https:\/\/www.ketegroup.com\/fr\/guide-des-arbres-de-rembobinage-differentiel\/\">Qu'est-ce qu'un arbre de rebobinage diff\u00e9rentiel ? Guide complet pour les applications de transformation et de refendage<\/a>\t\t\t<\/h3>\n\t\t\t\t\t\t\t\t\t<div class=\"pp-post-meta\">\n\t\t\t\t\t\t\t\t<span class=\"pp-post-date\">\n\t\t\t\t\t\t<span class=\"pp-meta-text\">\n\t\t\t\t23 mars 2026\t\t\t<\/span>\n\t\t<\/span>\n\t\t<span class=\"pp-meta-separator\"><\/span>\n\t\t\t\t\t\t\t<\/div>\n\t\t\t\t\t\t\t<div class=\"pp-post-excerpt\">\n\t\t\t<p>L'\u00e9quilibre est un probl\u00e8me d'ing\u00e9nierie permanent dans le domaine strict de la manutention des bandes et de la transformation des mat\u00e9riaux. L'op\u00e9ration consistant \u00e0 couper un rouleau principal en plusieurs bobines plus petites cr\u00e9e un ...<\/p>\n\t\t<\/div>\n\t\t\t\t\t\t\t\t<\/div>\n\t\t\t<\/div>\n\t\t\t\t\t<\/div>\n\t\t\t\t\t\t\t\t\t<\/div>\n\t\t\t\n\t\t\t\n\t\t\t\n\t\t\t\n\t\t\t\t\t\t\t\t\t\t\t<div class=\"pp-posts-pagination-wrap pp-posts-pagination-bottom\">\n\t\t\t\t\t\t\t\t<nav class=\"pp-posts-pagination pp-posts-pagination-ajax elementor-pagination\" role=\"navigation\" aria-label=\"Pagination\" data-total=\"22\">\n\t\t\t\t<span aria-current=\"page\" class=\"page-numbers current\">1<\/span>\n<a class=\"page-numbers\" href=\"https:\/\/www.ketegroup.com\/fr\/wp-json\/wp\/v2\/pages\/3966\/page\/2\/\">2<\/a>\n<a class=\"page-numbers\" href=\"https:\/\/www.ketegroup.com\/fr\/wp-json\/wp\/v2\/pages\/3966\/page\/3\/\">3<\/a>\n<a class=\"page-numbers\" href=\"https:\/\/www.ketegroup.com\/fr\/wp-json\/wp\/v2\/pages\/3966\/page\/4\/\">4<\/a>\n<a class=\"page-numbers\" href=\"https:\/\/www.ketegroup.com\/fr\/wp-json\/wp\/v2\/pages\/3966\/page\/5\/\">5<\/a>\n<a class=\"next page-numbers\" href=\"https:\/\/www.ketegroup.com\/fr\/wp-json\/wp\/v2\/pages\/3966\/page\/2\/\">><\/a>\t\t\t<\/nav>\n\t\t\t\t\t\t\t<\/div>\n\t\t\t\t\t\t\t\t\t<\/div>\n\n\t\t\n\t\t\t\t<\/div>\n\t\t\t\t<\/div>\n\t\t\t\t\t<\/div>\n\t\t<\/div>\n\t\t\t\t\t<\/div>\n\t\t<\/section>\n\t\t\t\t<\/div>","protected":false},"excerpt":{"rendered":"<p>Blogs Nous partageons avec vous les derni\u00e8res tendances de l'industrie, nous essayons de r\u00e9pondre \u00e0 toutes vos questions sur les machines d'emballage flexible et les machines d'impression. Lisez nos blogs pour vous tenir au courant de ce qui se passe dans l'industrie et chez KETE. Accueil Recherche blog_test 20 janvier 2022 blog desc blog desc Nom du blog 10 24 septembre 2021 [...]<\/p>","protected":false},"author":2,"featured_media":0,"parent":47,"menu_order":0,"comment_status":"closed","ping_status":"closed","template":"","meta":{"_seopress_robots_primary_cat":"0","_seopress_titles_title":"","_seopress_titles_desc":"","_seopress_robots_index":"","footnotes":""},"class_list":["post-3966","page","type-page","status-publish","hentry"],"_links":{"self":[{"href":"https:\/\/www.ketegroup.com\/fr\/wp-json\/wp\/v2\/pages\/3966","targetHints":{"allow":["GET"]}}],"collection":[{"href":"https:\/\/www.ketegroup.com\/fr\/wp-json\/wp\/v2\/pages"}],"about":[{"href":"https:\/\/www.ketegroup.com\/fr\/wp-json\/wp\/v2\/types\/page"}],"author":[{"embeddable":true,"href":"https:\/\/www.ketegroup.com\/fr\/wp-json\/wp\/v2\/users\/2"}],"replies":[{"embeddable":true,"href":"https:\/\/www.ketegroup.com\/fr\/wp-json\/wp\/v2\/comments?post=3966"}],"version-history":[{"count":0,"href":"https:\/\/www.ketegroup.com\/fr\/wp-json\/wp\/v2\/pages\/3966\/revisions"}],"up":[{"embeddable":true,"href":"https:\/\/www.ketegroup.com\/fr\/wp-json\/wp\/v2\/pages\/47"}],"wp:attachment":[{"href":"https:\/\/www.ketegroup.com\/fr\/wp-json\/wp\/v2\/media?parent=3966"}],"curies":[{"name":"wp","href":"https:\/\/api.w.org\/{rel}","templated":true}]}}