{"id":44,"date":"2021-09-15T17:38:27","date_gmt":"2021-09-15T09:38:27","guid":{"rendered":"https:\/\/www.ketegroup.com\/?page_id=44"},"modified":"2024-10-15T15:30:18","modified_gmt":"2024-10-15T07:30:18","slug":"video","status":"publish","type":"page","link":"https:\/\/www.ketegroup.com\/es\/video\/","title":{"rendered":"V\u00eddeos"},"content":{"rendered":"<div data-elementor-type=\"wp-page\" data-elementor-id=\"44\" class=\"elementor elementor-44\">\n\t\t\t\t\t\t<section class=\"elementor-section elementor-top-section elementor-element elementor-element-517f0b52 elementor-section-boxed elementor-section-height-default elementor-section-height-default\" data-id=\"517f0b52\" data-element_type=\"section\" data-settings=\"{&quot;background_background&quot;:&quot;classic&quot;}\">\n\t\t\t\t\t\t<div class=\"elementor-container elementor-column-gap-default\">\n\t\t\t\t\t<div class=\"elementor-column elementor-col-100 elementor-top-column elementor-element elementor-element-6e07eaba\" data-id=\"6e07eaba\" data-element_type=\"column\">\n\t\t\t<div class=\"elementor-widget-wrap elementor-element-populated\">\n\t\t\t\t\t\t<div class=\"elementor-element elementor-element-6691352a elementor-widget elementor-widget-menu-anchor\" data-id=\"6691352a\" data-element_type=\"widget\" data-widget_type=\"menu-anchor.default\">\n\t\t\t\t<div class=\"elementor-widget-container\">\n\t\t\t\t\t<div class=\"elementor-menu-anchor\" id=\"01\"><\/div>\n\t\t\t\t<\/div>\n\t\t\t\t<\/div>\n\t\t\t\t<div class=\"elementor-element elementor-element-67e4ff92 elementor-widget elementor-widget-heading\" data-id=\"67e4ff92\" data-element_type=\"widget\" data-widget_type=\"heading.default\">\n\t\t\t\t<div class=\"elementor-widget-container\">\n\t\t\t<h1 class=\"elementor-heading-title elementor-size-default\">Zona de v\u00eddeo<\/h1>\t\t<\/div>\n\t\t\t\t<\/div>\n\t\t\t\t<div class=\"elementor-element elementor-element-eeec83e elementor-widget elementor-widget-text-editor\" data-id=\"eeec83e\" data-element_type=\"widget\" data-widget_type=\"text-editor.default\">\n\t\t\t\t<div class=\"elementor-widget-container\">\n\t\t\t\t\t\t\t<p>Esperamos que estos v\u00eddeos le ayuden a comprender r\u00e1pida y claramente lo que nuestras m\u00e1quinas pueden hacer y c\u00f3mo funcionan.<\/p><p>Si desea m\u00e1s informaci\u00f3n sobre el producto y asistencia t\u00e9cnica, p\u00f3ngase en contacto con <span style=\"text-decoration: underline;\"><strong><a href=\"\/es\/pongase-en-contacto-con\/\">Contacto<\/a><\/strong><\/span>.<\/p>\t\t\t\t\t\t<\/div>\n\t\t\t\t<\/div>\n\t\t\t\t\t<\/div>\n\t\t<\/div>\n\t\t\t\t\t<\/div>\n\t\t<\/section>\n\t\t\t\t<section class=\"elementor-section elementor-top-section elementor-element elementor-element-5d7794f1 elementor-section-boxed elementor-section-height-default elementor-section-height-default\" data-id=\"5d7794f1\" data-element_type=\"section\">\n\t\t\t\t\t\t<div class=\"elementor-container elementor-column-gap-default\">\n\t\t\t\t\t<div class=\"elementor-column elementor-col-100 elementor-top-column elementor-element elementor-element-7d2cb4e3\" data-id=\"7d2cb4e3\" data-element_type=\"column\">\n\t\t\t<div class=\"elementor-widget-wrap elementor-element-populated\">\n\t\t\t\t\t\t<div class=\"elementor-element elementor-element-2d34e6b3 elementor-widget elementor-widget-MML Breadcrumbs\" data-id=\"2d34e6b3\" data-element_type=\"widget\" data-settings=\"{&quot;breadcrumbs_type&quot;:&quot;post_type&quot;}\" data-widget_type=\"MML Breadcrumbs.default\">\n\t\t\t\t<div class=\"elementor-widget-container\">\n\t\t\t<ul class=\"pp-breadcrumbs pp-breadcrumbs-powerpack\">        <li class=\"pp-breadcrumbs-item pp-breadcrumbs-item-home\">\n            <a class=\"pp-breadcrumbs-crumb pp-breadcrumbs-crumb-link pp-breadcrumbs-crumb-home\" href=\"https:\/\/www.ketegroup.com\/es\" title=\"Inicio\">\n\t\t\t\t<span class=\"pp-breadcrumbs-text\">\n\t\t\t\t\t                    Inicio\t\t\t\t<\/span>\n            <\/a>\n        <\/li>\n        <li class=\"pp-breadcrumbs-separator\">                <span class='pp-separator-icon pp-icon'>\n\t\t\t\t\t<i aria-hidden=\"true\" class=\"fas fa-angle-right\"><\/i>\t\t\t\t<\/span>\n                <\/li><\/ul>\t\t<\/div>\n\t\t\t\t<\/div>\n\t\t\t\t\t<\/div>\n\t\t<\/div>\n\t\t\t\t\t<\/div>\n\t\t<\/section>\n\t\t\t\t<section class=\"elementor-section elementor-top-section elementor-element elementor-element-74e72e2 elementor-section-boxed elementor-section-height-default elementor-section-height-default\" data-id=\"74e72e2\" data-element_type=\"section\" data-settings=\"{&quot;background_background&quot;:&quot;classic&quot;}\">\n\t\t\t\t\t\t<div class=\"elementor-container elementor-column-gap-default\">\n\t\t\t\t\t<div class=\"elementor-column elementor-col-100 elementor-top-column elementor-element elementor-element-a661b2d\" data-id=\"a661b2d\" data-element_type=\"column\">\n\t\t\t<div class=\"elementor-widget-wrap elementor-element-populated\">\n\t\t\t\t\t\t<div class=\"elementor-element elementor-element-78e2757 elementor-widget elementor-widget-shortcode\" data-id=\"78e2757\" data-element_type=\"widget\" data-widget_type=\"shortcode.default\">\n\t\t\t\t<div class=\"elementor-widget-container\">\n\t\t\t\t\t<div class=\"elementor-shortcode\">\n<div class=\"videos-categories\">\n    <div class=\"left\">\n        <div class=\"categories-wrap\">\n            <ul>\n                <li term=\"\" class=\"active\">\n                    <a href=\"javascript:;\">\n                        <span>Todos<\/span>\n                    <\/a>\n                <\/li>\n                                <li term=\"flexo-printing-machines\">\n                    <a href=\"javascript:;\">\n                        <span>M\u00e1quinas de impresi\u00f3n flexogr\u00e1fica<\/span>\n                    <\/a>\n                <\/li>\n                                <li term=\"heat-shrink-packaging-machines\">\n                    <a href=\"javascript:;\">\n                        <span>M\u00e1quina termo-contracci\u00f3n empaque<\/span>\n                    <\/a>\n                <\/li>\n                                <li term=\"label-printing-machines\">\n                    <a href=\"javascript:;\">\n                        <span>M\u00e1quinas de impresi\u00f3n de etiquetas<\/span>\n                    <\/a>\n                <\/li>\n                                <li term=\"non-woven-bag-making-machines\">\n                    <a href=\"javascript:;\">\n                        <span>M\u00e1quinas de hacer bolsas no tejidas<\/span>\n                    <\/a>\n                <\/li>\n                                <li term=\"paper-bag-making-machines\">\n                    <a href=\"javascript:;\">\n                        <span>M\u00e1quinas de bolsas de pl\u00e1stico<\/span>\n                    <\/a>\n                <\/li>\n                                <li term=\"paper-product-machines\">\n                    <a href=\"javascript:;\">\n                        <span>M\u00e1quinas de productos de papel<\/span>\n                    <\/a>\n                <\/li>\n                                <li term=\"plastic-bag-making-machines\">\n                    <a href=\"javascript:;\">\n                        <span>M\u00e1quinas de bolsas de pl\u00e1stico<\/span>\n                    <\/a>\n                <\/li>\n                                <li term=\"pouch-bag-making-machines\">\n                    <a href=\"javascript:;\">\n                        <span>M\u00e1quinas para fabricar bolsas<\/span>\n                    <\/a>\n                <\/li>\n                                <li term=\"rotogravure-printing-machines\">\n                    <a href=\"javascript:;\">\n                        <span>M\u00e1quinas de huecograbado<\/span>\n                    <\/a>\n                <\/li>\n                                <li term=\"wine-capsule-making-machines\">\n                    <a href=\"javascript:;\">\n                        <span>M\u00e1quinas para hacer c\u00e1psulas de vino<\/span>\n                    <\/a>\n                <\/li>\n                            <\/ul>\n        <\/div>\n        <div class=\"search-form-wrap\">\n            <form action=\"\" data-trp-original-action=\"\">\n                <input type=\"text\" placeholder=\"Buscar...\">\n                <button><i class=\"fas fa-search\"><\/i><\/button>\n            <input type=\"hidden\" name=\"trp-form-language\" value=\"es\"\/><\/form>\n        <\/div>\n    <\/div>\n    <div class=\"right\">\n        <div class=\"grid-container\">\n            <div style=\"display: none\" class=\"item\">\n                    <div class=\"img-wrap\">\n                        <img decoding=\"async\" src=\"\/wp-content\/uploads\/2021\/09\/KTPM-B330.jpg\" alt=\"\">\n                        <a href=\"javascript:;\" class=\"vp-a\">\n                            <i class=\"fas fa-play-circle\"><\/i>\n                        <\/a>\n                    <\/div>\n                    <h3>nombre del producto 11<\/h3>\n                    <p>Lorem ipsum dolor sit amet, consectetur adipiscing elit. Ut elit tellus, luctus nec ullamcorper mattis, pulvinar dapibus leo.<\/p>\n            <\/div>\n        <\/div>\n        <div class=\"pagination\">\n        <\/div>\n    <\/div>\n<\/div>\n\n<script>\n    var $ = jQuery;\n    var term_id = '';\n    function get_videos(term_id,page=1) {\n        var kw = $('.search-form-wrap form input').val();\n\t\t\tterm_id = $('li.active').eq(0).attr('term');\n        $.ajax({\n            url : \"\/wp-content\/themes\/mml-theme\/rejson_videos.php\",\n            dataType : 'json',\n            type:'get',\n            data:{\n                'term_id':term_id,\n                'page':page,\n                'kw':kw\n\n                \/\/ 'per_page':per_page\n            },\n            success:function (data) {\n                var html = '';\n                if (data.data.length >0){\n                    var arr = data.data;\n                    for (var i=0;i<data.data.length;i++){\n\n                        html+='<div  class=\"item\"><div class=\"img-wrap\"><img decoding=\"async\" src=\"'+arr[i].img+'\" alt=\"'+arr[i].alt+'\">'+arr[i].video+'<\/div><h3>'+arr[i].name+'<\/h3><p>'+arr[i].desc+'<\/p><\/div>'\n                    }\n                }\n                $('.grid-container').html(html)\n                \/\/ $('.content mml-shopcart-items').html(html)\n\n                if (data.page_num ==1 || data.page_num == 0){\n                    $('.pagination').html('');\n                }else{\n                    $('.pagination').mmlpage(data.page, data.page_num, {\n                        prev: '<',\n                        next: '>',\n                        pageClass:'page',\n                        activeClass:'active',\n                        \/\/ href: '?page='\n                        click:function (page) {\n                            get_videos(term_id,page);\n                        }\n                    });\n                }\n                jQuery(\"a.vp-a\").YouTubePopUp();\n                $('.loading').hide();\n            },\n        });\n\n    }\n    $(document).ready(function() {\n\n        $('.search-form-wrap form').submit( function(e){ e.preventDefault();\n            get_videos(term_id)\n        });\n        \n        $('.categories-wrap li').click(function (){\n\n            $(this).addClass('active').siblings().removeClass('active')\n            term_id = $(this).attr('term');\n            get_videos(term_id)\n        })\n        get_videos(term_id)\n    })\n<\/script><\/div>\n\t\t\t\t<\/div>\n\t\t\t\t<\/div>\n\t\t\t\t\t<\/div>\n\t\t<\/div>\n\t\t\t\t\t<\/div>\n\t\t<\/section>\n\t\t\t\t<\/div>","protected":false},"excerpt":{"rendered":"<p>Zona de v\u00eddeos Esperamos que estos v\u00eddeos le ayuden a comprender r\u00e1pida y claramente lo que pueden hacer nuestras m\u00e1quinas y c\u00f3mo funcionan. Para obtener m\u00e1s informaci\u00f3n sobre nuestros productos y asistencia t\u00e9cnica, p\u00f3ngase en contacto con nosotros. Inicio<\/p>","protected":false},"author":2,"featured_media":0,"parent":0,"menu_order":0,"comment_status":"closed","ping_status":"closed","template":"","meta":{"footnotes":""},"class_list":["post-44","page","type-page","status-publish","hentry"],"yoast_head":"<!-- This site is optimized with the Yoast SEO plugin v23.1 - https:\/\/yoast.com\/wordpress\/plugins\/seo\/ -->\n<title>Videos - KETE<\/title>\n<meta name=\"description\" content=\"Watch introduction and instruction videos to learn more about our machines. Contact us to get further info.\" \/>\n<meta name=\"robots\" content=\"index, follow, max-snippet:-1, max-image-preview:large, max-video-preview:-1\" \/>\n<link rel=\"canonical\" href=\"https:\/\/www.ketegroup.com\/es\/video\/\" \/>\n<meta property=\"og:locale\" content=\"es_ES\" \/>\n<meta property=\"og:type\" content=\"article\" \/>\n<meta property=\"og:title\" content=\"Videos - KETE\" \/>\n<meta property=\"og:description\" content=\"Watch introduction and instruction videos to learn more about our machines. Contact us to get further info.\" \/>\n<meta property=\"og:url\" content=\"https:\/\/www.ketegroup.com\/es\/video\/\" \/>\n<meta property=\"og:site_name\" content=\"KETE GROUP LIMITED &amp; KETE MACHINE\" \/>\n<meta property=\"article:publisher\" content=\"https:\/\/www.facebook.com\/ketegroup\" \/>\n<meta property=\"article:modified_time\" content=\"2024-10-15T07:30:18+00:00\" \/>\n<meta name=\"twitter:card\" content=\"summary_large_image\" \/>\n<meta name=\"twitter:label1\" content=\"Tiempo de lectura\" \/>\n\t<meta name=\"twitter:data1\" content=\"1 minuto\" \/>\n<script type=\"application\/ld+json\" class=\"yoast-schema-graph\">{\"@context\":\"https:\/\/schema.org\",\"@graph\":[{\"@type\":\"WebPage\",\"@id\":\"https:\/\/www.ketegroup.com\/video\/\",\"url\":\"https:\/\/www.ketegroup.com\/video\/\",\"name\":\"Videos - KETE\",\"isPartOf\":{\"@id\":\"https:\/\/www.ketegroup.com\/#website\"},\"datePublished\":\"2021-09-15T09:38:27+00:00\",\"dateModified\":\"2024-10-15T07:30:18+00:00\",\"description\":\"Watch introduction and instruction videos to learn more about our machines. Contact us to get further info.\",\"breadcrumb\":{\"@id\":\"https:\/\/www.ketegroup.com\/video\/#breadcrumb\"},\"inLanguage\":\"es\",\"potentialAction\":[{\"@type\":\"ReadAction\",\"target\":[\"https:\/\/www.ketegroup.com\/video\/\"]}]},{\"@type\":\"BreadcrumbList\",\"@id\":\"https:\/\/www.ketegroup.com\/video\/#breadcrumb\",\"itemListElement\":[{\"@type\":\"ListItem\",\"position\":1,\"name\":\"Home\",\"item\":\"https:\/\/www.ketegroup.com\/\"},{\"@type\":\"ListItem\",\"position\":2,\"name\":\"Videos\"}]},{\"@type\":\"WebSite\",\"@id\":\"https:\/\/www.ketegroup.com\/#website\",\"url\":\"https:\/\/www.ketegroup.com\/\",\"name\":\"KETE GROUP LIMITED\",\"description\":\"\",\"publisher\":{\"@id\":\"https:\/\/www.ketegroup.com\/#organization\"},\"potentialAction\":[{\"@type\":\"SearchAction\",\"target\":{\"@type\":\"EntryPoint\",\"urlTemplate\":\"https:\/\/www.ketegroup.com\/?s={search_term_string}\"},\"query-input\":\"required name=search_term_string\"}],\"inLanguage\":\"es\"},{\"@type\":\"Organization\",\"@id\":\"https:\/\/www.ketegroup.com\/#organization\",\"name\":\"KETE GROUP LIMITED\",\"url\":\"https:\/\/www.ketegroup.com\/\",\"logo\":{\"@type\":\"ImageObject\",\"inLanguage\":\"es\",\"@id\":\"https:\/\/www.ketegroup.com\/#\/schema\/logo\/image\/\",\"url\":\"https:\/\/www.ketegroup.com\/wp-content\/uploads\/2022\/06\/KETEGROUP-LOGO.jpg\",\"contentUrl\":\"https:\/\/www.ketegroup.com\/wp-content\/uploads\/2022\/06\/KETEGROUP-LOGO.jpg\",\"width\":300,\"height\":300,\"caption\":\"KETE GROUP LIMITED\"},\"image\":{\"@id\":\"https:\/\/www.ketegroup.com\/#\/schema\/logo\/image\/\"},\"sameAs\":[\"https:\/\/www.facebook.com\/ketegroup\",\"https:\/\/www.youtube.com\/KETEGROUP\"]}]}<\/script>\n<!-- \/ Yoast SEO plugin. -->","yoast_head_json":{"title":"Videos - KETE","description":"Watch introduction and instruction videos to learn more about our machines. Contact us to get further info.","robots":{"index":"index","follow":"follow","max-snippet":"max-snippet:-1","max-image-preview":"max-image-preview:large","max-video-preview":"max-video-preview:-1"},"canonical":"https:\/\/www.ketegroup.com\/es\/video\/","og_locale":"es_ES","og_type":"article","og_title":"Videos - KETE","og_description":"Watch introduction and instruction videos to learn more about our machines. Contact us to get further info.","og_url":"https:\/\/www.ketegroup.com\/es\/video\/","og_site_name":"KETE GROUP LIMITED &amp; KETE MACHINE","article_publisher":"https:\/\/www.facebook.com\/ketegroup","article_modified_time":"2024-10-15T07:30:18+00:00","twitter_card":"summary_large_image","twitter_misc":{"Tiempo de lectura":"1 minuto"},"schema":{"@context":"https:\/\/schema.org","@graph":[{"@type":"WebPage","@id":"https:\/\/www.ketegroup.com\/video\/","url":"https:\/\/www.ketegroup.com\/video\/","name":"Videos - KETE","isPartOf":{"@id":"https:\/\/www.ketegroup.com\/#website"},"datePublished":"2021-09-15T09:38:27+00:00","dateModified":"2024-10-15T07:30:18+00:00","description":"Watch introduction and instruction videos to learn more about our machines. Contact us to get further info.","breadcrumb":{"@id":"https:\/\/www.ketegroup.com\/video\/#breadcrumb"},"inLanguage":"es","potentialAction":[{"@type":"ReadAction","target":["https:\/\/www.ketegroup.com\/video\/"]}]},{"@type":"BreadcrumbList","@id":"https:\/\/www.ketegroup.com\/video\/#breadcrumb","itemListElement":[{"@type":"ListItem","position":1,"name":"Home","item":"https:\/\/www.ketegroup.com\/"},{"@type":"ListItem","position":2,"name":"Videos"}]},{"@type":"WebSite","@id":"https:\/\/www.ketegroup.com\/#website","url":"https:\/\/www.ketegroup.com\/","name":"KETE GROUP LIMITED","description":"","publisher":{"@id":"https:\/\/www.ketegroup.com\/#organization"},"potentialAction":[{"@type":"SearchAction","target":{"@type":"EntryPoint","urlTemplate":"https:\/\/www.ketegroup.com\/?s={search_term_string}"},"query-input":"required name=search_term_string"}],"inLanguage":"es"},{"@type":"Organization","@id":"https:\/\/www.ketegroup.com\/#organization","name":"KETE GROUP LIMITED","url":"https:\/\/www.ketegroup.com\/","logo":{"@type":"ImageObject","inLanguage":"es","@id":"https:\/\/www.ketegroup.com\/#\/schema\/logo\/image\/","url":"https:\/\/www.ketegroup.com\/wp-content\/uploads\/2022\/06\/KETEGROUP-LOGO.jpg","contentUrl":"https:\/\/www.ketegroup.com\/wp-content\/uploads\/2022\/06\/KETEGROUP-LOGO.jpg","width":300,"height":300,"caption":"KETE GROUP LIMITED"},"image":{"@id":"https:\/\/www.ketegroup.com\/#\/schema\/logo\/image\/"},"sameAs":["https:\/\/www.facebook.com\/ketegroup","https:\/\/www.youtube.com\/KETEGROUP"]}]}},"_links":{"self":[{"href":"https:\/\/www.ketegroup.com\/es\/wp-json\/wp\/v2\/pages\/44","targetHints":{"allow":["GET"]}}],"collection":[{"href":"https:\/\/www.ketegroup.com\/es\/wp-json\/wp\/v2\/pages"}],"about":[{"href":"https:\/\/www.ketegroup.com\/es\/wp-json\/wp\/v2\/types\/page"}],"author":[{"embeddable":true,"href":"https:\/\/www.ketegroup.com\/es\/wp-json\/wp\/v2\/users\/2"}],"replies":[{"embeddable":true,"href":"https:\/\/www.ketegroup.com\/es\/wp-json\/wp\/v2\/comments?post=44"}],"version-history":[{"count":3,"href":"https:\/\/www.ketegroup.com\/es\/wp-json\/wp\/v2\/pages\/44\/revisions"}],"predecessor-version":[{"id":15763,"href":"https:\/\/www.ketegroup.com\/es\/wp-json\/wp\/v2\/pages\/44\/revisions\/15763"}],"wp:attachment":[{"href":"https:\/\/www.ketegroup.com\/es\/wp-json\/wp\/v2\/media?parent=44"}],"curies":[{"name":"wp","href":"https:\/\/api.w.org\/{rel}","templated":true}]}}