{"id":3967,"date":"2022-01-26T10:49:02","date_gmt":"2022-01-26T02:49:02","guid":{"rendered":"https:\/\/www.ketegroup.com\/?page_id=3967"},"modified":"2022-07-27T06:51:58","modified_gmt":"2022-07-26T22:51:58","slug":"heat-shrink-packaging-machines","status":"publish","type":"page","link":"https:\/\/www.ketegroup.com\/es\/blogs\/envasadoras-termorretractiles\/","title":{"rendered":"M\u00e1quina termo-contracci\u00f3n empaque"},"content":{"rendered":"<div data-elementor-type=\"wp-page\" data-elementor-id=\"3967\" class=\"elementor elementor-3967\">\n\t\t\t\t\t\t<section class=\"elementor-section elementor-top-section elementor-element elementor-element-5bb21af elementor-section-boxed elementor-section-height-default elementor-section-height-default\" data-id=\"5bb21af\" data-element_type=\"section\" data-settings=\"{&quot;background_background&quot;:&quot;classic&quot;}\">\n\t\t\t\t\t\t<div class=\"elementor-container elementor-column-gap-default\">\n\t\t\t\t\t<div class=\"elementor-column elementor-col-100 elementor-top-column elementor-element elementor-element-2a552eb0\" data-id=\"2a552eb0\" data-element_type=\"column\">\n\t\t\t<div class=\"elementor-widget-wrap elementor-element-populated\">\n\t\t\t\t\t\t<div class=\"elementor-element elementor-element-2400e261 elementor-widget elementor-widget-menu-anchor\" data-id=\"2400e261\" data-element_type=\"widget\" data-widget_type=\"menu-anchor.default\">\n\t\t\t\t<div class=\"elementor-widget-container\">\n\t\t\t\t\t<div class=\"elementor-menu-anchor\" id=\"01\"><\/div>\n\t\t\t\t<\/div>\n\t\t\t\t<\/div>\n\t\t\t\t<div class=\"elementor-element elementor-element-7174b3b2 elementor-widget elementor-widget-heading\" data-id=\"7174b3b2\" data-element_type=\"widget\" data-widget_type=\"heading.default\">\n\t\t\t\t<div class=\"elementor-widget-container\">\n\t\t\t<h1 class=\"elementor-heading-title elementor-size-default\">Blogs<\/h1>\t\t<\/div>\n\t\t\t\t<\/div>\n\t\t\t\t<div class=\"elementor-element elementor-element-5354ebd5 elementor-widget elementor-widget-text-editor\" data-id=\"5354ebd5\" data-element_type=\"widget\" data-widget_type=\"text-editor.default\">\n\t\t\t\t<div class=\"elementor-widget-container\">\n\t\t\t\t\t\t\t<p>Compartimos con usted las \u00faltimas tendencias del sector, tratamos de resolver todas sus preguntas sobre m\u00e1quinas de envasado flexible y tambi\u00e9n sobre m\u00e1quinas de impresi\u00f3n.<\/p><p>Lea nuestros blogs para estar al d\u00eda de las novedades del sector y de KETE.<\/p>\t\t\t\t\t\t<\/div>\n\t\t\t\t<\/div>\n\t\t\t\t\t<\/div>\n\t\t<\/div>\n\t\t\t\t\t<\/div>\n\t\t<\/section>\n\t\t\t\t<section class=\"elementor-section elementor-top-section elementor-element elementor-element-410a026e elementor-section-boxed elementor-section-height-default elementor-section-height-default\" data-id=\"410a026e\" data-element_type=\"section\">\n\t\t\t\t\t\t<div class=\"elementor-container elementor-column-gap-default\">\n\t\t\t\t\t<div class=\"elementor-column elementor-col-100 elementor-top-column elementor-element elementor-element-5c37e179\" data-id=\"5c37e179\" data-element_type=\"column\">\n\t\t\t<div class=\"elementor-widget-wrap elementor-element-populated\">\n\t\t\t\t\t\t<div class=\"elementor-element elementor-element-12f8cb8a elementor-widget elementor-widget-MML Breadcrumbs\" data-id=\"12f8cb8a\" data-element_type=\"widget\" data-settings=\"{&quot;breadcrumbs_type&quot;:&quot;post_type&quot;}\" data-widget_type=\"MML Breadcrumbs.default\">\n\t\t\t\t<div class=\"elementor-widget-container\">\n\t\t\t<ul class=\"pp-breadcrumbs pp-breadcrumbs-powerpack\">        <li class=\"pp-breadcrumbs-item pp-breadcrumbs-item-home\">\n            <a class=\"pp-breadcrumbs-crumb pp-breadcrumbs-crumb-link pp-breadcrumbs-crumb-home\" href=\"https:\/\/www.ketegroup.com\/es\" title=\"Inicio\">\n\t\t\t\t<span class=\"pp-breadcrumbs-text\">\n\t\t\t\t\t                    Inicio\t\t\t\t<\/span>\n            <\/a>\n        <\/li>\n        <li class=\"pp-breadcrumbs-separator\">                <span class='pp-separator-icon pp-icon'>\n\t\t\t\t\t<i aria-hidden=\"true\" class=\"fas fa-angle-right\"><\/i>\t\t\t\t<\/span>\n                <\/li><\/ul>\t\t<\/div>\n\t\t\t\t<\/div>\n\t\t\t\t\t<\/div>\n\t\t<\/div>\n\t\t\t\t\t<\/div>\n\t\t<\/section>\n\t\t\t\t<section class=\"elementor-section elementor-top-section elementor-element elementor-element-37ed956e elementor-section-boxed elementor-section-height-default elementor-section-height-default\" data-id=\"37ed956e\" data-element_type=\"section\">\n\t\t\t\t\t\t<div class=\"elementor-container elementor-column-gap-default\">\n\t\t\t\t\t<div class=\"elementor-column elementor-col-50 elementor-top-column elementor-element elementor-element-2cdcc747 elementor-hidden-tablet elementor-hidden-mobile\" data-id=\"2cdcc747\" data-element_type=\"column\">\n\t\t\t<div class=\"elementor-widget-wrap elementor-element-populated\">\n\t\t\t\t\t\t<div class=\"elementor-element elementor-element-28e3f27 elementor-widget elementor-widget-shortcode\" data-id=\"28e3f27\" data-element_type=\"widget\" data-settings=\"{&quot;sticky&quot;:&quot;top&quot;,&quot;sticky_offset&quot;:100,&quot;sticky_parent&quot;:&quot;yes&quot;,&quot;sticky_on&quot;:[&quot;desktop&quot;,&quot;tablet&quot;,&quot;mobile&quot;],&quot;sticky_effects_offset&quot;:0}\" data-widget_type=\"shortcode.default\">\n\t\t\t\t<div class=\"elementor-widget-container\">\n\t\t\t\t\t<div class=\"elementor-shortcode\"><div class=\"blog-sidebar\">\n    <div class=\"title-wrap\">\n        <h2>Categor\u00edas<\/h2>\n    <\/div>\n    <ul>\n        <li class=\"active\">\n            <a href=\"\/es\/blogs\/\">\n                <i class=\"fas fa-dot-circle\"><\/i>\n                <span>Todos<\/span>\n            <\/a>\n        <\/li>\n                <li class=\"\">\n            <a href=\"https:\/\/www.ketegroup.com\/es\/category\/maquinas-de-impresion-flexografica\/\">\n                <i class=\"fas fa-dot-circle\"><\/i>\n                <span>M\u00e1quinas de impresi\u00f3n flexogr\u00e1fica<\/span>\n            <\/a>\n        <\/li>\n                <li class=\"\">\n            <a href=\"https:\/\/www.ketegroup.com\/es\/category\/envasadoras-termorretractiles\/\">\n                <i class=\"fas fa-dot-circle\"><\/i>\n                <span>M\u00e1quina termo-contracci\u00f3n empaque<\/span>\n            <\/a>\n        <\/li>\n                <li class=\"\">\n            <a href=\"https:\/\/www.ketegroup.com\/es\/category\/vision-del-sector\/\">\n                <i class=\"fas fa-dot-circle\"><\/i>\n                <span>Perspectiva del sector<\/span>\n            <\/a>\n        <\/li>\n                <li class=\"\">\n            <a href=\"https:\/\/www.ketegroup.com\/es\/category\/maquinas-de-impresion-de-etiquetas\/\">\n                <i class=\"fas fa-dot-circle\"><\/i>\n                <span>M\u00e1quinas de impresi\u00f3n de etiquetas<\/span>\n            <\/a>\n        <\/li>\n                <li class=\"\">\n            <a href=\"https:\/\/www.ketegroup.com\/es\/category\/maquinas-para-fabricar-bolsas-no-tejidas\/\">\n                <i class=\"fas fa-dot-circle\"><\/i>\n                <span>M\u00e1quinas de hacer bolsas no tejidas<\/span>\n            <\/a>\n        <\/li>\n                <li class=\"\">\n            <a href=\"https:\/\/www.ketegroup.com\/es\/category\/packaging-machines\/\">\n                <i class=\"fas fa-dot-circle\"><\/i>\n                <span>M\u00e1quinas de embalaje<\/span>\n            <\/a>\n        <\/li>\n                <li class=\"\">\n            <a href=\"https:\/\/www.ketegroup.com\/es\/category\/maquinas-para-fabricar-bolsas-de-papel\/\">\n                <i class=\"fas fa-dot-circle\"><\/i>\n                <span>M\u00e1quinas de bolsas de pl\u00e1stico<\/span>\n            <\/a>\n        <\/li>\n                <li class=\"\">\n            <a href=\"https:\/\/www.ketegroup.com\/es\/category\/maquinas-para-productos-de-papel\/\">\n                <i class=\"fas fa-dot-circle\"><\/i>\n                <span>M\u00e1quinas de productos de papel<\/span>\n            <\/a>\n        <\/li>\n                <li class=\"\">\n            <a href=\"https:\/\/www.ketegroup.com\/es\/category\/maquinas-para-fabricar-bolsas-de-plastico\/\">\n                <i class=\"fas fa-dot-circle\"><\/i>\n                <span>M\u00e1quinas de bolsas de pl\u00e1stico<\/span>\n            <\/a>\n        <\/li>\n                <li class=\"\">\n            <a href=\"https:\/\/www.ketegroup.com\/es\/category\/maquinas-para-fabricar-bolsas\/\">\n                <i class=\"fas fa-dot-circle\"><\/i>\n                <span>M\u00e1quinas para fabricar bolsas<\/span>\n            <\/a>\n        <\/li>\n                <li class=\"\">\n            <a href=\"https:\/\/www.ketegroup.com\/es\/category\/recent-blogs\/\">\n                <i class=\"fas fa-dot-circle\"><\/i>\n                <span>Blogs recientes<\/span>\n            <\/a>\n        <\/li>\n                <li class=\"\">\n            <a href=\"https:\/\/www.ketegroup.com\/es\/category\/maquinas-de-huecograbado\/\">\n                <i class=\"fas fa-dot-circle\"><\/i>\n                <span>M\u00e1quinas de huecograbado<\/span>\n            <\/a>\n        <\/li>\n                <li class=\"\">\n            <a href=\"https:\/\/www.ketegroup.com\/es\/category\/maquinas-cortadoras\/\">\n                <i class=\"fas fa-dot-circle\"><\/i>\n                <span>M\u00e1quinas de corte longitudinal<\/span>\n            <\/a>\n        <\/li>\n                <li class=\"\">\n            <a href=\"https:\/\/www.ketegroup.com\/es\/category\/uncategorized\/\">\n                <i class=\"fas fa-dot-circle\"><\/i>\n                <span>Sin categor\u00eda<\/span>\n            <\/a>\n        <\/li>\n                <li class=\"\">\n            <a href=\"https:\/\/www.ketegroup.com\/es\/category\/maquinas-de-capsulas-de-vino\/\">\n                <i class=\"fas fa-dot-circle\"><\/i>\n                <span>M\u00e1quinas de c\u00e1psulas de vino<\/span>\n            <\/a>\n        <\/li>\n            <\/ul>\n<\/div>\n<\/div>\n\t\t\t\t<\/div>\n\t\t\t\t<\/div>\n\t\t\t\t\t<\/div>\n\t\t<\/div>\n\t\t\t\t<div class=\"elementor-column elementor-col-50 elementor-top-column elementor-element elementor-element-23a2af2d\" data-id=\"23a2af2d\" data-element_type=\"column\">\n\t\t\t<div class=\"elementor-widget-wrap elementor-element-populated\">\n\t\t\t\t\t\t<div class=\"elementor-element elementor-element-1ad07edf elementor-grid-1 elementor-grid-tablet-1 elementor-grid-mobile-1 pp-search-form-icon pp-posts-image-stack-mobile pp-post-thumbnail-align-left elementor-widget elementor-widget-pp-posts\" data-id=\"1ad07edf\" data-element_type=\"widget\" data-settings=\"{&quot;news_columns&quot;:&quot;1&quot;,&quot;news_show_ajax_search_form&quot;:&quot;yes&quot;,&quot;news_columns_tablet&quot;:&quot;1&quot;,&quot;news_columns_mobile&quot;:&quot;1&quot;}\" data-widget_type=\"pp-posts.news\">\n\t\t\t\t<div class=\"elementor-widget-container\">\n\t\t\t\t\t<div class=\"pp-post-filters-container\" data-search-form=\"show\" data-search-action=\"button-click\">\n\t\t\t\t\t\t\t\t<div class=\"pp-search-form-container\">\n\t\t\t<div class=\"pp-search-form\">\n\t\t\t\t<input placeholder=\"Buscar...\" class=\"pp-search-form-input\" type=\"search\" name=\"s\" title=\"Buscar en\">\n\t\t\t\t<button class=\"pp-search-form-submit\" type=\"submit\" title=\"Buscar en\" aria-label=\"Buscar en\">\n\t\t\t\t\t\t\t\t\t\t\t<i class=\"fa fa-search\" aria-hidden=\"true\"><\/i>\n\t\t\t\t\t\t<span class=\"elementor-screen-only\">Buscar en<\/span>\n\t\t\t\t\t\t\t\t\t<\/button>\n\t\t\t<\/div>\n\t\t<\/div>\n\t\t\t\t<\/div>\n\t\t\t\t<div class=\"pp-posts-container\">\n\t\t\t\n\t\t\t\t\t\t\t\t\t\t\n\t\t\t<div class=\"pp-posts pp-posts-skin-news elementor-grid pp-posts-grid\" data-query-type=\"custom\" data-layout=\"grid\" data-page=\"3967\" data-skin=\"news\">\n\t\t\t\t\t\t\t\t\t\t\t<div class=\"pp-post-wrap pp-grid-item-wrap elementor-grid-item post-12497 post type-post status-publish format-standard has-post-thumbnail hentry category-heat-shrink-packaging-machines\">\n\t\t\t\t\t\t<div class=\"pp-post pp-grid-item\">\n\t\t\t\t\t\t<div class=\"pp-post-thumbnail\">\n\t\t\t<a class=\"pp-post-thumbnail-wrap\" href=\"https:\/\/www.ketegroup.com\/es\/la-mejor-maquina-de-retractilado-para-empresas\/\" title=\"Elecci\u00f3n de la mejor m\u00e1quina de retractilado para las necesidades de su empresa\">\n\t\t\t\t<img fetchpriority=\"high\" decoding=\"async\" width=\"1024\" height=\"768\" src=\"https:\/\/www.ketegroup.com\/wp-content\/uploads\/2024\/04\/types-of-food-packaging5.webp\" class=\"attachment-large size-large wp-image-12342\" alt=\"tipos de envases alimentarios\" \/>\t\t\t<\/a>\n\t\t<\/div>\n\t\t\t\t\t\t<div class=\"pp-post-content\">\n\t\t\t\t\t\t\t\t\t\t\t<h3 class=\"pp-post-title\">\n\t\t\t\t<a href=\"https:\/\/www.ketegroup.com\/es\/la-mejor-maquina-de-retractilado-para-empresas\/\">Elecci\u00f3n de la mejor m\u00e1quina de retractilado para las necesidades de su empresa<\/a>\t\t\t<\/h3>\n\t\t\t\t\t\t\t\t\t<div class=\"pp-post-meta\">\n\t\t\t\t\t\t\t\t<span class=\"pp-post-date\">\n\t\t\t\t\t\t<span class=\"pp-meta-text\">\n\t\t\t\t4 de junio de 2024\t\t\t<\/span>\n\t\t<\/span>\n\t\t<span class=\"pp-meta-separator\"><\/span>\n\t\t\t\t\t\t\t<\/div>\n\t\t\t\t\t\t\t<div class=\"pp-post-excerpt\">\n\t\t\t<p>Al pasear por una moderna y ajetreada planta de fabricaci\u00f3n o por una tienda minorista, es posible que pase por alto un elemento crucial: el film retr\u00e1ctil. Esta pel\u00edcula transparente envuelve firmemente los productos, protegi\u00e9ndolos ...<\/p>\n\t\t<\/div>\n\t\t\t\t\t\t\t\t<\/div>\n\t\t\t<\/div>\n\t\t\t\t\t<\/div>\n\t\t\t\t\t\t\t\t\t<\/div>\n\t\t\t\n\t\t\t\n\t\t\t\n\t\t\t\n\t\t\t\t\t\t\t\t\t\t\t<div class=\"pp-posts-pagination-wrap pp-posts-pagination-bottom\">\n\t\t\t\t\t\t\t\t\t<\/div>\n\t\t\t\t\t\t\t\t\t<\/div>\n\n\t\t\n\t\t\t\t<\/div>\n\t\t\t\t<\/div>\n\t\t\t\t\t<\/div>\n\t\t<\/div>\n\t\t\t\t\t<\/div>\n\t\t<\/section>\n\t\t\t\t<\/div>","protected":false},"excerpt":{"rendered":"<p>Blogs We share with you the latest industry trends, try to solve all your questions about flexible packaging machines and printing machines as well. Read our blogs to keep abreast of what&#8217;s new in the industry and in KETE. Home Search Blog Name 14 September 24, 2021 Lorem ipsum Lorem ipsum dolor amet locavore prism [&hellip;]<\/p>","protected":false},"author":2,"featured_media":0,"parent":47,"menu_order":0,"comment_status":"closed","ping_status":"closed","template":"","meta":{"_seopress_robots_primary_cat":"0","_seopress_titles_title":"Heat Shrink Packaging Machines - ketegroup","_seopress_titles_desc":"Heat Shrink Packaging Machines for packaging","_seopress_robots_index":"","footnotes":""},"class_list":["post-3967","page","type-page","status-publish","hentry"],"_links":{"self":[{"href":"https:\/\/www.ketegroup.com\/es\/wp-json\/wp\/v2\/pages\/3967","targetHints":{"allow":["GET"]}}],"collection":[{"href":"https:\/\/www.ketegroup.com\/es\/wp-json\/wp\/v2\/pages"}],"about":[{"href":"https:\/\/www.ketegroup.com\/es\/wp-json\/wp\/v2\/types\/page"}],"author":[{"embeddable":true,"href":"https:\/\/www.ketegroup.com\/es\/wp-json\/wp\/v2\/users\/2"}],"replies":[{"embeddable":true,"href":"https:\/\/www.ketegroup.com\/es\/wp-json\/wp\/v2\/comments?post=3967"}],"version-history":[{"count":1,"href":"https:\/\/www.ketegroup.com\/es\/wp-json\/wp\/v2\/pages\/3967\/revisions"}],"predecessor-version":[{"id":17057,"href":"https:\/\/www.ketegroup.com\/es\/wp-json\/wp\/v2\/pages\/3967\/revisions\/17057"}],"up":[{"embeddable":true,"href":"https:\/\/www.ketegroup.com\/es\/wp-json\/wp\/v2\/pages\/47"}],"wp:attachment":[{"href":"https:\/\/www.ketegroup.com\/es\/wp-json\/wp\/v2\/media?parent=3967"}],"curies":[{"name":"wp","href":"https:\/\/api.w.org\/{rel}","templated":true}]}}