{"id":3964,"date":"2022-01-26T10:49:02","date_gmt":"2022-01-26T02:49:02","guid":{"rendered":"https:\/\/www.ketegroup.com\/?page_id=3964"},"modified":"2022-01-26T10:57:32","modified_gmt":"2022-01-26T02:57:32","slug":"label-printing-machines","status":"publish","type":"page","link":"https:\/\/www.ketegroup.com\/es\/blogs\/maquinas-de-impresion-de-etiquetas\/","title":{"rendered":"M\u00e1quinas de impresi\u00f3n de etiquetas"},"content":{"rendered":"<div data-elementor-type=\"wp-page\" data-elementor-id=\"3964\" class=\"elementor elementor-3964\">\n\t\t\t\t\t\t<section class=\"elementor-section elementor-top-section elementor-element elementor-element-2a60e11 elementor-section-boxed elementor-section-height-default elementor-section-height-default\" data-id=\"2a60e11\" data-element_type=\"section\" data-settings=\"{&quot;background_background&quot;:&quot;classic&quot;}\">\n\t\t\t\t\t\t<div class=\"elementor-container elementor-column-gap-default\">\n\t\t\t\t\t<div class=\"elementor-column elementor-col-100 elementor-top-column elementor-element elementor-element-1d1120bc\" data-id=\"1d1120bc\" data-element_type=\"column\">\n\t\t\t<div class=\"elementor-widget-wrap elementor-element-populated\">\n\t\t\t\t\t\t<div class=\"elementor-element elementor-element-31a2e292 elementor-widget elementor-widget-menu-anchor\" data-id=\"31a2e292\" data-element_type=\"widget\" data-widget_type=\"menu-anchor.default\">\n\t\t\t\t<div class=\"elementor-widget-container\">\n\t\t\t\t\t<div class=\"elementor-menu-anchor\" id=\"01\"><\/div>\n\t\t\t\t<\/div>\n\t\t\t\t<\/div>\n\t\t\t\t<div class=\"elementor-element elementor-element-14d7621d elementor-widget elementor-widget-heading\" data-id=\"14d7621d\" data-element_type=\"widget\" data-widget_type=\"heading.default\">\n\t\t\t\t<div class=\"elementor-widget-container\">\n\t\t\t<h1 class=\"elementor-heading-title elementor-size-default\">Blogs<\/h1>\t\t<\/div>\n\t\t\t\t<\/div>\n\t\t\t\t<div class=\"elementor-element elementor-element-2f015c41 elementor-widget elementor-widget-text-editor\" data-id=\"2f015c41\" data-element_type=\"widget\" data-widget_type=\"text-editor.default\">\n\t\t\t\t<div class=\"elementor-widget-container\">\n\t\t\t\t\t\t\t<p>Compartimos con usted las \u00faltimas tendencias del sector, tratamos de resolver todas sus preguntas sobre m\u00e1quinas de envasado flexible y tambi\u00e9n sobre m\u00e1quinas de impresi\u00f3n.<\/p><p>Lea nuestros blogs para estar al d\u00eda de las novedades del sector y de KETE.<\/p>\t\t\t\t\t\t<\/div>\n\t\t\t\t<\/div>\n\t\t\t\t\t<\/div>\n\t\t<\/div>\n\t\t\t\t\t<\/div>\n\t\t<\/section>\n\t\t\t\t<section class=\"elementor-section elementor-top-section elementor-element elementor-element-7c3d011 elementor-section-boxed elementor-section-height-default elementor-section-height-default\" data-id=\"7c3d011\" data-element_type=\"section\">\n\t\t\t\t\t\t<div class=\"elementor-container elementor-column-gap-default\">\n\t\t\t\t\t<div class=\"elementor-column elementor-col-100 elementor-top-column elementor-element elementor-element-3802b8c3\" data-id=\"3802b8c3\" data-element_type=\"column\">\n\t\t\t<div class=\"elementor-widget-wrap elementor-element-populated\">\n\t\t\t\t\t\t<div class=\"elementor-element elementor-element-7feb8df9 elementor-widget elementor-widget-MML Breadcrumbs\" data-id=\"7feb8df9\" data-element_type=\"widget\" data-settings=\"{&quot;breadcrumbs_type&quot;:&quot;post_type&quot;}\" data-widget_type=\"MML Breadcrumbs.default\">\n\t\t\t\t<div class=\"elementor-widget-container\">\n\t\t\t<ul class=\"pp-breadcrumbs pp-breadcrumbs-powerpack\">        <li class=\"pp-breadcrumbs-item pp-breadcrumbs-item-home\">\n            <a class=\"pp-breadcrumbs-crumb pp-breadcrumbs-crumb-link pp-breadcrumbs-crumb-home\" href=\"https:\/\/www.ketegroup.com\/es\" title=\"Inicio\">\n\t\t\t\t<span class=\"pp-breadcrumbs-text\">\n\t\t\t\t\t                    Inicio\t\t\t\t<\/span>\n            <\/a>\n        <\/li>\n        <li class=\"pp-breadcrumbs-separator\">                <span class='pp-separator-icon pp-icon'>\n\t\t\t\t\t<i aria-hidden=\"true\" class=\"fas fa-angle-right\"><\/i>\t\t\t\t<\/span>\n                <\/li><\/ul>\t\t<\/div>\n\t\t\t\t<\/div>\n\t\t\t\t\t<\/div>\n\t\t<\/div>\n\t\t\t\t\t<\/div>\n\t\t<\/section>\n\t\t\t\t<section class=\"elementor-section elementor-top-section elementor-element elementor-element-5b4a603c elementor-section-boxed elementor-section-height-default elementor-section-height-default\" data-id=\"5b4a603c\" data-element_type=\"section\">\n\t\t\t\t\t\t<div class=\"elementor-container elementor-column-gap-default\">\n\t\t\t\t\t<div class=\"elementor-column elementor-col-50 elementor-top-column elementor-element elementor-element-35a7ca36 elementor-hidden-tablet elementor-hidden-mobile\" data-id=\"35a7ca36\" data-element_type=\"column\">\n\t\t\t<div class=\"elementor-widget-wrap elementor-element-populated\">\n\t\t\t\t\t\t<div class=\"elementor-element elementor-element-6d30fb38 elementor-widget elementor-widget-shortcode\" data-id=\"6d30fb38\" data-element_type=\"widget\" data-settings=\"{&quot;sticky&quot;:&quot;top&quot;,&quot;sticky_offset&quot;:100,&quot;sticky_parent&quot;:&quot;yes&quot;,&quot;sticky_on&quot;:[&quot;desktop&quot;,&quot;tablet&quot;,&quot;mobile&quot;],&quot;sticky_effects_offset&quot;:0}\" data-widget_type=\"shortcode.default\">\n\t\t\t\t<div class=\"elementor-widget-container\">\n\t\t\t\t\t<div class=\"elementor-shortcode\"><div class=\"blog-sidebar\">\n    <div class=\"title-wrap\">\n        <h2>Categor\u00edas<\/h2>\n    <\/div>\n    <ul>\n        <li class=\"active\">\n            <a href=\"\/es\/blogs\/\">\n                <i class=\"fas fa-dot-circle\"><\/i>\n                <span>Todos<\/span>\n            <\/a>\n        <\/li>\n                <li class=\"\">\n            <a href=\"https:\/\/www.ketegroup.com\/es\/category\/maquinas-de-impresion-flexografica\/\">\n                <i class=\"fas fa-dot-circle\"><\/i>\n                <span>M\u00e1quinas de impresi\u00f3n flexogr\u00e1fica<\/span>\n            <\/a>\n        <\/li>\n                <li class=\"\">\n            <a href=\"https:\/\/www.ketegroup.com\/es\/category\/envasadoras-termorretractiles\/\">\n                <i class=\"fas fa-dot-circle\"><\/i>\n                <span>M\u00e1quina termo-contracci\u00f3n empaque<\/span>\n            <\/a>\n        <\/li>\n                <li class=\"\">\n            <a href=\"https:\/\/www.ketegroup.com\/es\/category\/vision-del-sector\/\">\n                <i class=\"fas fa-dot-circle\"><\/i>\n                <span>Perspectiva del sector<\/span>\n            <\/a>\n        <\/li>\n                <li class=\"\">\n            <a href=\"https:\/\/www.ketegroup.com\/es\/category\/maquinas-de-impresion-de-etiquetas\/\">\n                <i class=\"fas fa-dot-circle\"><\/i>\n                <span>M\u00e1quinas de impresi\u00f3n de etiquetas<\/span>\n            <\/a>\n        <\/li>\n                <li class=\"\">\n            <a href=\"https:\/\/www.ketegroup.com\/es\/category\/maquinas-para-fabricar-bolsas-no-tejidas\/\">\n                <i class=\"fas fa-dot-circle\"><\/i>\n                <span>M\u00e1quinas de hacer bolsas no tejidas<\/span>\n            <\/a>\n        <\/li>\n                <li class=\"\">\n            <a href=\"https:\/\/www.ketegroup.com\/es\/category\/packaging-machines\/\">\n                <i class=\"fas fa-dot-circle\"><\/i>\n                <span>M\u00e1quinas de embalaje<\/span>\n            <\/a>\n        <\/li>\n                <li class=\"\">\n            <a href=\"https:\/\/www.ketegroup.com\/es\/category\/maquinas-para-fabricar-bolsas-de-papel\/\">\n                <i class=\"fas fa-dot-circle\"><\/i>\n                <span>M\u00e1quinas de bolsas de pl\u00e1stico<\/span>\n            <\/a>\n        <\/li>\n                <li class=\"\">\n            <a href=\"https:\/\/www.ketegroup.com\/es\/category\/maquinas-para-productos-de-papel\/\">\n                <i class=\"fas fa-dot-circle\"><\/i>\n                <span>M\u00e1quinas de productos de papel<\/span>\n            <\/a>\n        <\/li>\n                <li class=\"\">\n            <a href=\"https:\/\/www.ketegroup.com\/es\/category\/maquinas-para-fabricar-bolsas-de-plastico\/\">\n                <i class=\"fas fa-dot-circle\"><\/i>\n                <span>M\u00e1quinas de bolsas de pl\u00e1stico<\/span>\n            <\/a>\n        <\/li>\n                <li class=\"\">\n            <a href=\"https:\/\/www.ketegroup.com\/es\/category\/maquinas-para-fabricar-bolsas\/\">\n                <i class=\"fas fa-dot-circle\"><\/i>\n                <span>M\u00e1quinas para fabricar bolsas<\/span>\n            <\/a>\n        <\/li>\n                <li class=\"\">\n            <a href=\"https:\/\/www.ketegroup.com\/es\/category\/recent-blogs\/\">\n                <i class=\"fas fa-dot-circle\"><\/i>\n                <span>Blogs recientes<\/span>\n            <\/a>\n        <\/li>\n                <li class=\"\">\n            <a href=\"https:\/\/www.ketegroup.com\/es\/category\/maquinas-de-huecograbado\/\">\n                <i class=\"fas fa-dot-circle\"><\/i>\n                <span>M\u00e1quinas de huecograbado<\/span>\n            <\/a>\n        <\/li>\n                <li class=\"\">\n            <a href=\"https:\/\/www.ketegroup.com\/es\/category\/maquinas-cortadoras\/\">\n                <i class=\"fas fa-dot-circle\"><\/i>\n                <span>M\u00e1quinas de corte longitudinal<\/span>\n            <\/a>\n        <\/li>\n                <li class=\"\">\n            <a href=\"https:\/\/www.ketegroup.com\/es\/category\/uncategorized\/\">\n                <i class=\"fas fa-dot-circle\"><\/i>\n                <span>Sin categor\u00eda<\/span>\n            <\/a>\n        <\/li>\n                <li class=\"\">\n            <a href=\"https:\/\/www.ketegroup.com\/es\/category\/maquinas-de-capsulas-de-vino\/\">\n                <i class=\"fas fa-dot-circle\"><\/i>\n                <span>M\u00e1quinas de c\u00e1psulas de vino<\/span>\n            <\/a>\n        <\/li>\n            <\/ul>\n<\/div>\n<\/div>\n\t\t\t\t<\/div>\n\t\t\t\t<\/div>\n\t\t\t\t\t<\/div>\n\t\t<\/div>\n\t\t\t\t<div class=\"elementor-column elementor-col-50 elementor-top-column elementor-element elementor-element-6428137\" data-id=\"6428137\" data-element_type=\"column\">\n\t\t\t<div class=\"elementor-widget-wrap elementor-element-populated\">\n\t\t\t\t\t\t<div class=\"elementor-element elementor-element-2c97ed13 elementor-grid-1 elementor-grid-tablet-2 elementor-grid-mobile-1 pp-search-form-icon pp-posts-image-stack-mobile pp-post-thumbnail-align-left elementor-widget elementor-widget-pp-posts\" data-id=\"2c97ed13\" data-element_type=\"widget\" data-settings=\"{&quot;news_columns&quot;:&quot;1&quot;,&quot;news_show_ajax_search_form&quot;:&quot;yes&quot;,&quot;news_columns_tablet&quot;:&quot;2&quot;,&quot;news_columns_mobile&quot;:&quot;1&quot;}\" data-widget_type=\"pp-posts.news\">\n\t\t\t\t<div class=\"elementor-widget-container\">\n\t\t\t\t\t<div class=\"pp-post-filters-container\" data-search-form=\"show\" data-search-action=\"button-click\">\n\t\t\t\t\t\t\t\t<div class=\"pp-search-form-container\">\n\t\t\t<div class=\"pp-search-form\">\n\t\t\t\t<input placeholder=\"Buscar...\" class=\"pp-search-form-input\" type=\"search\" name=\"s\" title=\"Buscar en\">\n\t\t\t\t<button class=\"pp-search-form-submit\" type=\"submit\" title=\"Buscar en\" aria-label=\"Buscar en\">\n\t\t\t\t\t\t\t\t\t\t\t<i class=\"fa fa-search\" aria-hidden=\"true\"><\/i>\n\t\t\t\t\t\t<span class=\"elementor-screen-only\">Buscar en<\/span>\n\t\t\t\t\t\t\t\t\t<\/button>\n\t\t\t<\/div>\n\t\t<\/div>\n\t\t\t\t<\/div>\n\t\t\t\t<div class=\"pp-posts-container\">\n\t\t\t\n\t\t\t\t\t\t\t\t\t\t\n\t\t\t<div class=\"pp-posts pp-posts-skin-news elementor-grid pp-posts-grid\" data-query-type=\"custom\" data-layout=\"grid\" data-page=\"3964\" data-skin=\"news\">\n\t\t\t\t\t\t\t\t\t\t\t<div class=\"pp-post-wrap pp-grid-item-wrap elementor-grid-item post-29163 post type-post status-publish format-standard has-post-thumbnail hentry category-recent-blogs category-uncategorized\">\n\t\t\t\t\t\t<div class=\"pp-post pp-grid-item\">\n\t\t\t\t\t\t<div class=\"pp-post-thumbnail\">\n\t\t\t<a class=\"pp-post-thumbnail-wrap\" href=\"https:\/\/www.ketegroup.com\/es\/registro-de-impresion\/\" title=\"Explicaci\u00f3n del registro de impresi\u00f3n: C\u00f3mo conseguir una alineaci\u00f3n perfecta\">\n\t\t\t\t<img fetchpriority=\"high\" decoding=\"async\" width=\"1024\" height=\"768\" src=\"https:\/\/www.ketegroup.com\/wp-content\/uploads\/2026\/04\/printing-registration-222.webp\" class=\"attachment-large size-large wp-image-29168\" alt=\"registro de impresi\u00f3n 222\" srcset=\"https:\/\/www.ketegroup.com\/wp-content\/uploads\/2026\/04\/printing-registration-222.webp 1024w, https:\/\/www.ketegroup.com\/wp-content\/uploads\/2026\/04\/printing-registration-222-16x12.webp 16w\" sizes=\"(max-width: 1024px) 100vw, 1024px\" \/>\t\t\t<\/a>\n\t\t<\/div>\n\t\t\t\t\t\t<div class=\"pp-post-content\">\n\t\t\t\t\t\t\t\t\t\t\t<h3 class=\"pp-post-title\">\n\t\t\t\t<a href=\"https:\/\/www.ketegroup.com\/es\/registro-de-impresion\/\">Explicaci\u00f3n del registro de impresi\u00f3n: C\u00f3mo conseguir una alineaci\u00f3n perfecta<\/a>\t\t\t<\/h3>\n\t\t\t\t\t\t\t\t\t<div class=\"pp-post-meta\">\n\t\t\t\t\t\t\t\t<span class=\"pp-post-date\">\n\t\t\t\t\t\t<span class=\"pp-meta-text\">\n\t\t\t\t28 de abril de 2026\t\t\t<\/span>\n\t\t<\/span>\n\t\t<span class=\"pp-meta-separator\"><\/span>\n\t\t\t\t\t\t\t<\/div>\n\t\t\t\t\t\t\t<div class=\"pp-post-excerpt\">\n\t\t\t<p>La definici\u00f3n y la f\u00edsica del registro de impresi\u00f3n La fabricaci\u00f3n industrial no funciona como una impresora de sobremesa de oficina. La impresi\u00f3n comercial de gran volumen, como la flexograf\u00eda o el huecograbado, se basa en la separaci\u00f3n de colores. Su material gr\u00e1fico digital se ...<\/p>\n\t\t<\/div>\n\t\t\t\t\t\t\t\t<\/div>\n\t\t\t<\/div>\n\t\t\t\t\t<\/div>\n\t\t\t\t<div class=\"pp-post-wrap pp-grid-item-wrap elementor-grid-item post-29148 post type-post status-publish format-standard has-post-thumbnail hentry category-recent-blogs category-uncategorized\">\n\t\t\t\t\t\t<div class=\"pp-post pp-grid-item\">\n\t\t\t\t\t\t<div class=\"pp-post-thumbnail\">\n\t\t\t<a class=\"pp-post-thumbnail-wrap\" href=\"https:\/\/www.ketegroup.com\/es\/tamano-de-la-bolsa-de-plastico\/\" title=\"Tama\u00f1os de bolsas de pl\u00e1stico 101: Reglas de tama\u00f1o y f\u00f3rmulas para un ajuste perfecto\">\n\t\t\t\t<img decoding=\"async\" width=\"1024\" height=\"768\" src=\"https:\/\/www.ketegroup.com\/wp-content\/uploads\/2026\/04\/plastic-bag-sizes-222.webp\" class=\"attachment-large size-large wp-image-29159\" alt=\"tama\u00f1os de bolsas de pl\u00e1stico 222\" srcset=\"https:\/\/www.ketegroup.com\/wp-content\/uploads\/2026\/04\/plastic-bag-sizes-222.webp 1024w, https:\/\/www.ketegroup.com\/wp-content\/uploads\/2026\/04\/plastic-bag-sizes-222-16x12.webp 16w\" sizes=\"(max-width: 1024px) 100vw, 1024px\" \/>\t\t\t<\/a>\n\t\t<\/div>\n\t\t\t\t\t\t<div class=\"pp-post-content\">\n\t\t\t\t\t\t\t\t\t\t\t<h3 class=\"pp-post-title\">\n\t\t\t\t<a href=\"https:\/\/www.ketegroup.com\/es\/tamano-de-la-bolsa-de-plastico\/\">Tama\u00f1os de bolsas de pl\u00e1stico 101: Reglas de tama\u00f1o y f\u00f3rmulas para un ajuste perfecto<\/a>\t\t\t<\/h3>\n\t\t\t\t\t\t\t\t\t<div class=\"pp-post-meta\">\n\t\t\t\t\t\t\t\t<span class=\"pp-post-date\">\n\t\t\t\t\t\t<span class=\"pp-meta-text\">\n\t\t\t\t27 de abril de 2026\t\t\t<\/span>\n\t\t<\/span>\n\t\t<span class=\"pp-meta-separator\"><\/span>\n\t\t\t\t\t\t\t<\/div>\n\t\t\t\t\t\t\t<div class=\"pp-post-excerpt\">\n\t\t\t<p>En el envasado industrial, los errores dimensionales significan dos cosas: paradas inmediatas de la producci\u00f3n y un catastr\u00f3fico desperdicio de material. Para los directores de compras, jefes de planta e ingenieros de la cadena de suministro, los \"tama\u00f1os de las bolsas de pl\u00e1stico\" no son meramente...<\/p>\n\t\t<\/div>\n\t\t\t\t\t\t\t\t<\/div>\n\t\t\t<\/div>\n\t\t\t\t\t<\/div>\n\t\t\t\t<div class=\"pp-post-wrap pp-grid-item-wrap elementor-grid-item post-29087 post type-post status-publish format-standard has-post-thumbnail hentry category-flexo-printing-machines category-recent-blogs\">\n\t\t\t\t\t\t<div class=\"pp-post pp-grid-item\">\n\t\t\t\t\t\t<div class=\"pp-post-thumbnail\">\n\t\t\t<a class=\"pp-post-thumbnail-wrap\" href=\"https:\/\/www.ketegroup.com\/es\/que-es-la-impresion-flexografica\/\" title=\"\u00bfQu\u00e9 es la impresi\u00f3n flexogr\u00e1fica? Ventajas, desventajas y proceso completo\">\n\t\t\t\t<img decoding=\"async\" width=\"1024\" height=\"768\" src=\"https:\/\/www.ketegroup.com\/wp-content\/uploads\/2026\/04\/What-is-Flexographic-Printing-11.webp\" class=\"attachment-large size-large wp-image-29102\" alt=\"Qu\u00e9 es la impresi\u00f3n flexogr\u00e1fica 11\" srcset=\"https:\/\/www.ketegroup.com\/wp-content\/uploads\/2026\/04\/What-is-Flexographic-Printing-11.webp 1024w, https:\/\/www.ketegroup.com\/wp-content\/uploads\/2026\/04\/What-is-Flexographic-Printing-11-16x12.webp 16w\" sizes=\"(max-width: 1024px) 100vw, 1024px\" \/>\t\t\t<\/a>\n\t\t<\/div>\n\t\t\t\t\t\t<div class=\"pp-post-content\">\n\t\t\t\t\t\t\t\t\t\t\t<h3 class=\"pp-post-title\">\n\t\t\t\t<a href=\"https:\/\/www.ketegroup.com\/es\/que-es-la-impresion-flexografica\/\">\u00bfQu\u00e9 es la impresi\u00f3n flexogr\u00e1fica? Ventajas, desventajas y proceso completo<\/a>\t\t\t<\/h3>\n\t\t\t\t\t\t\t\t\t<div class=\"pp-post-meta\">\n\t\t\t\t\t\t\t\t<span class=\"pp-post-date\">\n\t\t\t\t\t\t<span class=\"pp-meta-text\">\n\t\t\t\t3 de abril de 2026\t\t\t<\/span>\n\t\t<\/span>\n\t\t<span class=\"pp-meta-separator\"><\/span>\n\t\t\t\t\t\t\t<\/div>\n\t\t\t\t\t\t\t<div class=\"pp-post-excerpt\">\n\t\t\t<p>Descifrando la impresi\u00f3n flexogr\u00e1fica en el envasado moderno La flexograf\u00eda es el caballo de batalla indiscutible de la industria moderna del envasado, responsable de la producci\u00f3n de casi 70% de los productos impresos en los estantes de los supermercados. En su ...<\/p>\n\t\t<\/div>\n\t\t\t\t\t\t\t\t<\/div>\n\t\t\t<\/div>\n\t\t\t\t\t<\/div>\n\t\t\t\t<div class=\"pp-post-wrap pp-grid-item-wrap elementor-grid-item post-29053 post type-post status-publish format-standard has-post-thumbnail hentry category-recent-blogs\">\n\t\t\t\t\t\t<div class=\"pp-post pp-grid-item\">\n\t\t\t\t\t\t<div class=\"pp-post-thumbnail\">\n\t\t\t<a class=\"pp-post-thumbnail-wrap\" href=\"https:\/\/www.ketegroup.com\/es\/que-es-el-corte\/\" title=\"\u00bfQu\u00e9 es el corte longitudinal en la fabricaci\u00f3n? M\u00e9todos, mec\u00e1nica y resoluci\u00f3n de problemas\">\n\t\t\t\t<img loading=\"lazy\" decoding=\"async\" width=\"1024\" height=\"768\" src=\"https:\/\/www.ketegroup.com\/wp-content\/uploads\/2025\/02\/What-Is-Slitting-2.webp\" class=\"attachment-large size-large wp-image-17760\" alt=\"\u00bfQu\u00e9 es el corte longitudinal 2?\" srcset=\"https:\/\/www.ketegroup.com\/wp-content\/uploads\/2025\/02\/What-Is-Slitting-2.webp 1024w, https:\/\/www.ketegroup.com\/wp-content\/uploads\/2025\/02\/What-Is-Slitting-2-16x12.webp 16w\" sizes=\"(max-width: 1024px) 100vw, 1024px\" \/>\t\t\t<\/a>\n\t\t<\/div>\n\t\t\t\t\t\t<div class=\"pp-post-content\">\n\t\t\t\t\t\t\t\t\t\t\t<h3 class=\"pp-post-title\">\n\t\t\t\t<a href=\"https:\/\/www.ketegroup.com\/es\/que-es-el-corte\/\">\u00bfQu\u00e9 es el corte longitudinal en la fabricaci\u00f3n? M\u00e9todos, mec\u00e1nica y resoluci\u00f3n de problemas<\/a>\t\t\t<\/h3>\n\t\t\t\t\t\t\t\t\t<div class=\"pp-post-meta\">\n\t\t\t\t\t\t\t\t<span class=\"pp-post-date\">\n\t\t\t\t\t\t<span class=\"pp-meta-text\">\n\t\t\t\t30 de marzo de 2026\t\t\t<\/span>\n\t\t<\/span>\n\t\t<span class=\"pp-meta-separator\"><\/span>\n\t\t\t\t\t\t\t<\/div>\n\t\t\t\t\t\t\t<div class=\"pp-post-excerpt\">\n\t\t\t<p>Definici\u00f3n b\u00e1sica y mec\u00e1nica del corte longitudinal Cuando los equipos de ingenier\u00eda y los responsables de compras preguntan qu\u00e9 es exactamente el corte longitudinal en el proceso de fabricaci\u00f3n, la respuesta representa mucho m\u00e1s que un corte rudimentario ...<\/p>\n\t\t<\/div>\n\t\t\t\t\t\t\t\t<\/div>\n\t\t\t<\/div>\n\t\t\t\t\t<\/div>\n\t\t\t\t<div class=\"pp-post-wrap pp-grid-item-wrap elementor-grid-item post-29039 post type-post status-publish format-standard has-post-thumbnail hentry category-recent-blogs\">\n\t\t\t\t\t\t<div class=\"pp-post pp-grid-item\">\n\t\t\t\t\t\t<div class=\"pp-post-thumbnail\">\n\t\t\t<a class=\"pp-post-thumbnail-wrap\" href=\"https:\/\/www.ketegroup.com\/es\/impresion-flexografica-frente-a-impresion-offset\/\" title=\"Impresi\u00f3n flexogr\u00e1fica frente a impresi\u00f3n offset: \u00bfCu\u00e1l ofrece el mejor retorno de la inversi\u00f3n para su empresa de envasado?\">\n\t\t\t\t<img loading=\"lazy\" decoding=\"async\" width=\"1024\" height=\"768\" src=\"https:\/\/www.ketegroup.com\/wp-content\/uploads\/2023\/07\/flexo-printing-vs-offset-printing-webp.webp\" class=\"attachment-large size-large wp-image-29037\" alt=\"impresi\u00f3n flexogr\u00e1fica vs impresi\u00f3n offset webp\" srcset=\"https:\/\/www.ketegroup.com\/wp-content\/uploads\/2023\/07\/flexo-printing-vs-offset-printing-webp.webp 1024w, https:\/\/www.ketegroup.com\/wp-content\/uploads\/2023\/07\/flexo-printing-vs-offset-printing-webp-16x12.webp 16w\" sizes=\"(max-width: 1024px) 100vw, 1024px\" \/>\t\t\t<\/a>\n\t\t<\/div>\n\t\t\t\t\t\t<div class=\"pp-post-content\">\n\t\t\t\t\t\t\t\t\t\t\t<h3 class=\"pp-post-title\">\n\t\t\t\t<a href=\"https:\/\/www.ketegroup.com\/es\/impresion-flexografica-frente-a-impresion-offset\/\">Impresi\u00f3n flexogr\u00e1fica frente a impresi\u00f3n offset: \u00bfCu\u00e1l ofrece el mejor retorno de la inversi\u00f3n para su empresa de envasado?<\/a>\t\t\t<\/h3>\n\t\t\t\t\t\t\t\t\t<div class=\"pp-post-meta\">\n\t\t\t\t\t\t\t\t<span class=\"pp-post-date\">\n\t\t\t\t\t\t<span class=\"pp-meta-text\">\n\t\t\t\t26 de marzo de 2026\t\t\t<\/span>\n\t\t<\/span>\n\t\t<span class=\"pp-meta-separator\"><\/span>\n\t\t\t\t\t\t\t<\/div>\n\t\t\t\t\t\t\t<div class=\"pp-post-excerpt\">\n\t\t\t<p>En el arriesgado mundo de los envases comerciales, la elecci\u00f3n de la m\u00e1quina equivocada puede provocar catastr\u00f3ficas p\u00e9rdidas econ\u00f3micas y el incumplimiento de los plazos de entrega. Al evaluar la impresi\u00f3n flexogr\u00e1fica frente a la impresi\u00f3n offset, los compradores deben mirar m\u00e1s all\u00e1...<\/p>\n\t\t<\/div>\n\t\t\t\t\t\t\t\t<\/div>\n\t\t\t<\/div>\n\t\t\t\t\t<\/div>\n\t\t\t\t<div class=\"pp-post-wrap pp-grid-item-wrap elementor-grid-item post-28989 post type-post status-publish format-standard has-post-thumbnail hentry category-uncategorized\">\n\t\t\t\t\t\t<div class=\"pp-post pp-grid-item\">\n\t\t\t\t\t\t<div class=\"pp-post-thumbnail\">\n\t\t\t<a class=\"pp-post-thumbnail-wrap\" href=\"https:\/\/www.ketegroup.com\/es\/guia-de-ejes-de-rebobinado-diferencial\/\" title=\"\u00bfQu\u00e9 son los ejes de rebobinado diferencial? Gu\u00eda completa para aplicaciones de conversi\u00f3n y corte longitudinal\">\n\t\t\t\t<img loading=\"lazy\" decoding=\"async\" width=\"1024\" height=\"768\" src=\"https:\/\/www.ketegroup.com\/wp-content\/uploads\/2026\/03\/Differential-Rewind-Shafts-222-1.webp\" class=\"attachment-large size-large wp-image-28999\" alt=\"Ejes de rebobinado diferencial 222 1\" srcset=\"https:\/\/www.ketegroup.com\/wp-content\/uploads\/2026\/03\/Differential-Rewind-Shafts-222-1.webp 1024w, https:\/\/www.ketegroup.com\/wp-content\/uploads\/2026\/03\/Differential-Rewind-Shafts-222-1-16x12.webp 16w\" sizes=\"(max-width: 1024px) 100vw, 1024px\" \/>\t\t\t<\/a>\n\t\t<\/div>\n\t\t\t\t\t\t<div class=\"pp-post-content\">\n\t\t\t\t\t\t\t\t\t\t\t<h3 class=\"pp-post-title\">\n\t\t\t\t<a href=\"https:\/\/www.ketegroup.com\/es\/guia-de-ejes-de-rebobinado-diferencial\/\">\u00bfQu\u00e9 son los ejes de rebobinado diferencial? Gu\u00eda completa para aplicaciones de conversi\u00f3n y corte longitudinal<\/a>\t\t\t<\/h3>\n\t\t\t\t\t\t\t\t\t<div class=\"pp-post-meta\">\n\t\t\t\t\t\t\t\t<span class=\"pp-post-date\">\n\t\t\t\t\t\t<span class=\"pp-meta-text\">\n\t\t\t\t23 de marzo de 2026\t\t\t<\/span>\n\t\t<\/span>\n\t\t<span class=\"pp-meta-separator\"><\/span>\n\t\t\t\t\t\t\t<\/div>\n\t\t\t\t\t\t\t<div class=\"pp-post-excerpt\">\n\t\t\t<p>El equilibrio es un problema de ingenier\u00eda permanente en el estricto campo de la manipulaci\u00f3n de bobinas y la transformaci\u00f3n de materiales. La operaci\u00f3n de cortar una bobina maestra en varias bobinas m\u00e1s peque\u00f1as crea un complicado...<\/p>\n\t\t<\/div>\n\t\t\t\t\t\t\t\t<\/div>\n\t\t\t<\/div>\n\t\t\t\t\t<\/div>\n\t\t\t\t\t\t\t\t\t<\/div>\n\t\t\t\n\t\t\t\n\t\t\t\n\t\t\t\n\t\t\t\t\t\t\t\t\t\t\t<div class=\"pp-posts-pagination-wrap pp-posts-pagination-bottom\">\n\t\t\t\t\t\t\t\t<nav class=\"pp-posts-pagination pp-posts-pagination-ajax elementor-pagination\" role=\"navigation\" aria-label=\"Paginaci\u00f3n\" data-total=\"22\">\n\t\t\t\t<span aria-current=\"page\" class=\"page-numbers current\">1<\/span>\n<a class=\"page-numbers\" href=\"https:\/\/www.ketegroup.com\/es\/wp-json\/wp\/v2\/pages\/3964\/page\/2\/\">2<\/a>\n<a class=\"page-numbers\" href=\"https:\/\/www.ketegroup.com\/es\/wp-json\/wp\/v2\/pages\/3964\/page\/3\/\">3<\/a>\n<a class=\"page-numbers\" href=\"https:\/\/www.ketegroup.com\/es\/wp-json\/wp\/v2\/pages\/3964\/page\/4\/\">4<\/a>\n<a class=\"page-numbers\" href=\"https:\/\/www.ketegroup.com\/es\/wp-json\/wp\/v2\/pages\/3964\/page\/5\/\">5<\/a>\n<a class=\"next page-numbers\" href=\"https:\/\/www.ketegroup.com\/es\/wp-json\/wp\/v2\/pages\/3964\/page\/2\/\">><\/a>\t\t\t<\/nav>\n\t\t\t\t\t\t\t<\/div>\n\t\t\t\t\t\t\t\t\t<\/div>\n\n\t\t\n\t\t\t\t<\/div>\n\t\t\t\t<\/div>\n\t\t\t\t\t<\/div>\n\t\t<\/div>\n\t\t\t\t\t<\/div>\n\t\t<\/section>\n\t\t\t\t<\/div>","protected":false},"excerpt":{"rendered":"<p>Blogs Compartimos con usted las \u00faltimas tendencias de la industria, intentamos resolver todas sus preguntas sobre m\u00e1quinas de envasado flexible y tambi\u00e9n sobre m\u00e1quinas de impresi\u00f3n. Lea nuestros blogs para estar al d\u00eda de las novedades de la industria y de KETE. Inicio Buscar blog_test 20 de enero de 2022 blog desc blog desc Nombre del blog 10 24 de septiembre de 2021 [...]<\/p>","protected":false},"author":2,"featured_media":0,"parent":47,"menu_order":0,"comment_status":"closed","ping_status":"closed","template":"","meta":{"_seopress_robots_primary_cat":"0","_seopress_titles_title":"","_seopress_titles_desc":"","_seopress_robots_index":"","footnotes":""},"class_list":["post-3964","page","type-page","status-publish","hentry"],"_links":{"self":[{"href":"https:\/\/www.ketegroup.com\/es\/wp-json\/wp\/v2\/pages\/3964","targetHints":{"allow":["GET"]}}],"collection":[{"href":"https:\/\/www.ketegroup.com\/es\/wp-json\/wp\/v2\/pages"}],"about":[{"href":"https:\/\/www.ketegroup.com\/es\/wp-json\/wp\/v2\/types\/page"}],"author":[{"embeddable":true,"href":"https:\/\/www.ketegroup.com\/es\/wp-json\/wp\/v2\/users\/2"}],"replies":[{"embeddable":true,"href":"https:\/\/www.ketegroup.com\/es\/wp-json\/wp\/v2\/comments?post=3964"}],"version-history":[{"count":0,"href":"https:\/\/www.ketegroup.com\/es\/wp-json\/wp\/v2\/pages\/3964\/revisions"}],"up":[{"embeddable":true,"href":"https:\/\/www.ketegroup.com\/es\/wp-json\/wp\/v2\/pages\/47"}],"wp:attachment":[{"href":"https:\/\/www.ketegroup.com\/es\/wp-json\/wp\/v2\/media?parent=3964"}],"curies":[{"name":"wp","href":"https:\/\/api.w.org\/{rel}","templated":true}]}}