{"id":28648,"date":"2025-11-06T11:14:20","date_gmt":"2025-11-06T03:14:20","guid":{"rendered":"https:\/\/www.ketegroup.com\/?page_id=28648"},"modified":"2025-11-06T11:15:32","modified_gmt":"2025-11-06T03:15:32","slug":"inner-folding-falt-handle-paper-bag-making-machine-video","status":"publish","type":"page","link":"https:\/\/www.ketegroup.com\/es\/video\/video-de-la-maquina-para-hacer-bolsas-de-papel-con-asa-de-falt-plegado-interior\/","title":{"rendered":"Video de la m\u00e1quina para hacer bolsas de papel con asa de f\u00e1lto plegable interior KTPM-BHFI"},"content":{"rendered":"<div data-elementor-type=\"wp-page\" data-elementor-id=\"28648\" class=\"elementor elementor-28648\">\n\t\t\t\t\t\t<section class=\"elementor-section elementor-top-section elementor-element elementor-element-d4c6356 elementor-section-boxed elementor-section-height-default elementor-section-height-default\" data-id=\"d4c6356\" data-element_type=\"section\">\n\t\t\t\t\t\t<div class=\"elementor-container elementor-column-gap-default\">\n\t\t\t\t\t<div class=\"elementor-column elementor-col-100 elementor-top-column elementor-element elementor-element-bf0ebda\" data-id=\"bf0ebda\" data-element_type=\"column\">\n\t\t\t<div class=\"elementor-widget-wrap elementor-element-populated\">\n\t\t\t\t\t\t<div class=\"elementor-element elementor-element-159ba8f elementor-widget elementor-widget-MML Breadcrumbs\" data-id=\"159ba8f\" data-element_type=\"widget\" data-settings=\"{&quot;breadcrumbs_type&quot;:&quot;page&quot;}\" data-widget_type=\"MML Breadcrumbs.default\">\n\t\t\t\t<div class=\"elementor-widget-container\">\n\t\t\t<ul class=\"pp-breadcrumbs pp-breadcrumbs-powerpack\">        <li class=\"pp-breadcrumbs-item pp-breadcrumbs-item-home\">\n            <a class=\"pp-breadcrumbs-crumb pp-breadcrumbs-crumb-link pp-breadcrumbs-crumb-home\" href=\"https:\/\/www.ketegroup.com\/es\" title=\"Inicio\">\n\t\t\t\t<span class=\"pp-breadcrumbs-text\">\n\t\t\t\t\t                    Inicio\t\t\t\t<\/span>\n            <\/a>\n        <\/li>\n        <li class=\"pp-breadcrumbs-separator\">                <span class='pp-separator-icon pp-icon'>\n\t\t\t\t\t<i aria-hidden=\"true\" class=\"fas fa-angle-right\"><\/i>\t\t\t\t<\/span>\n                <\/li><\/ul>\t\t<\/div>\n\t\t\t\t<\/div>\n\t\t\t\t\t<\/div>\n\t\t<\/div>\n\t\t\t\t\t<\/div>\n\t\t<\/section>\n\t\t\t\t<section class=\"elementor-section elementor-top-section elementor-element elementor-element-12ab5bb elementor-section-boxed elementor-section-height-default elementor-section-height-default\" data-id=\"12ab5bb\" data-element_type=\"section\">\n\t\t\t\t\t\t<div class=\"elementor-container elementor-column-gap-default\">\n\t\t\t\t\t<div class=\"elementor-column elementor-col-100 elementor-top-column elementor-element elementor-element-e8660e5\" data-id=\"e8660e5\" data-element_type=\"column\">\n\t\t\t<div class=\"elementor-widget-wrap elementor-element-populated\">\n\t\t\t\t\t\t<div class=\"elementor-element elementor-element-65a90f6 elementor-widget elementor-widget-heading\" data-id=\"65a90f6\" data-element_type=\"widget\" data-widget_type=\"heading.default\">\n\t\t\t\t<div class=\"elementor-widget-container\">\n\t\t\t<h1 class=\"elementor-heading-title elementor-size-default\">V\u00eddeo de la m\u00e1quina para hacer bolsas de papel con asa de f\u00e1lto plegable interior<\/h1>\t\t<\/div>\n\t\t\t\t<\/div>\n\t\t\t\t<div class=\"elementor-element elementor-element-4d6c6c3 elementor-widget elementor-widget-video\" data-id=\"4d6c6c3\" data-element_type=\"widget\" data-settings=\"{&quot;youtube_url&quot;:&quot;https:\\\/\\\/www.youtube.com\\\/watch?v=NPPVrAXOBLY&quot;,&quot;video_type&quot;:&quot;youtube&quot;,&quot;controls&quot;:&quot;yes&quot;}\" data-widget_type=\"video.default\">\n\t\t\t\t<div class=\"elementor-widget-container\">\n\t\t\t\t\t<div class=\"elementor-wrapper elementor-open-inline\">\n\t\t\t<div class=\"elementor-video\"><\/div>\t\t<\/div>\n\t\t\t\t<\/div>\n\t\t\t\t<\/div>\n\t\t\t\t\t<\/div>\n\t\t<\/div>\n\t\t\t\t\t<\/div>\n\t\t<\/section>\n\t\t\t\t<section class=\"elementor-section elementor-top-section elementor-element elementor-element-b537a15 elementor-section-boxed elementor-section-height-default elementor-section-height-default\" data-id=\"b537a15\" data-element_type=\"section\">\n\t\t\t\t\t\t<div class=\"elementor-container elementor-column-gap-default\">\n\t\t\t\t\t<div class=\"elementor-column elementor-col-100 elementor-top-column elementor-element elementor-element-fc0ff40\" data-id=\"fc0ff40\" data-element_type=\"column\">\n\t\t\t<div class=\"elementor-widget-wrap elementor-element-populated\">\n\t\t\t\t\t\t<div class=\"elementor-element elementor-element-8e54893 elementor-align-center elementor-widget elementor-widget-button\" data-id=\"8e54893\" data-element_type=\"widget\" data-widget_type=\"button.default\">\n\t\t\t\t<div class=\"elementor-widget-container\">\n\t\t\t\t\t<div class=\"elementor-button-wrapper\">\n\t\t\t<a class=\"elementor-button elementor-button-link elementor-size-sm\" href=\"#elementor-action%3Aaction%3Dpopup%3Aopen%26settings%3DeyJpZCI6IjYzMiIsInRvZ2dsZSI6ZmFsc2V9\">\n\t\t\t\t\t\t<span class=\"elementor-button-content-wrapper\">\n\t\t\t\t\t\t\t\t\t<span class=\"elementor-button-text\">Env\u00ede su consulta ahora<\/span>\n\t\t\t\t\t<\/span>\n\t\t\t\t\t<\/a>\n\t\t<\/div>\n\t\t\t\t<\/div>\n\t\t\t\t<\/div>\n\t\t\t\t\t<\/div>\n\t\t<\/div>\n\t\t\t\t\t<\/div>\n\t\t<\/section>\n\t\t\t\t<\/div>","protected":false},"excerpt":{"rendered":"<p>Home Inner Folding Falt Handle Paper Bag Making Machine Video Send Your Inquiry Now<\/p>","protected":false},"author":3,"featured_media":15128,"parent":44,"menu_order":0,"comment_status":"closed","ping_status":"closed","template":"","meta":{"footnotes":""},"class_list":["post-28648","page","type-page","status-publish","has-post-thumbnail","hentry"],"yoast_head":"<!-- This site is optimized with the Yoast SEO plugin v23.1 - https:\/\/yoast.com\/wordpress\/plugins\/seo\/ -->\n<title>Inner Folding Falt Handle Paper Bag Making Machine Video<\/title>\n<meta name=\"description\" content=\"Inner Folding Falt Handle Paper Bag Making Machine Video\" \/>\n<meta name=\"robots\" content=\"index, follow, max-snippet:-1, max-image-preview:large, max-video-preview:-1\" \/>\n<link rel=\"canonical\" href=\"https:\/\/www.ketegroup.com\/es\/video\/video-de-la-maquina-para-hacer-bolsas-de-papel-con-asa-de-falt-plegado-interior\/\" \/>\n<meta property=\"og:locale\" content=\"es_ES\" \/>\n<meta property=\"og:type\" content=\"article\" \/>\n<meta property=\"og:title\" content=\"Inner Folding Falt Handle Paper Bag Making Machine Video\" \/>\n<meta property=\"og:description\" content=\"Inner Folding Falt Handle Paper Bag Making Machine Video\" \/>\n<meta property=\"og:url\" content=\"https:\/\/www.ketegroup.com\/es\/video\/video-de-la-maquina-para-hacer-bolsas-de-papel-con-asa-de-falt-plegado-interior\/\" \/>\n<meta property=\"og:site_name\" content=\"KETE GROUP LIMITED &amp; KETE MACHINE\" \/>\n<meta property=\"article:publisher\" content=\"https:\/\/www.facebook.com\/ketegroup\" \/>\n<meta property=\"article:modified_time\" content=\"2025-11-06T03:15:32+00:00\" \/>\n<meta property=\"og:image\" content=\"https:\/\/www.ketegroup.com\/wp-content\/uploads\/2024\/09\/paper-bag-machine.jpg\" \/>\n\t<meta property=\"og:image:width\" content=\"1000\" \/>\n\t<meta property=\"og:image:height\" content=\"667\" \/>\n\t<meta property=\"og:image:type\" content=\"image\/jpeg\" \/>\n<meta name=\"twitter:card\" content=\"summary_large_image\" \/>\n<meta name=\"twitter:label1\" content=\"Tiempo de lectura\" \/>\n\t<meta name=\"twitter:data1\" content=\"1 minuto\" \/>\n<script type=\"application\/ld+json\" class=\"yoast-schema-graph\">{\"@context\":\"https:\/\/schema.org\",\"@graph\":[{\"@type\":\"WebPage\",\"@id\":\"https:\/\/www.ketegroup.com\/video\/inner-folding-falt-handle-paper-bag-making-machine-video\/\",\"url\":\"https:\/\/www.ketegroup.com\/video\/inner-folding-falt-handle-paper-bag-making-machine-video\/\",\"name\":\"Inner Folding Falt Handle Paper Bag Making Machine Video\",\"isPartOf\":{\"@id\":\"https:\/\/www.ketegroup.com\/#website\"},\"primaryImageOfPage\":{\"@id\":\"https:\/\/www.ketegroup.com\/video\/inner-folding-falt-handle-paper-bag-making-machine-video\/#primaryimage\"},\"image\":{\"@id\":\"https:\/\/www.ketegroup.com\/video\/inner-folding-falt-handle-paper-bag-making-machine-video\/#primaryimage\"},\"thumbnailUrl\":\"https:\/\/www.ketegroup.com\/wp-content\/uploads\/2024\/09\/paper-bag-machine.jpg\",\"datePublished\":\"2025-11-06T03:14:20+00:00\",\"dateModified\":\"2025-11-06T03:15:32+00:00\",\"description\":\"Inner Folding Falt Handle Paper Bag Making Machine Video\",\"breadcrumb\":{\"@id\":\"https:\/\/www.ketegroup.com\/video\/inner-folding-falt-handle-paper-bag-making-machine-video\/#breadcrumb\"},\"inLanguage\":\"es\",\"potentialAction\":[{\"@type\":\"ReadAction\",\"target\":[\"https:\/\/www.ketegroup.com\/video\/inner-folding-falt-handle-paper-bag-making-machine-video\/\"]}]},{\"@type\":\"ImageObject\",\"inLanguage\":\"es\",\"@id\":\"https:\/\/www.ketegroup.com\/video\/inner-folding-falt-handle-paper-bag-making-machine-video\/#primaryimage\",\"url\":\"https:\/\/www.ketegroup.com\/wp-content\/uploads\/2024\/09\/paper-bag-machine.jpg\",\"contentUrl\":\"https:\/\/www.ketegroup.com\/wp-content\/uploads\/2024\/09\/paper-bag-machine.jpg\",\"width\":1000,\"height\":667,\"caption\":\"paper bag machine\"},{\"@type\":\"BreadcrumbList\",\"@id\":\"https:\/\/www.ketegroup.com\/video\/inner-folding-falt-handle-paper-bag-making-machine-video\/#breadcrumb\",\"itemListElement\":[{\"@type\":\"ListItem\",\"position\":1,\"name\":\"Home\",\"item\":\"https:\/\/www.ketegroup.com\/\"},{\"@type\":\"ListItem\",\"position\":2,\"name\":\"Videos\",\"item\":\"https:\/\/www.ketegroup.com\/video\/\"},{\"@type\":\"ListItem\",\"position\":3,\"name\":\"KTPM-BHFI Inner Folding Falt Handle Paper Bag Making Machine Video\"}]},{\"@type\":\"WebSite\",\"@id\":\"https:\/\/www.ketegroup.com\/#website\",\"url\":\"https:\/\/www.ketegroup.com\/\",\"name\":\"KETE GROUP LIMITED\",\"description\":\"\",\"publisher\":{\"@id\":\"https:\/\/www.ketegroup.com\/#organization\"},\"potentialAction\":[{\"@type\":\"SearchAction\",\"target\":{\"@type\":\"EntryPoint\",\"urlTemplate\":\"https:\/\/www.ketegroup.com\/?s={search_term_string}\"},\"query-input\":\"required name=search_term_string\"}],\"inLanguage\":\"es\"},{\"@type\":\"Organization\",\"@id\":\"https:\/\/www.ketegroup.com\/#organization\",\"name\":\"KETE GROUP LIMITED\",\"url\":\"https:\/\/www.ketegroup.com\/\",\"logo\":{\"@type\":\"ImageObject\",\"inLanguage\":\"es\",\"@id\":\"https:\/\/www.ketegroup.com\/#\/schema\/logo\/image\/\",\"url\":\"https:\/\/www.ketegroup.com\/wp-content\/uploads\/2022\/06\/KETEGROUP-LOGO.jpg\",\"contentUrl\":\"https:\/\/www.ketegroup.com\/wp-content\/uploads\/2022\/06\/KETEGROUP-LOGO.jpg\",\"width\":300,\"height\":300,\"caption\":\"KETE GROUP LIMITED\"},\"image\":{\"@id\":\"https:\/\/www.ketegroup.com\/#\/schema\/logo\/image\/\"},\"sameAs\":[\"https:\/\/www.facebook.com\/ketegroup\",\"https:\/\/www.youtube.com\/KETEGROUP\"]}]}<\/script>\n<!-- \/ Yoast SEO plugin. -->","yoast_head_json":{"title":"Inner Folding Falt Handle Paper Bag Making Machine Video","description":"Inner Folding Falt Handle Paper Bag Making Machine Video","robots":{"index":"index","follow":"follow","max-snippet":"max-snippet:-1","max-image-preview":"max-image-preview:large","max-video-preview":"max-video-preview:-1"},"canonical":"https:\/\/www.ketegroup.com\/es\/video\/video-de-la-maquina-para-hacer-bolsas-de-papel-con-asa-de-falt-plegado-interior\/","og_locale":"es_ES","og_type":"article","og_title":"Inner Folding Falt Handle Paper Bag Making Machine Video","og_description":"Inner Folding Falt Handle Paper Bag Making Machine Video","og_url":"https:\/\/www.ketegroup.com\/es\/video\/video-de-la-maquina-para-hacer-bolsas-de-papel-con-asa-de-falt-plegado-interior\/","og_site_name":"KETE GROUP LIMITED &amp; KETE MACHINE","article_publisher":"https:\/\/www.facebook.com\/ketegroup","article_modified_time":"2025-11-06T03:15:32+00:00","og_image":[{"width":1000,"height":667,"url":"https:\/\/www.ketegroup.com\/wp-content\/uploads\/2024\/09\/paper-bag-machine.jpg","type":"image\/jpeg"}],"twitter_card":"summary_large_image","twitter_misc":{"Tiempo de lectura":"1 minuto"},"schema":{"@context":"https:\/\/schema.org","@graph":[{"@type":"WebPage","@id":"https:\/\/www.ketegroup.com\/video\/inner-folding-falt-handle-paper-bag-making-machine-video\/","url":"https:\/\/www.ketegroup.com\/video\/inner-folding-falt-handle-paper-bag-making-machine-video\/","name":"Inner Folding Falt Handle Paper Bag Making Machine Video","isPartOf":{"@id":"https:\/\/www.ketegroup.com\/#website"},"primaryImageOfPage":{"@id":"https:\/\/www.ketegroup.com\/video\/inner-folding-falt-handle-paper-bag-making-machine-video\/#primaryimage"},"image":{"@id":"https:\/\/www.ketegroup.com\/video\/inner-folding-falt-handle-paper-bag-making-machine-video\/#primaryimage"},"thumbnailUrl":"https:\/\/www.ketegroup.com\/wp-content\/uploads\/2024\/09\/paper-bag-machine.jpg","datePublished":"2025-11-06T03:14:20+00:00","dateModified":"2025-11-06T03:15:32+00:00","description":"Inner Folding Falt Handle Paper Bag Making Machine Video","breadcrumb":{"@id":"https:\/\/www.ketegroup.com\/video\/inner-folding-falt-handle-paper-bag-making-machine-video\/#breadcrumb"},"inLanguage":"es","potentialAction":[{"@type":"ReadAction","target":["https:\/\/www.ketegroup.com\/video\/inner-folding-falt-handle-paper-bag-making-machine-video\/"]}]},{"@type":"ImageObject","inLanguage":"es","@id":"https:\/\/www.ketegroup.com\/video\/inner-folding-falt-handle-paper-bag-making-machine-video\/#primaryimage","url":"https:\/\/www.ketegroup.com\/wp-content\/uploads\/2024\/09\/paper-bag-machine.jpg","contentUrl":"https:\/\/www.ketegroup.com\/wp-content\/uploads\/2024\/09\/paper-bag-machine.jpg","width":1000,"height":667,"caption":"paper bag machine"},{"@type":"BreadcrumbList","@id":"https:\/\/www.ketegroup.com\/video\/inner-folding-falt-handle-paper-bag-making-machine-video\/#breadcrumb","itemListElement":[{"@type":"ListItem","position":1,"name":"Home","item":"https:\/\/www.ketegroup.com\/"},{"@type":"ListItem","position":2,"name":"Videos","item":"https:\/\/www.ketegroup.com\/video\/"},{"@type":"ListItem","position":3,"name":"KTPM-BHFI Inner Folding Falt Handle Paper Bag Making Machine Video"}]},{"@type":"WebSite","@id":"https:\/\/www.ketegroup.com\/#website","url":"https:\/\/www.ketegroup.com\/","name":"KETE GROUP LIMITED","description":"","publisher":{"@id":"https:\/\/www.ketegroup.com\/#organization"},"potentialAction":[{"@type":"SearchAction","target":{"@type":"EntryPoint","urlTemplate":"https:\/\/www.ketegroup.com\/?s={search_term_string}"},"query-input":"required name=search_term_string"}],"inLanguage":"es"},{"@type":"Organization","@id":"https:\/\/www.ketegroup.com\/#organization","name":"KETE GROUP LIMITED","url":"https:\/\/www.ketegroup.com\/","logo":{"@type":"ImageObject","inLanguage":"es","@id":"https:\/\/www.ketegroup.com\/#\/schema\/logo\/image\/","url":"https:\/\/www.ketegroup.com\/wp-content\/uploads\/2022\/06\/KETEGROUP-LOGO.jpg","contentUrl":"https:\/\/www.ketegroup.com\/wp-content\/uploads\/2022\/06\/KETEGROUP-LOGO.jpg","width":300,"height":300,"caption":"KETE GROUP LIMITED"},"image":{"@id":"https:\/\/www.ketegroup.com\/#\/schema\/logo\/image\/"},"sameAs":["https:\/\/www.facebook.com\/ketegroup","https:\/\/www.youtube.com\/KETEGROUP"]}]}},"_links":{"self":[{"href":"https:\/\/www.ketegroup.com\/es\/wp-json\/wp\/v2\/pages\/28648","targetHints":{"allow":["GET"]}}],"collection":[{"href":"https:\/\/www.ketegroup.com\/es\/wp-json\/wp\/v2\/pages"}],"about":[{"href":"https:\/\/www.ketegroup.com\/es\/wp-json\/wp\/v2\/types\/page"}],"author":[{"embeddable":true,"href":"https:\/\/www.ketegroup.com\/es\/wp-json\/wp\/v2\/users\/3"}],"replies":[{"embeddable":true,"href":"https:\/\/www.ketegroup.com\/es\/wp-json\/wp\/v2\/comments?post=28648"}],"version-history":[{"count":4,"href":"https:\/\/www.ketegroup.com\/es\/wp-json\/wp\/v2\/pages\/28648\/revisions"}],"predecessor-version":[{"id":28652,"href":"https:\/\/www.ketegroup.com\/es\/wp-json\/wp\/v2\/pages\/28648\/revisions\/28652"}],"up":[{"embeddable":true,"href":"https:\/\/www.ketegroup.com\/es\/wp-json\/wp\/v2\/pages\/44"}],"wp:featuredmedia":[{"embeddable":true,"href":"https:\/\/www.ketegroup.com\/es\/wp-json\/wp\/v2\/media\/15128"}],"wp:attachment":[{"href":"https:\/\/www.ketegroup.com\/es\/wp-json\/wp\/v2\/media?parent=28648"}],"curies":[{"name":"wp","href":"https:\/\/api.w.org\/{rel}","templated":true}]}}