{"id":3968,"date":"2022-01-26T10:49:02","date_gmt":"2022-01-26T02:49:02","guid":{"rendered":"https:\/\/www.ketegroup.com\/?page_id=3968"},"modified":"2022-01-27T09:54:52","modified_gmt":"2022-01-27T01:54:52","slug":"industry-insight","status":"publish","type":"page","link":"https:\/\/www.ketegroup.com\/de\/bloggt\/brancheneinblick\/","title":{"rendered":"Einblicke in die Industrie"},"content":{"rendered":"<div data-elementor-type=\"wp-page\" data-elementor-id=\"3968\" class=\"elementor elementor-3968\">\n\t\t\t\t\t\t<section class=\"elementor-section elementor-top-section elementor-element elementor-element-72d68c10 elementor-section-boxed elementor-section-height-default elementor-section-height-default\" data-id=\"72d68c10\" data-element_type=\"section\" data-settings=\"{&quot;background_background&quot;:&quot;classic&quot;}\">\n\t\t\t\t\t\t<div class=\"elementor-container elementor-column-gap-default\">\n\t\t\t\t\t<div class=\"elementor-column elementor-col-100 elementor-top-column elementor-element elementor-element-59ebb738\" data-id=\"59ebb738\" data-element_type=\"column\">\n\t\t\t<div class=\"elementor-widget-wrap elementor-element-populated\">\n\t\t\t\t\t\t<div class=\"elementor-element elementor-element-569ed1a0 elementor-widget elementor-widget-menu-anchor\" data-id=\"569ed1a0\" data-element_type=\"widget\" data-widget_type=\"menu-anchor.default\">\n\t\t\t\t<div class=\"elementor-widget-container\">\n\t\t\t\t\t<div class=\"elementor-menu-anchor\" id=\"01\"><\/div>\n\t\t\t\t<\/div>\n\t\t\t\t<\/div>\n\t\t\t\t<div class=\"elementor-element elementor-element-23c71bb1 elementor-widget elementor-widget-heading\" data-id=\"23c71bb1\" data-element_type=\"widget\" data-widget_type=\"heading.default\">\n\t\t\t\t<div class=\"elementor-widget-container\">\n\t\t\t<h1 class=\"elementor-heading-title elementor-size-default\">Blogs<\/h1>\t\t<\/div>\n\t\t\t\t<\/div>\n\t\t\t\t<div class=\"elementor-element elementor-element-7b43f620 elementor-widget elementor-widget-text-editor\" data-id=\"7b43f620\" data-element_type=\"widget\" data-widget_type=\"text-editor.default\">\n\t\t\t\t<div class=\"elementor-widget-container\">\n\t\t\t\t\t\t\t<p>Wir informieren Sie \u00fcber die neuesten Branchentrends und versuchen, alle Ihre Fragen zu flexiblen Verpackungsmaschinen und Druckmaschinen zu beantworten.<\/p><p>Lesen Sie unsere Blogs, um auf dem Laufenden zu bleiben, was es Neues in der Branche und bei KETE gibt.<\/p>\t\t\t\t\t\t<\/div>\n\t\t\t\t<\/div>\n\t\t\t\t\t<\/div>\n\t\t<\/div>\n\t\t\t\t\t<\/div>\n\t\t<\/section>\n\t\t\t\t<section class=\"elementor-section elementor-top-section elementor-element elementor-element-75090c20 elementor-section-boxed elementor-section-height-default elementor-section-height-default\" data-id=\"75090c20\" data-element_type=\"section\">\n\t\t\t\t\t\t<div class=\"elementor-container elementor-column-gap-default\">\n\t\t\t\t\t<div class=\"elementor-column elementor-col-100 elementor-top-column elementor-element elementor-element-28e01e0a\" data-id=\"28e01e0a\" data-element_type=\"column\">\n\t\t\t<div class=\"elementor-widget-wrap elementor-element-populated\">\n\t\t\t\t\t\t<div class=\"elementor-element elementor-element-1893a8be elementor-widget elementor-widget-MML Breadcrumbs\" data-id=\"1893a8be\" data-element_type=\"widget\" data-settings=\"{&quot;breadcrumbs_type&quot;:&quot;post_type&quot;}\" data-widget_type=\"MML Breadcrumbs.default\">\n\t\t\t\t<div class=\"elementor-widget-container\">\n\t\t\t<ul class=\"pp-breadcrumbs pp-breadcrumbs-powerpack\">        <li class=\"pp-breadcrumbs-item pp-breadcrumbs-item-home\">\n            <a class=\"pp-breadcrumbs-crumb pp-breadcrumbs-crumb-link pp-breadcrumbs-crumb-home\" href=\"https:\/\/www.ketegroup.com\/de\" title=\"Startseite\">\n\t\t\t\t<span class=\"pp-breadcrumbs-text\">\n\t\t\t\t\t                    Startseite\t\t\t\t<\/span>\n            <\/a>\n        <\/li>\n        <li class=\"pp-breadcrumbs-separator\">                <span class='pp-separator-icon pp-icon'>\n\t\t\t\t\t<i aria-hidden=\"true\" class=\"fas fa-angle-right\"><\/i>\t\t\t\t<\/span>\n                <\/li><\/ul>\t\t<\/div>\n\t\t\t\t<\/div>\n\t\t\t\t\t<\/div>\n\t\t<\/div>\n\t\t\t\t\t<\/div>\n\t\t<\/section>\n\t\t\t\t<section class=\"elementor-section elementor-top-section elementor-element elementor-element-24639120 elementor-section-boxed elementor-section-height-default elementor-section-height-default\" data-id=\"24639120\" data-element_type=\"section\">\n\t\t\t\t\t\t<div class=\"elementor-container elementor-column-gap-default\">\n\t\t\t\t\t<div class=\"elementor-column elementor-col-50 elementor-top-column elementor-element elementor-element-72693ff3 elementor-hidden-tablet elementor-hidden-mobile\" data-id=\"72693ff3\" data-element_type=\"column\">\n\t\t\t<div class=\"elementor-widget-wrap elementor-element-populated\">\n\t\t\t\t\t\t<div class=\"elementor-element elementor-element-1308d667 elementor-widget elementor-widget-shortcode\" data-id=\"1308d667\" data-element_type=\"widget\" data-settings=\"{&quot;sticky&quot;:&quot;top&quot;,&quot;sticky_offset&quot;:100,&quot;sticky_parent&quot;:&quot;yes&quot;,&quot;sticky_on&quot;:[&quot;desktop&quot;,&quot;tablet&quot;,&quot;mobile&quot;],&quot;sticky_effects_offset&quot;:0}\" data-widget_type=\"shortcode.default\">\n\t\t\t\t<div class=\"elementor-widget-container\">\n\t\t\t\t\t<div class=\"elementor-shortcode\"><div class=\"blog-sidebar\">\n    <div class=\"title-wrap\">\n        <h2>Kategorien<\/h2>\n    <\/div>\n    <ul>\n        <li class=\"active\">\n            <a href=\"\/de\/bloggt\/\">\n                <i class=\"fas fa-dot-circle\"><\/i>\n                <span>Alle<\/span>\n            <\/a>\n        <\/li>\n                <li class=\"\">\n            <a href=\"https:\/\/www.ketegroup.com\/de\/category\/flexodruckmaschinen\/\">\n                <i class=\"fas fa-dot-circle\"><\/i>\n                <span>Flexo-Druckmaschinen<\/span>\n            <\/a>\n        <\/li>\n                <li class=\"\">\n            <a href=\"https:\/\/www.ketegroup.com\/de\/category\/schrumpfverpackungsmaschinen\/\">\n                <i class=\"fas fa-dot-circle\"><\/i>\n                <span>Maschinen f\u00fcr W\u00e4rmeschrumpfpack<\/span>\n            <\/a>\n        <\/li>\n                <li class=\"\">\n            <a href=\"https:\/\/www.ketegroup.com\/de\/category\/brancheneinblick\/\">\n                <i class=\"fas fa-dot-circle\"><\/i>\n                <span>Einblicke in die Industrie<\/span>\n            <\/a>\n        <\/li>\n                <li class=\"\">\n            <a href=\"https:\/\/www.ketegroup.com\/de\/category\/etikettendruckmaschinen\/\">\n                <i class=\"fas fa-dot-circle\"><\/i>\n                <span>Etikettendruckmaschinen<\/span>\n            <\/a>\n        <\/li>\n                <li class=\"\">\n            <a href=\"https:\/\/www.ketegroup.com\/de\/category\/maschinen-zur-herstellung-nicht-gewebter-sacke\/\">\n                <i class=\"fas fa-dot-circle\"><\/i>\n                <span>Maschinen zur Herstellung von nicht gewebten Beuteln<\/span>\n            <\/a>\n        <\/li>\n                <li class=\"\">\n            <a href=\"https:\/\/www.ketegroup.com\/de\/category\/packaging-machines\/\">\n                <i class=\"fas fa-dot-circle\"><\/i>\n                <span>Verpackungsmaschinen<\/span>\n            <\/a>\n        <\/li>\n                <li class=\"\">\n            <a href=\"https:\/\/www.ketegroup.com\/de\/category\/maschinen-zur-herstellung-von-papiertuten\/\">\n                <i class=\"fas fa-dot-circle\"><\/i>\n                <span>Die dichtungsger\u00e4te f\u00fcr papiert\u00fcten<\/span>\n            <\/a>\n        <\/li>\n                <li class=\"\">\n            <a href=\"https:\/\/www.ketegroup.com\/de\/category\/papiererzeugnismaschinen\/\">\n                <i class=\"fas fa-dot-circle\"><\/i>\n                <span>Papierprodukt-Maschinen<\/span>\n            <\/a>\n        <\/li>\n                <li class=\"\">\n            <a href=\"https:\/\/www.ketegroup.com\/de\/category\/maschinen-zur-herstellung-von-plastiktuten\/\">\n                <i class=\"fas fa-dot-circle\"><\/i>\n                <span>Plastikt\u00fcten herstellen Maschinen<\/span>\n            <\/a>\n        <\/li>\n                <li class=\"\">\n            <a href=\"https:\/\/www.ketegroup.com\/de\/category\/maschinen-zur-herstellung-von-beuteln\/\">\n                <i class=\"fas fa-dot-circle\"><\/i>\n                <span>Maschine f\u00fcr Beutelherstellung<\/span>\n            <\/a>\n        <\/li>\n                <li class=\"\">\n            <a href=\"https:\/\/www.ketegroup.com\/de\/category\/recent-blogs\/\">\n                <i class=\"fas fa-dot-circle\"><\/i>\n                <span>Neueste Blogs<\/span>\n            <\/a>\n        <\/li>\n                <li class=\"\">\n            <a href=\"https:\/\/www.ketegroup.com\/de\/category\/rotationstiefdruckmaschinen\/\">\n                <i class=\"fas fa-dot-circle\"><\/i>\n                <span>Rotationstiefdruckmaschinen<\/span>\n            <\/a>\n        <\/li>\n                <li class=\"\">\n            <a href=\"https:\/\/www.ketegroup.com\/de\/category\/schneidemaschinen\/\">\n                <i class=\"fas fa-dot-circle\"><\/i>\n                <span>Schlitzmaschinen<\/span>\n            <\/a>\n        <\/li>\n                <li class=\"\">\n            <a href=\"https:\/\/www.ketegroup.com\/de\/category\/uncategorized\/\">\n                <i class=\"fas fa-dot-circle\"><\/i>\n                <span>Uncategorized<\/span>\n            <\/a>\n        <\/li>\n                <li class=\"\">\n            <a href=\"https:\/\/www.ketegroup.com\/de\/category\/weinkapselmaschinen\/\">\n                <i class=\"fas fa-dot-circle\"><\/i>\n                <span>Weinkapsel-Maschinen<\/span>\n            <\/a>\n        <\/li>\n            <\/ul>\n<\/div>\n<\/div>\n\t\t\t\t<\/div>\n\t\t\t\t<\/div>\n\t\t\t\t\t<\/div>\n\t\t<\/div>\n\t\t\t\t<div class=\"elementor-column elementor-col-50 elementor-top-column elementor-element elementor-element-5b289a1f\" data-id=\"5b289a1f\" data-element_type=\"column\">\n\t\t\t<div class=\"elementor-widget-wrap elementor-element-populated\">\n\t\t\t\t\t\t<div class=\"elementor-element elementor-element-76d957c8 elementor-grid-1 elementor-grid-tablet-1 elementor-grid-mobile-1 pp-search-form-icon pp-posts-image-stack-mobile pp-post-thumbnail-align-left elementor-widget elementor-widget-pp-posts\" data-id=\"76d957c8\" data-element_type=\"widget\" data-settings=\"{&quot;news_columns&quot;:&quot;1&quot;,&quot;news_show_ajax_search_form&quot;:&quot;yes&quot;,&quot;news_columns_tablet&quot;:&quot;1&quot;,&quot;news_columns_mobile&quot;:&quot;1&quot;}\" data-widget_type=\"pp-posts.news\">\n\t\t\t\t<div class=\"elementor-widget-container\">\n\t\t\t\t\t<div class=\"pp-post-filters-container\" data-search-form=\"show\" data-search-action=\"button-click\">\n\t\t\t\t\t\t\t\t<div class=\"pp-search-form-container\">\n\t\t\t<div class=\"pp-search-form\">\n\t\t\t\t<input placeholder=\"Suche...\" class=\"pp-search-form-input\" type=\"search\" name=\"s\" title=\"Suche\">\n\t\t\t\t<button class=\"pp-search-form-submit\" type=\"submit\" title=\"Suche\" aria-label=\"Suche\">\n\t\t\t\t\t\t\t\t\t\t\t<i class=\"fa fa-search\" aria-hidden=\"true\"><\/i>\n\t\t\t\t\t\t<span class=\"elementor-screen-only\">Suche<\/span>\n\t\t\t\t\t\t\t\t\t<\/button>\n\t\t\t<\/div>\n\t\t<\/div>\n\t\t\t\t<\/div>\n\t\t\t\t<div class=\"pp-posts-container\">\n\t\t\t\n\t\t\t\t\t\t\t\t\t\t\n\t\t\t<div class=\"pp-posts pp-posts-skin-news elementor-grid pp-posts-grid\" data-query-type=\"custom\" data-layout=\"grid\" data-page=\"3968\" data-skin=\"news\">\n\t\t\t\t\t\t\t\t\t\t\t<div class=\"pp-post-wrap pp-grid-item-wrap elementor-grid-item post-28155 post type-post status-publish format-standard has-post-thumbnail hentry category-industry-insight\">\n\t\t\t\t\t\t<div class=\"pp-post pp-grid-item\">\n\t\t\t\t\t\t<div class=\"pp-post-thumbnail\">\n\t\t\t<a class=\"pp-post-thumbnail-wrap\" href=\"https:\/\/www.ketegroup.com\/de\/was-ist-korona-behandlung\/\" title=\"Hervorragende Haftung erzielen: Was ist Corona-Behandlung f\u00fcr Druck und Verpackung?\">\n\t\t\t\t<img fetchpriority=\"high\" decoding=\"async\" width=\"1024\" height=\"768\" src=\"https:\/\/www.ketegroup.com\/wp-content\/uploads\/2025\/07\/corona-treatment-1.webp\" class=\"attachment-large size-large wp-image-28154\" alt=\"Korona-Behandlung 1\" srcset=\"https:\/\/www.ketegroup.com\/wp-content\/uploads\/2025\/07\/corona-treatment-1.webp 1024w, https:\/\/www.ketegroup.com\/wp-content\/uploads\/2025\/07\/corona-treatment-1-16x12.webp 16w\" sizes=\"(max-width: 1024px) 100vw, 1024px\" \/>\t\t\t<\/a>\n\t\t<\/div>\n\t\t\t\t\t\t<div class=\"pp-post-content\">\n\t\t\t\t\t\t\t\t\t\t\t<h3 class=\"pp-post-title\">\n\t\t\t\t<a href=\"https:\/\/www.ketegroup.com\/de\/was-ist-korona-behandlung\/\">Hervorragende Haftung erzielen: Was ist Corona-Behandlung f\u00fcr Druck und Verpackung?<\/a>\t\t\t<\/h3>\n\t\t\t\t\t\t\t\t\t<div class=\"pp-post-meta\">\n\t\t\t\t\t\t\t\t<span class=\"pp-post-date\">\n\t\t\t\t\t\t<span class=\"pp-meta-text\">\n\t\t\t\tJuli 31, 2025\t\t\t<\/span>\n\t\t<\/span>\n\t\t<span class=\"pp-meta-separator\"><\/span>\n\t\t\t\t\t\t\t<\/div>\n\t\t\t\t\t\t\t<div class=\"pp-post-excerpt\">\n\t\t\t<p>Die Qualit\u00e4t der Produkte und die Effizienz der Produktion sind der Schl\u00fcssel zum Erfolg in der modernen Druck- und Verpackungsindustrie. Inerte Oberfl\u00e4chen sind von Natur aus auf vielen g\u00e4ngigen Materialien wie Kunststofffolien, ...<\/p>\n\t\t<\/div>\n\t\t\t\t\t\t\t\t<\/div>\n\t\t\t<\/div>\n\t\t\t\t\t<\/div>\n\t\t\t\t<div class=\"pp-post-wrap pp-grid-item-wrap elementor-grid-item post-28150 post type-post status-publish format-standard has-post-thumbnail hentry category-industry-insight\">\n\t\t\t\t\t\t<div class=\"pp-post pp-grid-item\">\n\t\t\t\t\t\t<div class=\"pp-post-thumbnail\">\n\t\t\t<a class=\"pp-post-thumbnail-wrap\" href=\"https:\/\/www.ketegroup.com\/de\/nachhaltige-druckmethoden-fur-unternehmen\/\" title=\"Ein tiefer Einblick in nachhaltige Druckmethoden f\u00fcr Ihr Unternehmen\">\n\t\t\t\t<img decoding=\"async\" width=\"1024\" height=\"768\" src=\"https:\/\/www.ketegroup.com\/wp-content\/uploads\/2025\/07\/sustainable-printing-methods-3.webp\" class=\"attachment-large size-large wp-image-28149\" alt=\"nachhaltige Druckverfahren 3\" srcset=\"https:\/\/www.ketegroup.com\/wp-content\/uploads\/2025\/07\/sustainable-printing-methods-3.webp 1024w, https:\/\/www.ketegroup.com\/wp-content\/uploads\/2025\/07\/sustainable-printing-methods-3-16x12.webp 16w\" sizes=\"(max-width: 1024px) 100vw, 1024px\" \/>\t\t\t<\/a>\n\t\t<\/div>\n\t\t\t\t\t\t<div class=\"pp-post-content\">\n\t\t\t\t\t\t\t\t\t\t\t<h3 class=\"pp-post-title\">\n\t\t\t\t<a href=\"https:\/\/www.ketegroup.com\/de\/nachhaltige-druckmethoden-fur-unternehmen\/\">Ein tiefer Einblick in nachhaltige Druckmethoden f\u00fcr Ihr Unternehmen<\/a>\t\t\t<\/h3>\n\t\t\t\t\t\t\t\t\t<div class=\"pp-post-meta\">\n\t\t\t\t\t\t\t\t<span class=\"pp-post-date\">\n\t\t\t\t\t\t<span class=\"pp-meta-text\">\n\t\t\t\tJuli 31, 2025\t\t\t<\/span>\n\t\t<\/span>\n\t\t<span class=\"pp-meta-separator\"><\/span>\n\t\t\t\t\t\t\t<\/div>\n\t\t\t\t\t\t\t<div class=\"pp-post-excerpt\">\n\t\t\t<p>Das dynamische Unternehmensumfeld l\u00e4sst keine Wahl bei der Nachhaltigkeit. Sie ist von grundlegender Bedeutung f\u00fcr die unternehmerische Verantwortung und die Wettbewerbsf\u00e4higkeit auf dem Markt. Nachhaltiges Drucken ist in der Druckindustrie sehr ...<\/p>\n\t\t<\/div>\n\t\t\t\t\t\t\t\t<\/div>\n\t\t\t<\/div>\n\t\t\t\t\t<\/div>\n\t\t\t\t<div class=\"pp-post-wrap pp-grid-item-wrap elementor-grid-item post-15677 post type-post status-publish format-standard has-post-thumbnail hentry category-industry-insight\">\n\t\t\t\t\t\t<div class=\"pp-post pp-grid-item\">\n\t\t\t\t\t\t<div class=\"pp-post-thumbnail\">\n\t\t\t<a class=\"pp-post-thumbnail-wrap\" href=\"https:\/\/www.ketegroup.com\/de\/web-konvertierungsprozess\/\" title=\"Web Converting 101: Alles, was Sie \u00fcber die Converting-Industrie wissen m\u00fcssen\">\n\t\t\t\t<img decoding=\"async\" width=\"1024\" height=\"768\" src=\"https:\/\/www.ketegroup.com\/wp-content\/uploads\/2024\/10\/Die-Cutting-Processes.webp\" class=\"attachment-large size-large wp-image-15679\" alt=\"Stanzvorg\u00e4nge\" \/>\t\t\t<\/a>\n\t\t<\/div>\n\t\t\t\t\t\t<div class=\"pp-post-content\">\n\t\t\t\t\t\t\t\t\t\t\t<h3 class=\"pp-post-title\">\n\t\t\t\t<a href=\"https:\/\/www.ketegroup.com\/de\/web-konvertierungsprozess\/\">Web Converting 101: Alles, was Sie \u00fcber die Converting-Industrie wissen m\u00fcssen<\/a>\t\t\t<\/h3>\n\t\t\t\t\t\t\t\t\t<div class=\"pp-post-meta\">\n\t\t\t\t\t\t\t\t<span class=\"pp-post-date\">\n\t\t\t\t\t\t<span class=\"pp-meta-text\">\n\t\t\t\tOktober 8, 2024\t\t\t<\/span>\n\t\t<\/span>\n\t\t<span class=\"pp-meta-separator\"><\/span>\n\t\t\t\t\t\t\t<\/div>\n\t\t\t\t\t\t\t<div class=\"pp-post-excerpt\">\n\t\t\t<p>In den letzten Jahren hat sich die Converting-Industrie zu einem der wichtigsten Aspekte der modernen Fertigungswelt entwickelt. Die Branche ist dynamisch und die Bahnverarbeitung ...<\/p>\n\t\t<\/div>\n\t\t\t\t\t\t\t\t<\/div>\n\t\t\t<\/div>\n\t\t\t\t\t<\/div>\n\t\t\t\t<div class=\"pp-post-wrap pp-grid-item-wrap elementor-grid-item post-14885 post type-post status-publish format-standard has-post-thumbnail hentry category-industry-insight\">\n\t\t\t\t\t\t<div class=\"pp-post pp-grid-item\">\n\t\t\t\t\t\t<div class=\"pp-post-thumbnail\">\n\t\t\t<a class=\"pp-post-thumbnail-wrap\" href=\"https:\/\/www.ketegroup.com\/de\/verpackungsmaterial-fur-lebensmittel\/\" title=\"Vergleich g\u00e4ngiger Verpackungsmaterialien f\u00fcr Lebensmittel: Vor- und Nachteile\">\n\t\t\t\t<img loading=\"lazy\" decoding=\"async\" width=\"1024\" height=\"768\" src=\"https:\/\/www.ketegroup.com\/wp-content\/uploads\/2023\/12\/4kraft-paper-packaging.webp\" class=\"attachment-large size-large wp-image-11754\" alt=\"Kraftpapierverpackung\" \/>\t\t\t<\/a>\n\t\t<\/div>\n\t\t\t\t\t\t<div class=\"pp-post-content\">\n\t\t\t\t\t\t\t\t\t\t\t<h3 class=\"pp-post-title\">\n\t\t\t\t<a href=\"https:\/\/www.ketegroup.com\/de\/verpackungsmaterial-fur-lebensmittel\/\">Vergleich g\u00e4ngiger Verpackungsmaterialien f\u00fcr Lebensmittel: Vor- und Nachteile<\/a>\t\t\t<\/h3>\n\t\t\t\t\t\t\t\t\t<div class=\"pp-post-meta\">\n\t\t\t\t\t\t\t\t<span class=\"pp-post-date\">\n\t\t\t\t\t\t<span class=\"pp-meta-text\">\n\t\t\t\t19. September 2024\t\t\t<\/span>\n\t\t<\/span>\n\t\t<span class=\"pp-meta-separator\"><\/span>\n\t\t\t\t\t\t\t<\/div>\n\t\t\t\t\t\t\t<div class=\"pp-post-excerpt\">\n\t\t\t<p>In der heutigen schnelllebigen Welt kann die Bedeutung von Verpackungsmaterialien f\u00fcr Lebensmittel gar nicht hoch genug eingesch\u00e4tzt werden. Stellen Sie sich einmal vor, Sie gehen in einen Lebensmittelladen und sehen fast alle Regale ...<\/p>\n\t\t<\/div>\n\t\t\t\t\t\t\t\t<\/div>\n\t\t\t<\/div>\n\t\t\t\t\t<\/div>\n\t\t\t\t<div class=\"pp-post-wrap pp-grid-item-wrap elementor-grid-item post-14868 post type-post status-publish format-standard has-post-thumbnail hentry category-industry-insight\">\n\t\t\t\t\t\t<div class=\"pp-post pp-grid-item\">\n\t\t\t\t\t\t<div class=\"pp-post-thumbnail\">\n\t\t\t<a class=\"pp-post-thumbnail-wrap\" href=\"https:\/\/www.ketegroup.com\/de\/arten-von-flexiblen-verpackungen-leitfaden\/\" title=\"Die verschiedenen Arten flexibler Verpackungen erforschen: Ein umfassender Leitfaden\">\n\t\t\t\t<img loading=\"lazy\" decoding=\"async\" width=\"1024\" height=\"768\" src=\"https:\/\/www.ketegroup.com\/wp-content\/uploads\/2024\/09\/image-21.webp\" class=\"attachment-large size-large wp-image-14869\" alt=\"Arten von flexiblen Verpackungen\" \/>\t\t\t<\/a>\n\t\t<\/div>\n\t\t\t\t\t\t<div class=\"pp-post-content\">\n\t\t\t\t\t\t\t\t\t\t\t<h3 class=\"pp-post-title\">\n\t\t\t\t<a href=\"https:\/\/www.ketegroup.com\/de\/arten-von-flexiblen-verpackungen-leitfaden\/\">Die verschiedenen Arten flexibler Verpackungen erforschen: Ein umfassender Leitfaden<\/a>\t\t\t<\/h3>\n\t\t\t\t\t\t\t\t\t<div class=\"pp-post-meta\">\n\t\t\t\t\t\t\t\t<span class=\"pp-post-date\">\n\t\t\t\t\t\t<span class=\"pp-meta-text\">\n\t\t\t\t19. September 2024\t\t\t<\/span>\n\t\t<\/span>\n\t\t<span class=\"pp-meta-separator\"><\/span>\n\t\t\t\t\t\t\t<\/div>\n\t\t\t\t\t\t\t<div class=\"pp-post-excerpt\">\n\t\t\t<p>Was ist eine flexible Verpackung? Als flexible Verpackung bezeichnet man eine Verpackungsmethode, die flexible Stoffe verwendet. Dies erm\u00f6glicht anpassungsf\u00e4higere und originellere Verpackungsdesigns. Diese k\u00f6nnen sein ...<\/p>\n\t\t<\/div>\n\t\t\t\t\t\t\t\t<\/div>\n\t\t\t<\/div>\n\t\t\t\t\t<\/div>\n\t\t\t\t\t\t\t\t\t<\/div>\n\t\t\t\n\t\t\t\n\t\t\t\n\t\t\t\n\t\t\t\t\t\t\t\t\t\t\t<div class=\"pp-posts-pagination-wrap pp-posts-pagination-bottom\">\n\t\t\t\t\t\t\t\t\t<\/div>\n\t\t\t\t\t\t\t\t\t<\/div>\n\n\t\t\n\t\t\t\t<\/div>\n\t\t\t\t<\/div>\n\t\t\t\t\t<\/div>\n\t\t<\/div>\n\t\t\t\t\t<\/div>\n\t\t<\/section>\n\t\t\t\t<\/div>","protected":false},"excerpt":{"rendered":"<p>Blogs Wir informieren Sie \u00fcber die neuesten Branchentrends und versuchen, alle Ihre Fragen zu flexiblen Verpackungsmaschinen und Druckmaschinen zu beantworten. Lesen Sie unsere Blogs, um auf dem Laufenden zu bleiben, was es Neues in der Branche und bei KETE gibt. Home Suche Blog Name 14 September 24, 2021 Lorem ipsum Lorem ipsum dolor amet locavore prism [...]<\/p>","protected":false},"author":2,"featured_media":0,"parent":47,"menu_order":0,"comment_status":"closed","ping_status":"closed","template":"","meta":{"_seopress_robots_primary_cat":"0","_seopress_titles_title":"","_seopress_titles_desc":"","_seopress_robots_index":"","footnotes":""},"class_list":["post-3968","page","type-page","status-publish","hentry"],"_links":{"self":[{"href":"https:\/\/www.ketegroup.com\/de\/wp-json\/wp\/v2\/pages\/3968","targetHints":{"allow":["GET"]}}],"collection":[{"href":"https:\/\/www.ketegroup.com\/de\/wp-json\/wp\/v2\/pages"}],"about":[{"href":"https:\/\/www.ketegroup.com\/de\/wp-json\/wp\/v2\/types\/page"}],"author":[{"embeddable":true,"href":"https:\/\/www.ketegroup.com\/de\/wp-json\/wp\/v2\/users\/2"}],"replies":[{"embeddable":true,"href":"https:\/\/www.ketegroup.com\/de\/wp-json\/wp\/v2\/comments?post=3968"}],"version-history":[{"count":0,"href":"https:\/\/www.ketegroup.com\/de\/wp-json\/wp\/v2\/pages\/3968\/revisions"}],"up":[{"embeddable":true,"href":"https:\/\/www.ketegroup.com\/de\/wp-json\/wp\/v2\/pages\/47"}],"wp:attachment":[{"href":"https:\/\/www.ketegroup.com\/de\/wp-json\/wp\/v2\/media?parent=3968"}],"curies":[{"name":"wp","href":"https:\/\/api.w.org\/{rel}","templated":true}]}}