{"id":3960,"date":"2022-01-26T10:49:02","date_gmt":"2022-01-26T02:49:02","guid":{"rendered":"https:\/\/www.ketegroup.com\/?page_id=3960"},"modified":"2022-01-26T10:57:40","modified_gmt":"2022-01-26T02:57:40","slug":"plastic-bag-making-machines","status":"publish","type":"page","link":"https:\/\/www.ketegroup.com\/de\/bloggt\/maschinen-zur-herstellung-von-plastiktuten\/","title":{"rendered":"Plastikt\u00fcten herstellen Maschinen"},"content":{"rendered":"<div data-elementor-type=\"wp-page\" data-elementor-id=\"3960\" class=\"elementor elementor-3960\">\n\t\t\t\t\t\t<section class=\"elementor-section elementor-top-section elementor-element elementor-element-37e6a2f2 elementor-section-boxed elementor-section-height-default elementor-section-height-default\" data-id=\"37e6a2f2\" data-element_type=\"section\" data-settings=\"{&quot;background_background&quot;:&quot;classic&quot;}\">\n\t\t\t\t\t\t<div class=\"elementor-container elementor-column-gap-default\">\n\t\t\t\t\t<div class=\"elementor-column elementor-col-100 elementor-top-column elementor-element elementor-element-26dcfc50\" data-id=\"26dcfc50\" data-element_type=\"column\">\n\t\t\t<div class=\"elementor-widget-wrap elementor-element-populated\">\n\t\t\t\t\t\t<div class=\"elementor-element elementor-element-260345d6 elementor-widget elementor-widget-menu-anchor\" data-id=\"260345d6\" data-element_type=\"widget\" data-widget_type=\"menu-anchor.default\">\n\t\t\t\t<div class=\"elementor-widget-container\">\n\t\t\t\t\t<div class=\"elementor-menu-anchor\" id=\"01\"><\/div>\n\t\t\t\t<\/div>\n\t\t\t\t<\/div>\n\t\t\t\t<div class=\"elementor-element elementor-element-33415d34 elementor-widget elementor-widget-heading\" data-id=\"33415d34\" data-element_type=\"widget\" data-widget_type=\"heading.default\">\n\t\t\t\t<div class=\"elementor-widget-container\">\n\t\t\t<h1 class=\"elementor-heading-title elementor-size-default\">Blogs<\/h1>\t\t<\/div>\n\t\t\t\t<\/div>\n\t\t\t\t<div class=\"elementor-element elementor-element-7b743141 elementor-widget elementor-widget-text-editor\" data-id=\"7b743141\" data-element_type=\"widget\" data-widget_type=\"text-editor.default\">\n\t\t\t\t<div class=\"elementor-widget-container\">\n\t\t\t\t\t\t\t<p>Wir informieren Sie \u00fcber die neuesten Branchentrends und versuchen, alle Ihre Fragen zu flexiblen Verpackungsmaschinen und Druckmaschinen zu beantworten.<\/p><p>Lesen Sie unsere Blogs, um auf dem Laufenden zu bleiben, was es Neues in der Branche und bei KETE gibt.<\/p>\t\t\t\t\t\t<\/div>\n\t\t\t\t<\/div>\n\t\t\t\t\t<\/div>\n\t\t<\/div>\n\t\t\t\t\t<\/div>\n\t\t<\/section>\n\t\t\t\t<section class=\"elementor-section elementor-top-section elementor-element elementor-element-74e275d6 elementor-section-boxed elementor-section-height-default elementor-section-height-default\" data-id=\"74e275d6\" data-element_type=\"section\">\n\t\t\t\t\t\t<div class=\"elementor-container elementor-column-gap-default\">\n\t\t\t\t\t<div class=\"elementor-column elementor-col-100 elementor-top-column elementor-element elementor-element-caf4aec\" data-id=\"caf4aec\" data-element_type=\"column\">\n\t\t\t<div class=\"elementor-widget-wrap elementor-element-populated\">\n\t\t\t\t\t\t<div class=\"elementor-element elementor-element-e48822b elementor-widget elementor-widget-MML Breadcrumbs\" data-id=\"e48822b\" data-element_type=\"widget\" data-settings=\"{&quot;breadcrumbs_type&quot;:&quot;post_type&quot;}\" data-widget_type=\"MML Breadcrumbs.default\">\n\t\t\t\t<div class=\"elementor-widget-container\">\n\t\t\t<ul class=\"pp-breadcrumbs pp-breadcrumbs-powerpack\">        <li class=\"pp-breadcrumbs-item pp-breadcrumbs-item-home\">\n            <a class=\"pp-breadcrumbs-crumb pp-breadcrumbs-crumb-link pp-breadcrumbs-crumb-home\" href=\"https:\/\/www.ketegroup.com\/de\" title=\"Startseite\">\n\t\t\t\t<span class=\"pp-breadcrumbs-text\">\n\t\t\t\t\t                    Startseite\t\t\t\t<\/span>\n            <\/a>\n        <\/li>\n        <li class=\"pp-breadcrumbs-separator\">                <span class='pp-separator-icon pp-icon'>\n\t\t\t\t\t<i aria-hidden=\"true\" class=\"fas fa-angle-right\"><\/i>\t\t\t\t<\/span>\n                <\/li><\/ul>\t\t<\/div>\n\t\t\t\t<\/div>\n\t\t\t\t\t<\/div>\n\t\t<\/div>\n\t\t\t\t\t<\/div>\n\t\t<\/section>\n\t\t\t\t<section class=\"elementor-section elementor-top-section elementor-element elementor-element-4e517359 elementor-section-boxed elementor-section-height-default elementor-section-height-default\" data-id=\"4e517359\" data-element_type=\"section\">\n\t\t\t\t\t\t<div class=\"elementor-container elementor-column-gap-default\">\n\t\t\t\t\t<div class=\"elementor-column elementor-col-50 elementor-top-column elementor-element elementor-element-2ff3f14c elementor-hidden-tablet elementor-hidden-mobile\" data-id=\"2ff3f14c\" data-element_type=\"column\">\n\t\t\t<div class=\"elementor-widget-wrap elementor-element-populated\">\n\t\t\t\t\t\t<div class=\"elementor-element elementor-element-71d7a2b4 elementor-widget elementor-widget-shortcode\" data-id=\"71d7a2b4\" data-element_type=\"widget\" data-settings=\"{&quot;sticky&quot;:&quot;top&quot;,&quot;sticky_offset&quot;:100,&quot;sticky_parent&quot;:&quot;yes&quot;,&quot;sticky_on&quot;:[&quot;desktop&quot;,&quot;tablet&quot;,&quot;mobile&quot;],&quot;sticky_effects_offset&quot;:0}\" data-widget_type=\"shortcode.default\">\n\t\t\t\t<div class=\"elementor-widget-container\">\n\t\t\t\t\t<div class=\"elementor-shortcode\"><div class=\"blog-sidebar\">\n    <div class=\"title-wrap\">\n        <h2>Kategorien<\/h2>\n    <\/div>\n    <ul>\n        <li class=\"active\">\n            <a href=\"\/de\/bloggt\/\">\n                <i class=\"fas fa-dot-circle\"><\/i>\n                <span>Alle<\/span>\n            <\/a>\n        <\/li>\n                <li class=\"\">\n            <a href=\"https:\/\/www.ketegroup.com\/de\/category\/flexodruckmaschinen\/\">\n                <i class=\"fas fa-dot-circle\"><\/i>\n                <span>Flexo-Druckmaschinen<\/span>\n            <\/a>\n        <\/li>\n                <li class=\"\">\n            <a href=\"https:\/\/www.ketegroup.com\/de\/category\/schrumpfverpackungsmaschinen\/\">\n                <i class=\"fas fa-dot-circle\"><\/i>\n                <span>Maschinen f\u00fcr W\u00e4rmeschrumpfpack<\/span>\n            <\/a>\n        <\/li>\n                <li class=\"\">\n            <a href=\"https:\/\/www.ketegroup.com\/de\/category\/brancheneinblick\/\">\n                <i class=\"fas fa-dot-circle\"><\/i>\n                <span>Einblicke in die Industrie<\/span>\n            <\/a>\n        <\/li>\n                <li class=\"\">\n            <a href=\"https:\/\/www.ketegroup.com\/de\/category\/etikettendruckmaschinen\/\">\n                <i class=\"fas fa-dot-circle\"><\/i>\n                <span>Etikettendruckmaschinen<\/span>\n            <\/a>\n        <\/li>\n                <li class=\"\">\n            <a href=\"https:\/\/www.ketegroup.com\/de\/category\/maschinen-zur-herstellung-nicht-gewebter-sacke\/\">\n                <i class=\"fas fa-dot-circle\"><\/i>\n                <span>Maschinen zur Herstellung von nicht gewebten Beuteln<\/span>\n            <\/a>\n        <\/li>\n                <li class=\"\">\n            <a href=\"https:\/\/www.ketegroup.com\/de\/category\/packaging-machines\/\">\n                <i class=\"fas fa-dot-circle\"><\/i>\n                <span>Verpackungsmaschinen<\/span>\n            <\/a>\n        <\/li>\n                <li class=\"\">\n            <a href=\"https:\/\/www.ketegroup.com\/de\/category\/maschinen-zur-herstellung-von-papiertuten\/\">\n                <i class=\"fas fa-dot-circle\"><\/i>\n                <span>Die dichtungsger\u00e4te f\u00fcr papiert\u00fcten<\/span>\n            <\/a>\n        <\/li>\n                <li class=\"\">\n            <a href=\"https:\/\/www.ketegroup.com\/de\/category\/papiererzeugnismaschinen\/\">\n                <i class=\"fas fa-dot-circle\"><\/i>\n                <span>Papierprodukt-Maschinen<\/span>\n            <\/a>\n        <\/li>\n                <li class=\"\">\n            <a href=\"https:\/\/www.ketegroup.com\/de\/category\/maschinen-zur-herstellung-von-plastiktuten\/\">\n                <i class=\"fas fa-dot-circle\"><\/i>\n                <span>Plastikt\u00fcten herstellen Maschinen<\/span>\n            <\/a>\n        <\/li>\n                <li class=\"\">\n            <a href=\"https:\/\/www.ketegroup.com\/de\/category\/maschinen-zur-herstellung-von-beuteln\/\">\n                <i class=\"fas fa-dot-circle\"><\/i>\n                <span>Maschine f\u00fcr Beutelherstellung<\/span>\n            <\/a>\n        <\/li>\n                <li class=\"\">\n            <a href=\"https:\/\/www.ketegroup.com\/de\/category\/recent-blogs\/\">\n                <i class=\"fas fa-dot-circle\"><\/i>\n                <span>Neueste Blogs<\/span>\n            <\/a>\n        <\/li>\n                <li class=\"\">\n            <a href=\"https:\/\/www.ketegroup.com\/de\/category\/rotationstiefdruckmaschinen\/\">\n                <i class=\"fas fa-dot-circle\"><\/i>\n                <span>Rotationstiefdruckmaschinen<\/span>\n            <\/a>\n        <\/li>\n                <li class=\"\">\n            <a href=\"https:\/\/www.ketegroup.com\/de\/category\/schneidemaschinen\/\">\n                <i class=\"fas fa-dot-circle\"><\/i>\n                <span>Schlitzmaschinen<\/span>\n            <\/a>\n        <\/li>\n                <li class=\"\">\n            <a href=\"https:\/\/www.ketegroup.com\/de\/category\/uncategorized\/\">\n                <i class=\"fas fa-dot-circle\"><\/i>\n                <span>Uncategorized<\/span>\n            <\/a>\n        <\/li>\n                <li class=\"\">\n            <a href=\"https:\/\/www.ketegroup.com\/de\/category\/weinkapselmaschinen\/\">\n                <i class=\"fas fa-dot-circle\"><\/i>\n                <span>Weinkapsel-Maschinen<\/span>\n            <\/a>\n        <\/li>\n            <\/ul>\n<\/div>\n<\/div>\n\t\t\t\t<\/div>\n\t\t\t\t<\/div>\n\t\t\t\t\t<\/div>\n\t\t<\/div>\n\t\t\t\t<div class=\"elementor-column elementor-col-50 elementor-top-column elementor-element elementor-element-485b1a37\" data-id=\"485b1a37\" data-element_type=\"column\">\n\t\t\t<div class=\"elementor-widget-wrap elementor-element-populated\">\n\t\t\t\t\t\t<div class=\"elementor-element elementor-element-3d011eb3 elementor-grid-1 elementor-grid-tablet-2 elementor-grid-mobile-1 pp-search-form-icon pp-posts-image-stack-mobile pp-post-thumbnail-align-left elementor-widget elementor-widget-pp-posts\" data-id=\"3d011eb3\" data-element_type=\"widget\" data-settings=\"{&quot;news_columns&quot;:&quot;1&quot;,&quot;news_show_ajax_search_form&quot;:&quot;yes&quot;,&quot;news_columns_tablet&quot;:&quot;2&quot;,&quot;news_columns_mobile&quot;:&quot;1&quot;}\" data-widget_type=\"pp-posts.news\">\n\t\t\t\t<div class=\"elementor-widget-container\">\n\t\t\t\t\t<div class=\"pp-post-filters-container\" data-search-form=\"show\" data-search-action=\"button-click\">\n\t\t\t\t\t\t\t\t<div class=\"pp-search-form-container\">\n\t\t\t<div class=\"pp-search-form\">\n\t\t\t\t<input placeholder=\"Suche...\" class=\"pp-search-form-input\" type=\"search\" name=\"s\" title=\"Suche\">\n\t\t\t\t<button class=\"pp-search-form-submit\" type=\"submit\" title=\"Suche\" aria-label=\"Suche\">\n\t\t\t\t\t\t\t\t\t\t\t<i class=\"fa fa-search\" aria-hidden=\"true\"><\/i>\n\t\t\t\t\t\t<span class=\"elementor-screen-only\">Suche<\/span>\n\t\t\t\t\t\t\t\t\t<\/button>\n\t\t\t<\/div>\n\t\t<\/div>\n\t\t\t\t<\/div>\n\t\t\t\t<div class=\"pp-posts-container\">\n\t\t\t\n\t\t\t\t\t\t\t\t\t\t\n\t\t\t<div class=\"pp-posts pp-posts-skin-news elementor-grid pp-posts-grid\" data-query-type=\"custom\" data-layout=\"grid\" data-page=\"3960\" data-skin=\"news\">\n\t\t\t\t\t\t\t\t\t\t\t<div class=\"pp-post-wrap pp-grid-item-wrap elementor-grid-item post-29163 post type-post status-publish format-standard has-post-thumbnail hentry category-recent-blogs category-uncategorized\">\n\t\t\t\t\t\t<div class=\"pp-post pp-grid-item\">\n\t\t\t\t\t\t<div class=\"pp-post-thumbnail\">\n\t\t\t<a class=\"pp-post-thumbnail-wrap\" href=\"https:\/\/www.ketegroup.com\/de\/druckregistrierung\/\" title=\"Druckregistrierung erkl\u00e4rt: So erreichen Sie eine perfekte Ausrichtung\">\n\t\t\t\t<img fetchpriority=\"high\" decoding=\"async\" width=\"1024\" height=\"768\" src=\"https:\/\/www.ketegroup.com\/wp-content\/uploads\/2026\/04\/printing-registration-222.webp\" class=\"attachment-large size-large wp-image-29168\" alt=\"Druck Registrierung 222\" srcset=\"https:\/\/www.ketegroup.com\/wp-content\/uploads\/2026\/04\/printing-registration-222.webp 1024w, https:\/\/www.ketegroup.com\/wp-content\/uploads\/2026\/04\/printing-registration-222-16x12.webp 16w\" sizes=\"(max-width: 1024px) 100vw, 1024px\" \/>\t\t\t<\/a>\n\t\t<\/div>\n\t\t\t\t\t\t<div class=\"pp-post-content\">\n\t\t\t\t\t\t\t\t\t\t\t<h3 class=\"pp-post-title\">\n\t\t\t\t<a href=\"https:\/\/www.ketegroup.com\/de\/druckregistrierung\/\">Druckregistrierung erkl\u00e4rt: So erreichen Sie eine perfekte Ausrichtung<\/a>\t\t\t<\/h3>\n\t\t\t\t\t\t\t\t\t<div class=\"pp-post-meta\">\n\t\t\t\t\t\t\t\t<span class=\"pp-post-date\">\n\t\t\t\t\t\t<span class=\"pp-meta-text\">\n\t\t\t\tApril 28, 2026\t\t\t<\/span>\n\t\t<\/span>\n\t\t<span class=\"pp-meta-separator\"><\/span>\n\t\t\t\t\t\t\t<\/div>\n\t\t\t\t\t\t\t<div class=\"pp-post-excerpt\">\n\t\t\t<p>Die Definition und die Physik der Druckregistrierung Die industrielle Fertigung funktioniert nicht wie ein Desktop-Drucker im B\u00fcro. Akzidenzdruck in hohen Auflagen - wie Flexodruck oder Tiefdruck - basiert auf Farbseparation. Ihre digitalen Druckvorlagen sind ...<\/p>\n\t\t<\/div>\n\t\t\t\t\t\t\t\t<\/div>\n\t\t\t<\/div>\n\t\t\t\t\t<\/div>\n\t\t\t\t<div class=\"pp-post-wrap pp-grid-item-wrap elementor-grid-item post-29148 post type-post status-publish format-standard has-post-thumbnail hentry category-recent-blogs category-uncategorized\">\n\t\t\t\t\t\t<div class=\"pp-post pp-grid-item\">\n\t\t\t\t\t\t<div class=\"pp-post-thumbnail\">\n\t\t\t<a class=\"pp-post-thumbnail-wrap\" href=\"https:\/\/www.ketegroup.com\/de\/grose-der-plastiktute\/\" title=\"Plastikbeutelgr\u00f6\u00dfen 101: Gr\u00f6\u00dfenregeln und Formeln f\u00fcr die perfekte Passform\">\n\t\t\t\t<img decoding=\"async\" width=\"1024\" height=\"768\" src=\"https:\/\/www.ketegroup.com\/wp-content\/uploads\/2026\/04\/plastic-bag-sizes-222.webp\" class=\"attachment-large size-large wp-image-29159\" alt=\"Plastikt\u00fctengr\u00f6\u00dfen 222\" srcset=\"https:\/\/www.ketegroup.com\/wp-content\/uploads\/2026\/04\/plastic-bag-sizes-222.webp 1024w, https:\/\/www.ketegroup.com\/wp-content\/uploads\/2026\/04\/plastic-bag-sizes-222-16x12.webp 16w\" sizes=\"(max-width: 1024px) 100vw, 1024px\" \/>\t\t\t<\/a>\n\t\t<\/div>\n\t\t\t\t\t\t<div class=\"pp-post-content\">\n\t\t\t\t\t\t\t\t\t\t\t<h3 class=\"pp-post-title\">\n\t\t\t\t<a href=\"https:\/\/www.ketegroup.com\/de\/grose-der-plastiktute\/\">Plastikbeutelgr\u00f6\u00dfen 101: Gr\u00f6\u00dfenregeln und Formeln f\u00fcr die perfekte Passform<\/a>\t\t\t<\/h3>\n\t\t\t\t\t\t\t\t\t<div class=\"pp-post-meta\">\n\t\t\t\t\t\t\t\t<span class=\"pp-post-date\">\n\t\t\t\t\t\t<span class=\"pp-meta-text\">\n\t\t\t\t27. April 2026\t\t\t<\/span>\n\t\t<\/span>\n\t\t<span class=\"pp-meta-separator\"><\/span>\n\t\t\t\t\t\t\t<\/div>\n\t\t\t\t\t\t\t<div class=\"pp-post-excerpt\">\n\t\t\t<p>Bei Industrieverpackungen bedeuten Ma\u00dffehler zweierlei: sofortige Produktionsausf\u00e4lle und katastrophale Materialverschwendung. F\u00fcr Beschaffungsleiter, Betriebsleiter und Supply-Chain-Ingenieure sind \"Plastikt\u00fctengr\u00f6\u00dfen\" nicht nur ...<\/p>\n\t\t<\/div>\n\t\t\t\t\t\t\t\t<\/div>\n\t\t\t<\/div>\n\t\t\t\t\t<\/div>\n\t\t\t\t<div class=\"pp-post-wrap pp-grid-item-wrap elementor-grid-item post-29087 post type-post status-publish format-standard has-post-thumbnail hentry category-flexo-printing-machines category-recent-blogs\">\n\t\t\t\t\t\t<div class=\"pp-post pp-grid-item\">\n\t\t\t\t\t\t<div class=\"pp-post-thumbnail\">\n\t\t\t<a class=\"pp-post-thumbnail-wrap\" href=\"https:\/\/www.ketegroup.com\/de\/was-ist-flexodruck\/\" title=\"Was ist Flexodruck? Vorteile, Nachteile und der gesamte Prozess\">\n\t\t\t\t<img decoding=\"async\" width=\"1024\" height=\"768\" src=\"https:\/\/www.ketegroup.com\/wp-content\/uploads\/2026\/04\/What-is-Flexographic-Printing-11.webp\" class=\"attachment-large size-large wp-image-29102\" alt=\"Was ist Flexodruck 11\" srcset=\"https:\/\/www.ketegroup.com\/wp-content\/uploads\/2026\/04\/What-is-Flexographic-Printing-11.webp 1024w, https:\/\/www.ketegroup.com\/wp-content\/uploads\/2026\/04\/What-is-Flexographic-Printing-11-16x12.webp 16w\" sizes=\"(max-width: 1024px) 100vw, 1024px\" \/>\t\t\t<\/a>\n\t\t<\/div>\n\t\t\t\t\t\t<div class=\"pp-post-content\">\n\t\t\t\t\t\t\t\t\t\t\t<h3 class=\"pp-post-title\">\n\t\t\t\t<a href=\"https:\/\/www.ketegroup.com\/de\/was-ist-flexodruck\/\">Was ist Flexodruck? Vorteile, Nachteile und der gesamte Prozess<\/a>\t\t\t<\/h3>\n\t\t\t\t\t\t\t\t\t<div class=\"pp-post-meta\">\n\t\t\t\t\t\t\t\t<span class=\"pp-post-date\">\n\t\t\t\t\t\t<span class=\"pp-meta-text\">\n\t\t\t\t3. April 2026\t\t\t<\/span>\n\t\t<\/span>\n\t\t<span class=\"pp-meta-separator\"><\/span>\n\t\t\t\t\t\t\t<\/div>\n\t\t\t\t\t\t\t<div class=\"pp-post-excerpt\">\n\t\t\t<p>Entschl\u00fcsselung des Flexodrucks in modernen Verpackungen Der Flexodruck ist das unbestrittene Arbeitspferd der modernen Verpackungsindustrie und f\u00fcr die Herstellung von fast 70% der bedruckten Waren in den Supermarktregalen verantwortlich. In seinem ...<\/p>\n\t\t<\/div>\n\t\t\t\t\t\t\t\t<\/div>\n\t\t\t<\/div>\n\t\t\t\t\t<\/div>\n\t\t\t\t<div class=\"pp-post-wrap pp-grid-item-wrap elementor-grid-item post-29053 post type-post status-publish format-standard has-post-thumbnail hentry category-recent-blogs\">\n\t\t\t\t\t\t<div class=\"pp-post pp-grid-item\">\n\t\t\t\t\t\t<div class=\"pp-post-thumbnail\">\n\t\t\t<a class=\"pp-post-thumbnail-wrap\" href=\"https:\/\/www.ketegroup.com\/de\/was-ist-schlitzen\/\" title=\"Was ist Schneiden in der Fertigung? Methoden, Mechanik und Fehlerbehebung\">\n\t\t\t\t<img loading=\"lazy\" decoding=\"async\" width=\"1024\" height=\"768\" src=\"https:\/\/www.ketegroup.com\/wp-content\/uploads\/2025\/02\/What-Is-Slitting-2.webp\" class=\"attachment-large size-large wp-image-17760\" alt=\"Was ist Schlitzen 2\" srcset=\"https:\/\/www.ketegroup.com\/wp-content\/uploads\/2025\/02\/What-Is-Slitting-2.webp 1024w, https:\/\/www.ketegroup.com\/wp-content\/uploads\/2025\/02\/What-Is-Slitting-2-16x12.webp 16w\" sizes=\"(max-width: 1024px) 100vw, 1024px\" \/>\t\t\t<\/a>\n\t\t<\/div>\n\t\t\t\t\t\t<div class=\"pp-post-content\">\n\t\t\t\t\t\t\t\t\t\t\t<h3 class=\"pp-post-title\">\n\t\t\t\t<a href=\"https:\/\/www.ketegroup.com\/de\/was-ist-schlitzen\/\">Was ist Schneiden in der Fertigung? Methoden, Mechanik und Fehlerbehebung<\/a>\t\t\t<\/h3>\n\t\t\t\t\t\t\t\t\t<div class=\"pp-post-meta\">\n\t\t\t\t\t\t\t\t<span class=\"pp-post-date\">\n\t\t\t\t\t\t<span class=\"pp-meta-text\">\n\t\t\t\tM\u00e4rz 30, 2026\t\t\t<\/span>\n\t\t<\/span>\n\t\t<span class=\"pp-meta-separator\"><\/span>\n\t\t\t\t\t\t\t<\/div>\n\t\t\t\t\t\t\t<div class=\"pp-post-excerpt\">\n\t\t\t<p>Die Kerndefinition und Mechanik des Schneidens Wenn Ingenieurteams und Beschaffungsmanager fragen, was genau das Schneiden im Fertigungsprozess ist, dann ist die Antwort weit mehr als ein rudiment\u00e4res Schneiden ...<\/p>\n\t\t<\/div>\n\t\t\t\t\t\t\t\t<\/div>\n\t\t\t<\/div>\n\t\t\t\t\t<\/div>\n\t\t\t\t<div class=\"pp-post-wrap pp-grid-item-wrap elementor-grid-item post-29039 post type-post status-publish format-standard has-post-thumbnail hentry category-recent-blogs\">\n\t\t\t\t\t\t<div class=\"pp-post pp-grid-item\">\n\t\t\t\t\t\t<div class=\"pp-post-thumbnail\">\n\t\t\t<a class=\"pp-post-thumbnail-wrap\" href=\"https:\/\/www.ketegroup.com\/de\/flexodruck-vs-offsetdruck\/\" title=\"Flexodruck vs. Offsetdruck: Was bietet den besten ROI f\u00fcr Ihr Verpackungsunternehmen?\">\n\t\t\t\t<img loading=\"lazy\" decoding=\"async\" width=\"1024\" height=\"768\" src=\"https:\/\/www.ketegroup.com\/wp-content\/uploads\/2023\/07\/flexo-printing-vs-offset-printing-webp.webp\" class=\"attachment-large size-large wp-image-29037\" alt=\"Flexodruck vs. Offsetdruck webp\" srcset=\"https:\/\/www.ketegroup.com\/wp-content\/uploads\/2023\/07\/flexo-printing-vs-offset-printing-webp.webp 1024w, https:\/\/www.ketegroup.com\/wp-content\/uploads\/2023\/07\/flexo-printing-vs-offset-printing-webp-16x12.webp 16w\" sizes=\"(max-width: 1024px) 100vw, 1024px\" \/>\t\t\t<\/a>\n\t\t<\/div>\n\t\t\t\t\t\t<div class=\"pp-post-content\">\n\t\t\t\t\t\t\t\t\t\t\t<h3 class=\"pp-post-title\">\n\t\t\t\t<a href=\"https:\/\/www.ketegroup.com\/de\/flexodruck-vs-offsetdruck\/\">Flexodruck vs. Offsetdruck: Was bietet den besten ROI f\u00fcr Ihr Verpackungsunternehmen?<\/a>\t\t\t<\/h3>\n\t\t\t\t\t\t\t\t\t<div class=\"pp-post-meta\">\n\t\t\t\t\t\t\t\t<span class=\"pp-post-date\">\n\t\t\t\t\t\t<span class=\"pp-meta-text\">\n\t\t\t\tM\u00e4rz 26, 2026\t\t\t<\/span>\n\t\t<\/span>\n\t\t<span class=\"pp-meta-separator\"><\/span>\n\t\t\t\t\t\t\t<\/div>\n\t\t\t\t\t\t\t<div class=\"pp-post-excerpt\">\n\t\t\t<p>In der Welt der kommerziellen Verpackungen, in der viel auf dem Spiel steht, f\u00fchrt die Wahl der falschen Druckmaschine zu katastrophalen finanziellen Einbu\u00dfen und \u00fcberzogenen Fristen. Bei der Abw\u00e4gung zwischen Flexodruck und Offsetdruck m\u00fcssen die Eink\u00e4ufer nicht nur auf ...<\/p>\n\t\t<\/div>\n\t\t\t\t\t\t\t\t<\/div>\n\t\t\t<\/div>\n\t\t\t\t\t<\/div>\n\t\t\t\t<div class=\"pp-post-wrap pp-grid-item-wrap elementor-grid-item post-28989 post type-post status-publish format-standard has-post-thumbnail hentry category-uncategorized\">\n\t\t\t\t\t\t<div class=\"pp-post pp-grid-item\">\n\t\t\t\t\t\t<div class=\"pp-post-thumbnail\">\n\t\t\t<a class=\"pp-post-thumbnail-wrap\" href=\"https:\/\/www.ketegroup.com\/de\/leitfaden-fur-differentialaufwickelschachte\/\" title=\"Was sind Differential-Aufwickelwellen? Vollst\u00e4ndiger Leitfaden f\u00fcr Verarbeitungs- und Schneideanwendungen\">\n\t\t\t\t<img loading=\"lazy\" decoding=\"async\" width=\"1024\" height=\"768\" src=\"https:\/\/www.ketegroup.com\/wp-content\/uploads\/2026\/03\/Differential-Rewind-Shafts-222-1.webp\" class=\"attachment-large size-large wp-image-28999\" alt=\"Differential-Aufwickelwellen 222 1\" srcset=\"https:\/\/www.ketegroup.com\/wp-content\/uploads\/2026\/03\/Differential-Rewind-Shafts-222-1.webp 1024w, https:\/\/www.ketegroup.com\/wp-content\/uploads\/2026\/03\/Differential-Rewind-Shafts-222-1-16x12.webp 16w\" sizes=\"(max-width: 1024px) 100vw, 1024px\" \/>\t\t\t<\/a>\n\t\t<\/div>\n\t\t\t\t\t\t<div class=\"pp-post-content\">\n\t\t\t\t\t\t\t\t\t\t\t<h3 class=\"pp-post-title\">\n\t\t\t\t<a href=\"https:\/\/www.ketegroup.com\/de\/leitfaden-fur-differentialaufwickelschachte\/\">Was sind Differential-Aufwickelwellen? Vollst\u00e4ndiger Leitfaden f\u00fcr Verarbeitungs- und Schneideanwendungen<\/a>\t\t\t<\/h3>\n\t\t\t\t\t\t\t\t\t<div class=\"pp-post-meta\">\n\t\t\t\t\t\t\t\t<span class=\"pp-post-date\">\n\t\t\t\t\t\t<span class=\"pp-meta-text\">\n\t\t\t\tM\u00e4rz 23, 2026\t\t\t<\/span>\n\t\t<\/span>\n\t\t<span class=\"pp-meta-separator\"><\/span>\n\t\t\t\t\t\t\t<\/div>\n\t\t\t\t\t\t\t<div class=\"pp-post-excerpt\">\n\t\t\t<p>Das Gleichgewicht ist ein st\u00e4ndiges technisches Problem im strengen Bereich des Bahnhandlings und der Materialverarbeitung. Der Vorgang des Schneidens einer Mutterrolle in mehrere kleinere Coils schafft eine komplizierte ...<\/p>\n\t\t<\/div>\n\t\t\t\t\t\t\t\t<\/div>\n\t\t\t<\/div>\n\t\t\t\t\t<\/div>\n\t\t\t\t\t\t\t\t\t<\/div>\n\t\t\t\n\t\t\t\n\t\t\t\n\t\t\t\n\t\t\t\t\t\t\t\t\t\t\t<div class=\"pp-posts-pagination-wrap pp-posts-pagination-bottom\">\n\t\t\t\t\t\t\t\t<nav class=\"pp-posts-pagination pp-posts-pagination-ajax elementor-pagination\" role=\"navigation\" aria-label=\"Paginierung\" data-total=\"22\">\n\t\t\t\t<span aria-current=\"page\" class=\"page-numbers current\">1<\/span>\n<a class=\"page-numbers\" href=\"https:\/\/www.ketegroup.com\/de\/wp-json\/wp\/v2\/pages\/3960\/page\/2\/\">2<\/a>\n<a class=\"page-numbers\" href=\"https:\/\/www.ketegroup.com\/de\/wp-json\/wp\/v2\/pages\/3960\/page\/3\/\">3<\/a>\n<a class=\"page-numbers\" href=\"https:\/\/www.ketegroup.com\/de\/wp-json\/wp\/v2\/pages\/3960\/page\/4\/\">4<\/a>\n<a class=\"page-numbers\" href=\"https:\/\/www.ketegroup.com\/de\/wp-json\/wp\/v2\/pages\/3960\/page\/5\/\">5<\/a>\n<a class=\"next page-numbers\" href=\"https:\/\/www.ketegroup.com\/de\/wp-json\/wp\/v2\/pages\/3960\/page\/2\/\">><\/a>\t\t\t<\/nav>\n\t\t\t\t\t\t\t<\/div>\n\t\t\t\t\t\t\t\t\t<\/div>\n\n\t\t\n\t\t\t\t<\/div>\n\t\t\t\t<\/div>\n\t\t\t\t\t<\/div>\n\t\t<\/div>\n\t\t\t\t\t<\/div>\n\t\t<\/section>\n\t\t\t\t<\/div>","protected":false},"excerpt":{"rendered":"<p>Blogs Wir informieren Sie \u00fcber die neuesten Branchentrends und versuchen, alle Ihre Fragen zu flexiblen Verpackungsmaschinen und Druckmaschinen zu beantworten. Lesen Sie unsere Blogs, um auf dem Laufenden zu bleiben, was es Neues in der Branche und bei KETE gibt. Home Suche blog_test 20. Januar 2022 blog desc blog desc Blog Name 10 24. September 2021 [...]<\/p>","protected":false},"author":2,"featured_media":0,"parent":47,"menu_order":0,"comment_status":"closed","ping_status":"closed","template":"","meta":{"_seopress_robots_primary_cat":"0","_seopress_titles_title":"","_seopress_titles_desc":"","_seopress_robots_index":"","footnotes":""},"class_list":["post-3960","page","type-page","status-publish","hentry"],"_links":{"self":[{"href":"https:\/\/www.ketegroup.com\/de\/wp-json\/wp\/v2\/pages\/3960","targetHints":{"allow":["GET"]}}],"collection":[{"href":"https:\/\/www.ketegroup.com\/de\/wp-json\/wp\/v2\/pages"}],"about":[{"href":"https:\/\/www.ketegroup.com\/de\/wp-json\/wp\/v2\/types\/page"}],"author":[{"embeddable":true,"href":"https:\/\/www.ketegroup.com\/de\/wp-json\/wp\/v2\/users\/2"}],"replies":[{"embeddable":true,"href":"https:\/\/www.ketegroup.com\/de\/wp-json\/wp\/v2\/comments?post=3960"}],"version-history":[{"count":0,"href":"https:\/\/www.ketegroup.com\/de\/wp-json\/wp\/v2\/pages\/3960\/revisions"}],"up":[{"embeddable":true,"href":"https:\/\/www.ketegroup.com\/de\/wp-json\/wp\/v2\/pages\/47"}],"wp:attachment":[{"href":"https:\/\/www.ketegroup.com\/de\/wp-json\/wp\/v2\/media?parent=3960"}],"curies":[{"name":"wp","href":"https:\/\/api.w.org\/{rel}","templated":true}]}}